{"id":19339,"date":"2025-03-21T09:44:57","date_gmt":"2025-03-21T09:44:57","guid":{"rendered":"https:\/\/petworld.ma\/?post_type=product&#038;p=19339"},"modified":"2025-03-21T09:48:51","modified_gmt":"2025-03-21T09:48:51","slug":"medaille-friends-chat-europeen-rouge","status":"publish","type":"product","link":"https:\/\/petworld.ma\/index.php\/produit\/medaille-friends-chat-europeen-rouge\/","title":{"rendered":"M\u00e9daille Friends Chat Europ\u00e9en Rouge"},"content":{"rendered":"<div id=\"product-description-short-493\" class=\"rte-content product-description\">\n<p>L&rsquo;expression inimitable de votre animal est fid\u00e8lement repr\u00e9sent\u00e9e sur la m\u00e9daille Friends Chat Europ\u00e9en Rouge. Une \u0153uvre d&rsquo;art miniature, fruit de la cr\u00e9ativit\u00e9 qui caract\u00e9rise MyFamily et de la tradition de la bijouterie dans laquelle nous enracinons nos origines. La collection Friends, d\u00e9di\u00e9e aux races de chiens et de chats les plus c\u00e9l\u00e8bres, est une recherche constante de la perfection : l&rsquo;exemple parfait de comment un simple objet peut devenir le symbole de vos vies. Enti\u00e8rement finie \u00e0 la main en Italie, dans notre manufacture. Personnalisable au dos avec une gravure facilement lisible et durable. \u00c9quip\u00e9e d&rsquo;un anneau pratique pour l&rsquo;attacher au Porte-Tag.<\/p>\n<\/div>\n","protected":false},"excerpt":{"rendered":"<div id=\"product-description-short-493\" class=\"rte-content product-description\">\n<div id=\"product-description-short-506\" class=\"rte-content product-description\">\n<div id=\"product-description-short-432\" class=\"rte-content product-description\">\n<div id=\"product-description-short-432\" class=\"rte-content product-description\">\n<p>Remarquez-vous aussi une certaine ressemblance ? La m\u00e9daille Friends Chat Europ\u00e9en Rouge est le portrait fid\u00e8le de votre ami \u00e0 quatre pattes. Unique en son genre, c&rsquo;est un must-have pour les amoureux de cette race.<\/p>\n<\/div>\n<\/div>\n<\/div>\n<\/div>\n","protected":false},"featured_media":19341,"template":"","meta":{"jetpack_publicize_message":"","jetpack_publicize_feature_enabled":true,"jetpack_social_post_already_shared":true,"jetpack_social_options":{"image_generator_settings":{"template":"highway","default_image_id":0,"font":"","enabled":false},"version":2}},"product_brand":[],"product_cat":[153,154],"product_tag":[],"class_list":{"0":"post-19339","1":"product","2":"type-product","3":"status-publish","4":"has-post-thumbnail","6":"product_cat-pendentif-personnalise-chat-chien","7":"product_cat-pendentif-personnalise","9":"first","10":"instock","11":"taxable","12":"shipping-taxable","13":"purchasable","14":"product-type-simple"},"supplier_id":13352,"supplier_sku":"MF37NORANGE","barcode":null,"atum_controlled":true,"out_stock_date":null,"out_stock_threshold":null,"inheritable":false,"inbound_stock":0,"stock_on_hold":0,"sold_today":0,"sales_last_days":0,"reserved_stock":0,"customer_returns":0,"warehouse_damage":0,"lost_in_post":0,"other_logs":0,"out_stock_days":0,"lost_sales":0,"has_location":false,"update_date":"2026-05-07T00:19:33","atum_locations":[],"atum_stock_status":"instock","restock_status":false,"low_stock_amount":3,"sales_update_date":"2026-05-07T00:19:33","calc_backorders":0,"jetpack_publicize_connections":[],"jetpack_sharing_enabled":true,"batches":[],"_links":{"self":[{"href":"https:\/\/petworld.ma\/index.php\/wp-json\/wp\/v2\/product\/19339","targetHints":{"allow":["GET"]}}],"collection":[{"href":"https:\/\/petworld.ma\/index.php\/wp-json\/wp\/v2\/product"}],"about":[{"href":"https:\/\/petworld.ma\/index.php\/wp-json\/wp\/v2\/types\/product"}],"wp:featuredmedia":[{"embeddable":true,"href":"https:\/\/petworld.ma\/index.php\/wp-json\/wp\/v2\/media\/19341"}],"wp:attachment":[{"href":"https:\/\/petworld.ma\/index.php\/wp-json\/wp\/v2\/media?parent=19339"}],"wp:term":[{"taxonomy":"product_brand","embeddable":true,"href":"https:\/\/petworld.ma\/index.php\/wp-json\/wp\/v2\/product_brand?post=19339"},{"taxonomy":"product_cat","embeddable":true,"href":"https:\/\/petworld.ma\/index.php\/wp-json\/wp\/v2\/product_cat?post=19339"},{"taxonomy":"product_tag","embeddable":true,"href":"https:\/\/petworld.ma\/index.php\/wp-json\/wp\/v2\/product_tag?post=19339"}],"curies":[{"name":"wp","href":"https:\/\/api.w.org\/{rel}","templated":true}]}}