{"id":19399,"date":"2025-03-21T15:45:37","date_gmt":"2025-03-21T15:45:37","guid":{"rendered":"https:\/\/petworld.ma\/?post_type=product&#038;p=19399"},"modified":"2026-04-02T17:39:00","modified_gmt":"2026-04-02T17:39:00","slug":"batonnets-a-macher-pour-chien-bacon-poulet-munchy-bacon-chicken","status":"publish","type":"product","link":"https:\/\/petworld.ma\/index.php\/produit\/batonnets-a-macher-pour-chien-bacon-poulet-munchy-bacon-chicken\/","title":{"rendered":"B\u00e2tonnets \u00e0 M\u00e2cher pour Chien Bacon Poulet (Munchy Bacon Chicken)"},"content":{"rendered":"<p><strong>B\u00e2tonnets de poulet collations pour chiens sucettes au poulet et au bacon collations<\/strong><br \/>\nCette collation pour chien s\u00e9ch\u00e9e et naturelle se compose de poulet et de bacon et est exempte de c\u00e9r\u00e9ales et de gluten, ce qui rend ces sucettes extr\u00eamement adapt\u00e9es aux chiens sensibles et aux chiens allergiques au gluten et\/ou allergiques aux c\u00e9r\u00e9ales. Vous pouvez donc donner ces collations au poulet\/bacon \u00e0 votre chien en toute confiance comme r\u00e9compense ou comme collation.<\/p>\n<p>Tr\u00e8s riche en prot\u00e9ine.<\/p>\n","protected":false},"excerpt":{"rendered":"<p>Offrez \u00e0 votre compagnon canin une exp\u00e9rience agr\u00e9able chaque jour avec une d\u00e9licieuse friandise. Cette friandise est compos\u00e9e des meilleurs ingr\u00e9dients pour un plaisir de mastication optimal.<\/p>\n<p>Vendu en vrac.<\/p>\n<p>Prix pour un Os.<\/p>\n","protected":false},"featured_media":19400,"template":"","meta":{"jetpack_publicize_message":"","jetpack_publicize_feature_enabled":true,"jetpack_social_post_already_shared":true,"jetpack_social_options":{"image_generator_settings":{"template":"highway","default_image_id":0,"font":"","enabled":false},"version":2}},"product_brand":[],"product_cat":[39],"product_tag":[],"class_list":{"0":"post-19399","1":"product","2":"type-product","3":"status-publish","4":"has-post-thumbnail","6":"product_cat-friandises-et-pates-pour-chien","8":"first","9":"outofstock","10":"taxable","11":"shipping-taxable","12":"purchasable","13":"product-type-simple"},"supplier_id":13352,"supplier_sku":"","barcode":null,"atum_controlled":true,"out_stock_date":null,"out_stock_threshold":null,"inheritable":false,"inbound_stock":0,"stock_on_hold":0,"sold_today":0,"sales_last_days":0,"reserved_stock":0,"customer_returns":0,"warehouse_damage":0,"lost_in_post":0,"other_logs":0,"out_stock_days":0,"lost_sales":0,"has_location":false,"update_date":"2026-05-01T00:17:07","atum_locations":[],"atum_stock_status":"outofstock","restock_status":false,"low_stock_amount":10,"sales_update_date":"2026-05-01T00:17:07","calc_backorders":null,"jetpack_publicize_connections":[],"jetpack_sharing_enabled":true,"batches":[],"_links":{"self":[{"href":"https:\/\/petworld.ma\/index.php\/wp-json\/wp\/v2\/product\/19399","targetHints":{"allow":["GET"]}}],"collection":[{"href":"https:\/\/petworld.ma\/index.php\/wp-json\/wp\/v2\/product"}],"about":[{"href":"https:\/\/petworld.ma\/index.php\/wp-json\/wp\/v2\/types\/product"}],"wp:featuredmedia":[{"embeddable":true,"href":"https:\/\/petworld.ma\/index.php\/wp-json\/wp\/v2\/media\/19400"}],"wp:attachment":[{"href":"https:\/\/petworld.ma\/index.php\/wp-json\/wp\/v2\/media?parent=19399"}],"wp:term":[{"taxonomy":"product_brand","embeddable":true,"href":"https:\/\/petworld.ma\/index.php\/wp-json\/wp\/v2\/product_brand?post=19399"},{"taxonomy":"product_cat","embeddable":true,"href":"https:\/\/petworld.ma\/index.php\/wp-json\/wp\/v2\/product_cat?post=19399"},{"taxonomy":"product_tag","embeddable":true,"href":"https:\/\/petworld.ma\/index.php\/wp-json\/wp\/v2\/product_tag?post=19399"}],"curies":[{"name":"wp","href":"https:\/\/api.w.org\/{rel}","templated":true}]}}