{"id":19403,"date":"2025-03-21T15:50:07","date_gmt":"2025-03-21T15:50:07","guid":{"rendered":"https:\/\/petworld.ma\/?post_type=product&#038;p=19403"},"modified":"2026-02-10T16:07:17","modified_gmt":"2026-02-10T16:07:17","slug":"batonnets-a-macher-pour-chien-flags-poulet-munchy-flags-chicken","status":"publish","type":"product","link":"https:\/\/petworld.ma\/index.php\/produit\/batonnets-a-macher-pour-chien-flags-poulet-munchy-flags-chicken\/","title":{"rendered":"B\u00e2tonnets \u00e0 M\u00e2cher pour Chien Flags Poulet (Munchy Flags Chicken)"},"content":{"rendered":"<p>Parce que seul le meilleur compte pour votre meilleur ami, r\u00e9compensez-le avec Chicken D&rsquo;light Flags. Ces friandises \u00e0 haute teneur en prot\u00e9ines, \u00e0 base de poulet et de cro\u00fbte de cuir, le rassasieront et le nourriront \u00e0 chaque bouch\u00e9e.<\/p>\n<div class=\"clearFix\"><\/div>\n","protected":false},"excerpt":{"rendered":"<p>Parce que seul le meilleur compte pour votre meilleur ami, r\u00e9compensez-le avec Chicken D&rsquo;light Flags. Ces friandises \u00e0 haute teneur en prot\u00e9ines, \u00e0 base de poulet et de cro\u00fbte de cuir, le rassasieront et le nourriront \u00e0 chaque bouch\u00e9e.<\/p>\n<p>Vendu en vrac.<\/p>\n<p>Prix pour un Os.<\/p>\n","protected":false},"featured_media":19404,"template":"","meta":{"jetpack_publicize_message":"","jetpack_publicize_feature_enabled":true,"jetpack_social_post_already_shared":true,"jetpack_social_options":{"image_generator_settings":{"template":"highway","default_image_id":0,"font":"","enabled":false},"version":2}},"product_brand":[],"product_cat":[39],"product_tag":[],"class_list":{"0":"post-19403","1":"product","2":"type-product","3":"status-publish","4":"has-post-thumbnail","6":"product_cat-friandises-et-pates-pour-chien","8":"first","9":"outofstock","10":"taxable","11":"shipping-taxable","12":"purchasable","13":"product-type-simple"},"supplier_id":13352,"supplier_sku":"","barcode":null,"atum_controlled":true,"out_stock_date":null,"out_stock_threshold":null,"inheritable":false,"inbound_stock":0,"stock_on_hold":0,"sold_today":0,"sales_last_days":0,"reserved_stock":0,"customer_returns":0,"warehouse_damage":0,"lost_in_post":0,"other_logs":0,"out_stock_days":0,"lost_sales":0,"has_location":false,"update_date":"2026-05-01T00:17:28","atum_locations":[],"atum_stock_status":"outofstock","restock_status":false,"low_stock_amount":10,"sales_update_date":"2026-05-01T00:17:27","calc_backorders":null,"jetpack_publicize_connections":[],"jetpack_sharing_enabled":true,"batches":[],"_links":{"self":[{"href":"https:\/\/petworld.ma\/index.php\/wp-json\/wp\/v2\/product\/19403","targetHints":{"allow":["GET"]}}],"collection":[{"href":"https:\/\/petworld.ma\/index.php\/wp-json\/wp\/v2\/product"}],"about":[{"href":"https:\/\/petworld.ma\/index.php\/wp-json\/wp\/v2\/types\/product"}],"wp:featuredmedia":[{"embeddable":true,"href":"https:\/\/petworld.ma\/index.php\/wp-json\/wp\/v2\/media\/19404"}],"wp:attachment":[{"href":"https:\/\/petworld.ma\/index.php\/wp-json\/wp\/v2\/media?parent=19403"}],"wp:term":[{"taxonomy":"product_brand","embeddable":true,"href":"https:\/\/petworld.ma\/index.php\/wp-json\/wp\/v2\/product_brand?post=19403"},{"taxonomy":"product_cat","embeddable":true,"href":"https:\/\/petworld.ma\/index.php\/wp-json\/wp\/v2\/product_cat?post=19403"},{"taxonomy":"product_tag","embeddable":true,"href":"https:\/\/petworld.ma\/index.php\/wp-json\/wp\/v2\/product_tag?post=19403"}],"curies":[{"name":"wp","href":"https:\/\/api.w.org\/{rel}","templated":true}]}}