{"id":19476,"date":"2025-03-24T10:16:38","date_gmt":"2025-03-24T10:16:38","guid":{"rendered":"https:\/\/petworld.ma\/?post_type=product&#038;p=19476"},"modified":"2026-04-25T10:35:34","modified_gmt":"2026-04-25T10:35:34","slug":"mera-chat-adulte-sensitive-stomach-poulet-10kg","status":"publish","type":"product","link":"https:\/\/petworld.ma\/index.php\/produit\/mera-chat-adulte-sensitive-stomach-poulet-10kg\/","title":{"rendered":"Mera Chat adulte Sensitive Stomach poulet 10kg"},"content":{"rendered":"<div class=\"hidden-xs\">\n<div class=\"elementor-element elementor-element-706fcd6 elementor-widget elementor-widget-woocommerce-product-content\" data-id=\"706fcd6\" data-element_type=\"widget\" data-widget_type=\"woocommerce-product-content.default\">\n<div class=\"elementor-widget-container\">\n<p>C\u2019est un aliment complet pour chats sensibles.<br \/>\n\u2022 Riche en poulet frais<br \/>\n\u2022 Recette sans bl\u00e9<br \/>\n\u2022 facile \u00e0 dig\u00e9rer<br \/>\n\u2022 Inuline pour d\u00e9velopper une flore intestinale stable, avec des oligosaccharides de mannane et des b\u00eata-glucanes<br \/>\n\u2022 Optimal all round Care<br \/>\n\u2022 Huile de saumon inclus dans la composition<\/p>\n<\/div>\n<\/div>\n<div class=\"elementor-element elementor-element-a39b7f2 elementor-widget elementor-widget-woocommerce-product-short-description\" data-id=\"a39b7f2\" data-element_type=\"widget\" data-widget_type=\"woocommerce-product-short-description.default\">\n<div class=\"elementor-widget-container\">\n<div class=\"woocommerce-product-details__short-description\">\n<p>Les croquettes les plus fines pour l\u2019estomac sensible sont adapt\u00e9es aux besoins sp\u00e9cifiques des chats \u00e0 l\u2019estomac sensible. Les chats \u00e0 l\u2019estomac sensible ont besoin d\u2019une nourriture particuli\u00e8rement saine et facile \u00e0 dig\u00e9rer. L\u2019inuline sert de nourriture \u00e0 une flore intestinale saine et favorise ainsi la digestion. Les oligosaccharides de mannane et les b\u00eata-glucanes peuvent soutenir la d\u00e9fense immunitaire. Les fleurs de camomille sont connues pour leur effet antispasmodique et anti-inflammatoire.<\/p>\n<p>Une nutrition holistique et adapt\u00e9e \u00e0 l\u2019esp\u00e8ce est au centre de nos produits les plus adapt\u00e9s. La nourriture s\u00e8che, la nourriture humide et les collations appropri\u00e9es sont adapt\u00e9es aux \u00e9tapes sp\u00e9cifiques de la vie de votre chat ou \u00e0 ses besoins particuliers.<\/p>\n<p><strong>Constituants analytiques :<\/strong>\u00a0prot\u00e9ines 32%, teneur en mati\u00e8res grasses 15%, fibres alimentaires brutes 3%, cendres brutes 7,5%, calcium 1,28%, phosphore 1%, sodium 0,6%, magn\u00e9sium 0,09%.<\/p>\n<p><strong>Additifs par kg :<\/strong>\u00a0additifs nutritionnels physiologiques : vitamine A 20.000IE, vitamine D3 1.600IE, vitamine E 400mg, vitamine C 200mg, taurine 2 000mg, cuivre (sulfate de cuivre (II), pentahydrat\u00e9) 15mg, zinc (sulfate de zinc, monohydrat\u00e9) 100mg, zinc (ch\u00e9late de zinc de glycine, hydrat\u00e9) 60mg, fer (sulfate de fer (II), monohydrat\u00e9) 250mg, mangan\u00e8se (sulfate de mangan\u00e8se (II), monohydrat\u00e9) 30mg, iode (iodate de calcium, anhydre) 2mg, s\u00e9l\u00e9nium (s\u00e9l\u00e9nite de sodium) 0,35mg.<br \/>\nAdditifs technologiques: antioxydants.<\/p>\n<p><strong>Composition :<\/strong>\u00a0prot\u00e9ines de poulet (32,5%, en partie s\u00e9ch\u00e9es et hydrolys\u00e9es), riz (32%), viande fra\u00eeche de poulet (15%), poudre d\u2019\u0153uf (4%), graisse de poulet, pulpe de betterave s\u00e9ch\u00e9e (2,5%), lignocellulose (2%), graines de lin (2%), hydrolysat de foie (1%, s\u00e9ch\u00e9), huile de saumon (0,8%), chlorure de sodium, huile de tournesol (0,5%), chlorure de potassium, inuline de chicor\u00e9e (0,2%), sulfate de calcium, t\u00e9guments de psyllium (0,2%), parois cellulaires de levure (s\u00e9ch\u00e9es, = 0,042% de b\u00eata-glucanes et 0,038% de mannane-oligosaccharides), fleurs de camomille (0,1%), poudre de Yucca schidigera.<\/p>\n<p>l\u2019aliment complet est g\u00e9n\u00e9ralement donn\u00e9 sec.<\/p>\n<p>Veillez \u00e0 ce que votre chat dispose en permanence d\u2019eau fra\u00eeche.<\/p>\n<p><strong>Teneur \u00e9nerg\u00e9tique :\u00a0<\/strong>\u00e9nergie m\u00e9tabolisable (selon FEDIAF, 2016) 15,90 MJ\/kg. Les quantit\u00e9s journali\u00e8res recommand\u00e9es ont une valeur indicative. Elles doivent \u00eatre adapt\u00e9es en fonction de l\u2019environnement ext\u00e9rieur et de la condition physique du chat.<\/p>\n<\/div>\n<\/div>\n<\/div>\n<\/div>\n","protected":false},"excerpt":{"rendered":"<p>C\u2019est un aliment complet pour chats sensibles.<br \/>\n\u2022 Riche en poulet frais<br \/>\n\u2022 Recette sans bl\u00e9<br \/>\n\u2022 facile \u00e0 dig\u00e9rer<br \/>\n\u2022 Inuline pour d\u00e9velopper une flore intestinale stable, avec des oligosaccharides de mannane et des b\u00eata-glucanes<br \/>\n\u2022 Optimal all round Care<br \/>\n\u2022 Huile de saumon inclus dans la composition<\/p>\n","protected":false},"featured_media":19477,"template":"","meta":{"jetpack_publicize_message":"","jetpack_publicize_feature_enabled":true,"jetpack_social_post_already_shared":true,"jetpack_social_options":{"image_generator_settings":{"template":"highway","default_image_id":0,"font":"","enabled":false},"version":2}},"product_brand":[],"product_cat":[40],"product_tag":[],"class_list":{"0":"post-19476","1":"product","2":"type-product","3":"status-publish","4":"has-post-thumbnail","6":"product_cat-coquettes-pour-chat","8":"first","9":"instock","10":"taxable","11":"shipping-taxable","12":"purchasable","13":"product-type-simple"},"supplier_id":5588,"supplier_sku":"034145","barcode":null,"atum_controlled":true,"out_stock_date":null,"out_stock_threshold":null,"inheritable":false,"inbound_stock":0,"stock_on_hold":1,"sold_today":0,"sales_last_days":0,"reserved_stock":0,"customer_returns":0,"warehouse_damage":0,"lost_in_post":0,"other_logs":0,"out_stock_days":0,"lost_sales":0,"has_location":false,"update_date":"2026-05-12T00:22:22","atum_locations":[],"atum_stock_status":"instock","restock_status":false,"low_stock_amount":2,"sales_update_date":"2026-05-12T00:22:22","calc_backorders":0,"jetpack_publicize_connections":[],"jetpack_sharing_enabled":true,"batches":[{"id":"2442","date_created":"2025-03-24 10:21:43","date_expiry":"2026-08-23 00:00:00","user_id":"2760","batch_number":"MeraChatSensitive10kg230826","location":"","quantity":"3.0000","quantity_available":"0.0000","units":"1","status":"archived","order_ids":"[19589,21165]","supplier":"mera","po":{"id":"2411","date_created":"2025-03-24 10:21:46","batch_id":"2442","po_number":"","supplier":"mera","cost":null,"regular_price":null,"sale_price":null,"price_margin":null,"price_discount":null}},{"id":"2717","date_created":"2025-04-05 00:25:41","date_expiry":"2026-09-03 00:00:00","user_id":"2760","batch_number":"MeraChatSensitive10kg030926","location":"","quantity":"2.0000","quantity_available":"0.0000","units":"1","status":"archived","order_ids":"[21537,24065]","supplier":"mera","po":{"id":"2685","date_created":"2025-04-05 00:25:42","batch_id":"2717","po_number":"","supplier":"mera","cost":null,"regular_price":null,"sale_price":null,"price_margin":null,"price_discount":null}},{"id":"3397","date_created":"2025-05-12 20:58:46","date_expiry":"2026-09-03 00:00:00","user_id":"2760","batch_number":"MeraChatSensitive10kg030926","location":"","quantity":"1.0000","quantity_available":"0.0000","units":"1","status":"archived","order_ids":"[25453]","supplier":"mera","po":{"id":"3364","date_created":"2025-05-12 20:58:47","batch_id":"3397","po_number":"","supplier":"mera","cost":null,"regular_price":null,"sale_price":null,"price_margin":null,"price_discount":null}},{"id":"4393","date_created":"2025-07-14 21:29:36","date_expiry":"2026-09-03 00:00:00","user_id":"2760","batch_number":"MeraChatSensitive10kg030926","location":"","quantity":"1.0000","quantity_available":"0.0000","units":"1","status":"archived","order_ids":"[26380]","supplier":"mera","po":{"id":"4357","date_created":"2025-07-14 21:29:36","batch_id":"4393","po_number":"","supplier":"mera","cost":null,"regular_price":null,"sale_price":null,"price_margin":null,"price_discount":null}},{"id":"4859","date_created":"2025-08-10 17:08:23","date_expiry":"2026-09-03 00:00:00","user_id":"2760","batch_number":"MeraChatSensitive10kg030926","location":"","quantity":"1.0000","quantity_available":"0.0000","units":"1","status":"archived","order_ids":"[26506]","supplier":"mera","po":{"id":"4823","date_created":"2025-08-10 17:08:24","batch_id":"4859","po_number":"","supplier":"mera","cost":null,"regular_price":null,"sale_price":null,"price_margin":null,"price_discount":null}},{"id":"5214","date_created":"2025-09-08 09:13:58","date_expiry":"2026-09-03 00:00:00","user_id":"2760","batch_number":"MeraChatSensitive10kg030926","location":"","quantity":"4.0000","quantity_available":"0.0000","units":"1","status":"archived","order_ids":"[27055,28079,29571,29718]","supplier":"mera","po":{"id":"5171","date_created":"2025-09-08 09:13:58","batch_id":"5214","po_number":"","supplier":"mera","cost":null,"regular_price":null,"sale_price":null,"price_margin":null,"price_discount":null}},{"id":"6163","date_created":"2025-11-14 09:28:50","date_expiry":"2026-09-30 00:00:00","user_id":"2760","batch_number":"MeraChatSensitive10kg300926","location":"","quantity":"2.0000","quantity_available":"0.0000","units":"1","status":"archived","order_ids":"[31416,32031]","supplier":"mera","po":{"id":"6110","date_created":"2025-11-14 09:28:51","batch_id":"6163","po_number":"","supplier":"mera","cost":null,"regular_price":null,"sale_price":null,"price_margin":null,"price_discount":null}},{"id":"6976","date_created":"2025-12-27 13:48:13","date_expiry":"2026-09-03 00:00:00","user_id":"2760","batch_number":"MeraChatSensitive10kg300926","location":"","quantity":"2.0000","quantity_available":"0.0000","units":"1","status":"archived","order_ids":"[33401,33675]","supplier":"mera","po":{"id":"6915","date_created":"2025-12-27 13:48:13","batch_id":"6976","po_number":"","supplier":"mera","cost":null,"regular_price":null,"sale_price":null,"price_margin":null,"price_discount":null}},{"id":"7293","date_created":"2026-01-22 12:12:33","date_expiry":"2026-09-03 00:00:00","user_id":"2760","batch_number":"MeraChatSensitive10kg300926","location":"","quantity":"2.0000","quantity_available":"0.0000","units":"1","status":"archived","order_ids":"[36736,36741]","supplier":"mera","po":{"id":"7229","date_created":"2026-01-22 12:12:33","batch_id":"7293","po_number":"","supplier":"mera","cost":null,"regular_price":null,"sale_price":null,"price_margin":null,"price_discount":null}},{"id":"8272","date_created":"2026-03-14 12:06:09","date_expiry":"2026-09-03 00:00:00","user_id":"2760","batch_number":"MeraChatSensitive10kg300926","location":"","quantity":"3.0000","quantity_available":"0.0000","units":"1","status":"archived","order_ids":"[38676,38801,40707]","supplier":"mera","po":{"id":"8199","date_created":"2026-03-14 12:06:09","batch_id":"8272","po_number":"","supplier":"mera","cost":null,"regular_price":null,"sale_price":null,"price_margin":null,"price_discount":null}},{"id":"8824","date_created":"2026-04-15 11:18:34","date_expiry":"2026-09-03 00:00:00","user_id":"2760","batch_number":"MeraChatSensitive10kg300926","location":"","quantity":"2.0000","quantity_available":"2.0000","units":"1","status":"active","order_ids":null,"supplier":"mera","po":{"id":"8751","date_created":"2026-04-15 11:18:34","batch_id":"8824","po_number":"","supplier":"mera","cost":null,"regular_price":null,"sale_price":null,"price_margin":null,"price_discount":null}}],"_links":{"self":[{"href":"https:\/\/petworld.ma\/index.php\/wp-json\/wp\/v2\/product\/19476","targetHints":{"allow":["GET"]}}],"collection":[{"href":"https:\/\/petworld.ma\/index.php\/wp-json\/wp\/v2\/product"}],"about":[{"href":"https:\/\/petworld.ma\/index.php\/wp-json\/wp\/v2\/types\/product"}],"wp:featuredmedia":[{"embeddable":true,"href":"https:\/\/petworld.ma\/index.php\/wp-json\/wp\/v2\/media\/19477"}],"wp:attachment":[{"href":"https:\/\/petworld.ma\/index.php\/wp-json\/wp\/v2\/media?parent=19476"}],"wp:term":[{"taxonomy":"product_brand","embeddable":true,"href":"https:\/\/petworld.ma\/index.php\/wp-json\/wp\/v2\/product_brand?post=19476"},{"taxonomy":"product_cat","embeddable":true,"href":"https:\/\/petworld.ma\/index.php\/wp-json\/wp\/v2\/product_cat?post=19476"},{"taxonomy":"product_tag","embeddable":true,"href":"https:\/\/petworld.ma\/index.php\/wp-json\/wp\/v2\/product_tag?post=19476"}],"curies":[{"name":"wp","href":"https:\/\/api.w.org\/{rel}","templated":true}]}}