{"id":19505,"date":"2025-03-24T12:20:18","date_gmt":"2025-03-24T12:20:18","guid":{"rendered":"https:\/\/petworld.ma\/?post_type=product&#038;p=19505"},"modified":"2026-04-27T12:32:03","modified_gmt":"2026-04-27T12:32:03","slug":"lingettes-reflex-pour-chien-et-chat-multi-usage-40pc","status":"publish","type":"product","link":"https:\/\/petworld.ma\/index.php\/produit\/lingettes-reflex-pour-chien-et-chat-multi-usage-40pc\/","title":{"rendered":"Lingettes Reflex pour Chien et Chat (Multi-Usage) 50pc"},"content":{"rendered":"<p class=\"prod-title font-bold bordered-bottom-white pb-20\">Serviettes de nettoyage hygi\u00e9niques multi-usages pour animaux de compagnie<\/p>\n<section class=\"prd-bg\">\n<div class=\"container\">\n<div class=\"prd-wrapper\">\n<div class=\"prd-detail-grid\">\n<div>\n<div class=\"prod-body text-dark\">\n<p class=\"prod-sub-desc\">Gr\u00e2ce \u00e0 son pH neutre, il est doux pour la peau et le pelage. Il pr\u00e9vient les mauvaises odeurs gr\u00e2ce \u00e0 la poudre pour b\u00e9b\u00e9. Il ne contient ni alcool, ni parab\u00e8nes, ni SLES, ni SLS.<\/p>\n<\/div>\n<\/div>\n<\/div>\n<\/div>\n<\/div>\n<\/section>\n<p><strong>Ingr\u00e9dients<\/strong>\u00a0: Aqua, Ph\u00e9noxy\u00e9thanol, Monopropyl\u00e8ne Glycol, Polyquaternium-7, Isononanoate de C\u00e9t\u00e9aryle, Ceteareth-20, Alcool C\u00e9t\u00e9arylique, St\u00e9arate de Glyc\u00e9ryle, Glyc\u00e9rine, Ceteareth-12, Palmitate de C\u00e9tyle, Chlorure de Benzalkonium, Ethylhexylglyc\u00e9rine, Parfum.<\/p>\n","protected":false},"excerpt":{"rendered":"<p>Serviettes de nettoyage hygi\u00e9niques multi-usages pour animaux de compagnie Gr\u00e2ce \u00e0 son pH neutre, il est doux pour la peau et le pelage. Il pr\u00e9vient les mauvaises odeurs gr\u00e2ce \u00e0 la poudre pour b\u00e9b\u00e9. Il ne contient ni alcool, ni parab\u00e8nes, ni SLES, ni SLS. Ingr\u00e9dients\u00a0: Aqua, Ph\u00e9noxy\u00e9thanol, Monopropyl\u00e8ne Glycol, Polyquaternium-7, Isononanoate de C\u00e9t\u00e9aryle, Ceteareth-20, [&#8230;]\n","protected":false},"featured_media":19506,"template":"","meta":{"jetpack_publicize_message":"","jetpack_publicize_feature_enabled":true,"jetpack_social_post_already_shared":true,"jetpack_social_options":{"image_generator_settings":{"template":"highway","default_image_id":0,"font":"","enabled":false},"version":2}},"product_brand":[],"product_cat":[225,224],"product_tag":[],"class_list":{"0":"post-19505","1":"product","2":"type-product","3":"status-publish","4":"has-post-thumbnail","6":"product_cat-lingettes-serviettes-hygiene-et-soins-pour-chat","7":"product_cat-lingettes-serviettes","9":"first","10":"instock","11":"taxable","12":"shipping-taxable","13":"purchasable","14":"product-type-simple"},"supplier_id":5589,"supplier_sku":"","barcode":null,"atum_controlled":true,"out_stock_date":null,"out_stock_threshold":null,"inheritable":false,"inbound_stock":0,"stock_on_hold":0,"sold_today":0,"sales_last_days":0,"reserved_stock":0,"customer_returns":0,"warehouse_damage":0,"lost_in_post":0,"other_logs":0,"out_stock_days":0,"lost_sales":0,"has_location":false,"update_date":"2026-05-15T00:03:00","atum_locations":[],"atum_stock_status":"instock","restock_status":false,"low_stock_amount":2,"sales_update_date":"2026-05-15T00:03:00","calc_backorders":null,"jetpack_publicize_connections":[],"jetpack_sharing_enabled":true,"batches":[],"_links":{"self":[{"href":"https:\/\/petworld.ma\/index.php\/wp-json\/wp\/v2\/product\/19505","targetHints":{"allow":["GET"]}}],"collection":[{"href":"https:\/\/petworld.ma\/index.php\/wp-json\/wp\/v2\/product"}],"about":[{"href":"https:\/\/petworld.ma\/index.php\/wp-json\/wp\/v2\/types\/product"}],"wp:featuredmedia":[{"embeddable":true,"href":"https:\/\/petworld.ma\/index.php\/wp-json\/wp\/v2\/media\/19506"}],"wp:attachment":[{"href":"https:\/\/petworld.ma\/index.php\/wp-json\/wp\/v2\/media?parent=19505"}],"wp:term":[{"taxonomy":"product_brand","embeddable":true,"href":"https:\/\/petworld.ma\/index.php\/wp-json\/wp\/v2\/product_brand?post=19505"},{"taxonomy":"product_cat","embeddable":true,"href":"https:\/\/petworld.ma\/index.php\/wp-json\/wp\/v2\/product_cat?post=19505"},{"taxonomy":"product_tag","embeddable":true,"href":"https:\/\/petworld.ma\/index.php\/wp-json\/wp\/v2\/product_tag?post=19505"}],"curies":[{"name":"wp","href":"https:\/\/api.w.org\/{rel}","templated":true}]}}