{"id":19605,"date":"2025-03-26T14:00:03","date_gmt":"2025-03-26T14:00:03","guid":{"rendered":"https:\/\/petworld.ma\/?post_type=product&#038;p=19605"},"modified":"2026-04-15T16:40:11","modified_gmt":"2026-04-15T16:40:11","slug":"royal-canin-medium-puppy-chiot-sauce-140g","status":"publish","type":"product","link":"https:\/\/petworld.ma\/index.php\/produit\/royal-canin-medium-puppy-chiot-sauce-140g\/","title":{"rendered":"Royal Canin Medium Puppy (Chiot) Sauce &#8211; 140g"},"content":{"rendered":"<div class=\"row details collapsible-xl active mb-3 \">\n<div class=\"col-12\">\n<div class=\"product-content__title\">\n<div class=\"TabbedAccordion-module_contentTitle__0TBwO TabbedAccordion-module_activeContent__Oh8Ol\" data-qa=\"tabbed-accordion-section-title\"><strong>D\u00c9TAILS DU PRODUIT<\/strong><\/div>\n<p class=\"product-content__title-text c-text c-text--size-m c-text--style-p c-text--bold\">Adapt\u00e9 aux chiots jusqu\u2019\u00e0 l\u2019\u00e2ge de 12 mois dont le poids adulte se situera entre 11 et 25 kg, ROYAL CANIN\u00ae Medium Puppy en sauce est sp\u00e9cialement formul\u00e9 pour satisfaire tous les besoins nutritionnels de votre chiot de taille moyenne. \u00a0 Gr\u00e2ce \u00e0 un complexe exclusif d&rsquo;antioxydants, dont la vitamine E, ROYAL CANIN\u00ae Medium Puppy en sauce contribue \u00e0 soutenir le syst\u00e8me immunitaire de votre chiot \u00e0 mesure que ses d\u00e9fenses naturelles se d\u00e9veloppent. \u00a0 De plus, des nutriments essentiels sont inclus pour soutenir la sant\u00e9 digestive de votre chiot ainsi qu\u2019un bon \u00e9quilibre de la flore intestinale. \u00a0 Les chiots de taille moyenne ont g\u00e9n\u00e9ralement une p\u00e9riode de croissance assez courte. C\u2019est pourquoi ROYAL CANIN\u00ae Medium Puppy en sauce contient une teneur \u00e9nergie accrue afin de r\u00e9pondre aux besoins \u00e9nerg\u00e9tiques \u00e9lev\u00e9s des chiots de taille moyenne comme le v\u00f4tre. \u00a0 Afin de satisfaire les pr\u00e9f\u00e9rences alimentaires de chaque chien, ROYAL CANIN\u00ae Medium Puppy est \u00e9galement disponible sous forme de savoureuses croquettes. \u00a0 Si vous envisagez une alimentation mixte, consultez le tableau de rationnement sur l\u2019emballage pour vous assurer que vous lui donnez la quantit\u00e9 exacte d\u2019aliments secs et humides pour un bien-\u00eatre optimal.<\/p>\n<\/div>\n<p><strong>Composition<\/strong> : viandes et sous-produits animaux,\u00a0huiles et graisses,\u00a0c\u00e9r\u00e9ales,\u00a0extraits de prot\u00e9ines v\u00e9g\u00e9tales,\u00a0sous-produits d\u2019origine v\u00e9g\u00e9tale,\u00a0substances min\u00e9rales,\u00a0levures,\u00a0sucres.<\/p>\n<div class=\"sc-jXbUNg cEkBqs\" data-testid=\"product-nutrition-item\" data-qa=\"product-nutritional-info-item\">\n<div class=\"sc-kpDqfm gQEeDK\">\n<div class=\"sc-cwHptR iRzDne\" data-testid=\"product-nutrition-content\" aria-expanded=\"true\"><strong>Constituants analytiques<\/strong> : Prot\u00e9ine\u00a0:\u00a08,3\u00a0%\u00a0&#8211;\u00a0Teneur en mati\u00e8res grasses\u00a0:\u00a06,0\u00a0%\u00a0&#8211;\u00a0Cendres brutes\u00a0:\u00a01,9\u00a0%\u00a0&#8211;\u00a0Cellulose brute\u00a0:\u00a01,2\u00a0%\u00a0&#8211;\u00a0Humidit\u00e9\u00a0:\u00a078,5\u00a0%\u00a0&#8211;\u00a0Vitamine E\u00a0:\u00a0150,0\u00a0mg\/kg.<\/div>\n<div data-testid=\"product-nutrition-content\" aria-expanded=\"true\"><\/div>\n<\/div>\n<\/div>\n<div class=\"sc-jXbUNg gdzUbo\" data-testid=\"product-nutrition-item\" data-qa=\"product-nutritional-info-item\">\n<div class=\"sc-kpDqfm gQEeDK\">\n<table>\n<thead>\n<tr>\n<th>\u00c2ge (mois)<\/th>\n<th>Sachets par jour<\/th>\n<\/tr>\n<\/thead>\n<tbody>\n<tr>\n<td>2 m<\/td>\n<td>6 sachets<\/td>\n<\/tr>\n<tr>\n<td>8 m<\/td>\n<td>7 sachets<\/td>\n<\/tr>\n<tr>\n<td>12 m<\/td>\n<td>5+1\/2 sachets<\/td>\n<\/tr>\n<\/tbody>\n<\/table>\n<\/div>\n<\/div>\n<\/div>\n<\/div>\n","protected":false},"excerpt":{"rendered":"<div class=\"short-description__container\">\n<div id=\"collapsible-description-1\" class=\"short-description col-sm-12 value content\">\n<div class=\"sc-gEvEer fmTtUN\" data-qa=\"product-description\">\n<div class=\"ShowMoreLess-module_wrapper__o7OmT ShowMoreLess-module_clamped__MOcCz\">\n<p>Aliment complet pour chiots de races moyennes (poids adulte de 11 \u00e0 25 kg) &#8211; Jusqu\u2019\u00e0 12 mois<\/p>\n<\/div>\n<\/div>\n<\/div>\n<\/div>\n","protected":false},"featured_media":19610,"template":"","meta":{"jetpack_publicize_message":"","jetpack_publicize_feature_enabled":true,"jetpack_social_post_already_shared":true,"jetpack_social_options":{"image_generator_settings":{"template":"highway","default_image_id":0,"font":"","enabled":false},"version":2}},"product_brand":[],"product_cat":[26,39],"product_tag":[146],"class_list":{"0":"post-19605","1":"product","2":"type-product","3":"status-publish","4":"has-post-thumbnail","6":"product_cat-croquettes","7":"product_cat-friandises-et-pates-pour-chien","8":"product_tag-3-2-1","10":"first","11":"instock","12":"taxable","13":"shipping-taxable","14":"purchasable","15":"product-type-simple"},"supplier_id":5587,"supplier_sku":"7216","barcode":null,"atum_controlled":true,"out_stock_date":null,"out_stock_threshold":null,"inheritable":false,"inbound_stock":0,"stock_on_hold":0,"sold_today":0,"sales_last_days":0,"reserved_stock":0,"customer_returns":0,"warehouse_damage":0,"lost_in_post":0,"other_logs":0,"out_stock_days":0,"lost_sales":0,"has_location":false,"update_date":"2026-04-28T00:16:27","atum_locations":[],"atum_stock_status":"instock","restock_status":false,"low_stock_amount":12,"sales_update_date":"2026-04-28T00:16:27","calc_backorders":null,"jetpack_publicize_connections":[],"jetpack_sharing_enabled":true,"batches":[{"id":"2488","date_created":"2025-03-26 14:07:59","date_expiry":"2026-06-04 00:00:00","user_id":"2760","batch_number":"RCMediumPuppySauce040626","location":"","quantity":"18.0000","quantity_available":"5.0000","units":"1","status":"active","order_ids":"[27685,28937]","supplier":"Royal Canin","po":{"id":"2456","date_created":"2025-03-26 14:08:03","batch_id":"2488","po_number":"","supplier":"Royal Canin","cost":null,"regular_price":null,"sale_price":null,"price_margin":null,"price_discount":null}}],"_links":{"self":[{"href":"https:\/\/petworld.ma\/index.php\/wp-json\/wp\/v2\/product\/19605","targetHints":{"allow":["GET"]}}],"collection":[{"href":"https:\/\/petworld.ma\/index.php\/wp-json\/wp\/v2\/product"}],"about":[{"href":"https:\/\/petworld.ma\/index.php\/wp-json\/wp\/v2\/types\/product"}],"wp:featuredmedia":[{"embeddable":true,"href":"https:\/\/petworld.ma\/index.php\/wp-json\/wp\/v2\/media\/19610"}],"wp:attachment":[{"href":"https:\/\/petworld.ma\/index.php\/wp-json\/wp\/v2\/media?parent=19605"}],"wp:term":[{"taxonomy":"product_brand","embeddable":true,"href":"https:\/\/petworld.ma\/index.php\/wp-json\/wp\/v2\/product_brand?post=19605"},{"taxonomy":"product_cat","embeddable":true,"href":"https:\/\/petworld.ma\/index.php\/wp-json\/wp\/v2\/product_cat?post=19605"},{"taxonomy":"product_tag","embeddable":true,"href":"https:\/\/petworld.ma\/index.php\/wp-json\/wp\/v2\/product_tag?post=19605"}],"curies":[{"name":"wp","href":"https:\/\/api.w.org\/{rel}","templated":true}]}}