{"id":19790,"date":"2025-03-30T12:59:42","date_gmt":"2025-03-30T12:59:42","guid":{"rendered":"https:\/\/petworld.ma\/?post_type=product&#038;p=19790"},"modified":"2026-04-23T11:23:55","modified_gmt":"2026-04-23T11:23:55","slug":"morando-morceaux-de-poulet-avec-sauce-pour-chats-405g","status":"publish","type":"product","link":"https:\/\/petworld.ma\/index.php\/produit\/morando-morceaux-de-poulet-avec-sauce-pour-chats-405g\/","title":{"rendered":"Morando Morceaux de Poulet avec Sauce Pour Chats 405g"},"content":{"rendered":"<p><strong>Sp\u00e9cifications techniques :<\/strong><\/p>\n<ul>\n<li><strong>Poids net :<\/strong>\u00a0bo\u00eete de 405 g.<\/li>\n<li><strong>Profil aromatique :<\/strong> Morceaux de Poulet avec Sauce<\/li>\n<li><strong>Conseils de conservation\u00a0:<\/strong>\u00a0\u00c0 conserver dans un endroit frais et sec. Conserver toute portion non utilis\u00e9e au r\u00e9frig\u00e9rateur et consommer dans les 24\u00a0heures.<\/li>\n<\/ul>\n<p>&nbsp;<\/p>\n<p><strong>Quantit\u00e9 d&rsquo;alimentation recommand\u00e9e :<\/strong><\/p>\n<ul>\n<li>Chatons : 1 \u00e0 2 bo\u00eetes par jour, r\u00e9parties en plusieurs repas.<\/li>\n<li>Chats adultes : 1 bo\u00eete pour 3 \u00e0 4 kg de poids corporel par jour.<\/li>\n<\/ul>\n","protected":false},"excerpt":{"rendered":"<div class=\"elementor-element elementor-element-1a60c1e elementor-widget elementor-widget-product-description-short elementor-widget-text-editor\" data-id=\"1a60c1e\" data-element_type=\"widget\" data-widget_type=\"product-description-short.default\">\n<div class=\"elementor-widget-container\">\n<div class=\"ce-product-description-short\">Repas complet et \u00e9quilibr\u00e9. Recette facile \u00e0 dig\u00e9rer et hautement app\u00e9tente. Excellent rapport nutritionnel de vitamines et min\u00e9raux.<\/div>\n<\/div>\n<\/div>\n<div class=\"elementor-element elementor-element-17a31d2 elementor-countdown--label-block elementor-widget elementor-widget-product-sale-countdown elementor-widget-countdown\" data-id=\"17a31d2\" data-element_type=\"widget\" data-widget_type=\"product-sale-countdown.default\">\n<div class=\"elementor-widget-container\">\n<div class=\"elementor-countdown-wrapper\" data-date=\"1743548400\" data-expire-actions=\"false\">\n<div class=\"elementor-countdown-item\"><\/div>\n<\/div>\n<\/div>\n<\/div>\n","protected":false},"featured_media":19791,"template":"","meta":{"jetpack_publicize_message":"","jetpack_publicize_feature_enabled":true,"jetpack_social_post_already_shared":true,"jetpack_social_options":{"image_generator_settings":{"template":"highway","default_image_id":0,"font":"","enabled":false},"version":2}},"product_brand":[],"product_cat":[41],"product_tag":[],"class_list":{"0":"post-19790","1":"product","2":"type-product","3":"status-publish","4":"has-post-thumbnail","6":"product_cat-friandises-et-pate-pour-chat","8":"first","9":"outofstock","10":"sale","11":"taxable","12":"shipping-taxable","13":"purchasable","14":"product-type-simple"},"supplier_id":5587,"supplier_sku":"","barcode":"8007520099578","atum_controlled":true,"out_stock_date":"2026-04-23 11:23:55","out_stock_threshold":null,"inheritable":false,"inbound_stock":0,"stock_on_hold":0,"sold_today":0,"sales_last_days":1,"reserved_stock":0,"customer_returns":0,"warehouse_damage":0,"lost_in_post":0,"other_logs":0,"out_stock_days":13,"lost_sales":204,"has_location":false,"update_date":"2026-05-07T00:19:15","atum_locations":[],"atum_stock_status":"outofstock","restock_status":false,"low_stock_amount":24,"sales_update_date":"2026-05-07T00:19:15","calc_backorders":null,"jetpack_publicize_connections":[],"jetpack_sharing_enabled":true,"batches":[{"id":"2602","date_created":"2025-03-30 13:01:28","date_expiry":"2026-11-09 00:00:00","user_id":"50","batch_number":"MorandoPoulet091126","location":"","quantity":"480.0000","quantity_available":"0.0000","units":"1","status":"archived","order_ids":"[20176,20383,20834,21142,21463,21516,21581,22493,22904,23756,24365,24393,25101,25152,25517,25707,25752,26087,26857,26875,27008,27719,27765,28261,28439,28845,29367,29622,30392,30671,31044,31274,33234,33298,33456,33596,34508,34710,34866,35088,35244,35496,36556,37973,38266,38714,39203,40517,40626]","supplier":"Royal Canin","po":{"id":"2570","date_created":"2025-03-30 13:01:31","batch_id":"2602","po_number":"","supplier":"Royal Canin","cost":null,"regular_price":null,"sale_price":null,"price_margin":null,"price_discount":null}}],"_links":{"self":[{"href":"https:\/\/petworld.ma\/index.php\/wp-json\/wp\/v2\/product\/19790","targetHints":{"allow":["GET"]}}],"collection":[{"href":"https:\/\/petworld.ma\/index.php\/wp-json\/wp\/v2\/product"}],"about":[{"href":"https:\/\/petworld.ma\/index.php\/wp-json\/wp\/v2\/types\/product"}],"wp:featuredmedia":[{"embeddable":true,"href":"https:\/\/petworld.ma\/index.php\/wp-json\/wp\/v2\/media\/19791"}],"wp:attachment":[{"href":"https:\/\/petworld.ma\/index.php\/wp-json\/wp\/v2\/media?parent=19790"}],"wp:term":[{"taxonomy":"product_brand","embeddable":true,"href":"https:\/\/petworld.ma\/index.php\/wp-json\/wp\/v2\/product_brand?post=19790"},{"taxonomy":"product_cat","embeddable":true,"href":"https:\/\/petworld.ma\/index.php\/wp-json\/wp\/v2\/product_cat?post=19790"},{"taxonomy":"product_tag","embeddable":true,"href":"https:\/\/petworld.ma\/index.php\/wp-json\/wp\/v2\/product_tag?post=19790"}],"curies":[{"name":"wp","href":"https:\/\/api.w.org\/{rel}","templated":true}]}}