{"id":19792,"date":"2025-03-30T13:09:17","date_gmt":"2025-03-30T13:09:17","guid":{"rendered":"https:\/\/petworld.ma\/?post_type=product&#038;p=19792"},"modified":"2026-04-16T10:25:48","modified_gmt":"2026-04-16T10:25:48","slug":"brit-premium-sausage-poulet-ou-dinde-800g","status":"publish","type":"product","link":"https:\/\/petworld.ma\/index.php\/produit\/brit-premium-sausage-poulet-ou-dinde-800g\/","title":{"rendered":"Brit Premium Sausage Poulet ou Dinde 800g"},"content":{"rendered":"<div class=\"hidden-xs\">\n<p><img decoding=\"async\" class=\"\" src=\"https:\/\/brit-petfood.com\/file\/nodes\/icon-made-in-eu.png\" width=\"88\" height=\"87\" \/><\/p>\n<div class=\"hidden-xs\">\n<p>Aliment complet pour chiens. L\u2019aliment unique cr\u00e9\u00e9 \u00e0 partir de viande de poulet, d\u2019abats et de riz est destin\u00e9 \u00e0 tout le monde, et pas seulement \u00e0 un chien gourmand. Gr\u00e2ce \u00e0 la teneur \u00e9lev\u00e9e en prot\u00e9ines animales, il am\u00e9liore la digestibilit\u00e9 et contribue \u00e0 une meilleure digestion de vos animaux de compagnie.<\/p>\n<\/div>\n<p class=\"composition\"><strong>Composition:<\/strong><\/p>\n<p><span style=\"text-decoration: underline;\">Sausage Poulet:<\/span> 95 % poulet (viande de poulet, foie, c\u0153ur, cou, estomac), riz 3,6 %, bouillon 0,9 %, collag\u00e8ne 0,5 %.<\/p>\n<p><span style=\"text-decoration: underline;\">Sausage Dinde:<\/span> 95% turkey (turkey meat, liver, hearts, necks, stomachs), 3.6% rice, 0.9% broth, 0.5% collagen<\/p>\n<p>&nbsp;<\/p>\n<p><strong>Composants analytiques:<\/strong><\/p>\n<p>humidit\u00e9 68,0\u00a0%, prot\u00e9ines brutes 12\u00a0%, teneur en mati\u00e8res grasses 9,0\u00a0%, cendres brutes 6,2\u00a0%, fibres brutes 0,5\u00a0%.<\/p>\n<p><strong>Ingr\u00e9dients:<\/strong><\/p>\n<p>vitamine D3 (E671) 250 UI, vitamine E (3a700) 100\u00a0mg, zinc (3b606) 12\u00a0mg, fer (E1) 10\u00a0mg, mangan\u00e8se (E5) 2\u00a0mg, iode (3b201) 0,7\u00a0mg, cuivre (E4) 0,5\u00a0mg, biotine (3a880) 0,2\u00a0mg.<\/p>\n<p><strong>Metabolizable energy:<\/strong><\/p>\n<p>1435 kcal\/kg<\/p>\n<\/div>\n","protected":false},"excerpt":{"rendered":"<p>Aliment complet pour chiens. L\u2019aliment unique cr\u00e9\u00e9 \u00e0 partir de viande de poulet, d\u2019abats et de riz est destin\u00e9 \u00e0 tout le monde, et pas seulement \u00e0 un chien gourmand. Gr\u00e2ce \u00e0 la teneur \u00e9lev\u00e9e en prot\u00e9ines animales, il am\u00e9liore la digestibilit\u00e9 et contribue \u00e0 une meilleure digestion de vos animaux de compagnie. Composition: Sausage [&#8230;]\n","protected":false},"featured_media":19798,"template":"","meta":{"jetpack_publicize_message":"","jetpack_publicize_feature_enabled":true,"jetpack_social_post_already_shared":true,"jetpack_social_options":{"image_generator_settings":{"template":"highway","default_image_id":0,"font":"","enabled":false},"version":2}},"product_brand":[],"product_cat":[26,39],"product_tag":[],"class_list":{"0":"post-19792","1":"product","2":"type-product","3":"status-publish","4":"has-post-thumbnail","6":"product_cat-croquettes","7":"product_cat-friandises-et-pates-pour-chien","9":"first","10":"instock","11":"taxable","12":"shipping-taxable","13":"purchasable","14":"product-type-variable"},"supplier_id":null,"supplier_sku":"","barcode":null,"atum_controlled":true,"out_stock_date":null,"out_stock_threshold":null,"inheritable":true,"inbound_stock":0,"stock_on_hold":0,"sold_today":0,"sales_last_days":1,"reserved_stock":0,"customer_returns":0,"warehouse_damage":0,"lost_in_post":0,"other_logs":0,"out_stock_days":0,"lost_sales":0,"has_location":false,"update_date":"2026-04-28T00:15:10","atum_locations":[],"atum_stock_status":"instock","restock_status":false,"low_stock_amount":"","sales_update_date":"2026-04-28T00:15:10","calc_backorders":null,"jetpack_publicize_connections":[],"jetpack_sharing_enabled":true,"batches":[],"_links":{"self":[{"href":"https:\/\/petworld.ma\/index.php\/wp-json\/wp\/v2\/product\/19792","targetHints":{"allow":["GET"]}}],"collection":[{"href":"https:\/\/petworld.ma\/index.php\/wp-json\/wp\/v2\/product"}],"about":[{"href":"https:\/\/petworld.ma\/index.php\/wp-json\/wp\/v2\/types\/product"}],"wp:featuredmedia":[{"embeddable":true,"href":"https:\/\/petworld.ma\/index.php\/wp-json\/wp\/v2\/media\/19798"}],"wp:attachment":[{"href":"https:\/\/petworld.ma\/index.php\/wp-json\/wp\/v2\/media?parent=19792"}],"wp:term":[{"taxonomy":"product_brand","embeddable":true,"href":"https:\/\/petworld.ma\/index.php\/wp-json\/wp\/v2\/product_brand?post=19792"},{"taxonomy":"product_cat","embeddable":true,"href":"https:\/\/petworld.ma\/index.php\/wp-json\/wp\/v2\/product_cat?post=19792"},{"taxonomy":"product_tag","embeddable":true,"href":"https:\/\/petworld.ma\/index.php\/wp-json\/wp\/v2\/product_tag?post=19792"}],"curies":[{"name":"wp","href":"https:\/\/api.w.org\/{rel}","templated":true}]}}