{"id":198,"date":"2022-12-16T14:17:29","date_gmt":"2022-12-16T14:17:29","guid":{"rendered":"https:\/\/petworld.ma\/?post_type=product&#038;p=198"},"modified":"2025-05-17T16:22:13","modified_gmt":"2025-05-17T16:22:13","slug":"laisse-retractable-chien-ou-chat-de-10kg-rose-4m","status":"publish","type":"product","link":"https:\/\/petworld.ma\/index.php\/produit\/laisse-retractable-chien-ou-chat-de-10kg-rose-4m\/","title":{"rendered":"Laisse R\u00e9tractable Chien (ou chat) de 10kg Rose &#8211; 4m"},"content":{"rendered":"<p>Laisse r\u00e9tractable de la marque Canijess pour petit chien (10 kg) (ou chat)<\/p>\n<p>Poign\u00e9e confortable pour tous les chiens.<\/p>\n<p>Poign\u00e9e ergonomique en plastique et caoutchouc, confortable pour ma\u00eetriser votre chien en toute libert\u00e9 grace au Bouton de fixation.<\/p>\n<p>La longueur max de la laisse est 4M.<\/p>\n<p><a href=\"https:\/\/wa.me\/212708052510\" target=\"_blank\" rel=\"noopener noreferrer\"><img decoding=\"async\" class=\"fr-fic fr-dib aligncenter\" src=\"https:\/\/cdn.youcan.shop\/stores\/d0742d556df94ddbc7ae4c9810aff04b\/others\/UV3rFPUAs9L5Ujv0S4P1OoXVJaxV5VDlImdw5LHx.png\" width=\"250\" height=\"66\" data-name=\"stores\/d0742d556df94ddbc7ae4c9810aff04b\/others\/UV3rFPUAs9L5Ujv0S4P1OoXVJaxV5VDlImdw5LHx.png\" \/><\/a><\/p>\n<p>&nbsp;<\/p>\n","protected":false},"excerpt":{"rendered":"<p>Laisse r\u00e9tractable de la marque Canijess pour petit chien (10 kg) (ou chat) Poign\u00e9e confortable pour tous les chiens. Poign\u00e9e ergonomique en plastique et caoutchouc, confortable pour ma\u00eetriser votre chien en toute libert\u00e9 grace au Bouton de fixation. La longueur max de la laisse est 4M. &nbsp;<\/p>\n","protected":false},"featured_media":605,"template":"","meta":{"jetpack_publicize_message":"","jetpack_publicize_feature_enabled":true,"jetpack_social_post_already_shared":false,"jetpack_social_options":{"image_generator_settings":{"template":"highway","default_image_id":0,"font":"","enabled":false},"version":2}},"product_brand":[],"product_cat":[92],"product_tag":[],"class_list":{"0":"post-198","1":"product","2":"type-product","3":"status-publish","4":"has-post-thumbnail","6":"product_cat-harnais-et-laisses-pour-chien","8":"first","9":"outofstock","10":"taxable","11":"shipping-taxable","12":"purchasable","13":"product-type-simple"},"supplier_id":5587,"supplier_sku":"","barcode":null,"atum_controlled":true,"out_stock_date":"2025-05-17 16:22:13","out_stock_threshold":null,"inheritable":false,"inbound_stock":0,"stock_on_hold":0,"sold_today":0,"sales_last_days":0,"reserved_stock":0,"customer_returns":0,"warehouse_damage":0,"lost_in_post":0,"other_logs":0,"out_stock_days":349,"lost_sales":5733,"has_location":false,"update_date":"2026-05-02T00:17:24","atum_locations":[],"atum_stock_status":"outofstock","restock_status":false,"low_stock_amount":0,"sales_update_date":"2026-05-02T00:17:24","calc_backorders":null,"jetpack_publicize_connections":[],"jetpack_sharing_enabled":true,"batches":[],"_links":{"self":[{"href":"https:\/\/petworld.ma\/index.php\/wp-json\/wp\/v2\/product\/198","targetHints":{"allow":["GET"]}}],"collection":[{"href":"https:\/\/petworld.ma\/index.php\/wp-json\/wp\/v2\/product"}],"about":[{"href":"https:\/\/petworld.ma\/index.php\/wp-json\/wp\/v2\/types\/product"}],"wp:featuredmedia":[{"embeddable":true,"href":"https:\/\/petworld.ma\/index.php\/wp-json\/wp\/v2\/media\/605"}],"wp:attachment":[{"href":"https:\/\/petworld.ma\/index.php\/wp-json\/wp\/v2\/media?parent=198"}],"wp:term":[{"taxonomy":"product_brand","embeddable":true,"href":"https:\/\/petworld.ma\/index.php\/wp-json\/wp\/v2\/product_brand?post=198"},{"taxonomy":"product_cat","embeddable":true,"href":"https:\/\/petworld.ma\/index.php\/wp-json\/wp\/v2\/product_cat?post=198"},{"taxonomy":"product_tag","embeddable":true,"href":"https:\/\/petworld.ma\/index.php\/wp-json\/wp\/v2\/product_tag?post=198"}],"curies":[{"name":"wp","href":"https:\/\/api.w.org\/{rel}","templated":true}]}}