{"id":19809,"date":"2025-03-30T14:07:55","date_gmt":"2025-03-30T14:07:55","guid":{"rendered":"https:\/\/petworld.ma\/?post_type=product&#038;p=19809"},"modified":"2026-04-23T19:10:54","modified_gmt":"2026-04-23T19:10:54","slug":"brit-care-dog-grain-free-adult-salamon-large-breed-saumon-pour-grande-race-12kg","status":"publish","type":"product","link":"https:\/\/petworld.ma\/index.php\/produit\/brit-care-dog-grain-free-adult-salamon-large-breed-saumon-pour-grande-race-12kg\/","title":{"rendered":"Brit Care Dog Grain Free Adult Salamon Large Breed (Saumon pour Grande Race) 12kg"},"content":{"rendered":"<div class=\"hidden-xs\">\n<div class=\"hidden-xs\">\n<p>Formule sans c\u00e9r\u00e9ales au saumon et aux pommes de terre pour chiens adultes de grandes races (plus de 25 kg). Aliment complet pour chiens.<\/p>\n<p>Nourriture sans c\u00e9r\u00e9ales de qualit\u00e9 sup\u00e9rieure pour favoriser la sant\u00e9 de la peau et du pelage, le bon fonctionnement du syst\u00e8me circulatoire et cardiaque, une excellente condition physique et l&rsquo;immunit\u00e9 des chiens adultes de grandes races. Contient des chondroprotecteurs essentiels pour des articulations et des cartilages sains. Contient des prot\u00e9ines \u00e0 haute valeur nutritionnelle et des acides gras pour favoriser la sant\u00e9 de la peau et du pelage. Sa formule sans c\u00e9r\u00e9ales est id\u00e9ale pour les chiens dont le pelage est exigeant, ceux qui doivent maintenir une condition physique optimale et ceux qui pr\u00e9sentent des r\u00e9actions ind\u00e9sirables \u00e0 d&rsquo;autres types d&rsquo;aliments.<\/p>\n<\/div>\n<div class=\"benefits\">\n<div class=\"benefits__item\"><img loading=\"lazy\" decoding=\"async\" src=\"https:\/\/brit-petfood.com\/file\/nodes\/productPictogram\/icon\/100-172204-1-joints-cartilage-1.png\/150x150\/FIT\" alt=\"Articulations et cartilage - Les chondroprotecteurs favorisent la sant\u00e9 des articulations, des os et du cartilage, ce qui est essentiel pour les grandes races\" width=\"50\" height=\"50\" \/>Articulations et cartilage &#8211; Les chondroprotecteurs favorisent la sant\u00e9 des articulations, des os et du cartilage, ce qui est essentiel pour les grandes races<\/div>\n<div class=\"benefits__item\"><img loading=\"lazy\" decoding=\"async\" src=\"https:\/\/brit-petfood.com\/file\/nodes\/productPictogram\/icon\/100-172204-2-immunity.png\/150x150\/FIT\" alt=\"Immunit\u00e9 - Les probiotiques et les antioxydants renforcent le syst\u00e8me immunitaire et soutiennent la sant\u00e9 digestive\" width=\"50\" height=\"50\" \/>Immunit\u00e9 &#8211; Les probiotiques et les antioxydants renforcent le syst\u00e8me immunitaire et soutiennent la sant\u00e9 digestive<\/div>\n<div class=\"benefits__item\"><img loading=\"lazy\" decoding=\"async\" src=\"https:\/\/brit-petfood.com\/file\/nodes\/productPictogram\/icon\/100-172204-3-muscles.png\/150x150\/FIT\" alt=\"Muscles Riche en om\u00e9ga-3 pour stimuler la synth\u00e8se musculaire et contribuer \u00e0 une r\u00e9cup\u00e9ration plus rapide\" width=\"50\" height=\"50\" \/>Muscles Riche en om\u00e9ga-3 pour stimuler la synth\u00e8se musculaire et contribuer \u00e0 une r\u00e9cup\u00e9ration plus rapide<\/div>\n<\/div>\n<div>\n<p class=\"composition\"><strong>Composition:<\/strong><\/p>\n<p>saumon (48%) (saumon d\u00e9shydrat\u00e9, saumon hydrolys\u00e9), pommes de terre (30%), pulpe de pomme s\u00e9ch\u00e9e, graisse de poulet, huile de saumon (3%), ar\u00f4me naturel, levure de bi\u00e8re, farine de pois, glucosamine (260 mg\/kg), fructo-oligosaccharides (200 mg\/kg), sulfate de chondro\u00eftine (200 mg\/kg), mannan-oligosaccharides (150 mg\/kg), yucca de Mojave (150 mg\/kg), graines de chardon-Marie (90 mg\/kg), \u03b2-glucanes (50 mg\/kg), agripaume s\u00e9ch\u00e9e (50 mg\/kg), argousier s\u00e9ch\u00e9 (50 mg\/kg), probiotique Lactobacillus helveticus HA \u2013 122 inactiv\u00e9 (15&#215;109 cellules\/kg).<\/p>\n<p><strong>Ingr\u00e9dients analytiques :<\/strong><\/p>\n<p>prot\u00e9ines brutes 25,0 %, mati\u00e8res grasses brutes 14,0 %, humidit\u00e9 10,0 %, cendres brutes 6,5 %, fibres brutes 4,0 %, calcium 1,1 %, phosphore 0,8 %, sodium 0,4 %, acides gras om\u00e9ga-3 1,0 %, acides gras om\u00e9ga-6 1,7 %, EPA (20:5 n-3) 0,12 %, DHA (22:6 n-3) 0,16 %.<\/p>\n<p><strong>Composition nutritionnelle :<\/strong><\/p>\n<p>vitamine A (3a672a) 20 000 UI, vitamine D3 (3a671) 1 500 UI, vitamine E (3a700) 500 mg, vitamine C (3a312) 300 mg, taurine (3a370) 1 500 mg, chlorure de choline (3a890) 1 800 mg, L-carnitine (3a910) 250 mg, vitamine B1 (3a821) 2,5 mg, vitamine B2 (3a825i) 9,6 mg, biotine (3a880) 3,5 mg, acide folique (3a316) 1,2 mg, vitamine B6 (3a831) 2,5 mg, D-pantoth\u00e9nate de calcium (3a841) 25 mg, niacinamide (3a315) 32,5 mg, vitamine B12 0,1 mg, iode (3b201) 0,8 mg, zinc organique (3b606) 85 mg, mangan\u00e8se organique (3b504) 40 mg, cuivre organique (3b406) 18 mg, fer organique (3b106) 75 mg, s\u00e9l\u00e9nium organique (3b810) 0,16 mg. Contient des antioxydants approuv\u00e9s par l&rsquo;UE : extraits de tocoph\u00e9rols d&rsquo;huile v\u00e9g\u00e9tale (1b306(i)), palmitate d&rsquo;ascorbyle (1b304) et extrait de romarin.<\/p>\n<p><strong>\u00c9nergie m\u00e9tabolisable :<\/strong><\/p>\n<p>3 640 kcal\/kg.<\/p>\n<p>&nbsp;<\/p>\n<div id=\"vue-app\" class=\"feeding-table-block\">\n<div class=\"pt-3\"><\/div>\n<\/div>\n<\/div>\n<div class=\"catalog-wrap\"><\/div>\n<\/div>\n","protected":false},"excerpt":{"rendered":"<p>Formule sans c\u00e9r\u00e9ales au saumon et aux pommes de terre pour chiens adultes de grandes races (plus de 25 kg). Aliment complet pour chiens.<\/p>\n","protected":false},"featured_media":19812,"template":"","meta":{"jetpack_publicize_message":"","jetpack_publicize_feature_enabled":true,"jetpack_social_post_already_shared":true,"jetpack_social_options":{"image_generator_settings":{"template":"highway","default_image_id":0,"font":"","enabled":false},"version":2}},"product_brand":[],"product_cat":[26],"product_tag":[],"class_list":{"0":"post-19809","1":"product","2":"type-product","3":"status-publish","4":"has-post-thumbnail","6":"product_cat-croquettes","8":"first","9":"onbackorder","10":"taxable","11":"shipping-taxable","12":"purchasable","13":"product-type-simple"},"supplier_id":5590,"supplier_sku":"58896","barcode":null,"atum_controlled":true,"out_stock_date":null,"out_stock_threshold":null,"inheritable":false,"inbound_stock":0,"stock_on_hold":0,"sold_today":0,"sales_last_days":2,"reserved_stock":0,"customer_returns":0,"warehouse_damage":0,"lost_in_post":0,"other_logs":0,"out_stock_days":0,"lost_sales":0,"has_location":false,"update_date":"2026-04-25T12:03:50","atum_locations":[],"atum_stock_status":"onbackorder","restock_status":false,"low_stock_amount":1,"sales_update_date":"2026-04-25T12:03:49","calc_backorders":-2,"jetpack_publicize_connections":[],"jetpack_sharing_enabled":true,"batches":[{"id":"2606","date_created":"2025-03-30 14:16:56","date_expiry":"2025-11-30 00:00:00","user_id":"2760","batch_number":"britlarge301125","location":"","quantity":"2.0000","quantity_available":"0.0000","units":"1","status":"archived","order_ids":"[21162,23828]","supplier":"Brit","po":{"id":"2574","date_created":"2025-03-30 14:17:00","batch_id":"2606","po_number":"","supplier":"Brit","cost":null,"regular_price":null,"sale_price":null,"price_margin":null,"price_discount":null}},{"id":"3837","date_created":"2025-06-04 22:31:56","date_expiry":"2025-11-30 00:00:00","user_id":"2760","batch_number":"britlarge301125","location":"","quantity":"1.0000","quantity_available":"0.0000","units":"1","status":"archived","order_ids":"[25671]","supplier":"Brit","po":{"id":"3801","date_created":"2025-06-04 22:31:57","batch_id":"3837","po_number":"","supplier":"Brit","cost":null,"regular_price":null,"sale_price":null,"price_margin":null,"price_discount":null}},{"id":"4732","date_created":"2025-08-08 10:38:17","date_expiry":"2026-09-26 00:00:00","user_id":"2760","batch_number":"britlarge260926","location":"","quantity":"1.0000","quantity_available":"0.0000","units":"1","status":"archived","order_ids":"[27884]","supplier":"Brit","po":{"id":"4696","date_created":"2025-08-08 10:38:18","batch_id":"4732","po_number":"","supplier":"Brit","cost":null,"regular_price":null,"sale_price":null,"price_margin":null,"price_discount":null}},{"id":"5818","date_created":"2025-10-20 11:06:50","date_expiry":"2026-09-26 00:00:00","user_id":"2760","batch_number":"britlarge260926","location":"","quantity":"1.0000","quantity_available":"0.0000","units":"1","status":"archived","order_ids":"[29417]","supplier":" BRIT","po":{"id":"5767","date_created":"2025-10-20 11:06:50","batch_id":"5818","po_number":"","supplier":" BRIT","cost":null,"regular_price":null,"sale_price":null,"price_margin":null,"price_discount":null}},{"id":"6047","date_created":"2025-11-07 09:07:49","date_expiry":"2026-09-26 00:00:00","user_id":"2760","batch_number":"britlarge260926","location":"","quantity":"1.0000","quantity_available":"0.0000","units":"1","status":"archived","order_ids":"[30803]","supplier":" BRIT","po":{"id":"5993","date_created":"2025-11-07 09:07:50","batch_id":"6047","po_number":"","supplier":" BRIT","cost":null,"regular_price":null,"sale_price":null,"price_margin":null,"price_discount":null}},{"id":"7469","date_created":"2026-02-03 00:20:05","date_expiry":"2027-05-30 00:00:00","user_id":"2760","batch_number":"britlarge300527","location":"","quantity":"1.0000","quantity_available":"0.0000","units":"1","status":"archived","order_ids":"[38408]","supplier":"BRIT","po":{"id":"7404","date_created":"2026-02-03 00:20:05","batch_id":"7469","po_number":"","supplier":"BRIT","cost":null,"regular_price":null,"sale_price":null,"price_margin":null,"price_discount":null}}],"_links":{"self":[{"href":"https:\/\/petworld.ma\/index.php\/wp-json\/wp\/v2\/product\/19809","targetHints":{"allow":["GET"]}}],"collection":[{"href":"https:\/\/petworld.ma\/index.php\/wp-json\/wp\/v2\/product"}],"about":[{"href":"https:\/\/petworld.ma\/index.php\/wp-json\/wp\/v2\/types\/product"}],"wp:featuredmedia":[{"embeddable":true,"href":"https:\/\/petworld.ma\/index.php\/wp-json\/wp\/v2\/media\/19812"}],"wp:attachment":[{"href":"https:\/\/petworld.ma\/index.php\/wp-json\/wp\/v2\/media?parent=19809"}],"wp:term":[{"taxonomy":"product_brand","embeddable":true,"href":"https:\/\/petworld.ma\/index.php\/wp-json\/wp\/v2\/product_brand?post=19809"},{"taxonomy":"product_cat","embeddable":true,"href":"https:\/\/petworld.ma\/index.php\/wp-json\/wp\/v2\/product_cat?post=19809"},{"taxonomy":"product_tag","embeddable":true,"href":"https:\/\/petworld.ma\/index.php\/wp-json\/wp\/v2\/product_tag?post=19809"}],"curies":[{"name":"wp","href":"https:\/\/api.w.org\/{rel}","templated":true}]}}