{"id":19814,"date":"2025-03-30T14:32:04","date_gmt":"2025-03-30T14:32:04","guid":{"rendered":"https:\/\/petworld.ma\/?post_type=product&#038;p=19814"},"modified":"2026-05-07T20:17:53","modified_gmt":"2026-05-07T20:17:53","slug":"brit-dental-stick-with-immuno-probiotics-cinnamon","status":"publish","type":"product","link":"https:\/\/petworld.ma\/index.php\/produit\/brit-dental-stick-with-immuno-probiotics-cinnamon\/","title":{"rendered":"Brit Dental Stick with Immuno Probiotics And Cinnamon\u200b"},"content":{"rendered":"<p class=\"p1\">Une friandise \u00e0 m\u00e2cher pour prendre soin de votre animal au quotidien. Aliment compl\u00e9mentaire pour chiens.<span class=\"Apple-converted-space\">\u00a0<\/span><\/p>\n<p class=\"p1\">Immunit\u00e9 naturelle<\/p>\n<ul class=\"ul1\">\n<li class=\"li1\">Menthe \u2013 pour avoir une haleine fra\u00eeche\u00a0<span class=\"Apple-converted-space\">\u00a0<\/span><\/li>\n<li class=\"li1\">Probiotiques (Lactobacillus) \u2013 pour renforcer l\u2019immunit\u00e9<span class=\"Apple-converted-space\">\u00a0<\/span><\/li>\n<li class=\"li1\">Cannelle \u2013 effet anti-inflammatoire<span class=\"Apple-converted-space\">\u00a0<\/span><\/li>\n<li class=\"li1\">B\u00eata-glucanes \u2013 pour avoir des intestins et un microbiote sains<\/li>\n<li class=\"li1\">SHMP \u2013 pour avoir des dents saines et pr\u00e9venir la formation du tartre<\/li>\n<li class=\"li1\">Sans gluten, sans OGM, sans colorants<\/li>\n<\/ul>\n<p class=\"p1\">Conditionnement : 7 friandises.<\/p>\n<div class=\"box-detail product-wrap\" data-eec-key=\"event\" data-eec-value=\"eec.detail\" data-eec-active=\"\">\n<div data-eec-key=\"ecommerce.detail.actionField.list\" data-eec-value=\"Product detail\" data-eec-active=\"\">\n<div class=\"row\" data-eec-key=\"ecommerce.detail.products[&quot;1065721&quot;]\" data-eec-value=\"{&quot;id&quot;:&quot;1065721&quot;,&quot;name&quot;:&quot;Brit Dental Stick with Immuno Probiotics &amp; Cinnamon\\u200b&quot;,&quot;category&quot;:&quot;Dogs\\\/Snacks&amp;Treats&quot;,&quot;brand&quot;:&quot;Brit Dental Stick&quot;}\" data-eec-type=\"json\" data-eec-active=\"\">\n<div class=\"col-sm-8\">\n<p class=\"composition\"><strong>Composition:<\/strong><\/p>\n<p class=\"p1\">arine d\u2019avoine, glyc\u00e9rol v\u00e9g\u00e9tal (14 %), amidon de pommes de terre (10 %), levures hydrolys\u00e9es (5 %), lentilles rouges (4 %), lignocellulose (3 %), m\u00e9lasse (3 %), cannelle s\u00e9ch\u00e9e (2 %), thym s\u00e9ch\u00e9 (1 %), menthe s\u00e9ch\u00e9e (0,5 %), b\u00eata-glucanes (0,3 %), hexam\u00e9taphosphate de sodium (0,3 %), bact\u00e9ries inactiv\u00e9es et leurs parties (Lactobacillus helveticus HA \u2013 122, 15&#215;109 cellules\/kg).<span class=\"Apple-converted-space\">\u00a0<\/span><\/p>\n<p><strong>Composants analytiques:<\/strong><\/p>\n<p class=\"p1\">prot\u00e9ine brute 9,0 %, mati\u00e8res grasses brutes 3,5 %, cendres brutes 2,4 %, cellulose brute 4,1\u00a0%, humidit\u00e9 17,0\u00a0%, calcium 0,1\u00a0%, phosphore 0,2\u00a0%, sodium 0,05\u00a0%.<span class=\"Apple-converted-space\">\u00a0<\/span><\/p>\n<p><strong>Ingr\u00e9dients:<\/strong><\/p>\n<p class=\"p1\">vitamine C (3a312) 35 mg.<\/p>\n<p><strong>Metabolizable energy:<\/strong><\/p>\n<p class=\"p1\">3,010 kcal\/kg<\/p>\n<p><strong>Instructions de dosage:<\/strong><\/p>\n<div class=\"overflow-auto\">\n<p class=\"p1\">Donner une friandise par jour \u00e0 votre chien, sous forme de friandise ou de r\u00e9compense. Veiller \u00e0 toujours laisser un bol d\u2019eau propre et fra\u00eeche \u00e0 disposition de votre animal. Il ne s\u2019agit pas d\u2019un aliment complet, ne pas d\u00e9passer la dose journali\u00e8re recommand\u00e9e. Contient des agents conservateurs approuv\u00e9s par l\u2019Union europ\u00e9enne : acide citrique (1a330), acide DL-malique (1a296).<\/p>\n<\/div>\n<\/div>\n<\/div>\n<\/div>\n<\/div>\n","protected":false},"excerpt":{"rendered":"<p class=\"p1\">Une friandise \u00e0 m\u00e2cher pour prendre soin de votre animal au quotidien. Aliment compl\u00e9mentaire pour chiens.<span class=\"Apple-converted-space\">\u00a0<\/span><\/p>\n<p class=\"p1\">Bien-\u00eatre et soulagement du stress<\/p>\n","protected":false},"featured_media":19815,"template":"","meta":{"jetpack_publicize_message":"","jetpack_publicize_feature_enabled":true,"jetpack_social_post_already_shared":true,"jetpack_social_options":{"image_generator_settings":{"template":"highway","default_image_id":0,"font":"","enabled":false},"version":2}},"product_brand":[],"product_cat":[217,39],"product_tag":[],"class_list":{"0":"post-19814","1":"product","2":"type-product","3":"status-publish","4":"has-post-thumbnail","6":"product_cat-dentifrice-soin-buccal-hygiene-et-soins","7":"product_cat-friandises-et-pates-pour-chien","9":"first","10":"instock","11":"taxable","12":"shipping-taxable","13":"purchasable","14":"product-type-simple"},"supplier_id":5590,"supplier_sku":"64378","barcode":"8595602564378","atum_controlled":true,"out_stock_date":null,"out_stock_threshold":null,"inheritable":false,"inbound_stock":0,"stock_on_hold":0,"sold_today":0,"sales_last_days":2,"reserved_stock":0,"customer_returns":0,"warehouse_damage":0,"lost_in_post":0,"other_logs":0,"out_stock_days":0,"lost_sales":0,"has_location":false,"update_date":"2026-05-12T09:39:09","atum_locations":[],"atum_stock_status":"instock","restock_status":false,"low_stock_amount":6,"sales_update_date":"2026-05-12T09:39:09","calc_backorders":null,"jetpack_publicize_connections":[],"jetpack_sharing_enabled":true,"batches":[{"id":"2643","date_created":"2025-03-31 21:26:15","date_expiry":"2026-05-06 00:00:00","user_id":"2760","batch_number":"BritDentalImmuno060526","location":"","quantity":"20.0000","quantity_available":"0.0000","units":"1","status":"archived","order_ids":"[20479,21162,21296,21338,21619,21660,21861,21905,21908,22028,22379,22637,22985,23473,23800,24134,24461,24932]","supplier":"Brit","po":{"id":"2611","date_created":"2025-03-31 21:26:18","batch_id":"2643","po_number":"","supplier":"Brit","cost":null,"regular_price":null,"sale_price":null,"price_margin":null,"price_discount":null}},{"id":"3845","date_created":"2025-06-05 08:36:13","date_expiry":"2026-08-11 00:00:00","user_id":"2760","batch_number":"BritDentalImmuno110826","location":"","quantity":"10.0000","quantity_available":"0.0000","units":"1","status":"archived","order_ids":"[25616,25667,25746,26305,27484,27988,28019,28260,28841,32694]","supplier":"Brit","po":{"id":"3809","date_created":"2025-06-05 08:36:14","batch_id":"3845","po_number":"","supplier":"Brit","cost":null,"regular_price":null,"sale_price":null,"price_margin":null,"price_discount":null}},{"id":"4754","date_created":"2025-08-08 12:02:46","date_expiry":"2026-12-15 00:00:00","user_id":"2760","batch_number":"BritDentalImmuno151226","location":"","quantity":"10.0000","quantity_available":"0.0000","units":"1","status":"archived","order_ids":"[28882,29057,30723,31152,31159,32044,33775]","supplier":" BRIT","po":{"id":"4718","date_created":"2025-08-08 12:02:48","batch_id":"4754","po_number":"","supplier":" BRIT","cost":null,"regular_price":null,"sale_price":null,"price_margin":null,"price_discount":null}},{"id":"6586","date_created":"2025-12-09 16:58:58","date_expiry":"2027-02-28 00:00:00","user_id":"2760","batch_number":"BritDentalImmuno280227","location":"","quantity":"10.0000","quantity_available":"0.0000","units":"1","status":"archived","order_ids":"[33937,34268,36781,37109,37233,37532,38089]","supplier":"BRIT","po":{"id":"6531","date_created":"2025-12-09 16:58:58","batch_id":"6586","po_number":"","supplier":"BRIT","cost":null,"regular_price":null,"sale_price":null,"price_margin":null,"price_discount":null}},{"id":"8998","date_created":"2026-04-22 09:45:42","date_expiry":"2027-08-13 00:00:00","user_id":"2760","batch_number":"BritDentalImmuno130827","location":"","quantity":"10.0000","quantity_available":"8.0000","units":"1","status":"active","order_ids":"[41525,41552]","supplier":"BRIT","po":{"id":"8922","date_created":"2026-04-22 09:45:42","batch_id":"8998","po_number":"","supplier":"BRIT","cost":null,"regular_price":null,"sale_price":null,"price_margin":null,"price_discount":null}}],"_links":{"self":[{"href":"https:\/\/petworld.ma\/index.php\/wp-json\/wp\/v2\/product\/19814","targetHints":{"allow":["GET"]}}],"collection":[{"href":"https:\/\/petworld.ma\/index.php\/wp-json\/wp\/v2\/product"}],"about":[{"href":"https:\/\/petworld.ma\/index.php\/wp-json\/wp\/v2\/types\/product"}],"wp:featuredmedia":[{"embeddable":true,"href":"https:\/\/petworld.ma\/index.php\/wp-json\/wp\/v2\/media\/19815"}],"wp:attachment":[{"href":"https:\/\/petworld.ma\/index.php\/wp-json\/wp\/v2\/media?parent=19814"}],"wp:term":[{"taxonomy":"product_brand","embeddable":true,"href":"https:\/\/petworld.ma\/index.php\/wp-json\/wp\/v2\/product_brand?post=19814"},{"taxonomy":"product_cat","embeddable":true,"href":"https:\/\/petworld.ma\/index.php\/wp-json\/wp\/v2\/product_cat?post=19814"},{"taxonomy":"product_tag","embeddable":true,"href":"https:\/\/petworld.ma\/index.php\/wp-json\/wp\/v2\/product_tag?post=19814"}],"curies":[{"name":"wp","href":"https:\/\/api.w.org\/{rel}","templated":true}]}}