{"id":19816,"date":"2025-03-30T14:40:47","date_gmt":"2025-03-30T14:40:47","guid":{"rendered":"https:\/\/petworld.ma\/?post_type=product&#038;p=19816"},"modified":"2026-05-12T12:04:08","modified_gmt":"2026-05-12T12:04:08","slug":"brit-pate-and-meat-turkey-dinde-400g","status":"publish","type":"product","link":"https:\/\/petworld.ma\/index.php\/produit\/brit-pate-and-meat-turkey-dinde-400g\/","title":{"rendered":"Brit Pat\u00e9 and Meat &#8211; Turkey (Dinde) 400g"},"content":{"rendered":"<div class=\"hidden-xs\">\n<p>Dinde et poulet 70 % + p\u00e2t\u00e9 de viande pure. Aliment complet pour chiens.<\/p>\n<ul>\n<li>De vrais morceaux de viande et d&rsquo;abats en p\u00e2t\u00e9.<\/li>\n<li>Gr\u00e2ce \u00e0 sa haute teneur en viande de haute qualit\u00e9 et \u00e0 son traitement respectueux, le produit est particuli\u00e8rement savoureux. M\u00eame les plus grands gourmets canins se r\u00e9galeront de cette d\u00e9licieuse association de vrais morceaux de viande et d&rsquo;abats en p\u00e2t\u00e9.<\/li>\n<li>Le Brit Pat\u00e9 &amp; Meat est aussi un compl\u00e9ment id\u00e9al de croquettes. Il permet d&rsquo;am\u00e9liorer l&rsquo;app\u00e9tit et apporte un suppl\u00e9ment d&rsquo;eau.<\/li>\n<li>SANS C\u00c9R\u00c9ALES &#8211; SANS SOJA &#8211; SANS OGM<\/li>\n<\/ul>\n<p class=\"composition\"><strong>Composition:<\/strong>\u00a0viande de poulet 44% (viande et organes), dinde 26% (viande et organes), amidon de pois 3 %, fibres de pois 1 %, huile de saumon 0,5 %.<\/p>\n<p><strong>Composants analytiques:<\/strong>\u00a0prot\u00e9ine brute 9%, graisse brute 5%, cendres brutes 3%, humidit\u00e9 78%, cellulose brute 0,5%, calcium 0,1 %, phosphore 0,3 %, sodium 0,2 %.<\/p>\n<p><strong>Ingr\u00e9dients:<\/strong>\u00a0vitamine D3 (3a671) 250 UI, vitamine E (3a700) 100 mg, zinc (3b606) 15 mg, fer (3b106) 10 mg, mangan\u00e8se (3b504) 3 mg, iodure de potassium (3b201) 0,75 mg, cuivre (3b406) 0,5 mg, biotine (3a880) 0,2 mg. Additifs technologiques par kg: gomme de caroube (E410) 5000 mg.<\/p>\n<p><strong>Metabolizable energy:<\/strong>\u00a0981 kcal\/kg<\/p>\n<\/div>\n","protected":false},"excerpt":{"rendered":"<p>Dinde et poulet 70 % + p\u00e2t\u00e9 de viande pure. Aliment complet pour chiens. De vrais morceaux de viande et d&rsquo;abats en p\u00e2t\u00e9. Gr\u00e2ce \u00e0 sa haute teneur en viande de haute qualit\u00e9 et \u00e0 son traitement respectueux, le produit est particuli\u00e8rement savoureux. M\u00eame les plus grands gourmets canins se r\u00e9galeront de cette d\u00e9licieuse association [&#8230;]\n","protected":false},"featured_media":19817,"template":"","meta":{"jetpack_publicize_message":"","jetpack_publicize_feature_enabled":true,"jetpack_social_post_already_shared":true,"jetpack_social_options":{"image_generator_settings":{"template":"highway","default_image_id":0,"font":"","enabled":false},"version":2}},"product_brand":[],"product_cat":[26,39],"product_tag":[],"class_list":{"0":"post-19816","1":"product","2":"type-product","3":"status-publish","4":"has-post-thumbnail","6":"product_cat-croquettes","7":"product_cat-friandises-et-pates-pour-chien","9":"first","10":"instock","11":"taxable","12":"shipping-taxable","13":"purchasable","14":"product-type-simple"},"supplier_id":5590,"supplier_sku":"57479","barcode":"8595602557479","atum_controlled":true,"out_stock_date":null,"out_stock_threshold":null,"inheritable":false,"inbound_stock":0,"stock_on_hold":1,"sold_today":0,"sales_last_days":1,"reserved_stock":0,"customer_returns":0,"warehouse_damage":0,"lost_in_post":0,"other_logs":0,"out_stock_days":0,"lost_sales":0,"has_location":false,"update_date":"2026-05-12T18:11:52","atum_locations":[],"atum_stock_status":"instock","restock_status":false,"low_stock_amount":12,"sales_update_date":"2026-05-12T18:11:51","calc_backorders":0,"jetpack_publicize_connections":[],"jetpack_sharing_enabled":true,"batches":[{"id":"2607","date_created":"2025-03-30 14:46:03","date_expiry":"2027-11-11 00:00:00","user_id":"2760","batch_number":"briturkey111127","location":"","quantity":"6.0000","quantity_available":"0.0000","units":"1","status":"archived","order_ids":"[20482,21090,22061,30891]","supplier":"Brit","po":{"id":"2575","date_created":"2025-03-30 14:46:07","batch_id":"2607","po_number":"","supplier":"Brit","cost":null,"regular_price":null,"sale_price":null,"price_margin":null,"price_discount":null}},{"id":"3861","date_created":"2025-06-05 09:09:56","date_expiry":"2027-11-11 00:00:00","user_id":"2760","batch_number":"briturkey111127","location":"","quantity":"12.0000","quantity_available":"0.0000","units":"1","status":"archived","order_ids":"[30891]","supplier":"Brit","po":{"id":"3825","date_created":"2025-06-05 09:09:57","batch_id":"3861","po_number":"","supplier":"Brit","cost":null,"regular_price":null,"sale_price":null,"price_margin":null,"price_discount":null}},{"id":"4775","date_created":"2025-08-08 14:43:54","date_expiry":"2027-10-25 00:00:00","user_id":"2760","batch_number":"briturkey251027","location":"","quantity":"12.0000","quantity_available":"0.0000","units":"1","status":"archived","order_ids":"[30891]","supplier":"Brit","po":{"id":"4739","date_created":"2025-08-08 14:43:54","batch_id":"4775","po_number":"","supplier":"Brit","cost":null,"regular_price":null,"sale_price":null,"price_margin":null,"price_discount":null}},{"id":"8448","date_created":"2026-03-23 15:57:09","date_expiry":"2028-09-25 00:00:00","user_id":"2760","batch_number":"briturkey0928","location":"","quantity":"6.0000","quantity_available":"3.0000","units":"1","status":"active","order_ids":"[38678,39230,41534,41791]","supplier":" BRIT","po":{"id":"8376","date_created":"2026-03-23 15:57:10","batch_id":"8448","po_number":"","supplier":" BRIT","cost":null,"regular_price":null,"sale_price":null,"price_margin":null,"price_discount":null}},{"id":"8999","date_created":"2026-04-22 09:46:23","date_expiry":"2028-09-25 00:00:00","user_id":"2760","batch_number":"briturkey0928","location":"","quantity":"12.0000","quantity_available":"12.0000","units":"1","status":"active","order_ids":null,"supplier":"Brit","po":{"id":"8923","date_created":"2026-04-22 09:46:23","batch_id":"8999","po_number":"","supplier":"Brit","cost":null,"regular_price":null,"sale_price":null,"price_margin":null,"price_discount":null}}],"_links":{"self":[{"href":"https:\/\/petworld.ma\/index.php\/wp-json\/wp\/v2\/product\/19816","targetHints":{"allow":["GET"]}}],"collection":[{"href":"https:\/\/petworld.ma\/index.php\/wp-json\/wp\/v2\/product"}],"about":[{"href":"https:\/\/petworld.ma\/index.php\/wp-json\/wp\/v2\/types\/product"}],"wp:featuredmedia":[{"embeddable":true,"href":"https:\/\/petworld.ma\/index.php\/wp-json\/wp\/v2\/media\/19817"}],"wp:attachment":[{"href":"https:\/\/petworld.ma\/index.php\/wp-json\/wp\/v2\/media?parent=19816"}],"wp:term":[{"taxonomy":"product_brand","embeddable":true,"href":"https:\/\/petworld.ma\/index.php\/wp-json\/wp\/v2\/product_brand?post=19816"},{"taxonomy":"product_cat","embeddable":true,"href":"https:\/\/petworld.ma\/index.php\/wp-json\/wp\/v2\/product_cat?post=19816"},{"taxonomy":"product_tag","embeddable":true,"href":"https:\/\/petworld.ma\/index.php\/wp-json\/wp\/v2\/product_tag?post=19816"}],"curies":[{"name":"wp","href":"https:\/\/api.w.org\/{rel}","templated":true}]}}