{"id":19820,"date":"2025-03-30T14:54:22","date_gmt":"2025-03-30T14:54:22","guid":{"rendered":"https:\/\/petworld.ma\/?post_type=product&#038;p=19820"},"modified":"2026-04-25T10:19:28","modified_gmt":"2026-04-25T10:19:28","slug":"brit-care-cat-snack-meaty-tuna-morceaux-de-thon-50g","status":"publish","type":"product","link":"https:\/\/petworld.ma\/index.php\/produit\/brit-care-cat-snack-meaty-tuna-morceaux-de-thon-50g\/","title":{"rendered":"Brit Care Cat Snack Meaty Tuna (Morceaux de Thon) 50g"},"content":{"rendered":"<p>Aliment compl\u00e9mentaire pour chats \u2013 Thon. Irr\u00e9sistible, m\u00eame pour les chats les plus difficiles !<\/p>\n<p><b><strong>grain-free pure meat snack<\/strong><\/b><\/p>\n<p class=\"composition\"><strong>Composition:<\/strong><\/p>\n<p><strong>\u00a0<\/strong>thon 88,8%, amidon 3%, prot\u00e9ines de pois 3%, glyc\u00e9rine 3%, sorbitol 2%, sel 0,2%.<\/p>\n<p><strong>Ingr\u00e9dients analytiques :<\/strong><\/p>\n<p>prot\u00e9ines brutes 23%, mati\u00e8res grasses brutes 5%, humidit\u00e9 23%, cendres brutes 4%, fibres brutes 0,2%.<\/p>\n<p><strong>\u00c9nergie m\u00e9tabolisable :<\/strong><\/p>\n<p>3 050 kcal\/kg<\/p>\n","protected":false},"excerpt":{"rendered":"<div class=\"hidden-xs\">\n<p>Aliment compl\u00e9mentaire pour chats \u2013 Thon. Irr\u00e9sistible, m\u00eame pour les chats les plus difficiles !<\/p>\n<p><b><strong>grain-free pure meat snack<\/strong><\/b><\/p>\n<p>Fabriqu\u00e9 dans l\u2019UE<\/p>\n<\/div>\n","protected":false},"featured_media":19822,"template":"","meta":{"jetpack_publicize_message":"","jetpack_publicize_feature_enabled":true,"jetpack_social_post_already_shared":true,"jetpack_social_options":{"image_generator_settings":{"template":"highway","default_image_id":0,"font":"","enabled":false},"version":2}},"product_brand":[],"product_cat":[41],"product_tag":[],"class_list":{"0":"post-19820","1":"product","2":"type-product","3":"status-publish","4":"has-post-thumbnail","6":"product_cat-friandises-et-pate-pour-chat","8":"first","9":"instock","10":"taxable","11":"shipping-taxable","12":"purchasable","13":"product-type-simple"},"supplier_id":5590,"supplier_sku":"55833","barcode":"8595602555833","atum_controlled":true,"out_stock_date":null,"out_stock_threshold":null,"inheritable":false,"inbound_stock":0,"stock_on_hold":2,"sold_today":0,"sales_last_days":1,"reserved_stock":0,"customer_returns":0,"warehouse_damage":0,"lost_in_post":0,"other_logs":0,"out_stock_days":0,"lost_sales":0,"has_location":false,"update_date":"2026-04-25T13:40:45","atum_locations":[],"atum_stock_status":"instock","restock_status":false,"low_stock_amount":6,"sales_update_date":"2026-04-25T13:40:44","calc_backorders":null,"jetpack_publicize_connections":[],"jetpack_sharing_enabled":true,"batches":[{"id":"2608","date_created":"2025-03-30 14:58:39","date_expiry":"2026-02-22 00:00:00","user_id":"2461","batch_number":"MeatTuna220226","location":"","quantity":"10.0000","quantity_available":"0.0000","units":"1","status":"archived","order_ids":"[20023,20427,21047,21069,21188]","supplier":"Brit","po":{"id":"2576","date_created":"2025-03-30 14:58:42","batch_id":"2608","po_number":"","supplier":"Brit","cost":null,"regular_price":null,"sale_price":null,"price_margin":null,"price_discount":null}},{"id":"3815","date_created":"2025-06-04 20:47:26","date_expiry":"2026-02-22 00:00:00","user_id":"2461","batch_number":"MeatTuna220226","location":"","quantity":"20.0000","quantity_available":"0.0000","units":"1","status":"archived","order_ids":"[31239,32025,32886,33068,33832,34070,34182,34622,34747,34821]","supplier":"Brit","po":{"id":"3780","date_created":"2025-06-04 20:47:27","batch_id":"3815","po_number":"","supplier":"Brit","cost":null,"regular_price":null,"sale_price":null,"price_margin":null,"price_discount":null}},{"id":"4707","date_created":"2025-08-07 22:39:58","date_expiry":"2026-02-22 00:00:00","user_id":"2461","batch_number":"MeatTuna220226","location":"","quantity":"10.0000","quantity_available":"0.0000","units":"1","status":"archived","order_ids":"[26277,28108,29052,29438,29708,31052,31056,31239]","supplier":"Brit","po":{"id":"4671","date_created":"2025-08-07 22:39:58","batch_id":"4707","po_number":"","supplier":"Brit","cost":null,"regular_price":null,"sale_price":null,"price_margin":null,"price_discount":null}},{"id":"7441","date_created":"2026-02-02 14:21:31","date_expiry":"2027-04-30 00:00:00","user_id":"2461","batch_number":"MeatTuna300427","location":"","quantity":"10.0000","quantity_available":"8.0000","units":"1","status":"active","order_ids":"[40687,40705]","supplier":"Brit","po":{"id":"7376","date_created":"2026-02-02 14:21:31","batch_id":"7441","po_number":"","supplier":"Brit","cost":null,"regular_price":null,"sale_price":null,"price_margin":null,"price_discount":null}}],"_links":{"self":[{"href":"https:\/\/petworld.ma\/index.php\/wp-json\/wp\/v2\/product\/19820","targetHints":{"allow":["GET"]}}],"collection":[{"href":"https:\/\/petworld.ma\/index.php\/wp-json\/wp\/v2\/product"}],"about":[{"href":"https:\/\/petworld.ma\/index.php\/wp-json\/wp\/v2\/types\/product"}],"wp:featuredmedia":[{"embeddable":true,"href":"https:\/\/petworld.ma\/index.php\/wp-json\/wp\/v2\/media\/19822"}],"wp:attachment":[{"href":"https:\/\/petworld.ma\/index.php\/wp-json\/wp\/v2\/media?parent=19820"}],"wp:term":[{"taxonomy":"product_brand","embeddable":true,"href":"https:\/\/petworld.ma\/index.php\/wp-json\/wp\/v2\/product_brand?post=19820"},{"taxonomy":"product_cat","embeddable":true,"href":"https:\/\/petworld.ma\/index.php\/wp-json\/wp\/v2\/product_cat?post=19820"},{"taxonomy":"product_tag","embeddable":true,"href":"https:\/\/petworld.ma\/index.php\/wp-json\/wp\/v2\/product_tag?post=19820"}],"curies":[{"name":"wp","href":"https:\/\/api.w.org\/{rel}","templated":true}]}}