{"id":19828,"date":"2025-03-30T15:29:55","date_gmt":"2025-03-30T15:29:55","guid":{"rendered":"https:\/\/petworld.ma\/?post_type=product&#038;p=19828"},"modified":"2026-04-29T19:20:04","modified_gmt":"2026-04-29T19:20:04","slug":"brit-raw-treat-digestion-avec-probiotiques-poulet","status":"publish","type":"product","link":"https:\/\/petworld.ma\/index.php\/produit\/brit-raw-treat-digestion-avec-probiotiques-poulet\/","title":{"rendered":"Brit Raw Treat Digestion avec Probiotiques Poulet"},"content":{"rendered":"<div class=\"hidden-xs\">\n<p><img decoding=\"async\" class=\"\" src=\"https:\/\/brit-petfood.com\/file\/nodes\/icon-made-in-eu.png\" width=\"88\" height=\"87\" \/><\/p>\n<div class=\"hidden-xs\">\n<div class=\"hidden-xs\">\n<div class=\"hidden-xs\">\n<div class=\"hidden-xs\">\n<p>Friandise crue Brit Digestion. Friandise et garniture lyophilis\u00e9es. Poulet avec probiotiques et psyllium.<\/p>\n<p>Aliments compl\u00e9mentaires pour chiens.<\/p>\n<p>Lyophilis\u00e9 \u2013 friandises et garnitures incroyablement d\u00e9licieuses \u2013 pour les mangeurs difficiles et les chiens \u00e2g\u00e9s \u2013 rehausseur de go\u00fbt pour augmenter l&rsquo;app\u00e9tence des aliments pour animaux de compagnie \u2013 produit dans l&rsquo;UE \u00e0 partir de prot\u00e9ines locales de haute qualit\u00e9 et d&rsquo;ingr\u00e9dients peu transform\u00e9s \u2013 similaire aux r\u00e9gimes alimentaires crus ou BARF en termes de contenu nutritionnel \u2013 ingr\u00e9dients fonctionnels pour une digestion douce et saine \u2022 Lyophilis\u00e9 cru \u2013 96 % de viande et d&rsquo;organes FRAIS<\/p>\n<p>\u2022 Foie \u2013 Booster ultime de palatabilit\u00e9<\/p>\n<p>\u2022 Naturel<\/p>\n<p>\u2022 SANS conservateurs artificiels, ar\u00f4mes, colorants, sans sel ajout\u00e9<\/p>\n<p>\u2022 Psyllium \u2013 une source de fibres solubles<\/p>\n<p>\u2022 Lactobacillus \u2013 inactiv\u00e9, effet immunomodulateur<\/p>\n<\/div>\n<div class=\"catalog-wrap\">\n<div class=\"box-detail product-wrap\" data-eec-key=\"event\" data-eec-value=\"eec.detail\" data-eec-active=\"\">\n<div data-eec-key=\"ecommerce.detail.actionField.list\" data-eec-value=\"Product detail\" data-eec-active=\"\">\n<div class=\"row\" data-eec-key=\"ecommerce.detail.products[&quot;1074688&quot;]\" data-eec-value=\"{&quot;id&quot;:&quot;1074688&quot;,&quot;name&quot;:&quot;Brit Raw Treat Digestion. Freeze-dried treat and topper. Chicken&quot;,&quot;category&quot;:&quot;Dogs\\\/Snacks&amp;Treats&quot;,&quot;brand&quot;:&quot;Brit Functional Snack&quot;}\" data-eec-type=\"json\" data-eec-active=\"\">\n<div class=\"col-sm-8\">\n<p class=\"composition\"><strong>Composition:<\/strong><\/p>\n<p>parures de poulet fra\u00eeches (80 %), foie de porc frais (16 %), lignocellulose (2 %), farine de pois, enveloppes et graines de psyllium (0,5 %), bact\u00e9ries inactiv\u00e9es et leurs composants (Lactobacillus helveticus HA \u2013 122, 15&#215;109 cellules\/kg).<\/p>\n<p><strong>Ingr\u00e9dients analytiques :<\/strong><\/p>\n<p>Prot\u00e9ines brutes 42,0 %, mati\u00e8res grasses brutes 35,0 %, fibres brutes 2,5 %, cendres brutes 10,0 %, humidit\u00e9 4,0 %, calcium 3,0 %, phosphore 2,0 %, sodium 1,0 %. Contient des antioxydants naturels : extraits de tocoph\u00e9rols d&rsquo;huile v\u00e9g\u00e9tale (1b306(i)), palmitate d&rsquo;ascorbyle (1b304) et extrait de romarin. Contient des conservateurs approuv\u00e9s par l&rsquo;UE : acide citrique (1a330).<\/p>\n<p><strong>\u00c9nergie m\u00e9tabolisable :<\/strong>\u00a04 870 kcal\/kg<\/p>\n<p><strong>Table d&rsquo;alimentation :<\/strong><\/p>\n<div class=\"overflow-auto\">\n<p>Quantit\u00e9 quotidienne pour les chiens de petites races (1-10 kg) \u2013 2 cuill\u00e8res \u00e0 soupe\/5 g par jour Quantit\u00e9 quotidienne pour les chiens de races moyennes (1-10 kg) \u2013 2-4 cuill\u00e8res \u00e0 soupe\/5-10 g par jour Quantit\u00e9 quotidienne pour les chiens de grandes races (1-10 kg) \u2013 4 &lt; cuill\u00e8res \u00e0 soupe\/10 g &lt; par jour Servir quotidiennement comme exhausteur de go\u00fbt sur la nourriture s\u00e8che ou comme r\u00e9compense. Les friandises crues lyophilis\u00e9es sont con\u00e7ues comme un compl\u00e9ment alimentaire et ne sont pas cens\u00e9es remplacer une alimentation compl\u00e8te et \u00e9quilibr\u00e9e. Notez que la valeur nutritionnelle de 100 g de produit lyophilis\u00e9 \u00e9quivaut \u00e0 300 g de viande fra\u00eeche crue. Assurez-vous que votre compagnon canin a toujours beaucoup d&rsquo;eau potable fra\u00eeche.<\/p>\n<\/div>\n<\/div>\n<\/div>\n<\/div>\n<\/div>\n<\/div>\n<\/div>\n<\/div>\n<\/div>\n<\/div>\n","protected":false},"excerpt":{"rendered":"<p><img decoding=\"async\" class=\"\" src=\"https:\/\/brit-petfood.com\/file\/nodes\/icon-made-in-eu.png\" width=\"88\" height=\"87\" \/><\/p>\n<div class=\"hidden-xs\">\n<div class=\"hidden-xs\">Friandise crue Brit Digestion. Friandise et garniture lyophilis\u00e9es. Poulet avec probiotiques et psyllium.<\/div>\n<\/div>\n","protected":false},"featured_media":19830,"template":"","meta":{"jetpack_publicize_message":"","jetpack_publicize_feature_enabled":true,"jetpack_social_post_already_shared":true,"jetpack_social_options":{"image_generator_settings":{"template":"highway","default_image_id":0,"font":"","enabled":false},"version":2}},"product_brand":[],"product_cat":[26,39],"product_tag":[],"class_list":{"0":"post-19828","1":"product","2":"type-product","3":"status-publish","4":"has-post-thumbnail","6":"product_cat-croquettes","7":"product_cat-friandises-et-pates-pour-chien","9":"first","10":"instock","11":"taxable","12":"shipping-taxable","13":"purchasable","14":"product-type-simple"},"supplier_id":5590,"supplier_sku":"564439","barcode":"8595602564439","atum_controlled":true,"out_stock_date":null,"out_stock_threshold":null,"inheritable":false,"inbound_stock":0,"stock_on_hold":1,"sold_today":1,"sales_last_days":2,"reserved_stock":0,"customer_returns":0,"warehouse_damage":0,"lost_in_post":0,"other_logs":0,"out_stock_days":0,"lost_sales":0,"has_location":false,"update_date":"2026-04-29T19:20:08","atum_locations":[],"atum_stock_status":"instock","restock_status":false,"low_stock_amount":3,"sales_update_date":"2026-04-29T19:20:08","calc_backorders":null,"jetpack_publicize_connections":[],"jetpack_sharing_enabled":true,"batches":[{"id":"2610","date_created":"2025-03-30 15:35:01","date_expiry":"2026-04-29 00:00:00","user_id":"2461","batch_number":"DigestiveRaw290426","location":"","quantity":"10.0000","quantity_available":"0.0000","units":"1","status":"archived","order_ids":"[20228,20482,21090,21338,22185,22714,24077,26763,27056]","supplier":"Brit","po":{"id":"2578","date_created":"2025-03-30 15:35:04","batch_id":"2610","po_number":"","supplier":"Brit","cost":null,"regular_price":null,"sale_price":null,"price_margin":null,"price_discount":null}},{"id":"4760","date_created":"2025-08-08 14:15:46","date_expiry":"2026-07-24 00:00:00","user_id":"2461","batch_number":"DigestiveRaw240726","location":"","quantity":"10.0000","quantity_available":"2.0000","units":"1","status":"active","order_ids":"[31899,34761,35378,37669,39231,40036,41038]","supplier":"Brit","po":{"id":"4724","date_created":"2025-08-08 14:15:47","batch_id":"4760","po_number":"","supplier":"Brit","cost":null,"regular_price":null,"sale_price":null,"price_margin":null,"price_discount":null}}],"_links":{"self":[{"href":"https:\/\/petworld.ma\/index.php\/wp-json\/wp\/v2\/product\/19828","targetHints":{"allow":["GET"]}}],"collection":[{"href":"https:\/\/petworld.ma\/index.php\/wp-json\/wp\/v2\/product"}],"about":[{"href":"https:\/\/petworld.ma\/index.php\/wp-json\/wp\/v2\/types\/product"}],"wp:featuredmedia":[{"embeddable":true,"href":"https:\/\/petworld.ma\/index.php\/wp-json\/wp\/v2\/media\/19830"}],"wp:attachment":[{"href":"https:\/\/petworld.ma\/index.php\/wp-json\/wp\/v2\/media?parent=19828"}],"wp:term":[{"taxonomy":"product_brand","embeddable":true,"href":"https:\/\/petworld.ma\/index.php\/wp-json\/wp\/v2\/product_brand?post=19828"},{"taxonomy":"product_cat","embeddable":true,"href":"https:\/\/petworld.ma\/index.php\/wp-json\/wp\/v2\/product_cat?post=19828"},{"taxonomy":"product_tag","embeddable":true,"href":"https:\/\/petworld.ma\/index.php\/wp-json\/wp\/v2\/product_tag?post=19828"}],"curies":[{"name":"wp","href":"https:\/\/api.w.org\/{rel}","templated":true}]}}