{"id":19831,"date":"2025-03-30T15:39:04","date_gmt":"2025-03-30T15:39:04","guid":{"rendered":"https:\/\/petworld.ma\/?post_type=product&#038;p=19831"},"modified":"2026-05-12T16:47:37","modified_gmt":"2026-05-12T16:47:37","slug":"brit-care-pochons-en-sauce-pour-chaton-filets-de-poulets-85g","status":"publish","type":"product","link":"https:\/\/petworld.ma\/index.php\/produit\/brit-care-pochons-en-sauce-pour-chaton-filets-de-poulets-85g\/","title":{"rendered":"Brit Care Pochons en Sauce Pour Chaton Filets de Poulets 85g"},"content":{"rendered":"<div class=\"hidden-xs\">\n<div class=\"hidden-xs\">\n<div class=\"hidden-xs\">\n<div class=\"hidden-xs\">\n<p>Brit Care Cat Kitten. Filets en sauce au poulet de choix enrichis \u00e0 l&rsquo;argousier et \u00e0 la capucine.<\/p>\n<p>Nourriture humide compl\u00e8te sans c\u00e9r\u00e9ales Superpremium pour chatons.<\/p>\n<p>Contient des antioxydants naturels : extraits de tocoph\u00e9rol d&rsquo;huile v\u00e9g\u00e9tale (1b306), palmitate d&rsquo;ascorbyle (1b304) et extrait de romarin.<\/p>\n<\/div>\n<\/div>\n<\/div>\n<\/div>\n<div><\/div>\n<div>\n<div class=\"box-detail product-wrap\" data-eec-key=\"event\" data-eec-value=\"eec.detail\" data-eec-active=\"\">\n<div data-eec-key=\"ecommerce.detail.actionField.list\" data-eec-value=\"Product detail\" data-eec-active=\"\">\n<div class=\"row\" data-eec-key=\"ecommerce.detail.products[&quot;1074746&quot;]\" data-eec-value=\"{&quot;id&quot;:&quot;1074746&quot;,&quot;name&quot;:&quot;Brit Care Cat Kitten. Fillets in Gravy Choice Chicken&quot;,&quot;category&quot;:&quot;Cats\\\/Pouches&quot;,&quot;brand&quot;:&quot;Brit Care&quot;}\" data-eec-type=\"json\" data-eec-active=\"\">\n<div class=\"col-sm-8\">\n<p class=\"composition\"><strong>Composition:<\/strong><\/p>\n<p>filets avec 85% de viande (70% de poulet, 15% de foie), lignocellulose, 1% d&rsquo;argousier s\u00e9ch\u00e9, 0,5% de capucine s\u00e9ch\u00e9e, carbonate de calcium, farine de pois.<\/p>\n<p><strong>Ingr\u00e9dients analytiques :<\/strong><\/p>\n<p>prot\u00e9ines brutes 7,5 %, mati\u00e8res grasses brutes 4,0 %, fibres brutes 0,5 %, cendres brutes 2,2 %, humidit\u00e9 82,0 %, calcium 0,2 %, phosphore 0,2 %, sodium 0,25 %.<\/p>\n<p><strong>Composition nutritionnelle :<\/strong><\/p>\n<p>vitamine A (3a672a) 600 UI, vitamine D3 (3a671) 150 UI, vitamine E (3a700) 70 mg, chlorure de choline (3a890) 60 mg, vitamine B1 (3a821) 0,6 mg, biotine (3a880) 0,25 mg, zinc (3b606) 6 mg, mangan\u00e8se (3b502) 1,5 mg, fer (3b103) 5 mg, iode (3b201) 0,35 mg, taurine (3a370) 600 mg.<\/p>\n<p><strong>\u00c9nergie m\u00e9tabolisable :<\/strong>\u00a0800 kcal\/kg.<\/p>\n<\/div>\n<\/div>\n<\/div>\n<\/div>\n<\/div>\n","protected":false},"excerpt":{"rendered":"<p>Filets en sauce au poulet de choix enrichis \u00e0 l&rsquo;argousier et \u00e0 la capucine.<\/p>\n","protected":false},"featured_media":19832,"template":"","meta":{"jetpack_publicize_message":"","jetpack_publicize_feature_enabled":true,"jetpack_social_post_already_shared":true,"jetpack_social_options":{"image_generator_settings":{"template":"highway","default_image_id":0,"font":"","enabled":false},"version":2}},"product_brand":[],"product_cat":[41],"product_tag":[],"class_list":{"0":"post-19831","1":"product","2":"type-product","3":"status-publish","4":"has-post-thumbnail","6":"product_cat-friandises-et-pate-pour-chat","8":"first","9":"instock","10":"taxable","11":"shipping-taxable","12":"purchasable","13":"product-type-simple"},"supplier_id":5590,"supplier_sku":"65320","barcode":"8595602565320","atum_controlled":true,"out_stock_date":null,"out_stock_threshold":null,"inheritable":false,"inbound_stock":0,"stock_on_hold":0,"sold_today":0,"sales_last_days":4,"reserved_stock":0,"customer_returns":0,"warehouse_damage":0,"lost_in_post":0,"other_logs":0,"out_stock_days":0,"lost_sales":0,"has_location":false,"update_date":"2026-05-14T15:53:29","atum_locations":[],"atum_stock_status":"instock","restock_status":false,"low_stock_amount":24,"sales_update_date":"2026-05-14T15:53:29","calc_backorders":null,"jetpack_publicize_connections":[],"jetpack_sharing_enabled":true,"batches":[{"id":"2611","date_created":"2025-03-30 15:45:38","date_expiry":"2026-11-05 00:00:00","user_id":"2760","batch_number":"FiletsPoulets051126","location":"","quantity":"72.0000","quantity_available":"0.0000","units":"1","status":"archived","order_ids":"[20519,21000,21044,21486,21785,21959,22620,23158,23654,23942,23984,24249,24497,25128]","supplier":"Brit","po":{"id":"2579","date_created":"2025-03-30 15:45:41","batch_id":"2611","po_number":"","supplier":"Brit","cost":null,"regular_price":null,"sale_price":null,"price_margin":null,"price_discount":null}},{"id":"5819","date_created":"2025-10-20 11:14:45","date_expiry":"2027-07-18 00:00:00","user_id":"2760","batch_number":"FiletsPoulets180727","location":"","quantity":"120.0000","quantity_available":"0.0000","units":"1","status":"archived","order_ids":"[29374,29667,29707,29789,29894,29966,30039,30319,31039,31339,31434,31599,32796,32813,32886,32988,32992,33004,33309,33312,33880,34657,34747,34786,35476,35703,36467,36770,37614,37824,37970,38349,38373,40093,40339,40390,40608,40784]","supplier":" BRIT","po":{"id":"5768","date_created":"2025-10-20 11:14:46","batch_id":"5819","po_number":"","supplier":" BRIT","cost":null,"regular_price":null,"sale_price":null,"price_margin":null,"price_discount":null}},{"id":"6547","date_created":"2025-12-08 13:52:13","date_expiry":"2026-11-22 00:00:00","user_id":"2760","batch_number":"FiletsPoulets221126","location":"","quantity":"48.0000","quantity_available":"0.0000","units":"1","status":"archived","order_ids":"[31869,32026,32098]","supplier":" BRIT","po":{"id":"8041","date_created":"2026-03-06 09:52:41","batch_id":"6547","po_number":"","supplier":" BRIT","cost":null,"regular_price":null,"sale_price":null,"price_margin":null,"price_discount":null}},{"id":"8103","date_created":"2026-03-06 09:52:42","date_expiry":"2027-09-30 00:00:00","user_id":"2760","batch_number":"FiletsPoulets300927","location":"","quantity":"120.0000","quantity_available":"112.0000","units":"1","status":"active","order_ids":"[40784,41704,41746,41815]","supplier":" BRIT","po":{"id":"8042","date_created":"2026-03-06 09:52:42","batch_id":"8103","po_number":"","supplier":" BRIT","cost":null,"regular_price":null,"sale_price":null,"price_margin":null,"price_discount":null}}],"_links":{"self":[{"href":"https:\/\/petworld.ma\/index.php\/wp-json\/wp\/v2\/product\/19831","targetHints":{"allow":["GET"]}}],"collection":[{"href":"https:\/\/petworld.ma\/index.php\/wp-json\/wp\/v2\/product"}],"about":[{"href":"https:\/\/petworld.ma\/index.php\/wp-json\/wp\/v2\/types\/product"}],"wp:featuredmedia":[{"embeddable":true,"href":"https:\/\/petworld.ma\/index.php\/wp-json\/wp\/v2\/media\/19832"}],"wp:attachment":[{"href":"https:\/\/petworld.ma\/index.php\/wp-json\/wp\/v2\/media?parent=19831"}],"wp:term":[{"taxonomy":"product_brand","embeddable":true,"href":"https:\/\/petworld.ma\/index.php\/wp-json\/wp\/v2\/product_brand?post=19831"},{"taxonomy":"product_cat","embeddable":true,"href":"https:\/\/petworld.ma\/index.php\/wp-json\/wp\/v2\/product_cat?post=19831"},{"taxonomy":"product_tag","embeddable":true,"href":"https:\/\/petworld.ma\/index.php\/wp-json\/wp\/v2\/product_tag?post=19831"}],"curies":[{"name":"wp","href":"https:\/\/api.w.org\/{rel}","templated":true}]}}