{"id":19833,"date":"2025-03-30T15:48:33","date_gmt":"2025-03-30T15:48:33","guid":{"rendered":"https:\/\/petworld.ma\/?post_type=product&#038;p=19833"},"modified":"2026-05-11T09:38:30","modified_gmt":"2026-05-11T09:38:30","slug":"brit-care-pochons-en-sauce-pour-chat-sterilise-saumon-et-thon-85g","status":"publish","type":"product","link":"https:\/\/petworld.ma\/index.php\/produit\/brit-care-pochons-en-sauce-pour-chat-sterilise-saumon-et-thon-85g\/","title":{"rendered":"Brit Care Pochons en Sauce Pour Chat St\u00e9rilis\u00e9 Saumon et Thon 85g"},"content":{"rendered":"<div class=\"hidden-xs\">\n<div class=\"hidden-xs\">\n<div class=\"hidden-xs\">\n<p>Brit Care Chat St\u00e9rilis\u00e9. Filets en Sauce avec Saumon et Thon Savoureux Enrichis \u00e0 l&rsquo;Argousier et \u00e0 la Capucine.<\/p>\n<p>Nourriture humide compl\u00e8te sans c\u00e9r\u00e9ales Superpremium pour chats adultes st\u00e9rilis\u00e9s.<\/p>\n<p>Contient des antioxydants naturels approuv\u00e9s par l&rsquo;UE : extraits de tocoph\u00e9rol d&rsquo;huile v\u00e9g\u00e9tale (1b306(i)), palmitate d&rsquo;ascorbyle (1b304) et extrait de romarin.<\/p>\n<\/div>\n<p class=\"composition\"><strong>Composition:<\/strong><\/p>\n<p>filets \u00e0 85% de viande (62% poulet, 15% foie, 4% thon, 4% saumon), lignocellulose, 1% argousier s\u00e9ch\u00e9, 0,5% capucine s\u00e9ch\u00e9e, carbonate de calcium, farine de pois.<\/p>\n<p><strong>Ingr\u00e9dients analytiques :<\/strong><\/p>\n<p>prot\u00e9ines brutes 7,0 %, mati\u00e8res grasses brutes 3,5 %, fibres brutes 0,5 %, cendres brutes 2,3 %, humidit\u00e9 82,0 %, calcium 0,2 %, phosphore 0,2 %, sodium 0,25 %.<\/p>\n<p><strong>Composition nutritionnelle :<\/strong>\u00a0vitamine A (3a672a) 400 UI, vitamine D3 (3a671) 100 UI, vitamine E (3a700) 50 mg, chlorure de choline (3a890) 60 mg, vitamine B1 (3a821) 0,3 mg, biotine (3a880) 0,1 mg, zinc (3b606) 3,5 mg, mangan\u00e8se (3b502) 0,8 mg, fer (3b103) 2,8 mg, iode (3b201) 0,2 mg, taurine (3a370) 500 mg, L-m\u00e9thionine (3c305) 1 750 mg.<\/p>\n<p><strong>\u00c9nergie m\u00e9tabolisable :<\/strong>\u00a0770 kcal\/kg<\/p>\n<p><strong>Table d&rsquo;alimentation :<\/strong><\/p>\n<div class=\"overflow-auto\">\n<p>Les apports journaliers recommand\u00e9s sont indiqu\u00e9s dans le tableau des apports journaliers, mais peuvent varier en fonction de l&rsquo;\u00e2ge, du niveau d&rsquo;activit\u00e9 et de l&rsquo;environnement de votre chat. Toujours mettre \u00e0 sa disposition un bol d&rsquo;eau fra\u00eeche. Servir \u00e0 temp\u00e9rature ambiante. Pour plus de vari\u00e9t\u00e9 et de saveur, veillez \u00e0 r\u00e9duire la portion quotidienne recommand\u00e9e de la nourriture habituelle de votre chat en cons\u00e9quence. Conserver au r\u00e9frig\u00e9rateur apr\u00e8s ouverture. Dur\u00e9e de conservation\u00a0: 24\u00a0mois.<\/p>\n<\/div>\n<\/div>\n<\/div>\n","protected":false},"excerpt":{"rendered":"<p>Filets dans du jus, avec du poulet. Enrichi en argousier et en capucine. Aliment complet super-pr\u00e9mium pour chats adultes, sans c\u00e9r\u00e9ales.<\/p>\n","protected":false},"featured_media":19834,"template":"","meta":{"jetpack_publicize_message":"","jetpack_publicize_feature_enabled":true,"jetpack_social_post_already_shared":true,"jetpack_social_options":{"image_generator_settings":{"template":"highway","default_image_id":0,"font":"","enabled":false},"version":2}},"product_brand":[],"product_cat":[41],"product_tag":[],"class_list":{"0":"post-19833","1":"product","2":"type-product","3":"status-publish","4":"has-post-thumbnail","6":"product_cat-friandises-et-pate-pour-chat","8":"first","9":"instock","10":"taxable","11":"shipping-taxable","12":"purchasable","13":"product-type-simple"},"supplier_id":5590,"supplier_sku":"565290","barcode":"8595602565290","atum_controlled":true,"out_stock_date":null,"out_stock_threshold":null,"inheritable":false,"inbound_stock":0,"stock_on_hold":0,"sold_today":0,"sales_last_days":47,"reserved_stock":0,"customer_returns":0,"warehouse_damage":0,"lost_in_post":0,"other_logs":0,"out_stock_days":0,"lost_sales":0,"has_location":false,"update_date":"2026-05-13T16:39:16","atum_locations":[],"atum_stock_status":"instock","restock_status":true,"low_stock_amount":24,"sales_update_date":"2026-05-13T16:39:15","calc_backorders":null,"jetpack_publicize_connections":[],"jetpack_sharing_enabled":true,"batches":[{"id":"2612","date_created":"2025-03-30 15:52:31","date_expiry":"2026-09-19 00:00:00","user_id":"2760","batch_number":"FiletSterilis\u00e9SaumonThon190926","location":"","quantity":"72.0000","quantity_available":"0.0000","units":"1","status":"archived","order_ids":"[20023,20206,20398,20482,20493,20519,20760,20962,21034,21053,21123,21167,21392,21463,21485,21933,22011,22046,22059,22179]","supplier":"Brit","po":{"id":"2580","date_created":"2025-03-30 15:52:35","batch_id":"2612","po_number":"","supplier":"Brit","cost":null,"regular_price":null,"sale_price":null,"price_margin":null,"price_discount":null}},{"id":"4813","date_created":"2025-08-09 09:57:59","date_expiry":"2026-09-19 00:00:00","user_id":"2760","batch_number":"FiletSterilis\u00e9SaumonThon190926","location":"","quantity":"40.0000","quantity_available":"0.0000","units":"1","status":"archived","order_ids":"[25593,25616,25658,25669,25703,25766,25866,25991,26294]","supplier":"Brit","po":{"id":"4777","date_created":"2025-08-09 09:57:59","batch_id":"4813","po_number":"","supplier":"Brit","cost":null,"regular_price":null,"sale_price":null,"price_margin":null,"price_discount":null}},{"id":"5252","date_created":"2025-09-10 15:15:12","date_expiry":"2026-09-19 00:00:00","user_id":"2760","batch_number":"FiletSterilis\u00e9SaumonThon190926","location":"","quantity":"6.0000","quantity_available":"0.0000","units":"1","status":"archived","order_ids":"[27620,28108]","supplier":"Brit","po":{"id":"5209","date_created":"2025-09-10 15:15:13","batch_id":"5252","po_number":"","supplier":"Brit","cost":null,"regular_price":null,"sale_price":null,"price_margin":null,"price_discount":null}},{"id":"5820","date_created":"2025-10-20 11:16:30","date_expiry":"2027-07-02 00:00:00","user_id":"2760","batch_number":"FiletSterilis\u00e9SaumonThon020727","location":"","quantity":"144.0000","quantity_available":"0.0000","units":"1","status":"archived","order_ids":"[29269,29548,29549,29644,29662,29900,30181,30262,30723,30819,30907,31218,31238,29388,31335,31640,31904,32056,32368,32540,32627,32656,33595,33940,34048,34477,34684,34711,34814,34821,34863,35289,35450,35471,35476,35738,35995,36047,36195,36196,36227]","supplier":"Brit","po":{"id":"5769","date_created":"2025-10-20 11:16:30","batch_id":"5820","po_number":"","supplier":"Brit","cost":null,"regular_price":null,"sale_price":null,"price_margin":null,"price_discount":null}},{"id":"6546","date_created":"2025-12-08 13:37:10","date_expiry":"2027-07-30 00:00:00","user_id":"2760","batch_number":"FiletSterilis\u00e9SaumonThon300727","location":"","quantity":"0.0000","quantity_available":"0.0000","units":"1","status":"archived","order_ids":null,"supplier":"Brit","po":{"id":"6492","date_created":"2025-12-08 13:37:11","batch_id":"6546","po_number":"","supplier":"Brit","cost":null,"regular_price":null,"sale_price":null,"price_margin":null,"price_discount":null}},{"id":"7448","date_created":"2026-02-02 15:27:21","date_expiry":"2027-11-30 00:00:00","user_id":"2760","batch_number":"FiletSterilis\u00e9SaumonThon301127","location":"","quantity":"48.0000","quantity_available":"0.0000","units":"1","status":"archived","order_ids":"[36227,36335,36336,36548,36707,36966,37018,37034,37356,37746,37762,37899]","supplier":"Brit","po":{"id":"7383","date_created":"2026-02-02 15:27:22","batch_id":"7448","po_number":"","supplier":"Brit","cost":null,"regular_price":null,"sale_price":null,"price_margin":null,"price_discount":null}},{"id":"8100","date_created":"2026-03-06 09:50:29","date_expiry":"2027-11-30 00:00:00","user_id":"2760","batch_number":"FiletSterilis\u00e9SaumonThon301127","location":"","quantity":"120.0000","quantity_available":"0.0000","units":"1","status":"archived","order_ids":"[37899,37975,38046,38051,38331,38418,38518,38591,38633,38753,38936,39119,39357,39495,39683,39840,40032,40392,40397,40429,40571,40626,40716,40821,41197,41211]","supplier":" BRIT","po":{"id":"8038","date_created":"2026-03-06 09:50:30","batch_id":"8100","po_number":"","supplier":" BRIT","cost":null,"regular_price":null,"sale_price":null,"price_margin":null,"price_discount":null}},{"id":"9280","date_created":"2026-05-02 15:16:14","date_expiry":"2027-11-30 00:00:00","user_id":"2760","batch_number":"FiletSterilis\u00e9SaumonThon301127","location":"","quantity":"48.0000","quantity_available":"7.0000","units":"1","status":"active","order_ids":"[41291,41503,41560,41678,41736]","supplier":"Brit","po":{"id":"9203","date_created":"2026-05-02 15:16:14","batch_id":"9280","po_number":"","supplier":"Brit","cost":null,"regular_price":null,"sale_price":null,"price_margin":null,"price_discount":null}}],"_links":{"self":[{"href":"https:\/\/petworld.ma\/index.php\/wp-json\/wp\/v2\/product\/19833","targetHints":{"allow":["GET"]}}],"collection":[{"href":"https:\/\/petworld.ma\/index.php\/wp-json\/wp\/v2\/product"}],"about":[{"href":"https:\/\/petworld.ma\/index.php\/wp-json\/wp\/v2\/types\/product"}],"wp:featuredmedia":[{"embeddable":true,"href":"https:\/\/petworld.ma\/index.php\/wp-json\/wp\/v2\/media\/19834"}],"wp:attachment":[{"href":"https:\/\/petworld.ma\/index.php\/wp-json\/wp\/v2\/media?parent=19833"}],"wp:term":[{"taxonomy":"product_brand","embeddable":true,"href":"https:\/\/petworld.ma\/index.php\/wp-json\/wp\/v2\/product_brand?post=19833"},{"taxonomy":"product_cat","embeddable":true,"href":"https:\/\/petworld.ma\/index.php\/wp-json\/wp\/v2\/product_cat?post=19833"},{"taxonomy":"product_tag","embeddable":true,"href":"https:\/\/petworld.ma\/index.php\/wp-json\/wp\/v2\/product_tag?post=19833"}],"curies":[{"name":"wp","href":"https:\/\/api.w.org\/{rel}","templated":true}]}}