{"id":19835,"date":"2025-03-30T15:59:50","date_gmt":"2025-03-30T15:59:50","guid":{"rendered":"https:\/\/petworld.ma\/?post_type=product&#038;p=19835"},"modified":"2026-04-18T16:41:02","modified_gmt":"2026-04-18T16:41:02","slug":"brit-care-cat-soup-salmon-soupe-au-saumon-pour-chat-75g","status":"publish","type":"product","link":"https:\/\/petworld.ma\/index.php\/produit\/brit-care-cat-soup-salmon-soupe-au-saumon-pour-chat-75g\/","title":{"rendered":"Brit Care Cat Soup Salmon (soupe au saumon pour chat) 75g"},"content":{"rendered":"<p>Nourriture humide compl\u00e9mentaire sans c\u00e9r\u00e9ales pour chats adultes. Convient aux chats st\u00e9rilis\u00e9s.<\/p>\n<p>Id\u00e9al pour augmenter la consommation d&rsquo;eau, peut \u00eatre utilis\u00e9 comme garniture de croquettes pour augmenter l&rsquo;app\u00e9tit. Servir les aliments \u00e0 temp\u00e9rature ambiante comme aliment compl\u00e9mentaire pour compl\u00e9ter un aliment. L&rsquo;apport quotidien recommand\u00e9 peut varier en fonction de l&rsquo;\u00e2ge de votre chat, de son niveau d&rsquo;activit\u00e9 et de son environnement. En g\u00e9n\u00e9ral, 2 portions par jour pour un chat adulte constituent une quantit\u00e9 appropri\u00e9e. De l&rsquo;eau potable fra\u00eeche doit \u00eatre toujours disponible. Conserver dans un endroit sec et frais \u00e0 l&rsquo;abri de la lumi\u00e8re directe du soleil, une fois ouvert conserver au r\u00e9frig\u00e9rateur et utiliser dans les 3 jours.<\/p>\n<p class=\"composition\"><strong>Composition:<\/strong><\/p>\n<p>eau potable, 16 % poulet, 4 % saumon, 0,5 % foie hydrolys\u00e9, 0,5 % lignocellulose, herbe \u00e0 chat s\u00e9ch\u00e9e (100 mg\/kg), fructo-oligosaccharides (100 mg\/kg), bact\u00e9ries inactiv\u00e9es et leurs parties (Lactobacillus helveticus HA \u2013 122, 1,5&#215;108 cellules\/kg).<\/p>\n<p><strong>Ingr\u00e9dients analytiques\u00a0:<\/strong><\/p>\n<p>prot\u00e9ines brutes 2,0 %, mati\u00e8res grasses brutes 1,0 %, fibres brutes 0,2 %, cendres brutes 0,5 %, humidit\u00e9 95,0 %, calcium 0,01 %, phosphore 0,02 %, sodium 0,05 %.<\/p>\n<p><strong>Composition nutritionnelle :<\/strong><\/p>\n<p>L-m\u00e9thionine (3c305) 500 mg, taurine (3a370) 500 mg.<\/p>\n<p><strong>\u00c9nergie m\u00e9tabolisable\u00a0:<\/strong><\/p>\n<p>225 kcal\/kg.<\/p>\n","protected":false},"excerpt":{"rendered":"<div class=\"hidden-xs\">\n<div class=\"hidden-xs\">\n<p>Aliment humide compl\u00e9mentaire sans c\u00e9r\u00e9ales pour chats adultes. Convient aux chats st\u00e9rilis\u00e9s.<\/p>\n<\/div>\n<div class=\"benefits\"><\/div>\n<div class=\"catalog-wrap\"><\/div>\n<\/div>\n","protected":false},"featured_media":19836,"template":"","meta":{"jetpack_publicize_message":"","jetpack_publicize_feature_enabled":true,"jetpack_social_post_already_shared":true,"jetpack_social_options":{"image_generator_settings":{"template":"highway","default_image_id":0,"font":"","enabled":false},"version":2}},"product_brand":[],"product_cat":[41],"product_tag":[],"class_list":{"0":"post-19835","1":"product","2":"type-product","3":"status-publish","4":"has-post-thumbnail","6":"product_cat-friandises-et-pate-pour-chat","8":"first","9":"outofstock","10":"taxable","11":"shipping-taxable","12":"purchasable","13":"product-type-simple"},"supplier_id":5590,"supplier_sku":"569212","barcode":"8595602569212","atum_controlled":true,"out_stock_date":"2026-04-18 16:41:02","out_stock_threshold":null,"inheritable":false,"inbound_stock":0,"stock_on_hold":0,"sold_today":0,"sales_last_days":0,"reserved_stock":0,"customer_returns":0,"warehouse_damage":0,"lost_in_post":0,"other_logs":0,"out_stock_days":18,"lost_sales":5677,"has_location":false,"update_date":"2026-05-07T00:20:02","atum_locations":[],"atum_stock_status":"outofstock","restock_status":false,"low_stock_amount":20,"sales_update_date":"2026-05-07T00:20:02","calc_backorders":null,"jetpack_publicize_connections":[],"jetpack_sharing_enabled":true,"batches":[{"id":"2613","date_created":"2025-03-30 16:05:54","date_expiry":"2027-01-13 00:00:00","user_id":"2760","batch_number":"SoupSaumon130127","location":"","quantity":"75.0000","quantity_available":"0.0000","units":"1","status":"archived","order_ids":"[20023,20116,20206,20430,20455,20519,20660,20671,20728,20812,20892,20997,21069,21123,21142,21188,21195]","supplier":"Brit","po":{"id":"2581","date_created":"2025-03-30 16:05:58","batch_id":"2613","po_number":"","supplier":"Brit","cost":null,"regular_price":null,"sale_price":null,"price_margin":null,"price_discount":null}},{"id":"2668","date_created":"2025-04-04 21:49:41","date_expiry":"2027-01-13 00:00:00","user_id":"2760","batch_number":"SoupSaumon130127","location":"","quantity":"15.0000","quantity_available":"0.0000","units":"1","status":"archived","order_ids":"[20236,20258,20260,20365,20430]","supplier":"Brit","po":{"id":"2636","date_created":"2025-04-04 21:49:42","batch_id":"2668","po_number":"","supplier":"Brit","cost":null,"regular_price":null,"sale_price":null,"price_margin":null,"price_discount":null}},{"id":"3241","date_created":"2025-04-30 22:41:50","date_expiry":"2027-01-13 00:00:00","user_id":"2760","batch_number":"SoupSaumon130127","location":"","quantity":"150.0000","quantity_available":"0.0000","units":"1","status":"archived","order_ids":"[21311,21332,21338,21340,21352,21485,21494,21851,21939,22080,22171,22246,22448,22471,22493,22517,22557,22595,22717,23041,23238,23475,23489,23491,23712,23771,23800,23869,23915,23923,24201,24448,24932,25057,25247,25537,25587,25866,26051,26270,26661,26757,26869,26970,27416,27700,27814,27911,28108,28132,28270,28394,28482,28544,28545,28584,28663,28728,29152,29269,29900]","supplier":"Brit","po":{"id":"3209","date_created":"2025-04-30 22:41:50","batch_id":"3241","po_number":"","supplier":"Brit","cost":null,"regular_price":null,"sale_price":null,"price_margin":null,"price_discount":null}},{"id":"4718","date_created":"2025-08-08 08:58:15","date_expiry":"2027-06-11 00:00:00","user_id":"2760","batch_number":"SoupSaumon110627","location":"","quantity":"284.0000","quantity_available":"0.0000","units":"1","status":"archived","order_ids":"[32627,32972,33107,33434,33465,33616,33789,33947,34278,34652,34660,34764,34782,34792,34821,34935,34959,34989,35299,36192,36196,36227,36395,36499,36832,36833,36836,36853,37016,37056,37404,37720,37897,37899,38034,38316,38337,38685,39132,39148,39450,39722,39761,40116]","supplier":"Brit","po":{"id":"4682","date_created":"2025-08-08 08:58:17","batch_id":"4718","po_number":"","supplier":"Brit","cost":null,"regular_price":null,"sale_price":null,"price_margin":null,"price_discount":null}},{"id":"5846","date_created":"2025-10-22 13:28:34","date_expiry":"2027-06-13 00:00:00","user_id":"2760","batch_number":"SoupSaumon130627","location":"","quantity":"90.0000","quantity_available":"0.0000","units":"1","status":"archived","order_ids":"[29900,30262,30296,30512,30818,31129,31218,31238,31355,31656,31840,32016,32045,32059,40116]","supplier":"Brit","po":{"id":"5793","date_created":"2025-10-22 13:28:34","batch_id":"5846","po_number":"","supplier":"Brit","cost":null,"regular_price":null,"sale_price":null,"price_margin":null,"price_discount":null}}],"_links":{"self":[{"href":"https:\/\/petworld.ma\/index.php\/wp-json\/wp\/v2\/product\/19835","targetHints":{"allow":["GET"]}}],"collection":[{"href":"https:\/\/petworld.ma\/index.php\/wp-json\/wp\/v2\/product"}],"about":[{"href":"https:\/\/petworld.ma\/index.php\/wp-json\/wp\/v2\/types\/product"}],"wp:featuredmedia":[{"embeddable":true,"href":"https:\/\/petworld.ma\/index.php\/wp-json\/wp\/v2\/media\/19836"}],"wp:attachment":[{"href":"https:\/\/petworld.ma\/index.php\/wp-json\/wp\/v2\/media?parent=19835"}],"wp:term":[{"taxonomy":"product_brand","embeddable":true,"href":"https:\/\/petworld.ma\/index.php\/wp-json\/wp\/v2\/product_brand?post=19835"},{"taxonomy":"product_cat","embeddable":true,"href":"https:\/\/petworld.ma\/index.php\/wp-json\/wp\/v2\/product_cat?post=19835"},{"taxonomy":"product_tag","embeddable":true,"href":"https:\/\/petworld.ma\/index.php\/wp-json\/wp\/v2\/product_tag?post=19835"}],"curies":[{"name":"wp","href":"https:\/\/api.w.org\/{rel}","templated":true}]}}