{"id":19837,"date":"2025-03-30T16:07:01","date_gmt":"2025-03-30T16:07:01","guid":{"rendered":"https:\/\/petworld.ma\/?post_type=product&#038;p=19837"},"modified":"2026-04-18T16:41:00","modified_gmt":"2026-04-18T16:41:00","slug":"brit-care-cat-soup-chicken-soupe-au-poulet-pour-chat-75g","status":"publish","type":"product","link":"https:\/\/petworld.ma\/index.php\/produit\/brit-care-cat-soup-chicken-soupe-au-poulet-pour-chat-75g\/","title":{"rendered":"Brit Care Cat Soup Chicken (soupe au poulet pour chat) 75g"},"content":{"rendered":"<p>Nourriture humide compl\u00e9mentaire sans c\u00e9r\u00e9ales pour chats adultes. Convient aux chats st\u00e9rilis\u00e9s.<\/p>\n<p>Id\u00e9al pour augmenter la consommation d&rsquo;eau, peut \u00eatre utilis\u00e9 comme garniture de croquettes pour augmenter l&rsquo;app\u00e9tit. Servir les aliments \u00e0 temp\u00e9rature ambiante comme aliment compl\u00e9mentaire pour compl\u00e9ter un aliment. L&rsquo;apport quotidien recommand\u00e9 peut varier en fonction de l&rsquo;\u00e2ge de votre chat, de son niveau d&rsquo;activit\u00e9 et de son environnement. En g\u00e9n\u00e9ral, 2 portions par jour pour un chat adulte constituent une quantit\u00e9 appropri\u00e9e. De l&rsquo;eau potable fra\u00eeche doit \u00eatre toujours disponible. Conserver dans un endroit sec et frais \u00e0 l&rsquo;abri de la lumi\u00e8re directe du soleil, une fois ouvert conserver au r\u00e9frig\u00e9rateur et utiliser dans les 3 jours.<\/p>\n<div class=\"box-detail product-wrap\" data-eec-key=\"event\" data-eec-value=\"eec.detail\" data-eec-active=\"\">\n<div data-eec-key=\"ecommerce.detail.actionField.list\" data-eec-value=\"Product detail\" data-eec-active=\"\">\n<div class=\"row\" data-eec-key=\"ecommerce.detail.products[&quot;1086920&quot;]\" data-eec-value=\"{&quot;id&quot;:&quot;1086920&quot;,&quot;name&quot;:&quot;Brit Care Soup with Chicken for Cats&quot;,&quot;category&quot;:&quot;Cats\\\/Snacks&quot;,&quot;brand&quot;:&quot;Brit Care&quot;}\" data-eec-type=\"json\" data-eec-active=\"\">\n<div class=\"col-sm-8\">\n<p class=\"composition\"><strong>Composition:<\/strong><\/p>\n<p>eau potable, 20 % poulet, 0,5 % foie hydrolys\u00e9, 0,5 % lignocellulose, herbe \u00e0 chat s\u00e9ch\u00e9e (100 mg\/kg), fructo-oligosaccharides (100 mg\/kg), bact\u00e9ries inactiv\u00e9es et leurs parties (Lactobacillus helveticus HA \u2013 122, 1,5&#215;108 cellules\/kg).<\/p>\n<p><strong>Ingr\u00e9dients analytiques :<\/strong><\/p>\n<p>prot\u00e9ines brutes 2,0 %, mati\u00e8res grasses brutes 1,0 %, fibres brutes 0,2 %, cendres brutes 0,5 %, humidit\u00e9 95,0 %, calcium 0,01 %, phosphore 0,02 %, sodium 0,05 %.<\/p>\n<p><strong>Composition nutritionnelle :<\/strong><\/p>\n<p>L-m\u00e9thionine (3c305) 500 mg, taurine (3a370) 500 mg.<\/p>\n<p><strong>\u00c9nergie m\u00e9tabolisable :<\/strong><\/p>\n<p>225 kcal\/kg.<\/p>\n<p><strong>Table d&rsquo;alimentation :<\/strong><\/p>\n<div class=\"overflow-auto\">\n<p>Id\u00e9al pour augmenter la consommation d&rsquo;eau, il peut \u00e9galement \u00eatre utilis\u00e9 comme accompagnement de croquettes pour stimuler l&rsquo;app\u00e9tit. Servir \u00e0 temp\u00e9rature ambiante en compl\u00e9ment d&rsquo;un aliment complet. La ration journali\u00e8re recommand\u00e9e peut varier en fonction de l&rsquo;\u00e2ge, du niveau d&rsquo;activit\u00e9 et de l&rsquo;environnement de votre chat. En g\u00e9n\u00e9ral, deux portions par jour pour un chat adulte sont appropri\u00e9es. De l&rsquo;eau potable fra\u00eeche doit toujours \u00eatre disponible. Conserver dans un endroit sec et frais, \u00e0 l&rsquo;abri de la lumi\u00e8re directe du soleil. Une fois ouvert, conserver au r\u00e9frig\u00e9rateur et consommer dans les 3 jours.<\/p>\n<\/div>\n<\/div>\n<\/div>\n<\/div>\n<\/div>\n","protected":false},"excerpt":{"rendered":"<div class=\"hidden-xs\">\n<div class=\"hidden-xs\">\n<p>Aliment humide compl\u00e9mentaire sans c\u00e9r\u00e9ales pour chats adultes. Convient aux chats st\u00e9rilis\u00e9s.<\/p>\n<\/div>\n<div class=\"benefits\"><\/div>\n<div class=\"catalog-wrap\"><\/div>\n<\/div>\n","protected":false},"featured_media":19838,"template":"","meta":{"jetpack_publicize_message":"","jetpack_publicize_feature_enabled":true,"jetpack_social_post_already_shared":true,"jetpack_social_options":{"image_generator_settings":{"template":"highway","default_image_id":0,"font":"","enabled":false},"version":2}},"product_brand":[],"product_cat":[41],"product_tag":[],"class_list":{"0":"post-19837","1":"product","2":"type-product","3":"status-publish","4":"has-post-thumbnail","6":"product_cat-friandises-et-pate-pour-chat","8":"first","9":"outofstock","10":"taxable","11":"shipping-taxable","12":"purchasable","13":"product-type-simple"},"supplier_id":5590,"supplier_sku":"569175","barcode":"8595602569175","atum_controlled":true,"out_stock_date":"2026-04-18 16:41:00","out_stock_threshold":null,"inheritable":false,"inbound_stock":0,"stock_on_hold":0,"sold_today":0,"sales_last_days":187,"reserved_stock":0,"customer_returns":0,"warehouse_damage":0,"lost_in_post":0,"other_logs":0,"out_stock_days":8,"lost_sales":2564,"has_location":false,"update_date":"2026-04-27T00:12:24","atum_locations":[],"atum_stock_status":"outofstock","restock_status":false,"low_stock_amount":20,"sales_update_date":"2026-04-27T00:12:24","calc_backorders":null,"jetpack_publicize_connections":[],"jetpack_sharing_enabled":true,"batches":[{"id":"2614","date_created":"2025-03-30 16:11:16","date_expiry":"2027-01-09 00:00:00","user_id":"2760","batch_number":"SoupPoulet090127","location":"","quantity":"75.0000","quantity_available":"0.0000","units":"1","status":"archived","order_ids":"[20023,20116,20176,20206,20519,20547,20660,20728,20767,20852,20892,20931,21123,21142,21188,21195,21208,21239,21258,21311,21338]","supplier":"Brit","po":{"id":"2582","date_created":"2025-03-30 16:11:19","batch_id":"2614","po_number":"","supplier":"Brit","cost":null,"regular_price":null,"sale_price":null,"price_margin":null,"price_discount":null}},{"id":"2666","date_created":"2025-04-04 21:47:39","date_expiry":"2027-01-09 00:00:00","user_id":"2760","batch_number":"SoupPoulet090127","location":"","quantity":"15.0000","quantity_available":"0.0000","units":"1","status":"archived","order_ids":"[20236,20243,20254,20258,20365,20411,20430,20455,20477,20519]","supplier":"Brit","po":{"id":"2634","date_created":"2025-04-04 21:47:40","batch_id":"2666","po_number":"","supplier":"Brit","cost":null,"regular_price":null,"sale_price":null,"price_margin":null,"price_discount":null}},{"id":"3240","date_created":"2025-04-30 22:39:43","date_expiry":"2027-01-09 00:00:00","user_id":"2760","batch_number":"SoupPoulet090127","location":"","quantity":"150.0000","quantity_available":"0.0000","units":"1","status":"archived","order_ids":"[21385,21444,21832,21881,22059,22080,22246,22448,22513,22517,22717,22792,23238,23475,23534,23576,23657,23673,23756,23757,23771,23869,23923,24440,24932,25057,25102,25211,25234,25537,26214,26757,26869,27416,27700,27814,27911,28255,28270,28482,28544,28545,28562,28584,28728,28877,29003,29269,29358,29403,29900,30262,30296,30512,30527,30818,30840,31009,31032,31129,31218,31238,31286,33509,33616,33315,33789,33947,34048,34149,34278,34652,34764,34821,34940,34959,34989]","supplier":"Brit","po":{"id":"3208","date_created":"2025-04-30 22:39:43","batch_id":"3240","po_number":"","supplier":"Brit","cost":null,"regular_price":null,"sale_price":null,"price_margin":null,"price_discount":null}},{"id":"3821","date_created":"2025-06-04 20:57:22","date_expiry":"2027-02-12 00:00:00","user_id":"2760","batch_number":"SoupPoulet120227","location":"","quantity":"90.0000","quantity_available":"0.0000","units":"1","status":"archived","order_ids":"[31840,32016,32059,32190]","supplier":"Brit","po":{"id":"3786","date_created":"2025-06-04 20:57:22","batch_id":"3821","po_number":"","supplier":"Brit","cost":null,"regular_price":null,"sale_price":null,"price_margin":null,"price_discount":null}},{"id":"4717","date_created":"2025-08-08 08:57:04","date_expiry":"2027-02-12 00:00:00","user_id":"2760","batch_number":"SoupPoulet120227","location":"","quantity":"195.0000","quantity_available":"0.0000","units":"1","status":"archived","order_ids":"[34989,35691,35841,35892,35995,36192,36196,36395,36499,36556,36561,36833,36836,36853,37016,37056,37201,37404,37678,37895,37897,37899,38316,38685,39132,39450,39701,39722,40116]","supplier":"Brit","po":{"id":"4681","date_created":"2025-08-08 08:57:06","batch_id":"4717","po_number":"","supplier":"Brit","cost":null,"regular_price":null,"sale_price":null,"price_margin":null,"price_discount":null}},{"id":"5845","date_created":"2025-10-22 13:23:16","date_expiry":"2027-06-12 00:00:00","user_id":"2760","batch_number":"SoupPoulet120627","location":"","quantity":"64.0000","quantity_available":"0.0000","units":"1","status":"archived","order_ids":"[40116]","supplier":"Brit","po":{"id":"5792","date_created":"2025-10-22 13:23:17","batch_id":"5845","po_number":"","supplier":"Brit","cost":null,"regular_price":null,"sale_price":null,"price_margin":null,"price_discount":null}},{"id":"7447","date_created":"2026-02-02 15:26:25","date_expiry":"2027-12-30 00:00:00","user_id":"2760","batch_number":"SoupPoulet301227","location":"","quantity":"30.0000","quantity_available":"0.0000","units":"1","status":"archived","order_ids":"[40116]","supplier":"Brit","po":{"id":"7382","date_created":"2026-02-02 15:26:25","batch_id":"7447","po_number":"","supplier":"Brit","cost":null,"regular_price":null,"sale_price":null,"price_margin":null,"price_discount":null}}],"_links":{"self":[{"href":"https:\/\/petworld.ma\/index.php\/wp-json\/wp\/v2\/product\/19837","targetHints":{"allow":["GET"]}}],"collection":[{"href":"https:\/\/petworld.ma\/index.php\/wp-json\/wp\/v2\/product"}],"about":[{"href":"https:\/\/petworld.ma\/index.php\/wp-json\/wp\/v2\/types\/product"}],"wp:featuredmedia":[{"embeddable":true,"href":"https:\/\/petworld.ma\/index.php\/wp-json\/wp\/v2\/media\/19838"}],"wp:attachment":[{"href":"https:\/\/petworld.ma\/index.php\/wp-json\/wp\/v2\/media?parent=19837"}],"wp:term":[{"taxonomy":"product_brand","embeddable":true,"href":"https:\/\/petworld.ma\/index.php\/wp-json\/wp\/v2\/product_brand?post=19837"},{"taxonomy":"product_cat","embeddable":true,"href":"https:\/\/petworld.ma\/index.php\/wp-json\/wp\/v2\/product_cat?post=19837"},{"taxonomy":"product_tag","embeddable":true,"href":"https:\/\/petworld.ma\/index.php\/wp-json\/wp\/v2\/product_tag?post=19837"}],"curies":[{"name":"wp","href":"https:\/\/api.w.org\/{rel}","templated":true}]}}