{"id":19881,"date":"2025-03-31T22:57:54","date_gmt":"2025-03-31T22:57:54","guid":{"rendered":"https:\/\/petworld.ma\/?post_type=product&#038;p=19881"},"modified":"2026-04-22T21:44:46","modified_gmt":"2026-04-22T21:44:46","slug":"brit-care-cat-grain-free-senior-and-weight-control-2kg-chat-senior-et-controle-de-poids-sans-cereales","status":"publish","type":"product","link":"https:\/\/petworld.ma\/index.php\/produit\/brit-care-cat-grain-free-senior-and-weight-control-2kg-chat-senior-et-controle-de-poids-sans-cereales\/","title":{"rendered":"Brit care Cat Grain-Free Senior And Weight Control 2kg (chat senior et contr\u00f4le de poids sans c\u00e9r\u00e9ales)"},"content":{"rendered":"<div class=\"hidden-xs\">\n<div class=\"hidden-xs\">\n<div class=\"hidden-xs\">\n<div class=\"hidden-xs\">\n<div class=\"hidden-xs\"><strong>Aliment complet pour chats seniors (plus de 7 ans). Convient \u00e9galement aux chats seniors st\u00e9rilis\u00e9s.<\/strong><\/div>\n<p>Une formule hypoallerg\u00e9nique sans c\u00e9r\u00e9ales contenant des prot\u00e9ines issues de viande de haute qualit\u00e9, qui apporte vitamines et min\u00e9raux essentiels, ainsi que l&rsquo;\u00e9nergie n\u00e9cessaire \u00e0 un mode de vie actif. Associ\u00e9e \u00e0 la taurine, elle favorise une bonne vision et une bonne sant\u00e9 cardiaque. Un \u00e9quilibre optimal en vitamines et oligo-\u00e9l\u00e9ments organiques assure une vitalit\u00e9 quotidienne.<\/p>\n<ul>\n<li>FAIBLE EN MATI\u00c8RES GRASSES, RICHE EN FIBRES pour favoriser une digestion saine et pr\u00e9venir la prise de poids.<\/li>\n<li>Les PROBIOTIQUES et les PR\u00c9BIOTIQUES aident \u00e0 maintenir la sant\u00e9 du tractus gastro-intestinal et du syst\u00e8me immunitaire.<\/li>\n<li>L&rsquo;argousier et la capucine favorisent la sant\u00e9 des reins et des voies urinaires. Leur faible teneur en magn\u00e9sium et en L-m\u00e9thionine contribue \u00e0 maintenir un pH urinaire optimal entre 6,0 et 6,5.<\/li>\n<li>La capucine est un antibiotique naturel. Elle aide \u00e0 pr\u00e9venir la formation de calculs r\u00e9naux chez les chats st\u00e9rilis\u00e9s et \u00e2g\u00e9s et poss\u00e8de de puissantes propri\u00e9t\u00e9s antibact\u00e9riennes et antiseptiques.<\/li>\n<li>Sans c\u00e9r\u00e9ales \u2013 SANS colorants \u2013 SANS conservateurs \u2013 SANS OGM \u2013 SANS soja.<\/li>\n<\/ul>\n<p class=\"composition\"><strong>Composition :<\/strong>\u00a0poulet d\u00e9shydrat\u00e9 (27 %), viande de poulet fra\u00eeche (26 %), pois jaunes (22 %), pommes s\u00e9ch\u00e9es (9 %), graisse de volaille (conserv\u00e9e avec des tocoph\u00e9rols, 4 %), levure de bi\u00e8re (3 %), enveloppes et graines de psyllium (2 %), huile de saumon (2 %), foie de poulet hydrolys\u00e9 (2 %), graines de lin (1 %), capucine s\u00e9ch\u00e9e (0,5 %), camomille s\u00e9ch\u00e9e (0,5 %), min\u00e9raux, argousier s\u00e9ch\u00e9 (0,3 %), canneberges s\u00e9ch\u00e9es (0,2 %), fructo-oligosaccharides (0,015 %), mannan-oligosaccharides (0,015 %), yucca de Mojave (0,008 %), Lactobacillus acidophilus HA \u2013 122 inactiv\u00e9 (15&#215;109 cellules\/kg).<\/p>\n<p><strong>Ingr\u00e9dients analytiques :<\/strong>\u00a0prot\u00e9ines brutes 34,0 %, mati\u00e8res grasses brutes 15,0 %, fibres brutes 4,0 %, cendres brutes 9,5 %, humidit\u00e9 10,0 %, om\u00e9ga-3 0,4 %, om\u00e9ga-6 1,2 %, calcium 1,0 %, phosphore 0,8 %, sodium 0,8 %, magn\u00e9sium 0,05 %.<\/p>\n<p><strong>Composition nutritionnelle :<\/strong>\u00a0vitamine A (3a672a) 20\u00a0000 UI, vitamine D3 (E671) 800 UI, vitamine E (3a700) 600 mg, vitamine C (3a312) 300 mg, taurine (3a370) 2\u00a0500 mg, L-carnitine (3a910) 50 mg, chlorure de choline (3a890) 2\u00a0500 mg, biotine (3a880) 2 mg, vitamine B1 (3a821) 10 mg, vitamine B2 12 mg, niacinamide (3a315) 50 mg, calcium-D-pantoth\u00e9nate (3a841) 40 mg, vitamine B6 (3a831) 10 mg, acide folique (3a316) 2 mg, vitamine B12 0,04 mg, zinc (3b606) 120 mg, fer (3b106) 45 mg, mangan\u00e8se (3b504) 55 mg, iodure de potassium (3b201) 4 mg, cuivre (3b406) 10 mg, s\u00e9l\u00e9nium (3b8.10) 0,2 mg, L-m\u00e9thionine (3c305) 2 000 mg. Contient des antioxydants naturels approuv\u00e9s par l&rsquo;UE : extraits de tocoph\u00e9rol d&rsquo;huile v\u00e9g\u00e9tale (1b306), palmitate d&rsquo;ascorbyle (1b304) et extrait de romarin.<\/p>\n<p><strong>\u00c9nergie m\u00e9tabolisable :<\/strong>\u00a03 650 kcal\/kg<\/p>\n<\/div>\n<\/div>\n<\/div>\n<\/div>\n","protected":false},"excerpt":{"rendered":"<div class=\"hidden-xs\">\n<div class=\"hidden-xs\"><strong>Aliment complet pour chats seniors (plus de 7 ans). Convient \u00e9galement aux chats seniors st\u00e9rilis\u00e9s.<\/strong><\/div>\n<\/div>\n","protected":false},"featured_media":19882,"template":"","meta":{"jetpack_publicize_message":"","jetpack_publicize_feature_enabled":true,"jetpack_social_post_already_shared":true,"jetpack_social_options":{"image_generator_settings":{"template":"highway","default_image_id":0,"font":"","enabled":false},"version":2}},"product_brand":[],"product_cat":[40],"product_tag":[],"class_list":{"0":"post-19881","1":"product","2":"type-product","3":"status-publish","4":"has-post-thumbnail","6":"product_cat-coquettes-pour-chat","8":"first","9":"outofstock","10":"taxable","11":"shipping-taxable","12":"purchasable","13":"product-type-simple"},"supplier_id":5590,"supplier_sku":"540945","barcode":null,"atum_controlled":true,"out_stock_date":"2026-04-22 21:44:47","out_stock_threshold":null,"inheritable":false,"inbound_stock":0,"stock_on_hold":0,"sold_today":0,"sales_last_days":2,"reserved_stock":0,"customer_returns":0,"warehouse_damage":0,"lost_in_post":0,"other_logs":0,"out_stock_days":1,"lost_sales":48,"has_location":false,"update_date":"2026-04-24T10:49:41","atum_locations":[],"atum_stock_status":"outofstock","restock_status":false,"low_stock_amount":3,"sales_update_date":"2026-04-24T10:49:40","calc_backorders":null,"jetpack_publicize_connections":[],"jetpack_sharing_enabled":true,"batches":[{"id":"2645","date_created":"2025-03-31 23:03:07","date_expiry":"2026-07-29 00:00:00","user_id":"2461","batch_number":"BritCatSenior290726","location":"","quantity":"6.0000","quantity_available":"0.0000","units":"1","status":"archived","order_ids":"[20857,21407,22910,24894,26776,28224]","supplier":"Brit","po":{"id":"2613","date_created":"2025-03-31 23:03:10","batch_id":"2645","po_number":"","supplier":"Brit","cost":null,"regular_price":null,"sale_price":null,"price_margin":null,"price_discount":null}},{"id":"3802","date_created":"2025-06-04 20:30:01","date_expiry":"2026-07-29 00:00:00","user_id":"2461","batch_number":"BritCatSenior290726","location":"","quantity":"6.0000","quantity_available":"0.0000","units":"1","status":"archived","order_ids":"[33857,36669,37978,39134,40571]","supplier":"Brit","po":{"id":"3767","date_created":"2025-06-04 20:30:01","batch_id":"3802","po_number":"","supplier":"Brit","cost":null,"regular_price":null,"sale_price":null,"price_margin":null,"price_discount":null}}],"_links":{"self":[{"href":"https:\/\/petworld.ma\/index.php\/wp-json\/wp\/v2\/product\/19881","targetHints":{"allow":["GET"]}}],"collection":[{"href":"https:\/\/petworld.ma\/index.php\/wp-json\/wp\/v2\/product"}],"about":[{"href":"https:\/\/petworld.ma\/index.php\/wp-json\/wp\/v2\/types\/product"}],"wp:featuredmedia":[{"embeddable":true,"href":"https:\/\/petworld.ma\/index.php\/wp-json\/wp\/v2\/media\/19882"}],"wp:attachment":[{"href":"https:\/\/petworld.ma\/index.php\/wp-json\/wp\/v2\/media?parent=19881"}],"wp:term":[{"taxonomy":"product_brand","embeddable":true,"href":"https:\/\/petworld.ma\/index.php\/wp-json\/wp\/v2\/product_brand?post=19881"},{"taxonomy":"product_cat","embeddable":true,"href":"https:\/\/petworld.ma\/index.php\/wp-json\/wp\/v2\/product_cat?post=19881"},{"taxonomy":"product_tag","embeddable":true,"href":"https:\/\/petworld.ma\/index.php\/wp-json\/wp\/v2\/product_tag?post=19881"}],"curies":[{"name":"wp","href":"https:\/\/api.w.org\/{rel}","templated":true}]}}