{"id":19883,"date":"2025-03-31T23:10:18","date_gmt":"2025-03-31T23:10:18","guid":{"rendered":"https:\/\/petworld.ma\/?post_type=product&#038;p=19883"},"modified":"2026-05-10T11:24:32","modified_gmt":"2026-05-10T11:24:32","slug":"brit-premium-by-nature-chat-adulte-saumon-1-5kg","status":"publish","type":"product","link":"https:\/\/petworld.ma\/index.php\/produit\/brit-premium-by-nature-chat-adulte-saumon-1-5kg\/","title":{"rendered":"Brit Premium by Nature Chat adulte Saumon 1.5kg"},"content":{"rendered":"<div class=\"hidden-xs\">\n<div class=\"hidden-xs\">\n<p>Aliment complet premium pour chats. Formule au saumon pour chats adultes.<\/p>\n<\/div>\n<p>Une nourriture pour chats haut de gamme savoureuse et app\u00e9tissante, pr\u00e9par\u00e9e avec des ingr\u00e9dients naturels pour une nutrition f\u00e9line quotidienne saine.<\/p>\n<ul>\n<li>Avec sauce au foie de poulet<\/li>\n<li>Avec de la pulpe de pomme \u2013 une source naturelle de fibres<\/li>\n<li>Avec du romarin, des clous de girofle, du curcuma et des agrumes \u2013 des antioxydants naturels<\/li>\n<li>Avec des pr\u00e9biotiques<\/li>\n<li>SANS bl\u00e9 SANS soja SANS ma\u00efs<\/li>\n<\/ul>\n<p class=\"composition\"><strong>Composition:<\/strong><\/p>\n<p>saumon d\u00e9shydrat\u00e9 35%, riz, pois gras de poulet, pulpe de pomme s\u00e9ch\u00e9e, poulet d\u00e9shydrat\u00e9 4%, huile de saumon 3%, foie de poulet hydrolys\u00e9 2%, levure de bi\u00e8re, \u00e9pinards s\u00e9ch\u00e9s 0,5%, mannan-oligosaccharides (150 mg\/kg), fructo-oligosaccharides (120 mg\/kg), yucca Mojave (80 mg\/kg), romarin s\u00e9ch\u00e9 (11 mg\/kg), clous de girofle s\u00e9ch\u00e9s (11 mg\/kg), agrumes s\u00e9ch\u00e9s (11 mg\/kg), curcuma s\u00e9ch\u00e9 (11 mg\/kg).<\/p>\n<p><strong>Ingr\u00e9dients analytiques :<\/strong><\/p>\n<p>prot\u00e9ines brutes 35,0 %, mati\u00e8res grasses brutes 16,0 %, fibres brutes 1,9 %, cendres brutes 8,1 %, humidit\u00e9 10,0 %, calcium 1,2 %, phosphore 1,0 %, sodium 0,9 %, magn\u00e9sium 0,06 %.<\/p>\n<p><strong>Composition nutritionnelle :<\/strong><\/p>\n<p>vitamine A (3a672a) 20 000 UI, vitamine D\u00a03\u00a0(3a671) 850 UI, vitamine E (3a700) 600 mg, vitamine C (3a312) 250 mg, taurine (3a370) 2 150 mg, biotine (3a880) 1,7 mg, zinc (3b606) 140 mg, mangan\u00e8se (3b504) 50 mg, fer (3b106) 50 mg, cuivre (3b406) 10 mg, iode (3b201) 3,5 mg, s\u00e9l\u00e9nium (3b810) 0,16 mg, L-m\u00e9thionine (3c305) 4 000 mg. Om\u00e9ga-3 : 0,2 %, Om\u00e9ga-6 : 2,25 %.<\/p>\n<p><strong>\u00c9nergie m\u00e9tabolisable :<\/strong><\/p>\n<p>3840 kcal\/kg<\/p>\n<\/div>\n","protected":false},"excerpt":{"rendered":"<div class=\"hidden-xs\">\n<p>Aliment complet premium pour chats. Formule au saumon pour chats adultes.<\/p>\n<\/div>\n","protected":false},"featured_media":19886,"template":"","meta":{"jetpack_publicize_message":"","jetpack_publicize_feature_enabled":true,"jetpack_social_post_already_shared":true,"jetpack_social_options":{"image_generator_settings":{"template":"highway","default_image_id":0,"font":"","enabled":false},"version":2}},"product_brand":[],"product_cat":[40],"product_tag":[],"class_list":{"0":"post-19883","1":"product","2":"type-product","3":"status-publish","4":"has-post-thumbnail","6":"product_cat-coquettes-pour-chat","8":"first","9":"instock","10":"sale","11":"taxable","12":"shipping-taxable","13":"purchasable","14":"product-type-simple"},"supplier_id":5590,"supplier_sku":"553136","barcode":null,"atum_controlled":true,"out_stock_date":null,"out_stock_threshold":null,"inheritable":false,"inbound_stock":0,"stock_on_hold":0,"sold_today":0,"sales_last_days":0,"reserved_stock":0,"customer_returns":0,"warehouse_damage":0,"lost_in_post":0,"other_logs":0,"out_stock_days":0,"lost_sales":0,"has_location":false,"update_date":"2026-05-14T00:02:30","atum_locations":[],"atum_stock_status":"instock","restock_status":false,"low_stock_amount":4,"sales_update_date":"2026-05-14T00:02:30","calc_backorders":null,"jetpack_publicize_connections":[],"jetpack_sharing_enabled":true,"batches":[{"id":"2646","date_created":"2025-03-31 23:16:01","date_expiry":"2026-09-07 00:00:00","user_id":"9","batch_number":"BritCatPremiumByNatSaum070926","location":"","quantity":"8.0000","quantity_available":"0.0000","units":"1","status":"archived","order_ids":"[20383,23018,23265,23423,27014,28096,28800,29640]","supplier":"Brit","po":{"id":"2614","date_created":"2025-03-31 23:16:04","batch_id":"2646","po_number":"","supplier":"Brit","cost":null,"regular_price":null,"sale_price":null,"price_margin":null,"price_discount":null}},{"id":"3808","date_created":"2025-06-04 20:39:01","date_expiry":"2026-09-07 00:00:00","user_id":"9","batch_number":"BritCatPremiumByNatSaum070926","location":"","quantity":"8.0000","quantity_available":"3.0000","units":"1","status":"active","order_ids":"[30662,33156,35156,37428,41042]","supplier":"Brit","po":{"id":"3773","date_created":"2025-06-04 20:39:01","batch_id":"3808","po_number":"","supplier":"Brit","cost":null,"regular_price":null,"sale_price":null,"price_margin":null,"price_discount":null}},{"id":"4703","date_created":"2025-08-07 22:27:24","date_expiry":"2026-09-07 00:00:00","user_id":"9","batch_number":"BritCatPremiumByNatSaum070926","location":"","quantity":"8.0000","quantity_available":"8.0000","units":"1","status":"active","order_ids":null,"supplier":"BRIT","po":{"id":"4667","date_created":"2025-08-07 22:27:25","batch_id":"4703","po_number":"","supplier":"BRIT","cost":null,"regular_price":null,"sale_price":null,"price_margin":null,"price_discount":null}}],"_links":{"self":[{"href":"https:\/\/petworld.ma\/index.php\/wp-json\/wp\/v2\/product\/19883","targetHints":{"allow":["GET"]}}],"collection":[{"href":"https:\/\/petworld.ma\/index.php\/wp-json\/wp\/v2\/product"}],"about":[{"href":"https:\/\/petworld.ma\/index.php\/wp-json\/wp\/v2\/types\/product"}],"wp:featuredmedia":[{"embeddable":true,"href":"https:\/\/petworld.ma\/index.php\/wp-json\/wp\/v2\/media\/19886"}],"wp:attachment":[{"href":"https:\/\/petworld.ma\/index.php\/wp-json\/wp\/v2\/media?parent=19883"}],"wp:term":[{"taxonomy":"product_brand","embeddable":true,"href":"https:\/\/petworld.ma\/index.php\/wp-json\/wp\/v2\/product_brand?post=19883"},{"taxonomy":"product_cat","embeddable":true,"href":"https:\/\/petworld.ma\/index.php\/wp-json\/wp\/v2\/product_cat?post=19883"},{"taxonomy":"product_tag","embeddable":true,"href":"https:\/\/petworld.ma\/index.php\/wp-json\/wp\/v2\/product_tag?post=19883"}],"curies":[{"name":"wp","href":"https:\/\/api.w.org\/{rel}","templated":true}]}}