{"id":19887,"date":"2025-03-31T23:22:15","date_gmt":"2025-03-31T23:22:15","guid":{"rendered":"https:\/\/petworld.ma\/?post_type=product&#038;p=19887"},"modified":"2026-04-22T10:07:59","modified_gmt":"2026-04-22T10:07:59","slug":"brit-care-dog-grain-free-puppy-salmon-skin-and-coat-saumon-pour-race-petite-et-medium-3kg","status":"publish","type":"product","link":"https:\/\/petworld.ma\/index.php\/produit\/brit-care-dog-grain-free-puppy-salmon-skin-and-coat-saumon-pour-race-petite-et-medium-3kg\/","title":{"rendered":"Brit Care Dog Grain-free Puppy Salmon Skin And Coat (Saumon pour Race Petite et Medium) 3kg"},"content":{"rendered":"<div class=\"hidden-xs\">\n<p>Formule sans c\u00e9r\u00e9ales au saumon et aux pommes de terre pour chiots et jeunes chiens de toutes races (de 4 semaines \u00e0 12 mois). Convient \u00e9galement comme aliment de d\u00e9marrage \u00e0 m\u00e9langer avec du lait. Aliment complet pour chiens.<\/p>\n<p>ALIMENT SANS C\u00c9R\u00c9ALES DE QUALIT\u00c9 SUP\u00c9RIEURE POUR LE D\u00c9VELOPPEMENT SAIN ET LE SOUTIEN DU SYST\u00c8ME IMMUNITAIRE DES CHIOTS. IL CONTIENT DES PROT\u00c9INES \u00c0 HAUTE VALEUR NUTRITIONNELLE ET DES ACIDES GRAS POUR FAVORISER LA SANT\u00c9 DE LA PEAU ET DU PELAGE, LES COMP\u00c9TENCES MENTALES ET UNE CONDITION PHYSIQUE PARFAITE. SA FORMULE SANS C\u00c9R\u00c9ALES EST ID\u00c9ALE POUR LES CHIENS DONT LE PELAGE EST EXIGEANT, CEUX QUI DOIVENT MAINTENIR UNE CONDITION PHYSIQUE OPTIMALE ET CEUX QUI PR\u00c9SENTENT DES R\u00c9ACTIONS IND\u00c9SIRABLES \u00c0 D&rsquo;AUTRES ALIMENTS. LES ACIDES GRAS JOUENT UN R\u00d4LE ESSENTIEL DANS LE D\u00c9VELOPPEMENT SAIN DES CHIOTS ET DES JEUNES CHIENS.<\/p>\n<\/div>\n<div class=\"benefits\">\n<div class=\"benefits__item\"><img loading=\"lazy\" decoding=\"async\" src=\"https:\/\/brit-petfood.com\/file\/nodes\/productPictogram\/icon\/100-172193-1-healthy-growth.png\/150x150\/FIT\" alt=\"Croissance saine - Un rapport id\u00e9al de calories, de calcium et de phosphore pour favoriser une croissance r\u00e9guli\u00e8re et saine\" width=\"50\" height=\"50\" \/>Croissance saine &#8211; Un rapport id\u00e9al de calories, de calcium et de phosphore pour favoriser une croissance r\u00e9guli\u00e8re et saine<\/div>\n<div class=\"benefits__item\"><img loading=\"lazy\" decoding=\"async\" src=\"https:\/\/brit-petfood.com\/file\/nodes\/productPictogram\/icon\/100-172193-2-muscles.png\/150x150\/FIT\" alt=\"Muscles Riche en om\u00e9ga-3 pour booster la synth\u00e8se musculaire et contribuer \u00e0 une r\u00e9cup\u00e9ration plus rapide\" width=\"50\" height=\"50\" \/>Muscles Riche en om\u00e9ga-3 pour booster la synth\u00e8se musculaire et contribuer \u00e0 une r\u00e9cup\u00e9ration plus rapide<\/div>\n<div class=\"benefits__item\"><img loading=\"lazy\" decoding=\"async\" src=\"https:\/\/brit-petfood.com\/file\/nodes\/productPictogram\/icon\/100-172193-3-immunity.png\/150x150\/FIT\" alt=\"Immunit\u00e9 - Les probiotiques et les antioxydants renforcent le syst\u00e8me immunitaire et soutiennent la sant\u00e9 digestive\" width=\"50\" height=\"50\" \/>Immunit\u00e9 &#8211; Les probiotiques et les antioxydants renforcent le syst\u00e8me immunitaire et soutiennent la sant\u00e9 digestive<\/div>\n<\/div>\n","protected":false},"excerpt":{"rendered":"<p>Formule sans c\u00e9r\u00e9ales au saumon et aux pommes de terre pour chiots et jeunes chiens de toutes races (de 4 semaines \u00e0 12 mois). Convient \u00e9galement comme aliment de d\u00e9marrage \u00e0 m\u00e9langer avec du lait. Aliment complet pour chiots.<\/p>\n","protected":false},"featured_media":19891,"template":"","meta":{"jetpack_publicize_message":"","jetpack_publicize_feature_enabled":true,"jetpack_social_post_already_shared":true,"jetpack_social_options":{"image_generator_settings":{"template":"highway","default_image_id":0,"font":"","enabled":false},"version":2}},"product_brand":[],"product_cat":[26],"product_tag":[],"class_list":{"0":"post-19887","1":"product","2":"type-product","3":"status-publish","4":"has-post-thumbnail","6":"product_cat-croquettes","8":"first","9":"instock","10":"taxable","11":"shipping-taxable","12":"purchasable","13":"product-type-simple"},"supplier_id":5590,"supplier_sku":"558810","barcode":null,"atum_controlled":true,"out_stock_date":null,"out_stock_threshold":null,"inheritable":false,"inbound_stock":0,"stock_on_hold":0,"sold_today":0,"sales_last_days":0,"reserved_stock":0,"customer_returns":0,"warehouse_damage":0,"lost_in_post":0,"other_logs":0,"out_stock_days":0,"lost_sales":0,"has_location":false,"update_date":"2026-04-25T09:02:17","atum_locations":[],"atum_stock_status":"instock","restock_status":false,"low_stock_amount":2,"sales_update_date":"2026-04-25T09:02:17","calc_backorders":null,"jetpack_publicize_connections":[],"jetpack_sharing_enabled":true,"batches":[{"id":"2648","date_created":"2025-03-31 23:27:51","date_expiry":"2026-08-13 00:00:00","user_id":"2760","batch_number":"BritDogCarePuppySalm130826","location":"","quantity":"2.0000","quantity_available":"0.0000","units":"1","status":"archived","order_ids":"[20533,21162]","supplier":"Brit","po":{"id":"2616","date_created":"2025-03-31 23:27:54","batch_id":"2648","po_number":"","supplier":"Brit","cost":null,"regular_price":null,"sale_price":null,"price_margin":null,"price_discount":null}},{"id":"3138","date_created":"2025-04-23 08:34:41","date_expiry":"2026-08-13 00:00:00","user_id":"2760","batch_number":"BritDogCarePuppySalm130826","location":"","quantity":"1.0000","quantity_available":"0.0000","units":"1","status":"archived","order_ids":"[21893]","supplier":"Brit","po":{"id":"3105","date_created":"2025-04-23 08:34:41","batch_id":"3138","po_number":"","supplier":"Brit","cost":null,"regular_price":null,"sale_price":null,"price_margin":null,"price_discount":null}},{"id":"3839","date_created":"2025-06-04 22:34:03","date_expiry":"2026-08-13 00:00:00","user_id":"2760","batch_number":"BritDogCarePuppySalm130826","location":"","quantity":"2.0000","quantity_available":"0.0000","units":"1","status":"archived","order_ids":"[23305,23721]","supplier":"Brit","po":{"id":"3803","date_created":"2025-06-04 22:34:03","batch_id":"3839","po_number":"","supplier":"Brit","cost":null,"regular_price":null,"sale_price":null,"price_margin":null,"price_discount":null}},{"id":"4028","date_created":"2025-06-18 08:45:25","date_expiry":"2026-09-09 00:00:00","user_id":"2760","batch_number":"BritDogCarePuppySalm090926","location":"","quantity":"1.0000","quantity_available":"0.0000","units":"1","status":"archived","order_ids":"[26237]","supplier":"Brit","po":{"id":"3992","date_created":"2025-06-18 08:45:26","batch_id":"4028","po_number":"","supplier":"Brit","cost":null,"regular_price":null,"sale_price":null,"price_margin":null,"price_discount":null}},{"id":"4230","date_created":"2025-07-03 18:07:58","date_expiry":"2026-09-09 00:00:00","user_id":"2760","batch_number":"BritDogCarePuppySalm090926","location":"","quantity":"2.0000","quantity_available":"0.0000","units":"1","status":"archived","order_ids":"[28006]","supplier":"BRIT ","po":{"id":"4193","date_created":"2025-07-03 18:07:59","batch_id":"4230","po_number":"","supplier":"BRIT ","cost":null,"regular_price":null,"sale_price":null,"price_margin":null,"price_discount":null}},{"id":"4567","date_created":"2025-07-24 19:51:16","date_expiry":"2026-09-14 00:00:00","user_id":"2760","batch_number":"BritDogCarePuppySalm140926","location":"","quantity":"1.0000","quantity_available":"0.0000","units":"1","status":"archived","order_ids":"[31545]","supplier":" BRIT","po":{"id":"4531","date_created":"2025-07-24 19:51:16","batch_id":"4567","po_number":"","supplier":" BRIT","cost":null,"regular_price":null,"sale_price":null,"price_margin":null,"price_discount":null}},{"id":"5821","date_created":"2025-10-20 11:32:57","date_expiry":"2026-09-09 00:00:00","user_id":"2760","batch_number":"BritDogCarePuppySalm090926","location":"","quantity":"1.0000","quantity_available":"0.0000","units":"1","status":"archived","order_ids":"[29854]","supplier":"Brit","po":{"id":"5770","date_created":"2025-10-20 11:32:57","batch_id":"5821","po_number":"","supplier":"Brit","cost":null,"regular_price":null,"sale_price":null,"price_margin":null,"price_discount":null}},{"id":"6379","date_created":"2025-11-26 15:10:22","date_expiry":"2026-09-30 00:00:00","user_id":"2760","batch_number":"BritDogCarePuppySalm300926","location":"","quantity":"2.0000","quantity_available":"0.0000","units":"1","status":"archived","order_ids":"[31801]","supplier":"Brit","po":{"id":"6325","date_created":"2025-11-26 15:10:22","batch_id":"6379","po_number":"","supplier":"Brit","cost":null,"regular_price":null,"sale_price":null,"price_margin":null,"price_discount":null}},{"id":"6772","date_created":"2025-12-20 09:44:55","date_expiry":"2026-09-09 00:00:00","user_id":"2760","batch_number":"BritDogCarePuppySalm090926","location":"","quantity":"2.0000","quantity_available":"0.0000","units":"1","status":"archived","order_ids":"[32981,33048]","supplier":"Brit","po":{"id":"6718","date_created":"2025-12-20 09:44:56","batch_id":"6772","po_number":"","supplier":"Brit","cost":null,"regular_price":null,"sale_price":null,"price_margin":null,"price_discount":null}},{"id":"7194","date_created":"2026-01-15 13:33:35","date_expiry":"2026-09-09 00:00:00","user_id":"2760","batch_number":"BritDogCarePuppySalm090926","location":"","quantity":"2.0000","quantity_available":"1.0000","units":"1","status":"active","order_ids":"[34538]","supplier":"Brit","po":{"id":"7130","date_created":"2026-01-15 13:33:36","batch_id":"7194","po_number":"","supplier":"Brit","cost":null,"regular_price":null,"sale_price":null,"price_margin":null,"price_discount":null}},{"id":"7794","date_created":"2026-02-19 11:22:57","date_expiry":"2027-01-30 00:00:00","user_id":"2760","batch_number":"BritDogCarePuppySalm300127","location":"","quantity":"1.0000","quantity_available":"1.0000","units":"1","status":"active","order_ids":null,"supplier":"Brit","po":{"id":"7729","date_created":"2026-02-19 11:22:58","batch_id":"7794","po_number":"","supplier":"Brit","cost":null,"regular_price":null,"sale_price":null,"price_margin":null,"price_discount":null}},{"id":"9018","date_created":"2026-04-22 10:07:58","date_expiry":"2027-07-30 00:00:00","user_id":"2760","batch_number":"BritDogCarePuppySalm300727","location":"","quantity":"2.0000","quantity_available":"2.0000","units":"1","status":"active","order_ids":null,"supplier":"Brit","po":{"id":"8941","date_created":"2026-04-22 10:07:59","batch_id":"9018","po_number":"","supplier":"Brit","cost":null,"regular_price":null,"sale_price":null,"price_margin":null,"price_discount":null}}],"_links":{"self":[{"href":"https:\/\/petworld.ma\/index.php\/wp-json\/wp\/v2\/product\/19887","targetHints":{"allow":["GET"]}}],"collection":[{"href":"https:\/\/petworld.ma\/index.php\/wp-json\/wp\/v2\/product"}],"about":[{"href":"https:\/\/petworld.ma\/index.php\/wp-json\/wp\/v2\/types\/product"}],"wp:featuredmedia":[{"embeddable":true,"href":"https:\/\/petworld.ma\/index.php\/wp-json\/wp\/v2\/media\/19891"}],"wp:attachment":[{"href":"https:\/\/petworld.ma\/index.php\/wp-json\/wp\/v2\/media?parent=19887"}],"wp:term":[{"taxonomy":"product_brand","embeddable":true,"href":"https:\/\/petworld.ma\/index.php\/wp-json\/wp\/v2\/product_brand?post=19887"},{"taxonomy":"product_cat","embeddable":true,"href":"https:\/\/petworld.ma\/index.php\/wp-json\/wp\/v2\/product_cat?post=19887"},{"taxonomy":"product_tag","embeddable":true,"href":"https:\/\/petworld.ma\/index.php\/wp-json\/wp\/v2\/product_tag?post=19887"}],"curies":[{"name":"wp","href":"https:\/\/api.w.org\/{rel}","templated":true}]}}