{"id":19893,"date":"2025-03-31T23:29:38","date_gmt":"2025-03-31T23:29:38","guid":{"rendered":"https:\/\/petworld.ma\/?post_type=product&#038;p=19893"},"modified":"2026-03-12T16:53:22","modified_gmt":"2026-03-12T16:53:22","slug":"brit-care-cat-grain-free-activity-support-2kg-chat-a-haute-activite-sans-cereales","status":"publish","type":"product","link":"https:\/\/petworld.ma\/index.php\/produit\/brit-care-cat-grain-free-activity-support-2kg-chat-a-haute-activite-sans-cereales\/","title":{"rendered":"Brit care Cat Grain-Free Activity Support 2kg (chat \u00e0 haute activit\u00e9 sans c\u00e9r\u00e9ales)"},"content":{"rendered":"<div class=\"hidden-xs\">\n<div class=\"hidden-xs\">\n<div class=\"hidden-xs\">\n<div class=\"hidden-xs\">\n<div class=\"hidden-xs\">\n<div class=\"hidden-xs\"><strong>Aliment complet pour chats d&rsquo;ext\u00e9rieur et chats adultes \u00e0 haut niveau d&rsquo;activit\u00e9.<\/strong><\/div>\n<p>Une formule hypoallerg\u00e9nique sans c\u00e9r\u00e9ales, riche en prot\u00e9ines de haute qualit\u00e9, qui contribue \u00e0 maintenir une musculature fine et forte. Une combinaison optimale de vitamines et d&rsquo;oligo-\u00e9l\u00e9ments organiques fournit l&rsquo;\u00e9nergie n\u00e9cessaire \u00e0 une vie active en plein air. Les chondroprotecteurs contribuent \u00e0 la sant\u00e9 des dents, des articulations et des os pour la chasse et le jeu au quotidien.<\/p>\n<ul>\n<li>CHONDROPROTECTEURS ET CALCIUM pour des dents et des os sains.<\/li>\n<li>TAURINE \u2013 chez les chats, un nutriment essentiel pour une excellente vision et un c\u0153ur sain.<\/li>\n<li>Les PROBIOTIQUES et les PR\u00c9BIOTIQUES aident \u00e0 maintenir la sant\u00e9 du tractus gastro-intestinal et du syst\u00e8me immunitaire.<\/li>\n<li>LES FRUITS, LES HERBES ET LES BAIES favorisent la long\u00e9vit\u00e9 et une bonne sant\u00e9.<\/li>\n<li>Sans c\u00e9r\u00e9ales \u2013 SANS colorants \u2013 SANS conservateurs \u2013 SANS OGM \u2013 SANS soja.<\/li>\n<\/ul>\n<p class=\"composition\"><strong>Composition :<\/strong>\u00a0dinde d\u00e9shydrat\u00e9e (28 %), viande de poulet fra\u00eeche (26 %), pois jaunes (16 %), graisse de volaille (conserv\u00e9e avec des tocoph\u00e9rols, 13 %), pois chiches (6 %), huile de saumon (2 %), foie de poulet hydrolys\u00e9 (2 %), levure de bi\u00e8re (2 %), pommes s\u00e9ch\u00e9es (2 %), graines de lin (1,5 %), camomille s\u00e9ch\u00e9e (0,5 %), min\u00e9raux, argousier s\u00e9ch\u00e9 (0,3 %), canneberges s\u00e9ch\u00e9es (0,2 %), glucosamine (0,025 %), sulfate de chondro\u00eftine (0,018 %), fructo-oligosaccharides (0,015 %), mannan-oligosaccharides (0,015 %), yucca de Mojave (0,008 %), Lactobacillus acidophilus HA \u2013 122 inactiv\u00e9 (15&#215;109 cellules\/kg).<\/p>\n<p><strong>Ingr\u00e9dients analytiques :<\/strong>\u00a0prot\u00e9ines brutes 34,0 %, mati\u00e8res grasses brutes 18,0 %, fibres brutes 1,0 %, cendres brutes 7,2 %, humidit\u00e9 10,0 %, om\u00e9ga-3 0,3 %, om\u00e9ga-6 2,0 %, calcium 1,2 %, phosphore 0,9 %, sodium 0,4 %, magn\u00e9sium 0,08 %.<\/p>\n<p><strong>Composition nutritionnelle :<\/strong>\u00a0vitamine A (3a672a) 20 000 UI, vitamine D3 (E671) 800 UI, vitamine E (3a700) 600 mg, vitamine C (3a312) 300 mg, taurine (3a370) 2 500 mg, L-carnitine (3a910) 100 mg, chlorure de choline (3a890) 2 500 mg, biotine (3a880) 2 mg, vitamine B1 (3a821) 10 mg, vitamine B2 12 mg, niacinamide (3a315) 50 mg, calcium-D-pantoth\u00e9nate (3a841) 40 mg, vitamine B6 (3a831) 10 mg, acide folique (3a316) 2 mg, vitamine B12 0,04 mg, zinc (3b606) 120 mg, fer (3b106) 45 mg, mangan\u00e8se (3b504) 55 mg, iodure de potassium (3b201) 4 mg, cuivre (3b406) 10 mg, s\u00e9l\u00e9nium (3b8.10) 0,2 mg, L-m\u00e9thionine (3c305) 2 000 mg. Contient des antioxydants naturels approuv\u00e9s par l&rsquo;UE : extraits de tocoph\u00e9rol d&rsquo;huile v\u00e9g\u00e9tale (1b306), palmitate d&rsquo;ascorbyle (1b304) et extrait de romarin.<\/p>\n<p><strong>\u00c9nergie m\u00e9tabolisable :<\/strong>\u00a04 000 kcal\/kg<\/p>\n<\/div>\n<\/div>\n<\/div>\n<\/div>\n<\/div>\n","protected":false},"excerpt":{"rendered":"<div class=\"hidden-xs\">\n<div class=\"hidden-xs\"><strong>Aliment complet pour chats d&rsquo;ext\u00e9rieur et chats adultes \u00e0 haut niveau d&rsquo;activit\u00e9.<\/strong><\/div>\n<\/div>\n","protected":false},"featured_media":19894,"template":"","meta":{"jetpack_publicize_message":"","jetpack_publicize_feature_enabled":true,"jetpack_social_post_already_shared":true,"jetpack_social_options":{"image_generator_settings":{"template":"highway","default_image_id":0,"font":"","enabled":false},"version":2}},"product_brand":[],"product_cat":[40],"product_tag":[],"class_list":{"0":"post-19893","1":"product","2":"type-product","3":"status-publish","4":"has-post-thumbnail","6":"product_cat-coquettes-pour-chat","8":"first","9":"instock","10":"taxable","11":"shipping-taxable","12":"purchasable","13":"product-type-simple"},"supplier_id":5590,"supplier_sku":"540822","barcode":null,"atum_controlled":true,"out_stock_date":null,"out_stock_threshold":null,"inheritable":false,"inbound_stock":0,"stock_on_hold":0,"sold_today":0,"sales_last_days":0,"reserved_stock":0,"customer_returns":0,"warehouse_damage":0,"lost_in_post":0,"other_logs":0,"out_stock_days":0,"lost_sales":0,"has_location":false,"update_date":"2026-04-26T00:14:28","atum_locations":[],"atum_stock_status":"instock","restock_status":false,"low_stock_amount":2,"sales_update_date":"2026-04-26T00:14:27","calc_backorders":null,"jetpack_publicize_connections":[],"jetpack_sharing_enabled":true,"batches":[{"id":"2649","date_created":"2025-03-31 23:33:48","date_expiry":"2026-09-05 00:00:00","user_id":"2461","batch_number":"BritCatActivity050926","location":"","quantity":"2.0000","quantity_available":"0.0000","units":"1","status":"archived","order_ids":"[20857,21162]","supplier":"Brit","po":{"id":"2617","date_created":"2025-03-31 23:33:51","batch_id":"2649","po_number":"","supplier":"Brit","cost":null,"regular_price":null,"sale_price":null,"price_margin":null,"price_discount":null}},{"id":"3794","date_created":"2025-06-04 20:20:45","date_expiry":"2026-10-16 00:00:00","user_id":"2461","batch_number":"BritCatActivity161026","location":"","quantity":"6.0000","quantity_available":"2.0000","units":"1","status":"active","order_ids":"[24111,29415,30027,37422]","supplier":"BRIT","po":{"id":"3759","date_created":"2025-06-04 20:20:46","batch_id":"3794","po_number":"","supplier":"BRIT","cost":null,"regular_price":null,"sale_price":null,"price_margin":null,"price_discount":null}}],"_links":{"self":[{"href":"https:\/\/petworld.ma\/index.php\/wp-json\/wp\/v2\/product\/19893","targetHints":{"allow":["GET"]}}],"collection":[{"href":"https:\/\/petworld.ma\/index.php\/wp-json\/wp\/v2\/product"}],"about":[{"href":"https:\/\/petworld.ma\/index.php\/wp-json\/wp\/v2\/types\/product"}],"wp:featuredmedia":[{"embeddable":true,"href":"https:\/\/petworld.ma\/index.php\/wp-json\/wp\/v2\/media\/19894"}],"wp:attachment":[{"href":"https:\/\/petworld.ma\/index.php\/wp-json\/wp\/v2\/media?parent=19893"}],"wp:term":[{"taxonomy":"product_brand","embeddable":true,"href":"https:\/\/petworld.ma\/index.php\/wp-json\/wp\/v2\/product_brand?post=19893"},{"taxonomy":"product_cat","embeddable":true,"href":"https:\/\/petworld.ma\/index.php\/wp-json\/wp\/v2\/product_cat?post=19893"},{"taxonomy":"product_tag","embeddable":true,"href":"https:\/\/petworld.ma\/index.php\/wp-json\/wp\/v2\/product_tag?post=19893"}],"curies":[{"name":"wp","href":"https:\/\/api.w.org\/{rel}","templated":true}]}}