{"id":19943,"date":"2025-04-01T12:53:57","date_gmt":"2025-04-01T12:53:57","guid":{"rendered":"https:\/\/petworld.ma\/?post_type=product&#038;p=19943"},"modified":"2025-06-16T11:10:19","modified_gmt":"2025-06-16T11:10:19","slug":"tapis-a-lecher-sous-forme-dos-ralentir-le-temps-de-repas","status":"publish","type":"product","link":"https:\/\/petworld.ma\/index.php\/produit\/tapis-a-lecher-sous-forme-dos-ralentir-le-temps-de-repas\/","title":{"rendered":"Tapis \u00e0 l\u00e9cher Sous Forme d&rsquo;os (Ralentir le temps de repas)"},"content":{"rendered":"<div class=\"row\">\n<div class=\"col\">\n<p><strong>Tapis \u00e0 l\u00e9cher pour os savoureux \u00ab\u00a0Bone Appetit\u00a0\u00bb<\/strong><\/p>\n<p>Le tapis \u00e0 l\u00e9cher Bone Appetit Tasty Bone est un outil interactif con\u00e7u pour ralentir le temps de repas, r\u00e9duire l&rsquo;anxi\u00e9t\u00e9 et stimuler l&rsquo;esprit de votre chien. Sa surface textur\u00e9e encourage le l\u00e9chage, faisant du repas une exp\u00e9rience apaisante et gratifiante, tout en pr\u00e9venant les probl\u00e8mes comme l&rsquo;indigestion due \u00e0 une alimentation trop rapide.<\/p>\n<p><strong>Caract\u00e9ristiques principales<\/strong><\/p>\n<ul>\n<li><strong>Alimentation lente<\/strong>\u00a0: Encourage une alimentation lente en favorisant le l\u00e9chage, aidant ainsi \u00e0 pr\u00e9venir les d\u00e9glutitions, les ballonnements et l&rsquo;indigestion.<\/li>\n<li><strong>Surface textur\u00e9e<\/strong>\u00a0: maintient la nourriture en place, gardant votre chien occup\u00e9 plus longtemps pendant qu&rsquo;il l\u00e8che et travaille pour sa nourriture.<\/li>\n<li><strong>Mat\u00e9riau s\u00fbr et non toxique<\/strong>\u00a0: fabriqu\u00e9 \u00e0 partir de silicone de qualit\u00e9 alimentaire, durable et sans danger pour votre chien.<\/li>\n<li><strong>Durabilit\u00e9<\/strong>\u00a0: R\u00e9siste \u00e0 une utilisation r\u00e9guli\u00e8re, y compris au l\u00e9chage et \u00e0 la mastication occasionnelle.<\/li>\n<li><strong>Stimulation mentale<\/strong>\u00a0: Offre un engagement cognitif en exploitant les instincts naturels de recherche de nourriture de votre chien.<\/li>\n<li><strong>Apaisant et calmant<\/strong>\u00a0: l&rsquo;action de l\u00e9chage r\u00e9p\u00e9titive aide \u00e0 r\u00e9duire le stress et l&rsquo;anxi\u00e9t\u00e9, ce qui le rend id\u00e9al pour les chiens souffrant d&rsquo;anxi\u00e9t\u00e9 de s\u00e9paration.<\/li>\n<li><strong>Polyvalent<\/strong>\u00a0: Peut \u00eatre utilis\u00e9 pour l&rsquo;alimentation, l&rsquo;administration de m\u00e9dicaments ou m\u00eame congel\u00e9 pour un d\u00e9fi plus durable.<\/li>\n<li><strong>Facile \u00e0 nettoyer<\/strong>\u00a0: Passe au lave-vaisselle ou peut \u00eatre facilement nettoy\u00e9 avec du savon doux et de l&rsquo;eau.<\/li>\n<\/ul>\n<p><strong>Avantages pour votre chien<\/strong><\/p>\n<ul>\n<li><strong>Ralentit l\u2019alimentation<\/strong>\u00a0: Emp\u00eache de manger trop vite, ce qui peut entra\u00eener un \u00e9touffement ou des probl\u00e8mes digestifs.<\/li>\n<li><strong>Engagement mental<\/strong>\u00a0: R\u00e9duit l\u2019ennui en proposant un d\u00e9fi stimulant.<\/li>\n<li><strong>R\u00e9duit l&rsquo;anxi\u00e9t\u00e9<\/strong>\u00a0: l&rsquo;action apaisante du l\u00e9chage aide \u00e0 apaiser les chiens anxieux ou stress\u00e9s.<\/li>\n<li><strong>Exp\u00e9rience enrichissante<\/strong>\u00a0: rend l&rsquo;heure du repas plus agr\u00e9able en engageant les sens de votre chien.<\/li>\n<li><strong>S\u00fbr et durable<\/strong>\u00a0: Fabriqu\u00e9 \u00e0 partir de mat\u00e9riaux non toxiques et durables.<\/li>\n<\/ul>\n<\/div>\n<p>&nbsp;<\/p>\n<\/div>\n","protected":false},"excerpt":{"rendered":"<p>Dimensions: (28 x 19 x 1,5 cm)<\/p>\n","protected":false},"featured_media":19944,"template":"","meta":{"jetpack_publicize_message":"","jetpack_publicize_feature_enabled":true,"jetpack_social_post_already_shared":true,"jetpack_social_options":{"image_generator_settings":{"template":"highway","default_image_id":0,"font":"","enabled":false},"version":2}},"product_brand":[],"product_cat":[26,39,134,106],"product_tag":[],"class_list":{"0":"post-19943","1":"product","2":"type-product","3":"status-publish","4":"has-post-thumbnail","6":"product_cat-croquettes","7":"product_cat-friandises-et-pates-pour-chien","8":"product_cat-gamelles","9":"product_cat-jouet-et-dressage","11":"first","12":"instock","13":"sale","14":"taxable","15":"shipping-taxable","16":"purchasable","17":"product-type-simple"},"supplier_id":5603,"supplier_sku":"3691","barcode":"847922036911","atum_controlled":true,"out_stock_date":null,"out_stock_threshold":null,"inheritable":false,"inbound_stock":0,"stock_on_hold":0,"sold_today":0,"sales_last_days":0,"reserved_stock":0,"customer_returns":0,"warehouse_damage":0,"lost_in_post":0,"other_logs":0,"out_stock_days":0,"lost_sales":0,"has_location":false,"update_date":"2026-05-10T00:19:41","atum_locations":[],"atum_stock_status":"instock","restock_status":false,"low_stock_amount":1,"sales_update_date":"2026-05-10T00:19:40","calc_backorders":null,"jetpack_publicize_connections":[],"jetpack_sharing_enabled":true,"batches":[],"_links":{"self":[{"href":"https:\/\/petworld.ma\/index.php\/wp-json\/wp\/v2\/product\/19943","targetHints":{"allow":["GET"]}}],"collection":[{"href":"https:\/\/petworld.ma\/index.php\/wp-json\/wp\/v2\/product"}],"about":[{"href":"https:\/\/petworld.ma\/index.php\/wp-json\/wp\/v2\/types\/product"}],"wp:featuredmedia":[{"embeddable":true,"href":"https:\/\/petworld.ma\/index.php\/wp-json\/wp\/v2\/media\/19944"}],"wp:attachment":[{"href":"https:\/\/petworld.ma\/index.php\/wp-json\/wp\/v2\/media?parent=19943"}],"wp:term":[{"taxonomy":"product_brand","embeddable":true,"href":"https:\/\/petworld.ma\/index.php\/wp-json\/wp\/v2\/product_brand?post=19943"},{"taxonomy":"product_cat","embeddable":true,"href":"https:\/\/petworld.ma\/index.php\/wp-json\/wp\/v2\/product_cat?post=19943"},{"taxonomy":"product_tag","embeddable":true,"href":"https:\/\/petworld.ma\/index.php\/wp-json\/wp\/v2\/product_tag?post=19943"}],"curies":[{"name":"wp","href":"https:\/\/api.w.org\/{rel}","templated":true}]}}