{"id":19962,"date":"2025-04-01T13:57:18","date_gmt":"2025-04-01T13:57:18","guid":{"rendered":"https:\/\/petworld.ma\/?post_type=product&#038;p=19962"},"modified":"2026-03-03T09:14:55","modified_gmt":"2026-03-03T09:14:55","slug":"distributeur-automatique-de-nourriture-jusqua-5-repas-pour-animaux","status":"publish","type":"product","link":"https:\/\/petworld.ma\/index.php\/produit\/distributeur-automatique-de-nourriture-jusqua-5-repas-pour-animaux\/","title":{"rendered":"Distributeur Automatique de Nourriture Jusqu&rsquo;\u00e0 5 Repas pour Animaux"},"content":{"rendered":"<p>Pr\u00e9parez 5 repas parfaitement autonomes pour votre compagnon !<\/p>\n<p>Avec\u00a0<strong>ce distributeur de nourriture innovant<\/strong>, pr\u00e9parez les repas de votre compagnon sur toute une journ\u00e9e, et bien plus ! Ce distributeur de nourriture peut contenir\u00a0<strong>jusqu&rsquo;\u00e0 5 repas<\/strong>\u00a0et convient aux chats comme aux chiens de petites et moyennes tailles. Vous pouvez ais\u00e9ment\u00a0<strong>contr\u00f4ler les portions<\/strong>\u00a0de votre compagnon et\u00a0<strong>cr\u00e9er une routine alimentaire automatique<\/strong>.<\/p>\n<p><span style=\"text-decoration: underline;\"><strong>Programmable facilement:<\/strong><\/span><\/p>\n<p>Le distributeur est\u00a0<strong>\u00e9quip\u00e9 d&rsquo;une minuterie<\/strong>\u00a0qui vous permet de programmer quand la prochaine gamelle de votre compagnon lui sera mise \u00e0 disposition. Cette minuterie assure\u00a0<strong>une ouverture automatique du compartiment<\/strong>,\u00a0vous pouvez partir toute la journ\u00e9e avec l&rsquo;esprit tranquille ! Il est aussi possible de faire tourner le plateau des gamelles manuellement. Programmez facilement le distributeur de nourriture gr\u00e2ce \u00e0\u00a0<strong>son \u00e9cran LED int\u00e9gr\u00e9<\/strong>.\u00a0Vous pouvez programmez les repas<strong>\u00a0jusqu&rsquo;\u00e0 24 heures d&rsquo;intervalles<\/strong>\u00a0sur un total de 120 heures.<\/p>\n<p><span style=\"text-decoration: underline;\"><strong>Tout type d&rsquo;alimentation<\/strong><\/span><\/p>\n<p>Ce distributeur convient pour\u00a0<strong>tout type de nourriture<\/strong>, des aliments secs aux aliments humides et en sauce. Les repas sont\u00a0<strong>conserv\u00e9s au frais et au sec<\/strong>\u00a0tant que le compartiment n&rsquo;est pas ouvert. Chaque bol peut contenir\u00a0<strong>140 ml de nourriture s\u00e8che ou humide<\/strong>. Pour faciliter le nettoyage du distributeur de nourriture, le plateau des bols est amovible et peut \u00eatre nettoy\u00e9 \u00e0 la main.<\/p>\n<p>Le distributeur de nourriture pour chat et chien fonctionne avec 4 piles AA (non incluses). Dimensions :\u00a025,5 x 21 x 18 cm<\/p>\n<p><iframe loading=\"lazy\" title=\"All For Paws - 5 Meals Pet Feeder\" width=\"1020\" height=\"574\" src=\"https:\/\/www.youtube.com\/embed\/P0zAPUXJE4k?start=4&#038;feature=oembed\" frameborder=\"0\" allow=\"accelerometer; autoplay; clipboard-write; encrypted-media; gyroscope; picture-in-picture; web-share\" referrerpolicy=\"strict-origin-when-cross-origin\" allowfullscreen><\/iframe><\/p>\n<p>&nbsp;<\/p>\n","protected":false},"excerpt":{"rendered":"<div id=\"product-description-short-5725\" class=\"product-description-short typo sm-bottom\">\n<p>Distributeur automatique de nourriture pour votre chien ou votre chat<\/p>\n<ul>\n<li>Jusqu&rsquo;\u00e0 5 repas<\/li>\n<li>Tout type de nourriture : s\u00e8che, humide, en sauce<\/li>\n<li>Distributeur programmable<\/li>\n<li>Ouverture automatique<\/li>\n<li>Facilement nettoyable<\/li>\n<\/ul>\n<\/div>\n<div class=\"product-information light-box-bg sm-bottom\">\n<div class=\"product-actions\">\n<div class=\"product-variants\"><\/div>\n<section class=\"product-discounts\"><\/section>\n<div class=\"product-prices sm-bottom\">\n<div class=\"product-prices-wrapper d-flex flex-wrap align-items-center\"><\/div>\n<\/div>\n<\/div>\n<\/div>\n","protected":false},"featured_media":19967,"template":"","meta":{"jetpack_publicize_message":"","jetpack_publicize_feature_enabled":true,"jetpack_social_post_already_shared":true,"jetpack_social_options":{"image_generator_settings":{"template":"highway","default_image_id":0,"font":"","enabled":false},"version":2}},"product_brand":[],"product_cat":[133,134],"product_tag":[],"class_list":{"0":"post-19962","1":"product","2":"type-product","3":"status-publish","4":"has-post-thumbnail","6":"product_cat-gamelle","7":"product_cat-gamelles","9":"first","10":"instock","11":"taxable","12":"shipping-taxable","13":"purchasable","14":"product-type-simple"},"supplier_id":5603,"supplier_sku":"5700","barcode":null,"atum_controlled":true,"out_stock_date":null,"out_stock_threshold":null,"inheritable":false,"inbound_stock":0,"stock_on_hold":0,"sold_today":0,"sales_last_days":0,"reserved_stock":0,"customer_returns":0,"warehouse_damage":0,"lost_in_post":0,"other_logs":0,"out_stock_days":0,"lost_sales":0,"has_location":false,"update_date":"2026-05-15T00:03:08","atum_locations":[],"atum_stock_status":"instock","restock_status":false,"low_stock_amount":1,"sales_update_date":"2026-05-15T00:03:07","calc_backorders":null,"jetpack_publicize_connections":[],"jetpack_sharing_enabled":true,"batches":[],"_links":{"self":[{"href":"https:\/\/petworld.ma\/index.php\/wp-json\/wp\/v2\/product\/19962","targetHints":{"allow":["GET"]}}],"collection":[{"href":"https:\/\/petworld.ma\/index.php\/wp-json\/wp\/v2\/product"}],"about":[{"href":"https:\/\/petworld.ma\/index.php\/wp-json\/wp\/v2\/types\/product"}],"wp:featuredmedia":[{"embeddable":true,"href":"https:\/\/petworld.ma\/index.php\/wp-json\/wp\/v2\/media\/19967"}],"wp:attachment":[{"href":"https:\/\/petworld.ma\/index.php\/wp-json\/wp\/v2\/media?parent=19962"}],"wp:term":[{"taxonomy":"product_brand","embeddable":true,"href":"https:\/\/petworld.ma\/index.php\/wp-json\/wp\/v2\/product_brand?post=19962"},{"taxonomy":"product_cat","embeddable":true,"href":"https:\/\/petworld.ma\/index.php\/wp-json\/wp\/v2\/product_cat?post=19962"},{"taxonomy":"product_tag","embeddable":true,"href":"https:\/\/petworld.ma\/index.php\/wp-json\/wp\/v2\/product_tag?post=19962"}],"curies":[{"name":"wp","href":"https:\/\/api.w.org\/{rel}","templated":true}]}}