{"id":19969,"date":"2025-04-02T15:48:00","date_gmt":"2025-04-02T15:48:00","guid":{"rendered":"https:\/\/petworld.ma\/?post_type=product&#038;p=19969"},"modified":"2026-05-12T12:04:10","modified_gmt":"2026-05-12T12:04:10","slug":"litiere-gel-de-silice-38-l-sans-parfum-parfum-ocean-citron","status":"publish","type":"product","link":"https:\/\/petworld.ma\/index.php\/produit\/litiere-gel-de-silice-38-l-sans-parfum-parfum-ocean-citron\/","title":{"rendered":"Liti\u00e8re Gel de Silice 3,8 L (Sans Parfum | Parfum Ocean | Citron)"},"content":{"rendered":"<h3 class=\"product_name title\"><em><strong>Liti\u00e8re Gel de Silice 3,8 L (Sans Parfum | Parfum Ocean | Citron)<\/strong><\/em><\/h3>\n<ul>\n<li>\n<h4>L\u00e9g\u00e8re et facile \u00e0 manipuler<\/h4>\n<\/li>\n<li>\n<h4>Absorbe les liquides et les odeurs<\/h4>\n<\/li>\n<li>\n<h4>Sans mauvaises odeurs et non toxique<\/h4>\n<\/li>\n<li>\n<h4>Retirer uniquement les d\u00e9chets solides<\/h4>\n<\/li>\n<\/ul>\n<h3>Tr\u00e8s absorbante et contr\u00f4le les odeurs :<\/h3>\n<p>Les millions de pores microscopiques de chaque grain absorbent rapidement les liquides comme une \u00e9ponge. Les odeurs et les impuret\u00e9s sont pi\u00e9g\u00e9es \u00e0 l&rsquo;int\u00e9rieur ! Plus d&rsquo;argile imbib\u00e9e d&rsquo;urine. La liti\u00e8re pour chat en gel de silice garde votre air et votre environnement propres.<\/p>\n<h3>Aucun suivi et sans poussi\u00e8re :<\/h3>\n<p>Gr\u00e2ce \u00e0 la taille et \u00e0 la forme sp\u00e9ciales de la liti\u00e8re pour chat en silice, elle ne colle pas \u00e0 la fourrure et aux pattes de votre chat et aucune poussi\u00e8re n&rsquo;irrite les yeux et le nez de votre chat.<\/p>\n<h3>\u00a0Naturelle et s\u00fbre :<\/h3>\n<p>La liti\u00e8re pour chat en gel de silice est 100% naturelle, biod\u00e9gradable, sans aucune toxicit\u00e9 et respectueuse de l&rsquo;environnement.<\/p>\n<h3>Instructions :<\/h3>\n<p>1. Remplissez le bac \u00e0 liti\u00e8re de votre chat de liti\u00e8re \u00e0 une profondeur de 3,5 \u00e0 4cm.<\/p>\n<p>2. Placez le bac \u00e0 liti\u00e8re dans un endroit sec et chaud.<\/p>\n<p>3. Enlevez les excr\u00e9ments s\u00e9ch\u00e9s de votre chat tous les jours pour garder le plateau toujours propre et frais.<\/p>\n<p>4. Remplacez par la liti\u00e8re fraiche.<\/p>\n<h3>Note sp\u00e9ciale :<\/h3>\n<p>1. Utilisez toujours une protection super absorbante sous les liti\u00e8res de silice.<\/p>\n<p>2. Gardez le bac \u00e0 liti\u00e8re et la liti\u00e8re inutilis\u00e9e dans une zone exempte d&rsquo;humidit\u00e9.<\/p>\n<p>3. Nettoyez soigneusement et s\u00e9chez le bac \u00e0 liti\u00e8re avant de le remplir de nouveau.<\/p>\n<p>Pour aider votre chat \u00e0 s&rsquo;habituer \u00e0 la nouvelle liti\u00e8re, vous pouvez m\u00e9langer l&rsquo;ancienne liti\u00e8re avec la liti\u00e8re pour chat en silice. Pour plus d&rsquo;un chat, il est conseill\u00e9 de jeter plus souvent la liti\u00e8re utilis\u00e9e au lieu d&rsquo;utiliser plus de liti\u00e8re dans le bac.<\/p>\n<h3>Rappel Important :<\/h3>\n<p>Pour des raisons d&rsquo;hygi\u00e8ne, il est pr\u00e9f\u00e9rable de porter des gants en caoutchouc et de toujours se lacer les mains imm\u00e9diatement apr\u00e8s avoir nettoy\u00e9 \/ vid\u00e9e le bac ou manipul\u00e9 la liti\u00e8re.<\/p>\n<p>Il est recommand\u00e9 aux femme enceintes de suivre ces conseils d&rsquo;hygi\u00e8ne lors de la manipulation des bacs \u00e0 liti\u00e8res. Gardez les bacs \u00e0 liti\u00e8res loin des b\u00e9b\u00e9s et des jeunes enfants.<\/p>\n","protected":false},"excerpt":{"rendered":"<p>Liti\u00e8re Gel de Silice 3,8 L (Sans Parfum | Parfum Ocean | Citron) L\u00e9g\u00e8re et facile \u00e0 manipuler Absorbe les liquides et les odeurs Sans mauvaises odeurs et non toxique Retirer uniquement les d\u00e9chets solides Tr\u00e8s absorbante et contr\u00f4le les odeurs : Les millions de pores microscopiques de chaque grain absorbent rapidement les liquides comme [&#8230;]\n","protected":false},"featured_media":19982,"template":"","meta":{"jetpack_publicize_message":"","jetpack_publicize_feature_enabled":true,"jetpack_social_post_already_shared":true,"jetpack_social_options":{"image_generator_settings":{"template":"highway","default_image_id":0,"font":"","enabled":false},"version":2}},"product_brand":[],"product_cat":[94],"product_tag":[],"class_list":{"0":"post-19969","1":"product","2":"type-product","3":"status-publish","4":"has-post-thumbnail","6":"product_cat-litieres-et-bacs","8":"first","9":"instock","10":"taxable","11":"shipping-taxable","12":"purchasable","13":"product-type-variable"},"supplier_id":null,"supplier_sku":"","barcode":null,"atum_controlled":true,"out_stock_date":null,"out_stock_threshold":null,"inheritable":true,"inbound_stock":0,"stock_on_hold":0,"sold_today":0,"sales_last_days":18,"reserved_stock":0,"customer_returns":0,"warehouse_damage":0,"lost_in_post":0,"other_logs":0,"out_stock_days":0,"lost_sales":0,"has_location":false,"update_date":"2026-05-13T16:35:29","atum_locations":[],"atum_stock_status":"instock","restock_status":false,"low_stock_amount":"","sales_update_date":"2026-05-11T00:20:10","calc_backorders":null,"jetpack_publicize_connections":[],"jetpack_sharing_enabled":true,"batches":[],"_links":{"self":[{"href":"https:\/\/petworld.ma\/index.php\/wp-json\/wp\/v2\/product\/19969","targetHints":{"allow":["GET"]}}],"collection":[{"href":"https:\/\/petworld.ma\/index.php\/wp-json\/wp\/v2\/product"}],"about":[{"href":"https:\/\/petworld.ma\/index.php\/wp-json\/wp\/v2\/types\/product"}],"wp:featuredmedia":[{"embeddable":true,"href":"https:\/\/petworld.ma\/index.php\/wp-json\/wp\/v2\/media\/19982"}],"wp:attachment":[{"href":"https:\/\/petworld.ma\/index.php\/wp-json\/wp\/v2\/media?parent=19969"}],"wp:term":[{"taxonomy":"product_brand","embeddable":true,"href":"https:\/\/petworld.ma\/index.php\/wp-json\/wp\/v2\/product_brand?post=19969"},{"taxonomy":"product_cat","embeddable":true,"href":"https:\/\/petworld.ma\/index.php\/wp-json\/wp\/v2\/product_cat?post=19969"},{"taxonomy":"product_tag","embeddable":true,"href":"https:\/\/petworld.ma\/index.php\/wp-json\/wp\/v2\/product_tag?post=19969"}],"curies":[{"name":"wp","href":"https:\/\/api.w.org\/{rel}","templated":true}]}}