{"id":19970,"date":"2025-04-01T14:12:33","date_gmt":"2025-04-01T14:12:33","guid":{"rendered":"https:\/\/petworld.ma\/?post_type=product&#038;p=19970"},"modified":"2025-04-02T15:38:46","modified_gmt":"2025-04-02T15:38:46","slug":"puzzle-interactif-pour-chien-a-alimentation-lente-et-jouets-de-stimulation-mentale-labyrinthe-de-friandises","status":"publish","type":"product","link":"https:\/\/petworld.ma\/index.php\/produit\/puzzle-interactif-pour-chien-a-alimentation-lente-et-jouets-de-stimulation-mentale-labyrinthe-de-friandises\/","title":{"rendered":"Puzzle interactif pour chien \u00e0 alimentation lente et jouets de stimulation mentale Labyrinthe de friandises"},"content":{"rendered":"<div class=\"row\">\n<div class=\"col\">\n<div class=\"card__header\">\n<p class=\"card__title heading h3\"><span style=\"text-decoration: underline;\"><strong>Description<\/strong><\/span><\/p>\n<\/div>\n<div class=\"card__section \">\n<div class=\"rte text--pull\">\n<p>Gardez votre chien diverti et concentr\u00e9 pendant des heures avec le Bone Appetit Flip&rsquo;N&rsquo;Slide\u00a0! Ce jouet puzzle innovant permet \u00e0 votre compagnon \u00e0 quatre pattes d&rsquo;ouvrir et de faire glisser les compartiments \u00e0 friandises pour r\u00e9cup\u00e9rer ses friandises pr\u00e9f\u00e9r\u00e9es.<\/p>\n<p>Ce jouet r\u00e9duira certainement l&rsquo;ennui et les comportements destructeurs. Vous n&rsquo;aurez plus \u00e0 vous inqui\u00e9ter de rentrer du travail et de voir votre maison saccag\u00e9e ! Qui a dit que le d\u00eener ne pouvait pas \u00eatre amusant ? Offrez-lui quelque chose \u00e0 attendre avec impatience avec ce jouet \u00e0 chercher et \u00e0 renifler.<\/p>\n<p><span style=\"text-decoration: underline;\"><strong>CARACT\u00c9RISTIQUES<\/strong><\/span><\/p>\n<ul>\n<li>Dimensions (cm) : 31 x 20 x 8<\/li>\n<li>Les chiens ouvrent ou font glisser les compartiments \u00e0 friandises pour r\u00e9cup\u00e9rer les friandises.<\/li>\n<li>Distributeurs de friandises amovibles pour cacher plus de friandises que le chien pourra chercher<\/li>\n<li>R\u00e9duire l&rsquo;ennui et les comportements destructeurs<\/li>\n<li>Fournit une stimulation mentale<\/li>\n<li>Ventouses pour maintenir le produit en place en toute s\u00e9curit\u00e9<\/li>\n<\/ul>\n<\/div>\n<\/div>\n<\/div>\n<\/div>\n","protected":false},"excerpt":{"rendered":"<div class=\"p-short-description\" data-testid=\"productCardShortDescr\">\n<p class=\"perex\">Le puzzle Bone App\u00e9tit apporte un nouveau d\u00e9fi \u00e0 votre chien qui entra\u00eene son cerveau et sa patience.<\/p>\n<\/div>\n","protected":false},"featured_media":19971,"template":"","meta":{"jetpack_publicize_message":"","jetpack_publicize_feature_enabled":true,"jetpack_social_post_already_shared":true,"jetpack_social_options":{"image_generator_settings":{"template":"highway","default_image_id":0,"font":"","enabled":false},"version":2}},"product_brand":[],"product_cat":[26,39,134,106],"product_tag":[],"class_list":{"0":"post-19970","1":"product","2":"type-product","3":"status-publish","4":"has-post-thumbnail","6":"product_cat-croquettes","7":"product_cat-friandises-et-pates-pour-chien","8":"product_cat-gamelles","9":"product_cat-jouet-et-dressage","11":"first","12":"instock","13":"taxable","14":"shipping-taxable","15":"purchasable","16":"product-type-simple"},"supplier_id":5603,"supplier_sku":"3694","barcode":"847922036942","atum_controlled":true,"out_stock_date":null,"out_stock_threshold":null,"inheritable":false,"inbound_stock":0,"stock_on_hold":0,"sold_today":0,"sales_last_days":0,"reserved_stock":0,"customer_returns":0,"warehouse_damage":0,"lost_in_post":0,"other_logs":0,"out_stock_days":0,"lost_sales":0,"has_location":false,"update_date":"2026-05-13T00:24:01","atum_locations":[],"atum_stock_status":"instock","restock_status":false,"low_stock_amount":1,"sales_update_date":"2026-05-13T00:24:01","calc_backorders":null,"jetpack_publicize_connections":[],"jetpack_sharing_enabled":true,"batches":[],"_links":{"self":[{"href":"https:\/\/petworld.ma\/index.php\/wp-json\/wp\/v2\/product\/19970","targetHints":{"allow":["GET"]}}],"collection":[{"href":"https:\/\/petworld.ma\/index.php\/wp-json\/wp\/v2\/product"}],"about":[{"href":"https:\/\/petworld.ma\/index.php\/wp-json\/wp\/v2\/types\/product"}],"wp:featuredmedia":[{"embeddable":true,"href":"https:\/\/petworld.ma\/index.php\/wp-json\/wp\/v2\/media\/19971"}],"wp:attachment":[{"href":"https:\/\/petworld.ma\/index.php\/wp-json\/wp\/v2\/media?parent=19970"}],"wp:term":[{"taxonomy":"product_brand","embeddable":true,"href":"https:\/\/petworld.ma\/index.php\/wp-json\/wp\/v2\/product_brand?post=19970"},{"taxonomy":"product_cat","embeddable":true,"href":"https:\/\/petworld.ma\/index.php\/wp-json\/wp\/v2\/product_cat?post=19970"},{"taxonomy":"product_tag","embeddable":true,"href":"https:\/\/petworld.ma\/index.php\/wp-json\/wp\/v2\/product_tag?post=19970"}],"curies":[{"name":"wp","href":"https:\/\/api.w.org\/{rel}","templated":true}]}}