{"id":19999,"date":"2025-04-02T15:55:48","date_gmt":"2025-04-02T15:55:48","guid":{"rendered":"https:\/\/petworld.ma\/?post_type=product&#038;p=19999"},"modified":"2026-02-24T17:42:40","modified_gmt":"2026-02-24T17:42:40","slug":"jouet-interactif-coccinelle-pour-chats-fonctionne-avec-piles","status":"publish","type":"product","link":"https:\/\/petworld.ma\/index.php\/produit\/jouet-interactif-coccinelle-pour-chats-fonctionne-avec-piles\/","title":{"rendered":"Jouet Interactif Coccinelle Pour Chats (fonctionne avec piles)"},"content":{"rendered":"<p>Voulez-vous voir votre chat s&rsquo;amuser \u00e0 l&rsquo;\u00e9tat pur ? Cette coccinelle aliment\u00e9e par piles lui fera plaisir !<\/p>\n<p>Cette adorable coccinelle motoris\u00e9e rendra votre chat fou de joie alors qu&rsquo;elle se prom\u00e8ne dans la maison, offrant des heures de divertissement actif \u00e0 votre ami \u00e0 quatre pattes. Avec des mouvements r\u00e9alistes et une \u00e9nergie contagieuse, cette coccinelle r\u00e9veillera l&rsquo;instinct de chasse de votre chat, le divertissant et l&rsquo;exer\u00e7ant.<\/p>\n<p>Pr\u00e9parez-vous \u00e0 vivre des moments hilarants pendant que votre chat tente de capturer cette coccinelle \u00e9nergique ! Garantissez d\u00e8s maintenant du plaisir \u00e0 votre f\u00e9lin.<\/p>\n","protected":false},"excerpt":{"rendered":"<p>Voulez-vous voir votre chat s&rsquo;amuser \u00e0 l&rsquo;\u00e9tat pur ? Cette coccinelle aliment\u00e9e par piles lui fera plaisir ! Cette adorable coccinelle motoris\u00e9e rendra votre chat fou de joie alors qu&rsquo;elle se prom\u00e8ne dans la maison, offrant des heures de divertissement actif \u00e0 votre ami \u00e0 quatre pattes. Avec des mouvements r\u00e9alistes et une \u00e9nergie contagieuse, [&#8230;]\n","protected":false},"featured_media":20000,"template":"","meta":{"jetpack_publicize_message":"","jetpack_publicize_feature_enabled":true,"jetpack_social_post_already_shared":true,"jetpack_social_options":{"image_generator_settings":{"template":"highway","default_image_id":0,"font":"","enabled":false},"version":2}},"product_brand":[],"product_cat":[100],"product_tag":[],"class_list":{"0":"post-19999","1":"product","2":"type-product","3":"status-publish","4":"has-post-thumbnail","6":"product_cat-accessoires-jouets-et-colliers","8":"first","9":"outofstock","10":"sale","11":"taxable","12":"shipping-taxable","13":"purchasable","14":"product-type-simple"},"supplier_id":5592,"supplier_sku":"","barcode":null,"atum_controlled":true,"out_stock_date":"2026-02-24 17:42:40","out_stock_threshold":null,"inheritable":false,"inbound_stock":0,"stock_on_hold":0,"sold_today":0,"sales_last_days":0,"reserved_stock":0,"customer_returns":0,"warehouse_damage":0,"lost_in_post":0,"other_logs":0,"out_stock_days":77,"lost_sales":825,"has_location":false,"update_date":"2026-05-13T00:20:13","atum_locations":[],"atum_stock_status":"outofstock","restock_status":false,"low_stock_amount":1,"sales_update_date":"2026-05-13T00:20:12","calc_backorders":null,"jetpack_publicize_connections":[],"jetpack_sharing_enabled":true,"batches":[],"_links":{"self":[{"href":"https:\/\/petworld.ma\/index.php\/wp-json\/wp\/v2\/product\/19999","targetHints":{"allow":["GET"]}}],"collection":[{"href":"https:\/\/petworld.ma\/index.php\/wp-json\/wp\/v2\/product"}],"about":[{"href":"https:\/\/petworld.ma\/index.php\/wp-json\/wp\/v2\/types\/product"}],"wp:featuredmedia":[{"embeddable":true,"href":"https:\/\/petworld.ma\/index.php\/wp-json\/wp\/v2\/media\/20000"}],"wp:attachment":[{"href":"https:\/\/petworld.ma\/index.php\/wp-json\/wp\/v2\/media?parent=19999"}],"wp:term":[{"taxonomy":"product_brand","embeddable":true,"href":"https:\/\/petworld.ma\/index.php\/wp-json\/wp\/v2\/product_brand?post=19999"},{"taxonomy":"product_cat","embeddable":true,"href":"https:\/\/petworld.ma\/index.php\/wp-json\/wp\/v2\/product_cat?post=19999"},{"taxonomy":"product_tag","embeddable":true,"href":"https:\/\/petworld.ma\/index.php\/wp-json\/wp\/v2\/product_tag?post=19999"}],"curies":[{"name":"wp","href":"https:\/\/api.w.org\/{rel}","templated":true}]}}