{"id":20017,"date":"2025-04-02T16:03:58","date_gmt":"2025-04-02T16:03:58","guid":{"rendered":"https:\/\/petworld.ma\/?post_type=product&#038;p=20017"},"modified":"2025-04-02T16:04:02","modified_gmt":"2025-04-02T16:04:02","slug":"ralentisseur-antiglouton-croquettes-ou-patee-par-all-for-paws","status":"publish","type":"product","link":"https:\/\/petworld.ma\/index.php\/produit\/ralentisseur-antiglouton-croquettes-ou-patee-par-all-for-paws\/","title":{"rendered":"Ralentisseur Antiglouton Croquettes ou P\u00e2t\u00e9e Par All For Paws"},"content":{"rendered":"<p>Ecuelle pour transformer le repas de votre chien en un jeu amusant et stimulant. Disposer la quantit\u00e9 d\u00e9sir\u00e9e de nourriture sur le labyrinthe, ensuite c&rsquo;est \u00e0 votre chien de trouver la meilleur fa\u00e7on de l&rsquo;obtenir. Il peut utiliser ses pattes, son museau, sa langue. Id\u00e9al pour<strong>\u00a0chien glouton<\/strong>\u00a0ou pour<strong>\u00a0chien ob\u00e8se<\/strong>\u00a0devant r\u00e9guler son repas. Voir vid\u00e9o en bas de page.<\/p>\n<p>Cette \u00e9cuelle ludique<strong>\u00a0r\u00e9duit de mani\u00e8re significative les risques d&rsquo;engloutissement<\/strong>\u00a0et les ballonnements en prolongeant le temps du repas ce qui apaise les chiens voraces ou prenant du poids.<\/p>\n<p>Le labyrinthe \u00e0 nourriture est con\u00e7u pour tous les types de chiens et peut contenir \u00e0 la fois des aliments secs et humides. Avec deux labyrinthes interchangeables vous pouvez choisir d&rsquo;augmenter la difficult\u00e9. Ceci \u00e9vitera aussi l&rsquo;accoutumance. Chaque repas devient amusant et sain. L&rsquo;\u00e9cuelle peut \u00eatre lav\u00e9e\u00a0au lave-vaisselle.<\/p>\n<p>Ne pas utiliser si votre chien a les gencives sensibles ou une maladie buccale. Le frottement avec l&rsquo;\u00e9cuelle pourrait le g\u00eaner.<\/p>\n<p>Dimentions : 28 x 28 x 8 cm<\/p>\n<p><strong>Composition\u00a0<\/strong><\/p>\n<p>ABS<\/p>\n<p>&nbsp;<\/p>\n<p><iframe title=\"Dog Food Maze\" width=\"1020\" height=\"574\" src=\"https:\/\/www.youtube.com\/embed\/IEE6YWssFOU?start=2&#038;feature=oembed\" frameborder=\"0\" allow=\"accelerometer; autoplay; clipboard-write; encrypted-media; gyroscope; picture-in-picture; web-share\" referrerpolicy=\"strict-origin-when-cross-origin\" allowfullscreen><\/iframe><\/p>\n<p>&nbsp;<\/p>\n","protected":false},"excerpt":{"rendered":"<p>Ecuelle pour transformer le repas de votre chien en un jeu amusant et stimulant. Disposer la quantit\u00e9 d\u00e9sir\u00e9e de nourriture sur le labyrinthe, ensuite c&rsquo;est \u00e0 votre chien de trouver la meilleur fa\u00e7on de l&rsquo;obtenir. Il peut utiliser ses pattes, son museau, sa langue. Id\u00e9al pour\u00a0chien glouton\u00a0ou pour\u00a0chien ob\u00e8se\u00a0devant r\u00e9guler son repas. Voir vid\u00e9o en [&#8230;]\n","protected":false},"featured_media":20022,"template":"","meta":{"jetpack_publicize_message":"","jetpack_publicize_feature_enabled":true,"jetpack_social_post_already_shared":true,"jetpack_social_options":{"image_generator_settings":{"template":"highway","default_image_id":0,"font":"","enabled":false},"version":2}},"product_brand":[],"product_cat":[23,134,106],"product_tag":[],"class_list":{"0":"post-20017","1":"product","2":"type-product","3":"status-publish","4":"has-post-thumbnail","6":"product_cat-chien","7":"product_cat-gamelles","8":"product_cat-jouet-et-dressage","10":"first","11":"instock","12":"sale","13":"taxable","14":"shipping-taxable","15":"purchasable","16":"product-type-simple"},"supplier_id":5603,"supplier_sku":"3200","barcode":null,"atum_controlled":true,"out_stock_date":null,"out_stock_threshold":null,"inheritable":false,"inbound_stock":0,"stock_on_hold":0,"sold_today":0,"sales_last_days":0,"reserved_stock":0,"customer_returns":0,"warehouse_damage":0,"lost_in_post":0,"other_logs":0,"out_stock_days":0,"lost_sales":0,"has_location":false,"update_date":"2026-04-30T00:15:30","atum_locations":[],"atum_stock_status":"instock","restock_status":false,"low_stock_amount":1,"sales_update_date":"2026-04-30T00:15:30","calc_backorders":null,"jetpack_publicize_connections":[],"jetpack_sharing_enabled":true,"batches":[],"_links":{"self":[{"href":"https:\/\/petworld.ma\/index.php\/wp-json\/wp\/v2\/product\/20017","targetHints":{"allow":["GET"]}}],"collection":[{"href":"https:\/\/petworld.ma\/index.php\/wp-json\/wp\/v2\/product"}],"about":[{"href":"https:\/\/petworld.ma\/index.php\/wp-json\/wp\/v2\/types\/product"}],"wp:featuredmedia":[{"embeddable":true,"href":"https:\/\/petworld.ma\/index.php\/wp-json\/wp\/v2\/media\/20022"}],"wp:attachment":[{"href":"https:\/\/petworld.ma\/index.php\/wp-json\/wp\/v2\/media?parent=20017"}],"wp:term":[{"taxonomy":"product_brand","embeddable":true,"href":"https:\/\/petworld.ma\/index.php\/wp-json\/wp\/v2\/product_brand?post=20017"},{"taxonomy":"product_cat","embeddable":true,"href":"https:\/\/petworld.ma\/index.php\/wp-json\/wp\/v2\/product_cat?post=20017"},{"taxonomy":"product_tag","embeddable":true,"href":"https:\/\/petworld.ma\/index.php\/wp-json\/wp\/v2\/product_tag?post=20017"}],"curies":[{"name":"wp","href":"https:\/\/api.w.org\/{rel}","templated":true}]}}