{"id":20025,"date":"2025-04-02T16:07:39","date_gmt":"2025-04-02T16:07:39","guid":{"rendered":"https:\/\/petworld.ma\/?post_type=product&#038;p=20025"},"modified":"2025-11-26T19:58:09","modified_gmt":"2025-11-26T19:58:09","slug":"gilet-k-nite-reflechissant-all-for-paws-s-m-l","status":"publish","type":"product","link":"https:\/\/petworld.ma\/index.php\/produit\/gilet-k-nite-reflechissant-all-for-paws-s-m-l\/","title":{"rendered":"Gilet K Nite R\u00e9fl\u00e9chissant All For Paws (M | L )"},"content":{"rendered":"<h2 class=\"tab--title-main\">AFP Veste r\u00e9fl\u00e9chissante K-Nite<\/h2>\n<div id=\"description-content\" class=\"tab--content-main tab--content\">\n<p><strong>VESTE R\u00c9FL\u00c9CHISSANTE ALL FOR PAWS K-NITE<\/strong><\/p>\n<p>Lors de vos promenades nocturnes avec votre chien, la s\u00e9curit\u00e9 doit \u00eatre la priorit\u00e9, c&rsquo;est pourquoi vous avez besoin que vous et votre chien soyez visibles, c&rsquo;est pourquoi nous vous proposons la veste r\u00e9fl\u00e9chissante avec du mat\u00e9riel r\u00e9fl\u00e9chissant et des couleurs fluorescentes.<\/p>\n<p><strong>Gilet r\u00e9fl\u00e9chissant pour les promenades nocturnes<\/strong><\/p>\n<p>Si vous aimez sortir la nuit avec votre animal, pour une promenade ou une course, la s\u00e9curit\u00e9 doit \u00eatre une priorit\u00e9, vous devez \u00eatre tr\u00e8s visible pour les voitures afin d&rsquo;\u00e9viter les accidents, c&rsquo;est pourquoi nous vous proposons ce gilet r\u00e9fl\u00e9chissant qui est parfait pour les promenades nocturnes, il a une couleur fluorescente et un mat\u00e9riau r\u00e9fl\u00e9chissant, parfait pour la nuit.<\/p>\n<p><strong>Tr\u00e8s confortable pour votre chien !<\/strong><\/p>\n<p>Le gilet r\u00e9fl\u00e9chissant est tr\u00e8s facile \u00e0 mettre en place gr\u00e2ce \u00e0 une fermeture velcro et s&rsquo;adapte parfaitement \u00e0 votre animal. Il se sentira tr\u00e8s \u00e0 l&rsquo;aise tout en \u00e9tant beaucoup plus visible lors des promenades nocturnes, ce qui permet d&rsquo;\u00e9viter les accidents. Les gilets sont fabriqu\u00e9s avec des mat\u00e9riaux de premi\u00e8re qualit\u00e9, ce qui vous garantit des heures et des heures d&rsquo;utilisation et vous permet de profiter de votre gilet pendant longtemps.<\/p>\n<p><strong>Ligne de v\u00eatements fluorescents pour chiens K-nite<\/strong><\/p>\n<p>Les gilets fluorescents font partie de la ligne K-nite de All for paws pour chiens, une ligne sp\u00e9cialement con\u00e7ue pour les promenades nocturnes avec votre animal. Des jouets aux harnais en passant par les gilets r\u00e9fl\u00e9chissants mentionn\u00e9s plus haut, tout ce dont vous avez besoin pour jouer avec votre animal la nuit avec toute la s\u00e9curit\u00e9 que nous pouvons offrir et fabriqu\u00e9 avec des mat\u00e9riaux de premi\u00e8re qualit\u00e9.<\/p>\n<p><strong>Principales caract\u00e9ristiques des gilets r\u00e9fl\u00e9chissants<\/strong><\/p>\n<p>&#8211; Confortable et facile \u00e0 enfiler<br \/>\n&#8211; Fermeture velcro<br \/>\n&#8211; Fabriqu\u00e9 avec des mat\u00e9riaux de premi\u00e8re qualit\u00e9<br \/>\n&#8211; Sp\u00e9cialement con\u00e7u pour les promenades nocturnes<\/p>\n<p><strong>Tailles<\/strong><\/p>\n<p><strong>S<\/strong>\u00a0&#8211; Poitrine : 34-43 cm Longueur du dos : 25 cm Col : 22-29 cm<\/p>\n<p><strong>M<\/strong> &#8211; Poitrine : 36-48 cm Longueur du dos : 30 cm Col : 28-33 cm<\/p>\n<p><strong>L<\/strong>\u00a0&#8211; Poitrine : 40-52 cm Longueur du dos : 35 cm Encolure : 30-35 cm<\/p>\n<\/div>\n","protected":false},"excerpt":{"rendered":"<p>AFP Veste r\u00e9fl\u00e9chissante K-Nite VESTE R\u00c9FL\u00c9CHISSANTE ALL FOR PAWS K-NITE Lors de vos promenades nocturnes avec votre chien, la s\u00e9curit\u00e9 doit \u00eatre la priorit\u00e9, c&rsquo;est pourquoi vous avez besoin que vous et votre chien soyez visibles, c&rsquo;est pourquoi nous vous proposons la veste r\u00e9fl\u00e9chissante avec du mat\u00e9riel r\u00e9fl\u00e9chissant et des couleurs fluorescentes. Gilet r\u00e9fl\u00e9chissant pour [&#8230;]\n","protected":false},"featured_media":20030,"template":"","meta":{"jetpack_publicize_message":"","jetpack_publicize_feature_enabled":true,"jetpack_social_post_already_shared":true,"jetpack_social_options":{"image_generator_settings":{"template":"highway","default_image_id":0,"font":"","enabled":false},"version":2}},"product_brand":[],"product_cat":[23,92,106],"product_tag":[],"class_list":{"0":"post-20025","1":"product","2":"type-product","3":"status-publish","4":"has-post-thumbnail","6":"product_cat-chien","7":"product_cat-harnais-et-laisses-pour-chien","8":"product_cat-jouet-et-dressage","10":"first","11":"instock","12":"sale","13":"taxable","14":"shipping-taxable","15":"purchasable","16":"product-type-variable"},"supplier_id":null,"supplier_sku":"","barcode":null,"atum_controlled":true,"out_stock_date":null,"out_stock_threshold":null,"inheritable":true,"inbound_stock":0,"stock_on_hold":0,"sold_today":0,"sales_last_days":0,"reserved_stock":0,"customer_returns":0,"warehouse_damage":0,"lost_in_post":0,"other_logs":0,"out_stock_days":0,"lost_sales":0,"has_location":false,"update_date":"2026-05-02T00:18:34","atum_locations":[],"atum_stock_status":"instock","restock_status":false,"low_stock_amount":"","sales_update_date":"2026-05-02T00:18:34","calc_backorders":null,"jetpack_publicize_connections":[],"jetpack_sharing_enabled":true,"batches":[],"_links":{"self":[{"href":"https:\/\/petworld.ma\/index.php\/wp-json\/wp\/v2\/product\/20025","targetHints":{"allow":["GET"]}}],"collection":[{"href":"https:\/\/petworld.ma\/index.php\/wp-json\/wp\/v2\/product"}],"about":[{"href":"https:\/\/petworld.ma\/index.php\/wp-json\/wp\/v2\/types\/product"}],"wp:featuredmedia":[{"embeddable":true,"href":"https:\/\/petworld.ma\/index.php\/wp-json\/wp\/v2\/media\/20030"}],"wp:attachment":[{"href":"https:\/\/petworld.ma\/index.php\/wp-json\/wp\/v2\/media?parent=20025"}],"wp:term":[{"taxonomy":"product_brand","embeddable":true,"href":"https:\/\/petworld.ma\/index.php\/wp-json\/wp\/v2\/product_brand?post=20025"},{"taxonomy":"product_cat","embeddable":true,"href":"https:\/\/petworld.ma\/index.php\/wp-json\/wp\/v2\/product_cat?post=20025"},{"taxonomy":"product_tag","embeddable":true,"href":"https:\/\/petworld.ma\/index.php\/wp-json\/wp\/v2\/product_tag?post=20025"}],"curies":[{"name":"wp","href":"https:\/\/api.w.org\/{rel}","templated":true}]}}