{"id":20037,"date":"2025-04-02T16:09:07","date_gmt":"2025-04-02T16:09:07","guid":{"rendered":"https:\/\/petworld.ma\/?post_type=product&#038;p=20037"},"modified":"2026-03-28T14:05:59","modified_gmt":"2026-03-28T14:05:59","slug":"lit-ovale-pour-chat-et-petit-chien-gris-tan","status":"publish","type":"product","link":"https:\/\/petworld.ma\/index.php\/produit\/lit-ovale-pour-chat-et-petit-chien-gris-tan\/","title":{"rendered":"Lit Ovale Pour Chat et Petit Chien ( Gris | Tan )"},"content":{"rendered":"<div class=\"block active\">\n<p><strong>Caract\u00e9ristiques de l&rsquo;article<\/strong><\/p>\n<\/div>\n<div class=\"none\">\n<ul>\n<li class=\"a-spacing-mini\"><span class=\"a-list-item\">TAILLE\u00a0: 41,9 x 30 x 14 cm. Le lit pour chat est id\u00e9al pour les petits chiens, les chatons et les jeunes animaux.<\/span><\/li>\n<li class=\"a-spacing-mini\"><span class=\"a-list-item\">MAT\u00c9RIAU DE HAUTE QUALIT\u00c9 DU LIT POUR ANIMAUX DE COMPAGNIE : Le petit lit confortable pour chat est fait de tissu doux, non toxique et respectueux de l&rsquo;environnement.<\/span><\/li>\n<li class=\"a-spacing-mini\"><span class=\"a-list-item\">Le rebord sur\u00e9lev\u00e9 cr\u00e9e un sentiment de s\u00e9curit\u00e9 et offre un soutien de la t\u00eate et du cou, tandis que le rembourrage ultra-doux offre un soulagement des douleurs articulaires et musculaires.<\/span><\/li>\n<li class=\"a-spacing-mini\"><span class=\"a-list-item\">Rembourr\u00e9 de coton PP respectueux de l&rsquo;environnement, le lit pour chien reste chaud et confortable, offre un environnement de sommeil confortable et sain et peut \u00e9galement conserver sa forme d&rsquo;origine pendant longtemps.<\/span><\/li>\n<li class=\"a-spacing-mini\"><span class=\"a-list-item\">Favorise un meilleur sommeil : Gr\u00e2ce \u00e0 sa forme ovale, notre lit pour chaton coddler de haute qualit\u00e9 est id\u00e9al pour les animaux qui aiment se blottir !<\/span><\/li>\n<\/ul>\n<\/div>\n","protected":false},"excerpt":{"rendered":"<p>Caract\u00e9ristiques de l&rsquo;article TAILLE\u00a0: 41,9 x 30 x 14 cm. Le lit pour chat est id\u00e9al pour les petits chiens, les chatons et les jeunes animaux. MAT\u00c9RIAU DE HAUTE QUALIT\u00c9 DU LIT POUR ANIMAUX DE COMPAGNIE : Le petit lit confortable pour chat est fait de tissu doux, non toxique et respectueux de l&rsquo;environnement. Le [&#8230;]\n","protected":false},"featured_media":20051,"template":"","meta":{"jetpack_publicize_message":"","jetpack_publicize_feature_enabled":true,"jetpack_social_post_already_shared":true,"jetpack_social_options":{"image_generator_settings":{"template":"highway","default_image_id":0,"font":"","enabled":false},"version":2}},"product_brand":[],"product_cat":[124,125],"product_tag":[],"class_list":{"0":"post-20037","1":"product","2":"type-product","3":"status-publish","4":"has-post-thumbnail","6":"product_cat-lits-et-cages","7":"product_cat-lits-et-cages-chien","9":"first","10":"instock","11":"sale","12":"taxable","13":"shipping-taxable","14":"purchasable","15":"product-type-variable"},"supplier_id":null,"supplier_sku":"","barcode":null,"atum_controlled":true,"out_stock_date":null,"out_stock_threshold":null,"inheritable":true,"inbound_stock":0,"stock_on_hold":0,"sold_today":0,"sales_last_days":0,"reserved_stock":0,"customer_returns":0,"warehouse_damage":0,"lost_in_post":0,"other_logs":0,"out_stock_days":0,"lost_sales":0,"has_location":false,"update_date":"2026-04-25T08:58:43","atum_locations":[],"atum_stock_status":"instock","restock_status":false,"low_stock_amount":"","sales_update_date":"2026-04-25T08:58:43","calc_backorders":null,"jetpack_publicize_connections":[],"jetpack_sharing_enabled":true,"batches":[],"_links":{"self":[{"href":"https:\/\/petworld.ma\/index.php\/wp-json\/wp\/v2\/product\/20037","targetHints":{"allow":["GET"]}}],"collection":[{"href":"https:\/\/petworld.ma\/index.php\/wp-json\/wp\/v2\/product"}],"about":[{"href":"https:\/\/petworld.ma\/index.php\/wp-json\/wp\/v2\/types\/product"}],"wp:featuredmedia":[{"embeddable":true,"href":"https:\/\/petworld.ma\/index.php\/wp-json\/wp\/v2\/media\/20051"}],"wp:attachment":[{"href":"https:\/\/petworld.ma\/index.php\/wp-json\/wp\/v2\/media?parent=20037"}],"wp:term":[{"taxonomy":"product_brand","embeddable":true,"href":"https:\/\/petworld.ma\/index.php\/wp-json\/wp\/v2\/product_brand?post=20037"},{"taxonomy":"product_cat","embeddable":true,"href":"https:\/\/petworld.ma\/index.php\/wp-json\/wp\/v2\/product_cat?post=20037"},{"taxonomy":"product_tag","embeddable":true,"href":"https:\/\/petworld.ma\/index.php\/wp-json\/wp\/v2\/product_tag?post=20037"}],"curies":[{"name":"wp","href":"https:\/\/api.w.org\/{rel}","templated":true}]}}