{"id":20052,"date":"2025-04-02T16:19:01","date_gmt":"2025-04-02T16:19:01","guid":{"rendered":"https:\/\/petworld.ma\/?post_type=product&#038;p=20052"},"modified":"2026-03-30T13:52:07","modified_gmt":"2026-03-30T13:52:07","slug":"pack-combine-brosse-a-dents-et-dentifrice-vanille-et-gingembre-all-for-paws-sparkle","status":"publish","type":"product","link":"https:\/\/petworld.ma\/index.php\/produit\/pack-combine-brosse-a-dents-et-dentifrice-vanille-et-gingembre-all-for-paws-sparkle\/","title":{"rendered":"Pack Combin\u00e9 Brosse \u00e0 Dents et Dentifrice Vanille et Gingembre All For Paws Sparkle"},"content":{"rendered":"<p>ALL FOR PAWS SPARKLE Dental Cleaning Set For Dogs La trousse de soins dentaires est tout ce dont vous avez besoin pour garder les dents de votre chien propres. Elle comprend une brosse \u00e0 dents, un dentifrice et une brosse \u00e0 doigts.<\/p>\n<h1 class=\"a-size-base-plus a-text-bold\">\u00c0 propos de cet article<\/h1>\n<ul class=\"a-unordered-list a-vertical a-spacing-mini\">\n<li class=\"a-spacing-mini\"><span class=\"a-list-item\">Le dentifrice pr\u00e9vient l&rsquo;accumulation de plaque et de tartre<\/span><\/li>\n<li class=\"a-spacing-mini\"><span class=\"a-list-item\">Une fa\u00e7on douce et efficace de prendre soin des dents de votre chien<\/span><\/li>\n<li class=\"a-spacing-mini\"><span class=\"a-list-item\">Les brosses atteignent toutes les zones de la bouche de votre animal en douceur<\/span><\/li>\n<li class=\"a-spacing-mini\"><span class=\"a-list-item\">Am\u00e9liorer l&rsquo;hygi\u00e8ne bucco-dentaire pr\u00e9vient les maladies des gencives<\/span><\/li>\n<li class=\"a-spacing-mini\"><span class=\"a-list-item\">Convient \u00e0 toutes les tailles et races de chiens et chiots<\/span><\/li>\n<\/ul>\n","protected":false},"excerpt":{"rendered":"<p>ALL FOR PAWS SPARKLE Dental Cleaning Set For Dogs La trousse de soins dentaires est tout ce dont vous avez besoin pour garder les dents de votre chien propres. Elle comprend une brosse \u00e0 dents, un dentifrice et une brosse \u00e0 doigts. \u00c0 propos de cet article Le dentifrice pr\u00e9vient l&rsquo;accumulation de plaque et de [&#8230;]\n","protected":false},"featured_media":20053,"template":"","meta":{"jetpack_publicize_message":"","jetpack_publicize_feature_enabled":true,"jetpack_social_post_already_shared":true,"jetpack_social_options":{"image_generator_settings":{"template":"highway","default_image_id":0,"font":"","enabled":false},"version":2}},"product_brand":[],"product_cat":[217],"product_tag":[],"class_list":{"0":"post-20052","1":"product","2":"type-product","3":"status-publish","4":"has-post-thumbnail","6":"product_cat-dentifrice-soin-buccal-hygiene-et-soins","8":"first","9":"instock","10":"sale","11":"taxable","12":"shipping-taxable","13":"purchasable","14":"product-type-simple"},"supplier_id":5603,"supplier_sku":"3355","barcode":null,"atum_controlled":true,"out_stock_date":null,"out_stock_threshold":null,"inheritable":false,"inbound_stock":0,"stock_on_hold":0,"sold_today":0,"sales_last_days":0,"reserved_stock":0,"customer_returns":0,"warehouse_damage":0,"lost_in_post":0,"other_logs":0,"out_stock_days":0,"lost_sales":0,"has_location":false,"update_date":"2026-05-05T00:15:57","atum_locations":[],"atum_stock_status":"instock","restock_status":false,"low_stock_amount":5,"sales_update_date":"2026-05-05T00:15:57","calc_backorders":null,"jetpack_publicize_connections":[],"jetpack_sharing_enabled":true,"batches":[],"_links":{"self":[{"href":"https:\/\/petworld.ma\/index.php\/wp-json\/wp\/v2\/product\/20052","targetHints":{"allow":["GET"]}}],"collection":[{"href":"https:\/\/petworld.ma\/index.php\/wp-json\/wp\/v2\/product"}],"about":[{"href":"https:\/\/petworld.ma\/index.php\/wp-json\/wp\/v2\/types\/product"}],"wp:featuredmedia":[{"embeddable":true,"href":"https:\/\/petworld.ma\/index.php\/wp-json\/wp\/v2\/media\/20053"}],"wp:attachment":[{"href":"https:\/\/petworld.ma\/index.php\/wp-json\/wp\/v2\/media?parent=20052"}],"wp:term":[{"taxonomy":"product_brand","embeddable":true,"href":"https:\/\/petworld.ma\/index.php\/wp-json\/wp\/v2\/product_brand?post=20052"},{"taxonomy":"product_cat","embeddable":true,"href":"https:\/\/petworld.ma\/index.php\/wp-json\/wp\/v2\/product_cat?post=20052"},{"taxonomy":"product_tag","embeddable":true,"href":"https:\/\/petworld.ma\/index.php\/wp-json\/wp\/v2\/product_tag?post=20052"}],"curies":[{"name":"wp","href":"https:\/\/api.w.org\/{rel}","templated":true}]}}