{"id":20054,"date":"2025-04-02T16:20:56","date_gmt":"2025-04-02T16:20:56","guid":{"rendered":"https:\/\/petworld.ma\/?post_type=product&#038;p=20054"},"modified":"2026-01-15T14:45:39","modified_gmt":"2026-01-15T14:45:39","slug":"flamingo-medium-bi-matiere-beco","status":"publish","type":"product","link":"https:\/\/petworld.ma\/index.php\/produit\/flamingo-medium-bi-matiere-beco\/","title":{"rendered":"Flamingo Medium Bi Mati\u00e8re Beco"},"content":{"rendered":"<p>Fabriqu\u00e9 avec des mat\u00e9riaux recycl\u00e9s et une corde de chanvre et de coton, ce jouet est l\u00e0 pour vous aider quelle que soit l&rsquo;occasion. Le tissu doux et le rembourrage le rendent tr\u00e8s c\u00e2lin, et les longues pattes donnent \u00e0 votre chien une bonne adh\u00e9rence pendant le tir \u00e0 la corde. Les coutures doubles contribuent \u00e0 am\u00e9liorer sa r\u00e9sistance et sa durabilit\u00e9. Le contenu recycl\u00e9 de ce jouet donne une seconde vie aux d\u00e9chets plastiques et au coton.<\/p>\n","protected":false},"excerpt":{"rendered":"<p>Fabriqu\u00e9 avec des mat\u00e9riaux recycl\u00e9s et une corde de chanvre et de coton, ce jouet est l\u00e0 pour vous aider quelle que soit l&rsquo;occasion. Le tissu doux et le rembourrage le rendent tr\u00e8s c\u00e2lin, et les longues pattes donnent \u00e0 votre chien une bonne adh\u00e9rence pendant le tir \u00e0 la corde. Les coutures doubles contribuent [&#8230;]\n","protected":false},"featured_media":20055,"template":"","meta":{"jetpack_publicize_message":"","jetpack_publicize_feature_enabled":true,"jetpack_social_post_already_shared":true,"jetpack_social_options":{"image_generator_settings":{"template":"highway","default_image_id":0,"font":"","enabled":false},"version":2}},"product_brand":[],"product_cat":[23,106],"product_tag":[],"class_list":{"0":"post-20054","1":"product","2":"type-product","3":"status-publish","4":"has-post-thumbnail","6":"product_cat-chien","7":"product_cat-jouet-et-dressage","9":"first","10":"instock","11":"taxable","12":"shipping-taxable","13":"purchasable","14":"product-type-simple"},"supplier_id":5603,"supplier_sku":"BTT-007","barcode":null,"atum_controlled":true,"out_stock_date":null,"out_stock_threshold":null,"inheritable":false,"inbound_stock":0,"stock_on_hold":0,"sold_today":0,"sales_last_days":0,"reserved_stock":0,"customer_returns":0,"warehouse_damage":0,"lost_in_post":0,"other_logs":0,"out_stock_days":0,"lost_sales":0,"has_location":false,"update_date":"2026-04-22T10:01:01","atum_locations":[],"atum_stock_status":"instock","restock_status":false,"low_stock_amount":3,"sales_update_date":"2026-04-22T10:01:01","calc_backorders":null,"jetpack_publicize_connections":[],"jetpack_sharing_enabled":true,"batches":[],"_links":{"self":[{"href":"https:\/\/petworld.ma\/index.php\/wp-json\/wp\/v2\/product\/20054","targetHints":{"allow":["GET"]}}],"collection":[{"href":"https:\/\/petworld.ma\/index.php\/wp-json\/wp\/v2\/product"}],"about":[{"href":"https:\/\/petworld.ma\/index.php\/wp-json\/wp\/v2\/types\/product"}],"wp:featuredmedia":[{"embeddable":true,"href":"https:\/\/petworld.ma\/index.php\/wp-json\/wp\/v2\/media\/20055"}],"wp:attachment":[{"href":"https:\/\/petworld.ma\/index.php\/wp-json\/wp\/v2\/media?parent=20054"}],"wp:term":[{"taxonomy":"product_brand","embeddable":true,"href":"https:\/\/petworld.ma\/index.php\/wp-json\/wp\/v2\/product_brand?post=20054"},{"taxonomy":"product_cat","embeddable":true,"href":"https:\/\/petworld.ma\/index.php\/wp-json\/wp\/v2\/product_cat?post=20054"},{"taxonomy":"product_tag","embeddable":true,"href":"https:\/\/petworld.ma\/index.php\/wp-json\/wp\/v2\/product_tag?post=20054"}],"curies":[{"name":"wp","href":"https:\/\/api.w.org\/{rel}","templated":true}]}}