{"id":20061,"date":"2025-04-02T16:35:03","date_gmt":"2025-04-02T16:35:03","guid":{"rendered":"https:\/\/petworld.ma\/?post_type=product&#038;p=20061"},"modified":"2026-02-05T20:55:52","modified_gmt":"2026-02-05T20:55:52","slug":"oreiller-de-morsure-pour-chien-jouet-de-morsure-en-jute-jouet-de-traction-durable","status":"publish","type":"product","link":"https:\/\/petworld.ma\/index.php\/produit\/oreiller-de-morsure-pour-chien-jouet-de-morsure-en-jute-jouet-de-traction-durable\/","title":{"rendered":"Oreiller de Morsure pour Chien Jouet de Morsure en Jute Jouet de Traction Durable"},"content":{"rendered":"<h1 class=\"a-size-base-plus a-text-bold\">\u00c0 propos de cet article<\/h1>\n<ul class=\"a-unordered-list a-vertical a-spacing-mini\">\n<li class=\"a-spacing-mini\"><span class=\"a-list-item\">Maintien de l&rsquo;exercice ; Ce jouet remorqueur unique vous permet de vous entra\u00eener et de vous amuser avec votre chien en m\u00eame temps. Restez en forme en faisant des exercices de musculation et en augmentant la force de vos biceps, triceps, \u00e9paules et plus.<\/span><\/li>\n<li class=\"a-spacing-mini\"><span class=\"a-list-item\">Haute qualit\u00e9 ; Le coton et le lin r\u00e9sistants sont doux et sans danger pour les dents et la sant\u00e9 de votre chien, procurent une utilisation de longue dur\u00e9e. La technologie de suture de haute qualit\u00e9 permet \u00e0 cet oreiller de supporter une utilisation de longue dur\u00e9e.<\/span><\/li>\n<li class=\"a-spacing-mini\"><span class=\"a-list-item\">Double poign\u00e9es ; Avec deux poign\u00e9es, l\u00e9ger et facile \u00e0 transporter, confortable \u00e0 utiliser, contr\u00f4le total et stabilit\u00e9.<\/span><\/li>\n<li class=\"a-spacing-mini\"><span class=\"a-list-item\">Entra\u00eenez votre chien ; Utilisez-le pour commencer \u00e0 entra\u00eener votre chien \u00e0 la chasse aux proies et \u00e0 l&rsquo;exercice de sa capacit\u00e9 \u00e0 mordre. Ce remorqueur pour morsure de chien est un outil indispensable pour votre chien actif.<\/span><\/li>\n<li class=\"a-spacing-mini\"><span class=\"a-list-item\">Excellent jouet interactif ; C&rsquo;est un excellent jouet de r\u00e9compense et d&rsquo;exercice, adapt\u00e9 aux jeux d&rsquo;int\u00e9rieur et d&rsquo;ext\u00e9rieur. Un grand jouet interactif qui apporte beaucoup de plaisir et d&rsquo;affection \u00e0 vous et \u00e0 votre chien bien-aim\u00e9.<\/span><\/li>\n<\/ul>\n","protected":false},"excerpt":{"rendered":"<p>\u00c0 propos de cet article Maintien de l&rsquo;exercice ; Ce jouet remorqueur unique vous permet de vous entra\u00eener et de vous amuser avec votre chien en m\u00eame temps. Restez en forme en faisant des exercices de musculation et en augmentant la force de vos biceps, triceps, \u00e9paules et plus. Haute qualit\u00e9 ; Le coton et [&#8230;]\n","protected":false},"featured_media":20062,"template":"","meta":{"jetpack_publicize_message":"","jetpack_publicize_feature_enabled":true,"jetpack_social_post_already_shared":true,"jetpack_social_options":{"image_generator_settings":{"template":"highway","default_image_id":0,"font":"","enabled":false},"version":2}},"product_brand":[],"product_cat":[23,106],"product_tag":[],"class_list":{"0":"post-20061","1":"product","2":"type-product","3":"status-publish","4":"has-post-thumbnail","6":"product_cat-chien","7":"product_cat-jouet-et-dressage","9":"first","10":"instock","11":"sale","12":"taxable","13":"shipping-taxable","14":"purchasable","15":"product-type-simple"},"supplier_id":5593,"supplier_sku":"","barcode":null,"atum_controlled":true,"out_stock_date":null,"out_stock_threshold":null,"inheritable":false,"inbound_stock":0,"stock_on_hold":0,"sold_today":0,"sales_last_days":0,"reserved_stock":0,"customer_returns":0,"warehouse_damage":0,"lost_in_post":0,"other_logs":0,"out_stock_days":0,"lost_sales":0,"has_location":false,"update_date":"2026-05-01T00:15:33","atum_locations":[],"atum_stock_status":"instock","restock_status":false,"low_stock_amount":1,"sales_update_date":"2026-05-01T00:15:33","calc_backorders":null,"jetpack_publicize_connections":[],"jetpack_sharing_enabled":true,"batches":[],"_links":{"self":[{"href":"https:\/\/petworld.ma\/index.php\/wp-json\/wp\/v2\/product\/20061","targetHints":{"allow":["GET"]}}],"collection":[{"href":"https:\/\/petworld.ma\/index.php\/wp-json\/wp\/v2\/product"}],"about":[{"href":"https:\/\/petworld.ma\/index.php\/wp-json\/wp\/v2\/types\/product"}],"wp:featuredmedia":[{"embeddable":true,"href":"https:\/\/petworld.ma\/index.php\/wp-json\/wp\/v2\/media\/20062"}],"wp:attachment":[{"href":"https:\/\/petworld.ma\/index.php\/wp-json\/wp\/v2\/media?parent=20061"}],"wp:term":[{"taxonomy":"product_brand","embeddable":true,"href":"https:\/\/petworld.ma\/index.php\/wp-json\/wp\/v2\/product_brand?post=20061"},{"taxonomy":"product_cat","embeddable":true,"href":"https:\/\/petworld.ma\/index.php\/wp-json\/wp\/v2\/product_cat?post=20061"},{"taxonomy":"product_tag","embeddable":true,"href":"https:\/\/petworld.ma\/index.php\/wp-json\/wp\/v2\/product_tag?post=20061"}],"curies":[{"name":"wp","href":"https:\/\/api.w.org\/{rel}","templated":true}]}}