{"id":20072,"date":"2025-04-03T09:56:13","date_gmt":"2025-04-03T09:56:13","guid":{"rendered":"https:\/\/petworld.ma\/?post_type=product&#038;p=20072"},"modified":"2025-05-17T09:27:11","modified_gmt":"2025-05-17T09:27:11","slug":"jouet-interactif-boomerang-a-trois-branches-pour-chien","status":"publish","type":"product","link":"https:\/\/petworld.ma\/index.php\/produit\/jouet-interactif-boomerang-a-trois-branches-pour-chien\/","title":{"rendered":"Jouet Interactif Boomerang a Trois Branches Pour Chien"},"content":{"rendered":"<h1 class=\"a-size-base-plus a-text-bold\">\u00c0 propos de cet article<\/h1>\n<ul class=\"a-unordered-list a-vertical a-spacing-mini\">\n<li class=\"a-spacing-mini\"><span class=\"a-list-item\">Excellente qualit\u00e9 : ce Boomerang en caoutchouc est fabriqu\u00e9 dans un mat\u00e9riau de haute qualit\u00e9, robuste, durable, non toxique, inodore, s\u00fbr, r\u00e9utilisable, lavable, \u00e9cologique et difficile \u00e0 casser. Ce Boomerang en caoutchouc est id\u00e9al pour lancer, rapporter et tirer. Il r\u00e9pond aux diff\u00e9rents besoins des chiots et r\u00e9duit la solitude des chiens. Ce jouet pour chien peut \u00eatre utilis\u00e9 longtemps.<\/span><\/li>\n<li class=\"a-spacing-mini\"><span class=\"a-list-item\">Utilisations multiples : Le jouet Boomerang pour chiot est parfait pour une utilisation en ext\u00e9rieur, comme dans une maison, une cour, un parc, un jardin, une pelouse, une place, un patio et n&rsquo;importe o\u00f9. Le jouet en caoutchouc pour chien est parfait pour les animaux de compagnie, les chiens, les chats et les chiots. Le jouet Boomerang dans le jeu de lancer et de rapporter renforce l&rsquo;affection entre les humains et les chiens et augmente l&rsquo;ob\u00e9issance des animaux \u00e0 leur propri\u00e9taire. Le jouet Boomerang pour chien peut \u00eatre utilis\u00e9 au quotidien.<\/span><\/li>\n<li class=\"a-spacing-mini\"><span class=\"a-list-item\">Jouets pour chiens : Le jouet \u00e0 rapporter pour chiots Boomerang offre des heures de plaisir et d&rsquo;exercices sans fin pour les chiens et les propri\u00e9taires d&rsquo;animaux de compagnie. Le jouet pour chien Boomerang en caoutchouc est id\u00e9al pour un jeu de rapport. Les jouets pour chiens sont fabriqu\u00e9s \u00e0 partir de caoutchouc durable. Le jouet \u00e0 rapporter pour chiots Boomerang est disponible en trois couleurs assorties jaune, rose et bleu, vous recevrez donc une couleur s\u00e9lectionn\u00e9e au hasard.<\/span><\/li>\n<li class=\"a-spacing-mini\"><span class=\"a-list-item\">Caract\u00e9ristiques : Le jouet Boomerang en caoutchouc est un excellent jouet pour les chiots Le disque volant en caoutchouc pour chien est pratique \u00e0 utiliser et facile \u00e0 utiliser Le jouet Boomerang pour chien est facile \u00e0 nettoyer lorsqu&rsquo;il est sale, vous pouvez facilement le laver \u00e0 l&rsquo;eau Le Boomerang en caoutchouc est facile \u00e0 ranger lorsqu&rsquo;il n&rsquo;est pas utilis\u00e9 Les jouets pour chiens sont d&rsquo;une conception durable qui encourage les chiens \u00e0 courir et \u00e0 jouer et peuvent \u00eatre utilis\u00e9s pour les activit\u00e9s de dressage de chiens<\/span><\/li>\n<li class=\"a-spacing-mini\"><span class=\"a-list-item\">Le forfait comprend : Le jouet en caoutchouc pour chien est facile \u00e0 utiliser Ce forfait vous offre seulement un paquet de 1 Boomerang pour chien Le disque volant en caoutchouc pour chien est de bonne qualit\u00e9 et offre un excellent rapport qualit\u00e9-prix Le jouet en caoutchouc pour chien est disponible en taille de 13 cm Le jouet Boomerang Fetch est id\u00e9alement dimensionn\u00e9 pour pouvoir \u00eatre transport\u00e9 dans une poche n&rsquo;importe o\u00f9 Le jouet Boomerang en caoutchouc est l\u00e9ger, portable et facile \u00e0 transporter<\/span><\/li>\n<\/ul>\n","protected":false},"excerpt":{"rendered":"<p>\u00c0 propos de cet article Excellente qualit\u00e9 : ce Boomerang en caoutchouc est fabriqu\u00e9 dans un mat\u00e9riau de haute qualit\u00e9, robuste, durable, non toxique, inodore, s\u00fbr, r\u00e9utilisable, lavable, \u00e9cologique et difficile \u00e0 casser. Ce Boomerang en caoutchouc est id\u00e9al pour lancer, rapporter et tirer. Il r\u00e9pond aux diff\u00e9rents besoins des chiots et r\u00e9duit la solitude [&#8230;]\n","protected":false},"featured_media":20073,"template":"","meta":{"jetpack_publicize_message":"","jetpack_publicize_feature_enabled":true,"jetpack_social_post_already_shared":true,"jetpack_social_options":{"image_generator_settings":{"template":"highway","default_image_id":0,"font":"","enabled":false},"version":2}},"product_brand":[],"product_cat":[23,106],"product_tag":[],"class_list":{"0":"post-20072","1":"product","2":"type-product","3":"status-publish","4":"has-post-thumbnail","6":"product_cat-chien","7":"product_cat-jouet-et-dressage","9":"first","10":"instock","11":"sale","12":"taxable","13":"shipping-taxable","14":"purchasable","15":"product-type-simple"},"supplier_id":5593,"supplier_sku":"","barcode":null,"atum_controlled":true,"out_stock_date":null,"out_stock_threshold":null,"inheritable":false,"inbound_stock":0,"stock_on_hold":0,"sold_today":0,"sales_last_days":0,"reserved_stock":0,"customer_returns":0,"warehouse_damage":0,"lost_in_post":0,"other_logs":0,"out_stock_days":0,"lost_sales":0,"has_location":false,"update_date":"2026-05-08T00:20:41","atum_locations":[],"atum_stock_status":"instock","restock_status":false,"low_stock_amount":2,"sales_update_date":"2026-05-08T00:20:40","calc_backorders":null,"jetpack_publicize_connections":[],"jetpack_sharing_enabled":true,"batches":[],"_links":{"self":[{"href":"https:\/\/petworld.ma\/index.php\/wp-json\/wp\/v2\/product\/20072","targetHints":{"allow":["GET"]}}],"collection":[{"href":"https:\/\/petworld.ma\/index.php\/wp-json\/wp\/v2\/product"}],"about":[{"href":"https:\/\/petworld.ma\/index.php\/wp-json\/wp\/v2\/types\/product"}],"wp:featuredmedia":[{"embeddable":true,"href":"https:\/\/petworld.ma\/index.php\/wp-json\/wp\/v2\/media\/20073"}],"wp:attachment":[{"href":"https:\/\/petworld.ma\/index.php\/wp-json\/wp\/v2\/media?parent=20072"}],"wp:term":[{"taxonomy":"product_brand","embeddable":true,"href":"https:\/\/petworld.ma\/index.php\/wp-json\/wp\/v2\/product_brand?post=20072"},{"taxonomy":"product_cat","embeddable":true,"href":"https:\/\/petworld.ma\/index.php\/wp-json\/wp\/v2\/product_cat?post=20072"},{"taxonomy":"product_tag","embeddable":true,"href":"https:\/\/petworld.ma\/index.php\/wp-json\/wp\/v2\/product_tag?post=20072"}],"curies":[{"name":"wp","href":"https:\/\/api.w.org\/{rel}","templated":true}]}}