{"id":20353,"date":"2025-04-08T09:44:52","date_gmt":"2025-04-08T09:44:52","guid":{"rendered":"https:\/\/petworld.ma\/?post_type=product&#038;p=20353"},"modified":"2026-05-07T11:11:34","modified_gmt":"2026-05-07T11:11:34","slug":"pro-plan-sterilised-adult-renal-plus-poulet-pour-chat-1-5kg","status":"publish","type":"product","link":"https:\/\/petworld.ma\/index.php\/produit\/pro-plan-sterilised-adult-renal-plus-poulet-pour-chat-1-5kg\/","title":{"rendered":"Pro Plan Adult Renal Plus Poulet pour chat 1.5kg"},"content":{"rendered":"<ul>\n<li>Croquettes pour Chat Adulte sans besoins sp\u00e9cifiques<\/li>\n<li>RENAL PLUS est une formulation unique qui maintient une fonction r\u00e9nale saine<\/li>\n<li>Con\u00e7u sp\u00e9cifiquement pour maintenir des reins en bonne sant\u00e9 gr\u00e2ce \u00e0 une am\u00e9lioration des param\u00e8tres oxydatifs observ\u00e9e apr\u00e8s 6 semaines<\/li>\n<li>Soutient un syst\u00e8me immunitaire sain gr\u00e2ce \u00e0 une forte teneur en vitamines et en antioxydants<\/li>\n<li>Une recette \u00e9quilibr\u00e9e en min\u00e9raux et avec une haute teneur en prot\u00e9ines afin de soutenir des articulations saines et une bonne mobilit\u00e9<\/li>\n<li>Sans colorants ajout\u00e9s. Sans ar\u00f4mes ajout\u00e9s<\/li>\n<li><strong>Caract\u00e9ristiques<\/strong>\n<ul>\n<li>RENAL PLUS est une formulation unique qui maintient une fonction r\u00e9nale saine.<\/li>\n<li>Con\u00e7u sp\u00e9cifiquement pour maintenir des reins en bonne sant\u00e9 gr\u00e2ce \u00e0 une am\u00e9lioration des param\u00e8tres oxydatifs observ\u00e9e apr\u00e8s 6 semaines.<\/li>\n<li>Soutient un syst\u00e8me immunitaire sain gr\u00e2ce \u00e0 une forte teneur en vitamines et en antioxydants.<\/li>\n<li>Une recette \u00e9quilibr\u00e9e en min\u00e9raux et avec une haute teneur en<br \/>\nprot\u00e9ines afin de soutenir des articulations saines et une bonne mobilit\u00e9.<\/li>\n<li>Sans colorants ajout\u00e9s. Sans ar\u00f4mes ajout\u00e9s.<\/li>\n<\/ul>\n<\/li>\n<\/ul>\n<p>Aliment complet pour le maintien en bonne sant\u00e9 des chats adultes (1an et +) sans besoins sp\u00e9cifiques.<br \/>\nLes croquettes pour chat PURINA\u00ae PRO PLAN\u00ae sont scientifiquement formul\u00e9es pour r\u00e9pondre aux besoins sp\u00e9cifiques des chats adultes. Avec cette alimentation riche en prot\u00e9ines et \u00e0 teneur \u00e9quilibr\u00e9e en min\u00e9raux, PRO PLAN\u00ae aide votre chat \u00e0 conserver des articulations saines et une bonne mobilit\u00e9.<br \/>\nDe plus la technologie RENAL PLUS contient une combinaison sp\u00e9cifique d&rsquo;ingr\u00e9dients qui maintient une fonction r\u00e9nale saine*<\/p>\n<p>PRO PLAN\u00ae RENAL PLUS est formul\u00e9 avec du Poulet de haute qualit\u00e9 en 1er ingr\u00e9dient. \u00a0Sans colorants ajout\u00e9s. Sans ar\u00f4mes ajout\u00e9s.<\/p>\n<p>*Ce produit est con\u00e7u pour maintenir les chats en bonne sant\u00e9. Si votre chat a besoin d&rsquo;un traitement r\u00e9nal sp\u00e9cifique, veuillez consulter votre v\u00e9t\u00e9rinaire.<br \/>\n**Recherche interne Purina, 2006. Effets d&rsquo;un m\u00e9lange de nutriments sur les param\u00e8tres de sant\u00e9 r\u00e9nale chez 40 chats pendant 3 mois.<\/p>\n<p>&nbsp;<\/p>\n<p><strong>Composition<\/strong><\/p>\n<p>Poulet de haute qualit\u00e9 (21%) (dont dos et coffre)<br \/>\nProt\u00e9ines de volaille d\u00e9shydrat\u00e9es<br \/>\nBl\u00e9<br \/>\nRiz<br \/>\nFarine de prot\u00e9ines de ma\u00efs<br \/>\nGluten de bl\u00e9<br \/>\nGraisses animales<br \/>\nMa\u00efs<br \/>\nOeufs d\u00e9shydrat\u00e9s<br \/>\nRacine de chicor\u00e9e s\u00e9ch\u00e9e<br \/>\nSubstances min\u00e9rales<br \/>\nHuile de poisson<br \/>\nHydrolysat<br \/>\nLevures.<\/p>\n<p>&nbsp;<\/p>\n<p><strong>Constituants analytiques<\/strong><\/p>\n<p>Humidit\u00e9 6,0 %<br \/>\nProt\u00e9ine 38,0 %<br \/>\nMati\u00e8res grasses 16,0 %<br \/>\nGlucides 33 %<br \/>\nCellulose brute 1,5 %<br \/>\nCendres brutes 7,5 %<br \/>\nTaurine 1709 mg\/kg<\/p>\n<p><strong>Additifs : additifs nutritionnels<\/strong><\/p>\n<p>MIN\u00c9RAUX :<br \/>\nCalcium : 1,48 %<br \/>\nPhosphore : 1,24 %<br \/>\nRapport Ca\/P : 1,19<br \/>\nSodium : 0,45 %<br \/>\nChlore : 0,68 %<br \/>\nPotassium : 0,76 %<br \/>\nMagn\u00e9sium : 0,10 %<br \/>\nFer : 110 mg\/kg<br \/>\nZinc : 100 mg\/kg<br \/>\nCuivre : 11 mg\/kg<br \/>\nMangan\u00e8se : 40 mg\/kg<br \/>\nIode : 1,7 mg\/kg<br \/>\nS\u00e9l\u00e9nium : 0,11 mg\/kg<\/p>\n<p>VITAMINES :<br \/>\nVit A : 30 000 UI\/kg<br \/>\nVit D3 : 1 000 UI\/kg<br \/>\nVit E : 670 UI\/kg<br \/>\nVit C : 140 mg\/kg<br \/>\nVit K : 0,16 mg\/kg<br \/>\nVit B1 : 29 mg\/kg<br \/>\nVit B2 : 16 mg\/kg<br \/>\nVit B3 : 191 mg\/kg<br \/>\nVit B5 : 51 mg\/kg<br \/>\nVit B6 : 20 mg\/kg<br \/>\nVit B8 : 0,33 mg\/kg<br \/>\nVit B9 : 5,13 mg\/kg<br \/>\nVit B12 : 0,29 mg\/kg<\/p>\n<p>ACIDES GRAS ESSENTIELS :<br \/>\nOm\u00e9ga-6 : 2,15 %<br \/>\ndont Acide linol\u00e9ique : 2,01%<br \/>\ndont Acide arachidonique : 0,14 %<br \/>\nOm\u00e9ga-3 : 0,43 %<br \/>\nEPA+DHA : 0,27 %<\/p>\n<p><strong>Apports caloriques moyens dans l\u2019aliment<\/strong><\/p>\n<p>\u00c9nergie m\u00e9tabolisable (calcul\u00e9e) : 4,05 Kcal\/g<br \/>\nRapport Protido-calorique : 89<\/p>\n<p>&nbsp;<\/p>\n<p><strong>Guide d&rsquo;alimentation<\/strong><\/p>\n<p>Les rations journali\u00e8res n\u00e9cessaires pour maintenir une masse corporelle id\u00e9ale varient en fonction de l\u2019\u00e2ge, de l\u2019activit\u00e9 et de l\u2019environnement de votre chat. Surveillez le poids de votre chat et adaptez en cons\u00e9quence la quantit\u00e9 de nourriture. De l\u2019eau propre et fra\u00eeche doit toujours \u00eatre disponible. Pour la sant\u00e9 de votre chat, consultez r\u00e9guli\u00e8rement votre v\u00e9t\u00e9rinaire.<\/p>\n<p>Quel est le poids de votre chat ?<\/p>\n<div class=\"table-wrapper\">\n<table>\n<tbody>\n<tr>\n<td><strong>Poids du chat<\/strong><strong> (kg)<\/strong><\/td>\n<td><strong>g \/ jour<\/strong><\/td>\n<\/tr>\n<tr>\n<td>2<\/td>\n<td>25<\/td>\n<\/tr>\n<tr>\n<td>3<\/td>\n<td>40<\/td>\n<\/tr>\n<tr>\n<td>4<\/td>\n<td>55<\/td>\n<td><\/td>\n<\/tr>\n<tr>\n<td>5<\/td>\n<td>70<\/td>\n<\/tr>\n<tr>\n<td>6<\/td>\n<td>85<\/td>\n<\/tr>\n<tr>\n<td>&gt;6<\/td>\n<td>+ 15 g\/kg<\/td>\n<\/tr>\n<\/tbody>\n<\/table>\n<\/div>\n","protected":false},"excerpt":{"rendered":"<p>Croquettes \u00e9quilibr\u00e9es pour chats adultes st\u00e9rilis\u00e9s\/castr\u00e9s,\u00a0<b>teneur en prot\u00e9ines \u00e9lev\u00e9e (41 %), taux de mati\u00e8res grasses r\u00e9duit,\u00a0<\/b>favorisent la sant\u00e9 des voies urinaires, agissent contre le tartre.<\/p>\n","protected":false},"featured_media":20358,"template":"","meta":{"jetpack_publicize_message":"","jetpack_publicize_feature_enabled":true,"jetpack_social_post_already_shared":true,"jetpack_social_options":{"image_generator_settings":{"template":"highway","default_image_id":0,"font":"","enabled":false},"version":2}},"product_brand":[],"product_cat":[36,40],"product_tag":[],"class_list":{"0":"post-20353","1":"product","2":"type-product","3":"status-publish","4":"has-post-thumbnail","6":"product_cat-chat","7":"product_cat-coquettes-pour-chat","9":"first","10":"instock","11":"sale","12":"taxable","13":"shipping-taxable","14":"purchasable","15":"product-type-simple"},"supplier_id":5598,"supplier_sku":"","barcode":null,"atum_controlled":true,"out_stock_date":null,"out_stock_threshold":null,"inheritable":false,"inbound_stock":0,"stock_on_hold":1,"sold_today":0,"sales_last_days":0,"reserved_stock":0,"customer_returns":0,"warehouse_damage":0,"lost_in_post":0,"other_logs":0,"out_stock_days":0,"lost_sales":0,"has_location":false,"update_date":"2026-05-10T00:22:04","atum_locations":[],"atum_stock_status":"instock","restock_status":false,"low_stock_amount":2,"sales_update_date":"2026-05-10T00:22:04","calc_backorders":null,"jetpack_publicize_connections":[],"jetpack_sharing_enabled":true,"batches":[{"id":"2804","date_created":"2025-04-08 10:22:37","date_expiry":"2026-01-31 00:00:00","user_id":"2753","batch_number":"PPSterilisedAdultRenalPlusPouletchat1.5kg0126","location":"","quantity":"6.0000","quantity_available":"0.0000","units":"1","status":"archived","order_ids":"[21399,22114,23718,24855,25662,25980]","supplier":"Proplan","po":{"id":"2771","date_created":"2025-04-08 10:22:38","batch_id":"2804","po_number":"","supplier":"Proplan","cost":null,"regular_price":null,"sale_price":null,"price_margin":null,"price_discount":null}},{"id":"2806","date_created":"2025-04-08 10:22:40","date_expiry":"2026-03-31 00:00:00","user_id":"2753","batch_number":"PPSterilisedAdultRenalPlusPouletchat1.5kg0326","location":"","quantity":"2.0000","quantity_available":"0.0000","units":"1","status":"archived","order_ids":"[26316,29081,35547]","supplier":"Proplan","po":{"id":"2774","date_created":"2025-04-08 10:22:41","batch_id":"2806","po_number":"","supplier":"Proplan","cost":null,"regular_price":null,"sale_price":null,"price_margin":null,"price_discount":null}},{"id":"3447","date_created":"2025-05-15 21:57:38","date_expiry":"2026-05-31 00:00:00","user_id":"2753","batch_number":"PPSterilisedAdultRenalPlusPouletchat1.5kg0526","location":"","quantity":"2.0000","quantity_available":"0.0000","units":"1","status":"archived","order_ids":"[29799,30029]","supplier":"Proplan","po":{"id":"3414","date_created":"2025-05-15 21:57:38","batch_id":"3447","po_number":"","supplier":"Proplan","cost":null,"regular_price":null,"sale_price":null,"price_margin":null,"price_discount":null}},{"id":"3645","date_created":"2025-05-29 08:44:52","date_expiry":"2026-05-31 00:00:00","user_id":"2753","batch_number":"PPSterilisedAdultRenalPlusPouletchat1.5kg0526","location":"","quantity":"1.0000","quantity_available":"0.0000","units":"1","status":"archived","order_ids":"[29219]","supplier":"Proplan","po":{"id":"3612","date_created":"2025-05-29 08:44:52","batch_id":"3645","po_number":"","supplier":"Proplan","cost":null,"regular_price":null,"sale_price":null,"price_margin":null,"price_discount":null}},{"id":"4609","date_created":"2025-07-31 18:04:55","date_expiry":"2026-07-31 00:00:00","user_id":"2753","batch_number":"PPSterilisedAdultRenalPlusPouletchat1.5kg0726","location":"","quantity":"1.0000","quantity_available":"0.0000","units":"1","status":"archived","order_ids":"[32558]","supplier":"Proplan","po":{"id":"4573","date_created":"2025-07-31 18:04:56","batch_id":"4609","po_number":"","supplier":"Proplan","cost":null,"regular_price":null,"sale_price":null,"price_margin":null,"price_discount":null}},{"id":"7607","date_created":"2026-02-10 12:09:53","date_expiry":"2026-12-31 00:00:00","user_id":"2753","batch_number":"PPSterilisedAdultRenalPlusPouletchat1.5kg1226","location":"","quantity":"1.0000","quantity_available":"0.0000","units":"1","status":"archived","order_ids":"[38316]","supplier":"Proplan","po":{"id":"7542","date_created":"2026-02-10 12:09:53","batch_id":"7607","po_number":"","supplier":"Proplan","cost":null,"regular_price":null,"sale_price":null,"price_margin":null,"price_discount":null}},{"id":"8836","date_created":"2026-04-15 13:05:38","date_expiry":"2027-02-28 00:00:00","user_id":"2753","batch_number":"PPSterilisedAdultRenalPlusPouletchat1.5kg0227","location":"","quantity":"2.0000","quantity_available":"1.0000","units":"1","status":"active","order_ids":"[41254]","supplier":"Proplan","po":{"id":"8763","date_created":"2026-04-15 13:05:38","batch_id":"8836","po_number":"","supplier":"Proplan","cost":null,"regular_price":null,"sale_price":null,"price_margin":null,"price_discount":null}},{"id":"9341","date_created":"2026-05-07 11:11:33","date_expiry":"2027-02-28 00:00:00","user_id":"2753","batch_number":"PPSterilisedAdultRenalPlusPouletchat1.5kg0227","location":"","quantity":"1.0000","quantity_available":"1.0000","units":"1","status":"active","order_ids":null,"supplier":"Proplan","po":{"id":"9263","date_created":"2026-05-07 11:11:33","batch_id":"9341","po_number":"","supplier":"Proplan","cost":null,"regular_price":null,"sale_price":null,"price_margin":null,"price_discount":null}}],"_links":{"self":[{"href":"https:\/\/petworld.ma\/index.php\/wp-json\/wp\/v2\/product\/20353","targetHints":{"allow":["GET"]}}],"collection":[{"href":"https:\/\/petworld.ma\/index.php\/wp-json\/wp\/v2\/product"}],"about":[{"href":"https:\/\/petworld.ma\/index.php\/wp-json\/wp\/v2\/types\/product"}],"wp:featuredmedia":[{"embeddable":true,"href":"https:\/\/petworld.ma\/index.php\/wp-json\/wp\/v2\/media\/20358"}],"wp:attachment":[{"href":"https:\/\/petworld.ma\/index.php\/wp-json\/wp\/v2\/media?parent=20353"}],"wp:term":[{"taxonomy":"product_brand","embeddable":true,"href":"https:\/\/petworld.ma\/index.php\/wp-json\/wp\/v2\/product_brand?post=20353"},{"taxonomy":"product_cat","embeddable":true,"href":"https:\/\/petworld.ma\/index.php\/wp-json\/wp\/v2\/product_cat?post=20353"},{"taxonomy":"product_tag","embeddable":true,"href":"https:\/\/petworld.ma\/index.php\/wp-json\/wp\/v2\/product_tag?post=20353"}],"curies":[{"name":"wp","href":"https:\/\/api.w.org\/{rel}","templated":true}]}}