{"id":20624,"date":"2025-04-14T14:05:17","date_gmt":"2025-04-14T14:05:17","guid":{"rendered":"https:\/\/petworld.ma\/?post_type=product&#038;p=20624"},"modified":"2026-03-25T07:14:07","modified_gmt":"2026-03-25T07:14:07","slug":"lingettes-amoremio-humides-pour-chiens-et-chats-40-pcs-citronnelle","status":"publish","type":"product","link":"https:\/\/petworld.ma\/index.php\/produit\/lingettes-amoremio-humides-pour-chiens-et-chats-40-pcs-citronnelle\/","title":{"rendered":"Lingettes Amoremio humides pour chiens et chats (40 PCS) Citronnelle"},"content":{"rendered":"<ul class=\"a-unordered-list a-vertical a-spacing-mini\">\n<li class=\"a-spacing-mini\"><span class=\"a-list-item\">Ils sont enrichis en extraits de plantes biologiques et gr\u00e2ce aux mol\u00e9cules actives sans odeur, le produit aide \u00e0 contrer l&rsquo;apparition de mauvaises odeurs, en particulier lorsque le pelage est mouill\u00e9 par la pluie<\/span><\/li>\n<li class=\"a-spacing-mini\"><span class=\"a-list-item\">Nouveau format de 30 x 20 cm, ce qui le rend plus confortable pour les grands animaux<\/span><\/li>\n<li class=\"a-spacing-mini\"><span class=\"a-list-item\">Formul\u00e9es avec des ingr\u00e9dients sp\u00e9cialement s\u00e9lectionn\u00e9s et adapt\u00e9s pour \u00e9viter les intol\u00e9rances<\/span><\/li>\n<li class=\"a-spacing-mini\"><span class=\"a-list-item\">Convient pour chiens, chats et chiots<\/span><\/li>\n<li class=\"a-spacing-mini\"><span class=\"a-list-item\">Dimensions de la lingette : 30 x 20 cm<\/span><\/li>\n<li class=\"a-spacing-mini\"><span class=\"a-list-item\">Avec couvercle en plastique<\/span><\/li>\n<\/ul>\n","protected":false},"excerpt":{"rendered":"<p><b>Citronnelle<\/b><\/p>\n","protected":false},"featured_media":20625,"template":"","meta":{"jetpack_publicize_message":"","jetpack_publicize_feature_enabled":true,"jetpack_social_post_already_shared":true,"jetpack_social_options":{"image_generator_settings":{"template":"highway","default_image_id":0,"font":"","enabled":false},"version":2}},"product_brand":[],"product_cat":[225,224],"product_tag":[],"class_list":{"0":"post-20624","1":"product","2":"type-product","3":"status-publish","4":"has-post-thumbnail","6":"product_cat-lingettes-serviettes-hygiene-et-soins-pour-chat","7":"product_cat-lingettes-serviettes","9":"first","10":"instock","11":"taxable","12":"shipping-taxable","13":"purchasable","14":"product-type-simple"},"supplier_id":8770,"supplier_sku":"ART018","barcode":null,"atum_controlled":true,"out_stock_date":null,"out_stock_threshold":null,"inheritable":false,"inbound_stock":0,"stock_on_hold":0,"sold_today":0,"sales_last_days":0,"reserved_stock":0,"customer_returns":0,"warehouse_damage":0,"lost_in_post":0,"other_logs":0,"out_stock_days":0,"lost_sales":0,"has_location":false,"update_date":"2026-05-13T00:20:15","atum_locations":[],"atum_stock_status":"instock","restock_status":false,"low_stock_amount":2,"sales_update_date":"2026-05-13T00:20:14","calc_backorders":null,"jetpack_publicize_connections":[],"jetpack_sharing_enabled":true,"batches":[],"_links":{"self":[{"href":"https:\/\/petworld.ma\/index.php\/wp-json\/wp\/v2\/product\/20624","targetHints":{"allow":["GET"]}}],"collection":[{"href":"https:\/\/petworld.ma\/index.php\/wp-json\/wp\/v2\/product"}],"about":[{"href":"https:\/\/petworld.ma\/index.php\/wp-json\/wp\/v2\/types\/product"}],"wp:featuredmedia":[{"embeddable":true,"href":"https:\/\/petworld.ma\/index.php\/wp-json\/wp\/v2\/media\/20625"}],"wp:attachment":[{"href":"https:\/\/petworld.ma\/index.php\/wp-json\/wp\/v2\/media?parent=20624"}],"wp:term":[{"taxonomy":"product_brand","embeddable":true,"href":"https:\/\/petworld.ma\/index.php\/wp-json\/wp\/v2\/product_brand?post=20624"},{"taxonomy":"product_cat","embeddable":true,"href":"https:\/\/petworld.ma\/index.php\/wp-json\/wp\/v2\/product_cat?post=20624"},{"taxonomy":"product_tag","embeddable":true,"href":"https:\/\/petworld.ma\/index.php\/wp-json\/wp\/v2\/product_tag?post=20624"}],"curies":[{"name":"wp","href":"https:\/\/api.w.org\/{rel}","templated":true}]}}