{"id":20646,"date":"2025-04-14T16:23:38","date_gmt":"2025-04-14T16:23:38","guid":{"rendered":"https:\/\/petworld.ma\/?post_type=product&#038;p=20646"},"modified":"2026-03-12T16:54:11","modified_gmt":"2026-03-12T16:54:11","slug":"whiskas-repas-classiques-poulet-et-boeuf-en-sauce-4x85g-4x85g","status":"publish","type":"product","link":"https:\/\/petworld.ma\/index.php\/produit\/whiskas-repas-classiques-poulet-et-boeuf-en-sauce-4x85g-4x85g\/","title":{"rendered":"Whiskas Repas classiques Poulet et b\u0153uf en sauce 4x85g"},"content":{"rendered":"<p><strong>Nourriture\u00a0humide pour chats adultes sous forme de morceaux avec du poulet et du b\u0153uf en sauce.<\/strong><\/p>\n<p>Ne contient pas de colorants, de conservateurs ou d&rsquo;ar\u00f4mes artificiels, ce qui en fait un excellent compl\u00e9ment \u00e0 l&rsquo;alimentation de votre chat.<\/p>\n<p><strong>Ingr\u00e9dients :<\/strong><br \/>\nviande et produits animaux, extraits de prot\u00e9ines v\u00e9g\u00e9tales, sucres, min\u00e9raux.<\/p>\n","protected":false},"excerpt":{"rendered":"<p class=\"ProductDescription-Subtitle\"><strong>Nourriture\u00a0humide pour chats adultes sous forme de morceaux avec du poulet et du b\u0153uf en sauce.<\/strong><\/p>\n","protected":false},"featured_media":20647,"template":"","meta":{"jetpack_publicize_message":"","jetpack_publicize_feature_enabled":true,"jetpack_social_post_already_shared":true,"jetpack_social_options":{"image_generator_settings":{"template":"highway","default_image_id":0,"font":"","enabled":false},"version":2}},"product_brand":[],"product_cat":[41],"product_tag":[],"class_list":{"0":"post-20646","1":"product","2":"type-product","3":"status-publish","4":"has-post-thumbnail","6":"product_cat-friandises-et-pate-pour-chat","8":"first","9":"outofstock","10":"taxable","11":"shipping-taxable","12":"purchasable","13":"product-type-simple"},"supplier_id":5592,"supplier_sku":"","barcode":null,"atum_controlled":true,"out_stock_date":"2026-03-12 16:54:11","out_stock_threshold":null,"inheritable":false,"inbound_stock":0,"stock_on_hold":0,"sold_today":0,"sales_last_days":0,"reserved_stock":0,"customer_returns":0,"warehouse_damage":0,"lost_in_post":0,"other_logs":0,"out_stock_days":61,"lost_sales":0,"has_location":false,"update_date":"2026-05-13T00:23:59","atum_locations":[],"atum_stock_status":"outofstock","restock_status":false,"low_stock_amount":5,"sales_update_date":"2026-05-13T00:23:59","calc_backorders":null,"jetpack_publicize_connections":[],"jetpack_sharing_enabled":true,"batches":[{"id":"3048","date_created":"2025-04-14 16:25:36","date_expiry":"2026-07-19 00:00:00","user_id":"2461","batch_number":"WhiskasBoeufPoulet190726","location":"","quantity":"13.0000","quantity_available":"0.0000","units":"1","status":"archived","order_ids":"[22111,22255,22385,22547,22557,23312]","supplier":"Casablanca","po":{"id":"3015","date_created":"2025-04-14 16:25:37","batch_id":"3048","po_number":"","supplier":"Casablanca","cost":null,"regular_price":null,"sale_price":null,"price_margin":null,"price_discount":null}},{"id":"4359","date_created":"2025-07-14 08:58:08","date_expiry":"2027-03-22 00:00:00","user_id":"2461","batch_number":"WhiskasBoeufPoulet220327","location":"","quantity":"36.0000","quantity_available":"0.0000","units":"1","status":"archived","order_ids":"[24637,25292,25670,25938,26706,27702,28773,29345,29868,30219,31011,31096,31616,31970,32095,32318,32717]","supplier":"Casablanca","po":{"id":"4323","date_created":"2025-07-14 08:58:09","batch_id":"4359","po_number":"","supplier":"Casablanca","cost":null,"regular_price":null,"sale_price":null,"price_margin":null,"price_discount":null}},{"id":"7593","date_created":"2026-02-09 15:53:21","date_expiry":"2027-03-22 00:00:00","user_id":"2461","batch_number":"WhiskasBoeufPoulet220327","location":"","quantity":"5.0000","quantity_available":"0.0000","units":"1","status":"archived","order_ids":"[35688,35844]","supplier":"Casablanca","po":{"id":"7528","date_created":"2026-02-09 15:53:21","batch_id":"7593","po_number":"","supplier":"Casablanca","cost":null,"regular_price":null,"sale_price":null,"price_margin":null,"price_discount":null}}],"_links":{"self":[{"href":"https:\/\/petworld.ma\/index.php\/wp-json\/wp\/v2\/product\/20646","targetHints":{"allow":["GET"]}}],"collection":[{"href":"https:\/\/petworld.ma\/index.php\/wp-json\/wp\/v2\/product"}],"about":[{"href":"https:\/\/petworld.ma\/index.php\/wp-json\/wp\/v2\/types\/product"}],"wp:featuredmedia":[{"embeddable":true,"href":"https:\/\/petworld.ma\/index.php\/wp-json\/wp\/v2\/media\/20647"}],"wp:attachment":[{"href":"https:\/\/petworld.ma\/index.php\/wp-json\/wp\/v2\/media?parent=20646"}],"wp:term":[{"taxonomy":"product_brand","embeddable":true,"href":"https:\/\/petworld.ma\/index.php\/wp-json\/wp\/v2\/product_brand?post=20646"},{"taxonomy":"product_cat","embeddable":true,"href":"https:\/\/petworld.ma\/index.php\/wp-json\/wp\/v2\/product_cat?post=20646"},{"taxonomy":"product_tag","embeddable":true,"href":"https:\/\/petworld.ma\/index.php\/wp-json\/wp\/v2\/product_tag?post=20646"}],"curies":[{"name":"wp","href":"https:\/\/api.w.org\/{rel}","templated":true}]}}