{"id":2068,"date":"2023-04-02T15:48:29","date_gmt":"2023-04-02T15:48:29","guid":{"rendered":"https:\/\/petworld.ma\/?post_type=product&#038;p=2068"},"modified":"2026-05-01T17:51:00","modified_gmt":"2026-05-01T17:51:00","slug":"brit-premium-by-nature-chat-adulte-poulet-8kg","status":"publish","type":"product","link":"https:\/\/petworld.ma\/index.php\/produit\/brit-premium-by-nature-chat-adulte-poulet-8kg\/","title":{"rendered":"Brit Premium by Nature Chat Adulte Poulet 1.5 kg ou 8kg"},"content":{"rendered":"<div class=\"hidden-xs\">\n<p>Nourriture compl\u00e8te pour chat adulte.<\/p>\n<\/div>\n<p>Nourriture attrayante et savoureuse \u00e0 base d\u2019ingr\u00e9dients naturels pour une alimentation saine au quotidien de tous les chats.<\/p>\n<ul>\n<li type=\"disc\">\u00c0 la sauce au foie de poulet<\/li>\n<li type=\"disc\">Contient de la pulpe de pomme, une source naturelle de fibres<\/li>\n<li type=\"disc\">Contient du romarin, des clous de girofle, du curcuma et des agrumes, des antioxydants naturels<\/li>\n<li type=\"disc\">Contient des pr\u00e9biotiques<\/li>\n<li type=\"disc\">SANS bl\u00e9, ma\u00efs et soja<\/li>\n<\/ul>\n<p class=\"composition\"><strong>Composition:<\/strong><\/p>\n<p>poulet d\u00e9shydrat\u00e9 40\u00a0%, riz, graisse de poulet, petits pois, pulpe de pomme d\u00e9shydrat\u00e9e, foie de poulet hydrolys\u00e9 2\u00a0%, huile de saumon 1\u00a0%, \u00e9pinards d\u00e9shydrat\u00e9s 0,5\u00a0%, mannan-oligosaccharides (150\u00a0mg\/kg), fructo-oligosaccharides (120\u00a0mg\/kg), yucca schidigera (80\u00a0mg\/kg), romarin d\u00e9shydrat\u00e9 (11\u00a0mg\/kg), clous de girofle d\u00e9shydrat\u00e9s (11\u00a0mg\/kg), agrumes d\u00e9shydrat\u00e9s (11\u00a0mg\/kg), curcuma d\u00e9shydrat\u00e9 (11\u00a0mg\/kg).<\/p>\n<p><strong>Composants analytiques:<\/strong><\/p>\n<p>prot\u00e9ine brute 36,0 %, mati\u00e8res grasses brutes 16,0 %, cellulose brute 3,1 %, cendres brutes 7,9 %, humidit\u00e9 10,0 %, calcium 1,5 %, phosphore 1,0 %, sodium 0,3 %, magn\u00e9sium 0,1 %.<\/p>\n<p><strong>Ingr\u00e9dients:<\/strong><\/p>\n<p>vitamine A (3a672a) 20000 UI, vitamine D<sub>3<\/sub>\u00a0(3a671) 850 UI, vitamine E (3a700) 600 mg, vitamine C (3a312) 250 mg, taurine (3a370) 2150 mg, biotine (3a880) 1,7 mg, zinc (3b606) 140 mg, mangan\u00e8se (3b504) 50 mg, fer (3b106) 50 mg, cuivre (3b406) 10 mg, iode (3b201) 3,5 mg, s\u00e9l\u00e9nium (3b810) 0,16 mg, L-m\u00e9thionine (3c305) 4000\u00a0mg. Om\u00e9ga-3\u00a0: 0,20\u00a0%, Om\u00e9ga-6\u00a0: 2,25\u00a0%.<\/p>\n<p><strong>Metabolizable energy:<\/strong><\/p>\n<p>3800 kcal\/kg.<\/p>\n","protected":false},"excerpt":{"rendered":"<p>Nourriture compl\u00e8te pour chat adulte. Nourriture attrayante et savoureuse \u00e0 base d\u2019ingr\u00e9dients naturels pour une alimentation saine au quotidien de tous les chats. \u00c0 la sauce au foie de poulet Contient de la pulpe de pomme, une source naturelle de fibres Contient du romarin, des clous de girofle, du curcuma et des agrumes, des antioxydants [&#8230;]\n","protected":false},"featured_media":2069,"template":"","meta":{"jetpack_publicize_message":"","jetpack_publicize_feature_enabled":true,"jetpack_social_post_already_shared":true,"jetpack_social_options":{"image_generator_settings":{"template":"highway","default_image_id":0,"font":"","enabled":false},"version":2}},"product_brand":[],"product_cat":[40],"product_tag":[],"class_list":{"0":"post-2068","1":"product","2":"type-product","3":"status-publish","4":"has-post-thumbnail","6":"product_cat-coquettes-pour-chat","8":"first","9":"instock","10":"sale","11":"taxable","12":"shipping-taxable","13":"purchasable","14":"product-type-variable"},"supplier_id":null,"supplier_sku":"","barcode":null,"atum_controlled":true,"out_stock_date":null,"out_stock_threshold":null,"inheritable":true,"inbound_stock":0,"stock_on_hold":0,"sold_today":0,"sales_last_days":3,"reserved_stock":0,"customer_returns":0,"warehouse_damage":0,"lost_in_post":0,"other_logs":0,"out_stock_days":0,"lost_sales":0,"has_location":false,"update_date":"2026-05-05T00:17:03","atum_locations":[],"atum_stock_status":"instock","restock_status":false,"low_stock_amount":"","sales_update_date":"2026-05-05T00:17:02","calc_backorders":null,"jetpack_publicize_connections":[],"jetpack_sharing_enabled":true,"batches":[],"_links":{"self":[{"href":"https:\/\/petworld.ma\/index.php\/wp-json\/wp\/v2\/product\/2068","targetHints":{"allow":["GET"]}}],"collection":[{"href":"https:\/\/petworld.ma\/index.php\/wp-json\/wp\/v2\/product"}],"about":[{"href":"https:\/\/petworld.ma\/index.php\/wp-json\/wp\/v2\/types\/product"}],"wp:featuredmedia":[{"embeddable":true,"href":"https:\/\/petworld.ma\/index.php\/wp-json\/wp\/v2\/media\/2069"}],"wp:attachment":[{"href":"https:\/\/petworld.ma\/index.php\/wp-json\/wp\/v2\/media?parent=2068"}],"wp:term":[{"taxonomy":"product_brand","embeddable":true,"href":"https:\/\/petworld.ma\/index.php\/wp-json\/wp\/v2\/product_brand?post=2068"},{"taxonomy":"product_cat","embeddable":true,"href":"https:\/\/petworld.ma\/index.php\/wp-json\/wp\/v2\/product_cat?post=2068"},{"taxonomy":"product_tag","embeddable":true,"href":"https:\/\/petworld.ma\/index.php\/wp-json\/wp\/v2\/product_tag?post=2068"}],"curies":[{"name":"wp","href":"https:\/\/api.w.org\/{rel}","templated":true}]}}