{"id":20683,"date":"2025-04-15T14:59:08","date_gmt":"2025-04-15T14:59:08","guid":{"rendered":"https:\/\/petworld.ma\/?post_type=product&#038;p=20683"},"modified":"2026-05-07T11:46:44","modified_gmt":"2026-05-07T11:46:44","slug":"hills-science-plan-aliment-pour-chien-adulte-mature-7-medium-au-poulet-2-5kg","status":"publish","type":"product","link":"https:\/\/petworld.ma\/index.php\/produit\/hills-science-plan-aliment-pour-chien-adulte-mature-7-medium-au-poulet-2-5kg\/","title":{"rendered":"Hill\u2019s Science Plan Aliment Pour Chien Adulte Mature 7+ Medium Au Poulet (2.5kg | 14kg)"},"content":{"rendered":"<div class=\"productAwareRichText richText component section default-style even col-xs-12 initialized\">\n<div class=\"component-content\">\n<div class=\"richText-content\">\n<p><span class=\"nowrap\">HILL&rsquo;S SCIENCE PLAN<\/span>\u00a0Aliment pour Chien Adulte Mature de race moyenne au poulet est formul\u00e9 pour les besoins sp\u00e9cifiques de vieillissement. Fournit une nutrition facile \u00e0 dig\u00e9rer avec un m\u00e9lange synergique d&rsquo;ingr\u00e9dients pour aider \u00e0 soutenir le niveau d&rsquo;\u00e9nergie et d&rsquo;activit\u00e9.<\/p>\n<p><b>Principaux avantages<\/b><\/p>\n<ul>\n<li>Om\u00e9ga-6 et vitamine E pour une belle peau et un pelage brillant<\/li>\n<li>Min\u00e9raux \u00e9quilibr\u00e9s pour la sant\u00e9 du coeur et des reins<\/li>\n<li>Prot\u00e9ine de haute qualit\u00e9 pour les muscles<\/li>\n<\/ul>\n<\/div>\n<\/div>\n<\/div>\n<div class=\"conditionalBox box component section pdp-2019-only-pd odd col-xs-12\"><\/div>\n<div class=\"conditionalBox box component section pdp-2019-only-pd even col-xs-12\"><strong>Informations compl\u00e9mentaires :<\/strong><\/div>\n<div class=\"conditionalBox box component section pdp-2019-only-pd odd col-xs-12\">\n<div id=\"0412457811\" class=\"component-content\">\n<div class=\"paragraphSystem content\">\n<div class=\"productAwareRichText richText component section col-xs-12 productawarerichtext default-style initialized\">\n<div class=\"component-content\">\n<div class=\"richText-content\">\n<p>Une alimentation savoureuse pour une vie longue et heureuse. Personne ne peut vous accueillir comme votre chien, avec ses nombreux signes d&rsquo;affections. Parce que chaque moment que vous passez ensemble est sp\u00e9cial, nous nous effor\u00e7ons de vous en donner plus encore. Avec des ingr\u00e9dients complets et les bons nutriments,\u00a0<span class=\"nowrap\">HILL&rsquo;S SCIENCE PLAN<\/span>\u00a0est pr\u00e9cis\u00e9ment formul\u00e9 pour offrir \u00e0 votre chien la nutrition dont il a besoin pour une longue vie heureuse et en bonne sant\u00e9.<\/p>\n<p>Nous fabriquons nos aliments pour animaux de compagnie avec des ingr\u00e9dients de la plus haute qualit\u00e9. Ces ingr\u00e9dients doivent r\u00e9pondre \u00e0 nos exigences les plus strictes en mati\u00e8re de puret\u00e9 et de teneur en \u00e9l\u00e9ments nutritifs, qui d\u00e9passent les normes de l&rsquo;industrie.<\/p>\n<p>Vous pouvez contribuer \u00e0 am\u00e9liorer la vie des animaux de compagnie des refuges. Avec chaque achat de HILL\u2019S <span class=\"nowrap\">SCIENCE PLAN<\/span>, vous aidez \u00e0 nourrir plus de 100 000 animaux chaque jour, 365 jours par an. En savoir plus sur hillsfoodshelterlove.com.<\/p>\n<\/div>\n<\/div>\n<\/div>\n<\/div>\n<\/div>\n<\/div>\n<div class=\"box component section pdp-2019-only-pd even col-xs-12\">\n<div id=\"648710132\" class=\"component-content\">\n<div class=\"paragraphSystem content\">\n<div class=\"productAwareRichText richText component section default-style first odd last col-xs-12 initialized\">\n<div class=\"component-content\">\n<div class=\"richText-content\">\n<p>Les aliments <span class=\"nowrap\">SCIENCE PLAN<\/span>\u00a0sont disponibles dans une vari\u00e9t\u00e9 de croquettes et de friandises r\u00e9pondant aux besoins uniques de votre chien, ainsi qu&rsquo;en aliments humides aux saveurs d\u00e9licieuses et vari\u00e9es, que votre chien va adorer.<\/p>\n<p><strong><span style=\"color: #333333;\">Recommandations :<\/span><\/strong><\/p>\n<\/div>\n<\/div>\n<\/div>\n<\/div>\n<\/div>\n<\/div>\n<div class=\"conditionalBox box component section default-style odd col-xs-12\">\n<div id=\"1517239228\" class=\"component-content\">\n<div class=\"paragraphSystem content\">\n<div class=\"productAwareRichText richText component section col-xs-12 productawarerichtext default-style initialized\">\n<div class=\"component-content\">\n<div class=\"richText-content\">\n<p>Chiens adultes matures \u00e2g\u00e9s de 7 ans et plus.<\/p>\n<\/div>\n<\/div>\n<\/div>\n<\/div>\n<\/div>\n<\/div>\n<div class=\"conditionalBox box component section default-style even col-xs-12\">\n<div id=\"1014499245\" class=\"component-content\">\n<div class=\"paragraphSystem content\">\n<div class=\"productAwareRichText richText component section default-style first odd last col-xs-12 initialized\">\n<div class=\"component-content\">\n<div class=\"richText-content\">\n<h4><strong>Ne pas utiliser cet aliment : <\/strong>Chiots, ou chiens adultes (de moins de 7 ans). Femelles en gestation ou en lactation. Pendant la gestation ou la lactation, utilisez l&rsquo;aliment pour chiot\u00a0<span class=\"nowrap\">HILL&rsquo;S SCIENCE PLAN<\/span>\u00a0Puppy.<\/h4>\n<div class=\"productAwareRichText richText component section schema-ingredients-tab first odd col-xs-12 col-lg-12 col-lg-offset-0 initialized\">\n<div class=\"component-content\">\n<div class=\"richText-content\">\n<p><strong>COMPOSITION<\/strong>: Ma\u00efs, froment, prot\u00e9ines d\u00e9shydrat\u00e9es de poulet et de dinde, graisses animales, hydrolysat de prot\u00e9ines animales, graines de lin, pulpe de betterave s\u00e9ch\u00e9e, substances min\u00e9rales, huile v\u00e9g\u00e9tale, cartilage de porc (source de sulfate de chondro\u00eftine), hydrolysat de coquille de crustac\u00e9 (source de glucosamine).<\/p>\n<\/div>\n<\/div>\n<\/div>\n<div class=\"productAwareRichText richText component section default-style even col-xs-12 col-lg-12 col-lg-offset-0 initialized\">\n<div class=\"component-content\">\n<div class=\"richText-content\">\n<p><strong>CONSTITUANTS ANALYTIQUES<\/strong>: Prot\u00e9ines 16,9%, Teneur en mati\u00e8res grasses 13,9%, Cellulose brute 1,9%, Acides gras om\u00e9ga-6 2,9%, Cendres brutes 4,5%, Calcium 0,68%, Phosphore 0,52%, Sodium 0,23%, Potassium 0,72%, Magn\u00e9sium 0,10%; par kg: Vitamine A 9 700UI, Vitamine D3 973UI, Vitamine E 550mg, Vitamine C 90mg, B\u00eata-carot\u00e8ne 1,5mg.<\/p>\n<\/div>\n<\/div>\n<\/div>\n<div class=\"productAwareRichText richText component section default-style odd last col-xs-12 col-lg-12 col-lg-offset-0 initialized\">\n<div class=\"component-content\">\n<div class=\"richText-content\">\n<p><strong>ADDITIFS PAR KG<\/strong>: Additifs nutritionnels: 3b103 (Fer) 76,3mg, 3b202 (Iode) 1,2mg, 3b405 (Cuivre) 7,5mg, 3b502 (Mangan\u00e8se) 7,9mg, 3b603 (Zinc) 158mg, 3b801 (S\u00e9l\u00e9nium) 0,2mg.<\/p>\n<h3>Guide alimentaire<\/h3>\n<table>\n<tbody>\n<tr>\n<td>Poids (kg)<\/td>\n<td>Sec (g)<\/td>\n<\/tr>\n<tr>\n<td>2.5<\/td>\n<td>55<\/td>\n<\/tr>\n<tr>\n<td>5<\/td>\n<td>90<\/td>\n<\/tr>\n<tr>\n<td>7.5<\/td>\n<td>120<\/td>\n<\/tr>\n<tr>\n<td>10<\/td>\n<td>150<\/td>\n<\/tr>\n<tr>\n<td>20<\/td>\n<td>250<\/td>\n<\/tr>\n<tr>\n<td>30<\/td>\n<td>340<\/td>\n<\/tr>\n<tr>\n<td>40<\/td>\n<td>425<\/td>\n<\/tr>\n<tr>\n<td>50<\/td>\n<td>500<\/td>\n<\/tr>\n<tr>\n<td>60 +<\/td>\n<td>9 par kg<\/td>\n<\/tr>\n<\/tbody>\n<\/table>\n<h3>Ration mixte sec \/ humide Guide alimentaire<\/h3>\n<table>\n<tbody>\n<tr>\n<td>Poids (kg)<\/td>\n<td>Bo\u00eetes 370g<\/td>\n<td>Sec (g)<\/td>\n<\/tr>\n<tr>\n<td>2.5<\/td>\n<td>1\/2<\/td>\n<td>5<\/td>\n<\/tr>\n<tr>\n<td>5<\/td>\n<td>1\/2<\/td>\n<td>40<\/td>\n<\/tr>\n<tr>\n<td>7.5<\/td>\n<td>1<\/td>\n<td>20<\/td>\n<\/tr>\n<tr>\n<td>10<\/td>\n<td>1<\/td>\n<td>50<\/td>\n<\/tr>\n<tr>\n<td>20<\/td>\n<td>1<\/td>\n<td>150<\/td>\n<\/tr>\n<tr>\n<td>30<\/td>\n<td>2<\/td>\n<td>140<\/td>\n<\/tr>\n<tr>\n<td>40<\/td>\n<td>2<\/td>\n<td>225<\/td>\n<\/tr>\n<tr>\n<td>50<\/td>\n<td>2<\/td>\n<td>300<\/td>\n<\/tr>\n<tr>\n<td>60 +<\/td>\n<td>2<\/td>\n<td>6 par kg<\/td>\n<\/tr>\n<\/tbody>\n<\/table>\n<h3>Adulte mature<\/h3>\n<table>\n<tbody>\n<tr>\n<th>Poids du chien &#8211; kgs<\/th>\n<th>Quantit\u00e9 journali\u00e8re &#8211; 370 g Bo\u00eetes<\/th>\n<th><\/th>\n<th>Quantit\u00e9 journali\u00e8re &#8211; g<\/th>\n<\/tr>\n<tr>\n<td>2,5<\/td>\n<td>0.5<\/td>\n<td>+<\/td>\n<td>5 g<\/td>\n<\/tr>\n<tr>\n<td>5<\/td>\n<td>0.5<\/td>\n<td>+<\/td>\n<td>45 g<\/td>\n<\/tr>\n<tr>\n<td>10<\/td>\n<td>1<\/td>\n<td>+<\/td>\n<td>60 g<\/td>\n<\/tr>\n<tr>\n<td>20<\/td>\n<td>1<\/td>\n<td>+<\/td>\n<td>160 g<\/td>\n<\/tr>\n<tr>\n<td>30<\/td>\n<td>2<\/td>\n<td>+<\/td>\n<td>160 g<\/td>\n<\/tr>\n<tr>\n<td>40<\/td>\n<td>2<\/td>\n<td>+<\/td>\n<td>240 g<\/td>\n<\/tr>\n<tr>\n<td>50+<\/td>\n<td>2<\/td>\n<td>+<\/td>\n<td>7 g par kg<\/td>\n<\/tr>\n<\/tbody>\n<\/table>\n<\/div>\n<\/div>\n<\/div>\n<\/div>\n<\/div>\n<\/div>\n<\/div>\n<\/div>\n<\/div>\n","protected":false},"excerpt":{"rendered":"<p>HILL&rsquo;S SCIENCE PLAN\u00a0Aliment pour Chien Adulte Mature de race moyenne au poulet est formul\u00e9 pour les besoins sp\u00e9cifiques de vieillissement. Fournit une nutrition facile \u00e0 dig\u00e9rer avec un m\u00e9lange synergique d&rsquo;ingr\u00e9dients pour aider \u00e0 soutenir le niveau d&rsquo;\u00e9nergie et d&rsquo;activit\u00e9. Principaux avantages Om\u00e9ga-6 et vitamine E pour une belle peau et un pelage brillant Min\u00e9raux [&#8230;]\n","protected":false},"featured_media":20690,"template":"","meta":{"jetpack_publicize_message":"","jetpack_publicize_feature_enabled":true,"jetpack_social_post_already_shared":true,"jetpack_social_options":{"image_generator_settings":{"template":"highway","default_image_id":0,"font":"","enabled":false},"version":2}},"product_brand":[],"product_cat":[26],"product_tag":[],"class_list":{"0":"post-20683","1":"product","2":"type-product","3":"status-publish","4":"has-post-thumbnail","6":"product_cat-croquettes","8":"first","9":"instock","10":"taxable","11":"shipping-taxable","12":"purchasable","13":"product-type-variable"},"supplier_id":5603,"supplier_sku":"604285","barcode":null,"atum_controlled":true,"out_stock_date":null,"out_stock_threshold":null,"inheritable":true,"inbound_stock":0,"stock_on_hold":0,"sold_today":0,"sales_last_days":1,"reserved_stock":0,"customer_returns":0,"warehouse_damage":0,"lost_in_post":0,"other_logs":0,"out_stock_days":0,"lost_sales":0,"has_location":false,"update_date":"2026-05-14T00:03:59","atum_locations":[],"atum_stock_status":"instock","restock_status":false,"low_stock_amount":"","sales_update_date":"2026-05-14T00:03:59","calc_backorders":null,"jetpack_publicize_connections":[],"jetpack_sharing_enabled":true,"batches":[],"_links":{"self":[{"href":"https:\/\/petworld.ma\/index.php\/wp-json\/wp\/v2\/product\/20683","targetHints":{"allow":["GET"]}}],"collection":[{"href":"https:\/\/petworld.ma\/index.php\/wp-json\/wp\/v2\/product"}],"about":[{"href":"https:\/\/petworld.ma\/index.php\/wp-json\/wp\/v2\/types\/product"}],"wp:featuredmedia":[{"embeddable":true,"href":"https:\/\/petworld.ma\/index.php\/wp-json\/wp\/v2\/media\/20690"}],"wp:attachment":[{"href":"https:\/\/petworld.ma\/index.php\/wp-json\/wp\/v2\/media?parent=20683"}],"wp:term":[{"taxonomy":"product_brand","embeddable":true,"href":"https:\/\/petworld.ma\/index.php\/wp-json\/wp\/v2\/product_brand?post=20683"},{"taxonomy":"product_cat","embeddable":true,"href":"https:\/\/petworld.ma\/index.php\/wp-json\/wp\/v2\/product_cat?post=20683"},{"taxonomy":"product_tag","embeddable":true,"href":"https:\/\/petworld.ma\/index.php\/wp-json\/wp\/v2\/product_tag?post=20683"}],"curies":[{"name":"wp","href":"https:\/\/api.w.org\/{rel}","templated":true}]}}