{"id":2070,"date":"2023-04-02T17:47:34","date_gmt":"2023-04-02T17:47:34","guid":{"rendered":"https:\/\/petworld.ma\/?post_type=product&#038;p=2070"},"modified":"2026-05-04T16:18:14","modified_gmt":"2026-05-04T16:18:14","slug":"barquette-pour-chaton-100g-de-pate-au-poulet","status":"publish","type":"product","link":"https:\/\/petworld.ma\/index.php\/produit\/barquette-pour-chaton-100g-de-pate-au-poulet\/","title":{"rendered":"Plaisir Barquette pour Chaton 100g de p\u00e2t\u00e9 au poulet"},"content":{"rendered":"<div class=\"product__description js-anim-sov\" data-anchor-name=\"description\">\n<div class=\"product__description-text\">Les Repas Plaisir vous propose une recette unique au Poulet et au lait pour votre chaton. Elle est sp\u00e9cialement con\u00e7ue pour favoriser une bonne croissance: complexe vitaminique adapt\u00e9, taux de prot\u00e9ine de 11% et un taux de mati\u00e8res\u00a0 grasses de 6%. Il va adorer!<\/div>\n<\/div>\n<div class=\"product__characteristics js-anim-sov\">\n<div class=\"product__characteristics-title\"><\/div>\n<div class=\"product__characteristic\">\n<p><img decoding=\"async\" class=\"product__characteristic-image lazyautosizes lazyloaded\" src=\"https:\/\/cdn.shopify.com\/s\/files\/1\/0604\/7547\/4147\/files\/vitamines_2_1x1_crop_center.png?v=10337970778314073779\" alt=\"\" data-widths=\"[80, 160]\" data-ratio=\"container\" data-sizes=\"auto\" data-srcset=\"\/\/cdn.shopify.com\/s\/files\/1\/0604\/7547\/4147\/files\/vitamines_2_80x80_crop_center.png?v=10337970778314073779 80w, \/\/cdn.shopify.com\/s\/files\/1\/0604\/7547\/4147\/files\/vitamines_2_160x160_crop_center.png?v=10337970778314073779 160w\" \/><\/p>\n<div class=\"product__characteristic-content\">\n<div class=\"product__characteristic-title\">Source de vitamines<\/div>\n<aside class=\"product__characteristic-text\">Nos p\u00e2t\u00e9s pour chaton contiennent de la vitamine E, B1 et B8 qui aide chaque jour \u00e0 maintenir votre animal en pleine sant\u00e9.<\/aside>\n<\/div>\n<\/div>\n<div class=\"product__characteristic\">\n<p><img decoding=\"async\" class=\"product__characteristic-image lazyautosizes lazyloaded\" src=\"https:\/\/cdn.shopify.com\/s\/files\/1\/0604\/7547\/4147\/files\/sans_colorants_3_1x1_crop_center.png?v=5200481212381423402\" alt=\"\" data-widths=\"[80, 160]\" data-ratio=\"container\" data-sizes=\"auto\" data-srcset=\"\/\/cdn.shopify.com\/s\/files\/1\/0604\/7547\/4147\/files\/sans_colorants_3_80x80_crop_center.png?v=5200481212381423402 80w, \/\/cdn.shopify.com\/s\/files\/1\/0604\/7547\/4147\/files\/sans_colorants_3_160x160_crop_center.png?v=5200481212381423402 160w\" \/><\/p>\n<div class=\"product__characteristic-content\">\n<div class=\"product__characteristic-title\">Sans colorants<\/div>\n<aside class=\"product__characteristic-text\">Parce qu&rsquo;ils m\u00e9ritent le meilleur, nos p\u00e2t\u00e9s pour chaton ne contiennent ni colorants, ni conservateurs.<\/aside>\n<\/div>\n<\/div>\n<div class=\"product__characteristic\">\n<p><img decoding=\"async\" class=\"product__characteristic-image lazyautosizes lazyloaded\" src=\"https:\/\/cdn.shopify.com\/s\/files\/1\/0604\/7547\/4147\/files\/sans_cereales_ajoutees_2_1x1_crop_center.png?v=15651731909160050976\" alt=\"\" data-widths=\"[80, 160]\" data-ratio=\"container\" data-sizes=\"auto\" data-srcset=\"\/\/cdn.shopify.com\/s\/files\/1\/0604\/7547\/4147\/files\/sans_cereales_ajoutees_2_80x80_crop_center.png?v=15651731909160050976 80w, \/\/cdn.shopify.com\/s\/files\/1\/0604\/7547\/4147\/files\/sans_cereales_ajoutees_2_160x160_crop_center.png?v=15651731909160050976 160w\" \/><\/p>\n<div class=\"product__characteristic-content\">\n<div class=\"product__characteristic-title\">Formul\u00e9 sans c\u00e9r\u00e9ales<\/div>\n<aside class=\"product__characteristic-text\">Pour une meilleure digestibilit\u00e9 de nos aliments, toutes nos recettes de p\u00e2t\u00e9 sont formul\u00e9es sans c\u00e9r\u00e9ales.<\/aside>\n<\/div>\n<\/div>\n<div class=\"product__characteristic\">\n<div class=\"product__characteristic-content\">\n<div class=\"product__characteristic-title\"><\/div>\n<aside class=\"product__characteristic-text\"><\/aside>\n<\/div>\n<\/div>\n<\/div>\n<div class=\"product__tabs js-anim-sov\">\n<div class=\"product__tab\" data-drawer=\"\">\n<h2 class=\"product__tab-header\" data-drawer-handle=\"\"><strong><span style=\"font-size: 75%\">COMPOSITION<\/span><\/strong><\/h2>\n<div class=\"product__tab-content\" data-drawer-content=\"\">Viandes et sous-produits animaux (dont poulet 4%), Lait et produits de laiterie (poudre de lait \u00e9cr\u00e9m\u00e9 1.4% \u00e9quivalent \u00e0 4% de lait \u00e9cr\u00e9m\u00e9), Substances min\u00e9rales, Sucres.<\/div>\n<\/div>\n<\/div>\n","protected":false},"excerpt":{"rendered":"<p>Les Repas Plaisir vous propose une recette unique au Poulet et au lait pour votre chaton. Elle est sp\u00e9cialement con\u00e7ue pour favoriser une bonne croissance: complexe vitaminique adapt\u00e9, taux de prot\u00e9ine de 11% et un taux de mati\u00e8res\u00a0 grasses de 6%. Il va adorer! Source de vitamines Nos p\u00e2t\u00e9s pour chaton contiennent de la vitamine [&#8230;]\n","protected":false},"featured_media":2071,"template":"","meta":{"jetpack_publicize_message":"","jetpack_publicize_feature_enabled":true,"jetpack_social_post_already_shared":false,"jetpack_social_options":{"image_generator_settings":{"template":"highway","default_image_id":0,"font":"","enabled":false},"version":2}},"product_brand":[],"product_cat":[41],"product_tag":[],"class_list":{"0":"post-2070","1":"product","2":"type-product","3":"status-publish","4":"has-post-thumbnail","6":"product_cat-friandises-et-pate-pour-chat","8":"first","9":"instock","10":"taxable","11":"shipping-taxable","12":"purchasable","13":"product-type-simple"},"supplier_id":5587,"supplier_sku":"6778","barcode":null,"atum_controlled":true,"out_stock_date":null,"out_stock_threshold":null,"inheritable":false,"inbound_stock":0,"stock_on_hold":96,"sold_today":0,"sales_last_days":31,"reserved_stock":0,"customer_returns":0,"warehouse_damage":0,"lost_in_post":0,"other_logs":0,"out_stock_days":0,"lost_sales":0,"has_location":false,"update_date":"2026-05-05T12:58:23","atum_locations":[],"atum_stock_status":"instock","restock_status":false,"low_stock_amount":320,"sales_update_date":"2026-05-05T12:58:23","calc_backorders":null,"jetpack_publicize_connections":[],"jetpack_sharing_enabled":true,"batches":[{"id":"632","date_created":"2024-10-14 15:35:46","date_expiry":"2026-04-17 00:00:00","user_id":"2760","batch_number":"PlaisirBarquetteKitten170426","location":"","quantity":"132.0000","quantity_available":"0.0000","units":"1","status":"archived","order_ids":"[13049,13105,13133,13148,13236,13242,13244,13498,13735,13846,13993,14181,14218,14344,14467,14614,14850,14884,15054,15088,15097,15141,15295,15443,15586,15734,15796,15965,16140]","supplier":"Royal Canin","po":{"id":"615","date_created":"2024-10-14 15:35:47","batch_id":"632","po_number":"","supplier":"Royal Canin","cost":null,"regular_price":null,"sale_price":null,"price_margin":null,"price_discount":null}},{"id":"1088","date_created":"2024-12-08 11:21:56","date_expiry":"2026-10-16 00:00:00","user_id":"2760","batch_number":"PlaisirBarquetteKitten161026","location":"","quantity":"70.0000","quantity_available":"0.0000","units":"1","status":"archived","order_ids":"[18078,18158,18221,18347,18399,18466,18630,18666,18976,19062,19179,20176]","supplier":"Royal Canin","po":{"id":"1064","date_created":"2024-12-08 11:21:56","batch_id":"1088","po_number":"","supplier":"Royal Canin","cost":null,"regular_price":null,"sale_price":null,"price_margin":null,"price_discount":null}},{"id":"1599","date_created":"2025-01-10 21:25:37","date_expiry":"2026-11-11 00:00:00","user_id":"2760","batch_number":"PlaisirBarquetteKitten111126","location":"","quantity":"32.0000","quantity_available":"0.0000","units":"1","status":"archived","order_ids":"[20176,20614,20834]","supplier":"Royal Canin","po":{"id":"1573","date_created":"2025-01-10 21:25:39","batch_id":"1599","po_number":"","supplier":"Royal Canin","cost":null,"regular_price":null,"sale_price":null,"price_margin":null,"price_discount":null}},{"id":"2380","date_created":"2025-03-17 21:15:40","date_expiry":"2026-12-17 00:00:00","user_id":"2760","batch_number":"PlaisirBarquetteKitten171226","location":"","quantity":"320.0000","quantity_available":"0.0000","units":"1","status":"archived","order_ids":"[22606,22656,22948,22961,23045,23237,23280,23336,23453,23493,23516,23551,23553,23582,23593,23626,23691,23706,23845,23911,24030,24080,24166,24275,24297,24315,24325,24413,24814,24815,25062,25279,25371,25467,25496,25899,26071,26094,26101,26230,26322,26699,26763,26947]","supplier":"Royal Canin","po":{"id":"2349","date_created":"2025-03-17 21:15:43","batch_id":"2380","po_number":"","supplier":"Royal Canin","cost":null,"regular_price":null,"sale_price":null,"price_margin":null,"price_discount":null}},{"id":"2769","date_created":"2025-04-06 01:04:32","date_expiry":"2026-12-17 00:00:00","user_id":"2760","batch_number":"PlaisirBarquetteKitten171226","location":"","quantity":"192.0000","quantity_available":"0.0000","units":"1","status":"archived","order_ids":"[20834,21439,21593,21628,21824,21820,21891,22101,22165,22284,22444,22606]","supplier":"Royal Canin","po":{"id":"2738","date_created":"2025-04-06 01:04:39","batch_id":"2769","po_number":"","supplier":"Royal Canin","cost":null,"regular_price":null,"sale_price":null,"price_margin":null,"price_discount":null}},{"id":"4300","date_created":"2025-07-09 15:09:36","date_expiry":"2027-04-28 00:00:00","user_id":"2760","batch_number":"PlaisirBarquetteKitten280427","location":"","quantity":"160.0000","quantity_available":"0.0000","units":"1","status":"archived","order_ids":"[26947,27101,27201,27519,27974,28057,28070,28170,28399,28439,28487,28659,28723,28927,29166,29247,29296,29346,29371,29584,29602,29664,29777,29874,29983,30060,30084,30138,30187,30318,30321,30419,30572,30648,30703,30886,30977,31116,31174,31455,31463]","supplier":"GROWMANIA","po":{"id":"4263","date_created":"2025-07-09 15:09:37","batch_id":"4300","po_number":"","supplier":"GROWMANIA","cost":null,"regular_price":null,"sale_price":null,"price_margin":null,"price_discount":null}},{"id":"5340","date_created":"2025-09-16 10:50:48","date_expiry":"2027-05-06 00:00:00","user_id":"2760","batch_number":"PlaisirBarquetteKitten060527","location":"","quantity":"1344.0000","quantity_available":"907.0000","units":"1","status":"active","order_ids":"[31116,31161,31463,31484,31700,31932,32060,32066,32098,32195,32206,32257,32315,32350,32429,32430,32446,32544,32601,32898,33120,33165,33173,33200,33680,34028,34446,34464,34659,34718,34780,34911,34978,35087,35227,35384,35512,35637,36145,36517,36730,36770,36795,36901,36956,36979,36840,37072,37145,37459,37601,37824,37985,38277,38373,38483,38511,38729,39300,39471,39923,39679,40416,40543,40550,40655,40803,41125,41355]","supplier":"Royal Canin","po":{"id":"5297","date_created":"2025-09-16 10:50:49","batch_id":"5340","po_number":"","supplier":"Royal Canin","cost":null,"regular_price":null,"sale_price":null,"price_margin":null,"price_discount":null}}],"_links":{"self":[{"href":"https:\/\/petworld.ma\/index.php\/wp-json\/wp\/v2\/product\/2070","targetHints":{"allow":["GET"]}}],"collection":[{"href":"https:\/\/petworld.ma\/index.php\/wp-json\/wp\/v2\/product"}],"about":[{"href":"https:\/\/petworld.ma\/index.php\/wp-json\/wp\/v2\/types\/product"}],"wp:featuredmedia":[{"embeddable":true,"href":"https:\/\/petworld.ma\/index.php\/wp-json\/wp\/v2\/media\/2071"}],"wp:attachment":[{"href":"https:\/\/petworld.ma\/index.php\/wp-json\/wp\/v2\/media?parent=2070"}],"wp:term":[{"taxonomy":"product_brand","embeddable":true,"href":"https:\/\/petworld.ma\/index.php\/wp-json\/wp\/v2\/product_brand?post=2070"},{"taxonomy":"product_cat","embeddable":true,"href":"https:\/\/petworld.ma\/index.php\/wp-json\/wp\/v2\/product_cat?post=2070"},{"taxonomy":"product_tag","embeddable":true,"href":"https:\/\/petworld.ma\/index.php\/wp-json\/wp\/v2\/product_tag?post=2070"}],"curies":[{"name":"wp","href":"https:\/\/api.w.org\/{rel}","templated":true}]}}