{"id":20710,"date":"2025-04-15T16:16:15","date_gmt":"2025-04-15T16:16:15","guid":{"rendered":"https:\/\/petworld.ma\/?post_type=product&#038;p=20710"},"modified":"2026-04-29T10:53:24","modified_gmt":"2026-04-29T10:53:24","slug":"hills-science-plan-aliment-pour-chien-adulte-perfect-weight-grande-race-au-poulet-12kg","status":"publish","type":"product","link":"https:\/\/petworld.ma\/index.php\/produit\/hills-science-plan-aliment-pour-chien-adulte-perfect-weight-grande-race-au-poulet-12kg\/","title":{"rendered":"Hill\u2019s Science Plan Aliment Pour Chien Adulte Perfect Weight Grande Race Au Poulet (12kg)"},"content":{"rendered":"<div class=\"product-section description-section\">\n<div class=\"single-description fr-view\">\n<div class=\"productAwareRichText richText component section default-style even col-xs-12 initialized\">\n<div class=\"component-content\">\n<div class=\"richText-content\">\n<div class=\"productAwareRichText richText component section default-style even col-xs-12 initialized\">\n<div class=\"component-content\">\n<div class=\"richText-content\">\n<p><span class=\"nowrap\">HILL&rsquo;S SCIENCE PLAN<\/span>\u00a0Aliment pour Chien Adulte de grande race Perfect Weight au poulet fournit une d\u00e9licieuse nutrition cliniquement prouv\u00e9e pour atteindre et maintenir un poids sant\u00e9. Notre formule riche en prot\u00e9ines et en fibres enrichie en L-carnitine et en huile de noix de coco aide \u00e0 soutenir le m\u00e9tabolisme des animaux domestiques.&gt; Principaux avantages Perte de poids s\u00fbre et efficace avec des r\u00e9sultats visibles Maintien d&rsquo;un poids sant\u00e9 et maintien du poids dans le temps Fibres pr\u00e9biotiques pour une digestion douce<\/p>\n<\/div>\n<\/div>\n<\/div>\n<div class=\"conditionalBox box component section pdp-2019-only-pd even col-xs-12\">Informations compl\u00e9mentaires : <span style=\"color: #555555;\">Chez Hill&rsquo;s, nous \u00e9tudions depuis plus d&rsquo;une d\u00e9cennie l&rsquo;impact de la nutrition sur le fonctionnement cellulaire des animaux domestiques. Nous avons appris que les animaux minces ont un profil biologique diff\u00e9rent de celui des animaux en surpoids. Notre formule riche en prot\u00e9ines et en fibres, enrichie en L-carnitine et en huile de noix de coco, aide \u00e0 soutenir le m\u00e9tabolisme des animaux de compagnie pour un poids id\u00e9al.<\/span><\/div>\n<div class=\"box component section pdp-2019-only-pd even col-xs-12\">\n<div id=\"648710132\" class=\"component-content\">\n<div class=\"paragraphSystem content\">\n<div class=\"productAwareRichText richText component section default-style first odd last col-xs-12 initialized\">\n<div class=\"component-content\">\n<div class=\"richText-content\">\n<p>Les aliments\u00a0<span class=\"nowrap\">SCIENCE PLAN<\/span> sont disponibles dans une vari\u00e9t\u00e9 de croquettes et de friandises r\u00e9pondant aux besoins uniques de votre chien, ainsi qu&rsquo;en aliments humides aux saveurs d\u00e9licieuses et vari\u00e9es, que votre chien va adorer.<\/p>\n<\/div>\n<\/div>\n<\/div>\n<\/div>\n<\/div>\n<\/div>\n<div class=\"conditionalBox box component section default-style odd col-xs-12\">\n<div id=\"1517239228\" class=\"component-content\">\n<div class=\"paragraphSystem content\">\n<div class=\"productAwareRichText richText component section col-xs-12 productawarerichtext default-style initialized\">\n<div class=\"component-content\">\n<div class=\"richText-content\">\n<h4>Recommandations :Chiens adultes de 1 an et plus qui ont besoin de moins de calories (chiens moins actifs, st\u00e9rilis\u00e9s ou sujets \u00e0 la prise de poids).<\/h4>\n<\/div>\n<\/div>\n<\/div>\n<\/div>\n<\/div>\n<\/div>\n<div class=\"conditionalBox box component section default-style even col-xs-12\">\n<div id=\"1014499245\" class=\"component-content\">\n<div class=\"paragraphSystem content\">\n<div class=\"productAwareRichText richText component section default-style first odd last col-xs-12 initialized\">\n<div class=\"component-content\">\n<div class=\"richText-content\">\n<h4>Ne pas utiliser cet aliment : Chiots, femelles en gestation ou en lactation. Pendant la gestation ou la lactation, utilisez l&rsquo;aliment pour chiot\u00a0<span class=\"nowrap\">HILL&rsquo;S SCIENCE PLAN<\/span>\u00a0Puppy.<\/h4>\n<\/div>\n<div class=\"productAwareRichText richText component section schema-ingredients-tab first odd col-xs-12 col-lg-12 col-lg-offset-0 initialized\">\n<div class=\"component-content\">\n<div class=\"richText-content\">\n<p>COMPOSITION: Froment, farine de gluten de ma\u00efs, ma\u00efs, prot\u00e9ines d\u00e9shydrat\u00e9es de poulet et de dinde, farine de son de pois, cellulose, hydrolysat de prot\u00e9ines animales, marc de tomate d\u00e9shydrat\u00e9, graines de lin, graisses animales, pulpe de betterave s\u00e9ch\u00e9e, huile de noix de coco (2,1%), substances min\u00e9rales, carottes d\u00e9shydrat\u00e9es.<\/p>\n<\/div>\n<\/div>\n<\/div>\n<div class=\"productAwareRichText richText component section default-style even col-xs-12 col-lg-12 col-lg-offset-0 initialized\">\n<div class=\"component-content\">\n<div class=\"richText-content\">\n<p>CONSTITUANTS ANALYTIQUES: Prot\u00e9ines 25,3%, Teneur en mati\u00e8res grasses 11,3%, Cellulose brute 12,1%, Cendres brutes 5,1%, Calcium 0,75%, Phosphore 0,61%, Sodium 0,29%, Potassium 0,78%, Magn\u00e9sium 0,12%; par kg: Vitamine A 10 012UI, Vitamine D3 768UI, Vitamine E 550mg, Vitamine C 90mg, B\u00eata-carot\u00e8ne 1,5mg, L-Carnitine 343mg.<\/p>\n<\/div>\n<\/div>\n<\/div>\n<div class=\"productAwareRichText richText component section default-style odd last col-xs-12 col-lg-12 col-lg-offset-0 initialized\">\n<div class=\"component-content\">\n<div class=\"richText-content\">\n<p>ADDITIFS PAR KG: Additifs nutritionnels: 3b103 (Fer) 74,9mg, 3b202 (Iode) 1,2mg, 3b405 (Cuivre) 7,4mg, 3b502 (Mangan\u00e8se) 7,7mg, 3b603 (Zinc) 155mg, 3b801 (S\u00e9l\u00e9nium) 0,2mg.<\/p>\n<div class=\"conditionalBox box component section default-style first odd col-xs-12 col-lg-8 col-lg-offset-2\">\n<div id=\"01279301215\" class=\"component-content\">\n<div class=\"paragraphSystem content\">\n<div class=\"productAwareRichText richText component section default-style first odd last col-xs-12 col-lg-12 col-lg-offset-0 initialized\">\n<div class=\"component-content\">\n<div class=\"richText-content\">\n<h3>Guide alimentaire<\/h3>\n<table>\n<tbody>\n<tr>\n<td>Poids (kg)<\/td>\n<td>Sec (g)<\/td>\n<\/tr>\n<tr>\n<td>25<\/td>\n<td>345<\/td>\n<\/tr>\n<tr>\n<td>30<\/td>\n<td>395<\/td>\n<\/tr>\n<tr>\n<td>40<\/td>\n<td>495<\/td>\n<\/tr>\n<tr>\n<td>50<\/td>\n<td>585<\/td>\n<\/tr>\n<tr>\n<td>60<\/td>\n<td>670<\/td>\n<\/tr>\n<tr>\n<td>70<\/td>\n<td>750<\/td>\n<\/tr>\n<tr>\n<td>80 +<\/td>\n<td>10 par kg<\/td>\n<\/tr>\n<\/tbody>\n<\/table>\n<h3>Ration mixte sec \/ humide<\/h3>\n<table>\n<tbody>\n<tr>\n<td>Poids (kg)<\/td>\n<td>Bo\u00eetes 363g<\/td>\n<td>Sec (g)<\/td>\n<\/tr>\n<tr>\n<td>25<\/td>\n<td>1<\/td>\n<td>250<\/td>\n<\/tr>\n<tr>\n<td>30<\/td>\n<td>2<\/td>\n<td>200<\/td>\n<\/tr>\n<tr>\n<td>40<\/td>\n<td>2<\/td>\n<td>300<\/td>\n<\/tr>\n<tr>\n<td>50<\/td>\n<td>2<\/td>\n<td>385<\/td>\n<\/tr>\n<tr>\n<td>60<\/td>\n<td>2<\/td>\n<td>475<\/td>\n<\/tr>\n<tr>\n<td>70<\/td>\n<td>2<\/td>\n<td>555<\/td>\n<\/tr>\n<tr>\n<td>80 +<\/td>\n<td>2<\/td>\n<td>8 par kg<\/td>\n<\/tr>\n<\/tbody>\n<\/table>\n<\/div>\n<\/div>\n<\/div>\n<\/div>\n<\/div>\n<\/div>\n<div class=\"conditionalBox box component section default-style even col-xs-12 col-lg-8 col-lg-offset-2\">\n<div id=\"278911827\" class=\"component-content\">\n<div class=\"paragraphSystem content\">\n<p>&nbsp;<\/p>\n<div class=\"productAwareRichText richText component section default-style first odd last col-xs-12 col-lg-12 col-lg-offset-0 initialized\">\n<div class=\"component-content\">\n<div class=\"richText-content\">\n<p>CONSEILS UTILES Ajustez les quantit\u00e9s au besoin pour maintenir le poids id\u00e9al de votre chien. En cas de doute, consultez votre v\u00e9t\u00e9rinaire. Lors de la premi\u00e8re utilisation de cet aliment, veillez \u00e0 bien effectuer une transition alimentaire en m\u00e9langeant des quantit\u00e9s croissantes du nouvel aliment avec des quantit\u00e9s d\u00e9croissantes de l\u2019ancien sur une p\u00e9riode de 7 jours. Mettez toujours une gamelle d\u2019eau fraiche \u00e0 sa disposition! Les besoins nutritionnels de votre animal peuvent changer avec l&rsquo;\u00e2ge. Demandez conseil \u00e0 votre v\u00e9t\u00e9rinaire \u00e0 chaque consultation. Pour pr\u00e9venir les risques d\u2019\u00e9touffement, gardez l\u2019emballage hors de la port\u00e9e des animaux et des enfants.<\/p>\n<\/div>\n<\/div>\n<\/div>\n<\/div>\n<\/div>\n<\/div>\n<\/div>\n<\/div>\n<\/div>\n<\/div>\n<\/div>\n<\/div>\n<\/div>\n<\/div>\n<\/div>\n<\/div>\n<\/div>\n<\/div>\n<\/div>\n","protected":false},"excerpt":{"rendered":"<p><span class=\"nowrap\">Hill&rsquo;s Science Plan<\/span>\u00a0ALIMENT POUR CHIEN ADULTE DE GRANDE RACE PERFECT WEIGHT au POULET (poulet 7 %) est un aliment complet pour les chiens adultes de grande race et de race g\u00e9ante (25 kg et plus) \u00e0 partir de 1 an qui sont l\u00e9g\u00e8rement en surpoids ou qui ont tendance \u00e0 prendre du poids.<\/p>\n","protected":false},"featured_media":20714,"template":"","meta":{"jetpack_publicize_message":"","jetpack_publicize_feature_enabled":true,"jetpack_social_post_already_shared":true,"jetpack_social_options":{"image_generator_settings":{"template":"highway","default_image_id":0,"font":"","enabled":false},"version":2}},"product_brand":[],"product_cat":[26],"product_tag":[],"class_list":{"0":"post-20710","1":"product","2":"type-product","3":"status-publish","4":"has-post-thumbnail","6":"product_cat-croquettes","8":"first","9":"instock","10":"taxable","11":"shipping-taxable","12":"purchasable","13":"product-type-simple"},"supplier_id":5603,"supplier_sku":"604316","barcode":null,"atum_controlled":true,"out_stock_date":null,"out_stock_threshold":null,"inheritable":false,"inbound_stock":0,"stock_on_hold":0,"sold_today":0,"sales_last_days":0,"reserved_stock":0,"customer_returns":0,"warehouse_damage":0,"lost_in_post":0,"other_logs":0,"out_stock_days":0,"lost_sales":0,"has_location":false,"update_date":"2026-05-14T00:04:00","atum_locations":[],"atum_stock_status":"instock","restock_status":false,"low_stock_amount":2,"sales_update_date":"2026-05-14T00:04:00","calc_backorders":null,"jetpack_publicize_connections":[],"jetpack_sharing_enabled":true,"batches":[{"id":"3060","date_created":"2025-04-15 16:22:21","date_expiry":"2026-04-30 00:00:00","user_id":"2760","batch_number":"HillsPerfecWeightGrandRace12kg0426","location":"","quantity":"1.0000","quantity_available":"0.0000","units":"1","status":"archived","order_ids":"[21639]","supplier":"HILLS","po":{"id":"3027","date_created":"2025-04-15 16:22:22","batch_id":"3060","po_number":"","supplier":"HILLS","cost":null,"regular_price":null,"sale_price":null,"price_margin":null,"price_discount":null}},{"id":"3444","date_created":"2025-05-15 20:57:12","date_expiry":"2026-04-30 00:00:00","user_id":"2760","batch_number":"HillsPerfecWeightGrandRace12kg0426","location":"","quantity":"1.0000","quantity_available":"0.0000","units":"1","status":"archived","order_ids":"[24419]","supplier":"Hill&#039;s","po":{"id":"3411","date_created":"2025-05-15 20:57:12","batch_id":"3444","po_number":"","supplier":"Hill&#039;s","cost":null,"regular_price":null,"sale_price":null,"price_margin":null,"price_discount":null}},{"id":"4681","date_created":"2025-08-02 15:54:58","date_expiry":"2026-12-22 00:00:00","user_id":"2760","batch_number":"HillsPerfecWeightGrandRace12kg221226","location":"","quantity":"1.0000","quantity_available":"0.0000","units":"1","status":"archived","order_ids":"[29661]","supplier":"HILLS","po":{"id":"4645","date_created":"2025-08-02 15:54:59","batch_id":"4681","po_number":"","supplier":"HILLS","cost":null,"regular_price":null,"sale_price":null,"price_margin":null,"price_discount":null}},{"id":"6286","date_created":"2025-11-22 12:18:25","date_expiry":"2026-12-22 00:00:00","user_id":"2760","batch_number":"HillsPerfecWeightGrandRace12kg221226","location":"","quantity":"1.0000","quantity_available":"0.0000","units":"1","status":"archived","order_ids":"[34779]","supplier":"HILLS","po":{"id":"6232","date_created":"2025-11-22 12:18:25","batch_id":"6286","po_number":"","supplier":"HILLS","cost":null,"regular_price":null,"sale_price":null,"price_margin":null,"price_discount":null}},{"id":"6484","date_created":"2025-12-06 12:50:30","date_expiry":"2026-12-22 00:00:00","user_id":"2760","batch_number":"HillsPerfecWeightGrandRace12kg221226","location":"","quantity":"1.0000","quantity_available":"0.0000","units":"1","status":"archived","order_ids":"[36044]","supplier":"HILLS","po":{"id":"6430","date_created":"2025-12-06 12:50:30","batch_id":"6484","po_number":"","supplier":"HILLS","cost":null,"regular_price":null,"sale_price":null,"price_margin":null,"price_discount":null}},{"id":"7964","date_created":"2026-02-26 14:58:40","date_expiry":"2027-01-04 00:00:00","user_id":"2760","batch_number":"HillsPerfecWeightGrandRace12kg040127","location":"","quantity":"1.0000","quantity_available":"1.0000","units":"1","status":"active","order_ids":"[36679,37938]","supplier":"HILLS","po":{"id":"7902","date_created":"2026-02-26 14:58:41","batch_id":"7964","po_number":"","supplier":"HILLS","cost":null,"regular_price":null,"sale_price":null,"price_margin":null,"price_discount":null}},{"id":"8570","date_created":"2026-03-27 13:17:32","date_expiry":"2027-01-04 00:00:00","user_id":"2760","batch_number":"HillsPerfecWeightGrandRace12kg040127","location":"","quantity":"1.0000","quantity_available":"1.0000","units":"1","status":"active","order_ids":null,"supplier":"HILLS","po":{"id":"8498","date_created":"2026-03-27 13:17:33","batch_id":"8570","po_number":"","supplier":"HILLS","cost":null,"regular_price":null,"sale_price":null,"price_margin":null,"price_discount":null}}],"_links":{"self":[{"href":"https:\/\/petworld.ma\/index.php\/wp-json\/wp\/v2\/product\/20710","targetHints":{"allow":["GET"]}}],"collection":[{"href":"https:\/\/petworld.ma\/index.php\/wp-json\/wp\/v2\/product"}],"about":[{"href":"https:\/\/petworld.ma\/index.php\/wp-json\/wp\/v2\/types\/product"}],"wp:featuredmedia":[{"embeddable":true,"href":"https:\/\/petworld.ma\/index.php\/wp-json\/wp\/v2\/media\/20714"}],"wp:attachment":[{"href":"https:\/\/petworld.ma\/index.php\/wp-json\/wp\/v2\/media?parent=20710"}],"wp:term":[{"taxonomy":"product_brand","embeddable":true,"href":"https:\/\/petworld.ma\/index.php\/wp-json\/wp\/v2\/product_brand?post=20710"},{"taxonomy":"product_cat","embeddable":true,"href":"https:\/\/petworld.ma\/index.php\/wp-json\/wp\/v2\/product_cat?post=20710"},{"taxonomy":"product_tag","embeddable":true,"href":"https:\/\/petworld.ma\/index.php\/wp-json\/wp\/v2\/product_tag?post=20710"}],"curies":[{"name":"wp","href":"https:\/\/api.w.org\/{rel}","templated":true}]}}