{"id":2073,"date":"2023-04-02T17:55:47","date_gmt":"2023-04-02T17:55:47","guid":{"rendered":"https:\/\/petworld.ma\/?post_type=product&#038;p=2073"},"modified":"2026-04-27T13:24:45","modified_gmt":"2026-04-27T13:24:45","slug":"barquette-100g-de-pate-au-dinde-convient-pour-chat-sterilise","status":"publish","type":"product","link":"https:\/\/petworld.ma\/index.php\/produit\/barquette-100g-de-pate-au-dinde-convient-pour-chat-sterilise\/","title":{"rendered":"Plaisir Barquette 100g de p\u00e2t\u00e9 au Dinde (convient pour chat st\u00e9rilis\u00e9)"},"content":{"rendered":"<div class=\"product-section description-section\">\n<div class=\"single-description fr-view\">\n<div class=\"product__description js-anim-sov\" data-anchor-name=\"description\">\n<div class=\"product__description-text\">Les recettes de p\u00e2t\u00e9 Les Repas Plaisir \u00e0 la Dinde pour chat adulte ont un taux \u00e9lev\u00e9 de prot\u00e9ine et un faible taux de mati\u00e8res grasses. Et elles sont suppl\u00e9ment\u00e9es en DL m\u00e9thionine, qui favorise l&rsquo;acidification des urines. Elles conviennent ainsi id\u00e9alement aux chats st\u00e9rilis\u00e9s.<\/div>\n<\/div>\n<div class=\"product__characteristics js-anim-sov\">\n<div class=\"product__characteristics-title\"><\/div>\n<div class=\"product__characteristic\">\n<p><img decoding=\"async\" class=\"product__characteristic-image lazyautosizes lazyloaded\" src=\"https:\/\/cdn.shopify.com\/s\/files\/1\/0604\/7547\/4147\/files\/vitamines_2_1x1_crop_center.png?v=10337970778314073779\" alt=\"\" data-widths=\"[80, 160]\" data-ratio=\"container\" data-sizes=\"auto\" data-srcset=\"\/\/cdn.shopify.com\/s\/files\/1\/0604\/7547\/4147\/files\/vitamines_2_80x80_crop_center.png?v=10337970778314073779 80w, \/\/cdn.shopify.com\/s\/files\/1\/0604\/7547\/4147\/files\/vitamines_2_160x160_crop_center.png?v=10337970778314073779 160w\" \/><\/p>\n<div class=\"product__characteristic-content\">\n<div class=\"product__characteristic-title\">Source de vitamines<\/div>\n<aside class=\"product__characteristic-text\">Nos p\u00e2t\u00e9s pour chat contiennent de la vitamine E, B1 et B8 qui aide chaque jour \u00e0 maintenir votre animal en pleine sant\u00e9.<\/aside>\n<\/div>\n<\/div>\n<div class=\"product__characteristic\">\n<p><img decoding=\"async\" class=\"product__characteristic-image lazyautosizes ls-is-cached lazyloaded\" src=\"https:\/\/cdn.shopify.com\/s\/files\/1\/0604\/7547\/4147\/files\/sans_colorants_3_1x1_crop_center.png?v=5200481212381423402\" alt=\"\" data-widths=\"[80, 160]\" data-ratio=\"container\" data-sizes=\"auto\" data-srcset=\"\/\/cdn.shopify.com\/s\/files\/1\/0604\/7547\/4147\/files\/sans_colorants_3_80x80_crop_center.png?v=5200481212381423402 80w, \/\/cdn.shopify.com\/s\/files\/1\/0604\/7547\/4147\/files\/sans_colorants_3_160x160_crop_center.png?v=5200481212381423402 160w\" \/><\/p>\n<div class=\"product__characteristic-content\">\n<div class=\"product__characteristic-title\">Sans colorants<\/div>\n<aside class=\"product__characteristic-text\">Parce qu&rsquo;ils m\u00e9ritent le meilleur, nos p\u00e2t\u00e9s pour chat ne contiennent ni colorants, ni conservateurs.<\/aside>\n<\/div>\n<\/div>\n<div class=\"product__characteristic\">\n<p><img decoding=\"async\" class=\"product__characteristic-image lazyautosizes ls-is-cached lazyloaded\" src=\"https:\/\/cdn.shopify.com\/s\/files\/1\/0604\/7547\/4147\/files\/sans_cereales_ajoutees_2_1x1_crop_center.png?v=15651731909160050976\" alt=\"\" data-widths=\"[80, 160]\" data-ratio=\"container\" data-sizes=\"auto\" data-srcset=\"\/\/cdn.shopify.com\/s\/files\/1\/0604\/7547\/4147\/files\/sans_cereales_ajoutees_2_80x80_crop_center.png?v=15651731909160050976 80w, \/\/cdn.shopify.com\/s\/files\/1\/0604\/7547\/4147\/files\/sans_cereales_ajoutees_2_160x160_crop_center.png?v=15651731909160050976 160w\" \/><\/p>\n<div class=\"product__characteristic-content\">\n<div class=\"product__characteristic-title\">Formul\u00e9 sans c\u00e9r\u00e9ales<\/div>\n<aside class=\"product__characteristic-text\">Pour une meilleure digestibilit\u00e9 de nos aliments, toutes nos recettes de p\u00e2t\u00e9 sont formul\u00e9es sans c\u00e9r\u00e9ales.<\/aside>\n<\/div>\n<\/div>\n<\/div>\n<\/div>\n<\/div>\n<aside><\/aside>\n<aside><strong>Composition<\/strong>:\u00a0 Viandes et sous-produits animaux (56% dont dinde 4%), Substances min\u00e9rales, Sucres.<\/aside>\n<aside><\/aside>\n<aside><strong>Mode d&#8217;emploi:\u00a0<\/strong><\/aside>\n<aside><\/aside>\n<aside>\n<table>\n<tbody>\n<tr>\n<td><u>poids du chat<\/u><\/td>\n<td>3kg<\/td>\n<td>4kg<\/td>\n<td>5kg<\/td>\n<\/tr>\n<tr>\n<td>chat adulte (12 mois +)<\/td>\n<td>260g<\/td>\n<td>320g<\/td>\n<td>370g<\/td>\n<\/tr>\n<tr>\n<td>chat st\u00e9rilis\u00e9<\/td>\n<td>200g<\/td>\n<td>240g<\/td>\n<td>280g<\/td>\n<\/tr>\n<\/tbody>\n<\/table>\n<\/aside>\n","protected":false},"excerpt":{"rendered":"<p>Les recettes de p\u00e2t\u00e9 Les Repas Plaisir \u00e0 la Dinde pour chat adulte ont un taux \u00e9lev\u00e9 de prot\u00e9ine et un faible taux de mati\u00e8res grasses. Et elles sont suppl\u00e9ment\u00e9es en DL m\u00e9thionine, qui favorise l&rsquo;acidification des urines. Elles conviennent ainsi id\u00e9alement aux chats st\u00e9rilis\u00e9s. Source de vitamines Nos p\u00e2t\u00e9s pour chat contiennent de la [&#8230;]\n","protected":false},"featured_media":2074,"template":"","meta":{"jetpack_publicize_message":"","jetpack_publicize_feature_enabled":true,"jetpack_social_post_already_shared":false,"jetpack_social_options":{"image_generator_settings":{"template":"highway","default_image_id":0,"font":"","enabled":false},"version":2}},"product_brand":[],"product_cat":[41],"product_tag":[],"class_list":{"0":"post-2073","1":"product","2":"type-product","3":"status-publish","4":"has-post-thumbnail","6":"product_cat-friandises-et-pate-pour-chat","8":"first","9":"instock","10":"taxable","11":"shipping-taxable","12":"purchasable","13":"product-type-simple"},"supplier_id":5587,"supplier_sku":"6775","barcode":null,"atum_controlled":true,"out_stock_date":null,"out_stock_threshold":null,"inheritable":false,"inbound_stock":0,"stock_on_hold":64,"sold_today":0,"sales_last_days":38,"reserved_stock":0,"customer_returns":0,"warehouse_damage":0,"lost_in_post":0,"other_logs":0,"out_stock_days":0,"lost_sales":0,"has_location":false,"update_date":"2026-04-28T09:36:11","atum_locations":[],"atum_stock_status":"instock","restock_status":false,"low_stock_amount":320,"sales_update_date":"2026-04-28T09:36:11","calc_backorders":null,"jetpack_publicize_connections":[],"jetpack_sharing_enabled":true,"batches":[{"id":"775","date_created":"2024-11-08 20:46:23","date_expiry":"2026-04-22 00:00:00","user_id":"2760","batch_number":"RCPATEPlaisirDinde","location":"","quantity":"149.0000","quantity_available":"0.0000","units":"1","status":"archived","order_ids":"[14211,14277,14297,14300,14357,14429,14619,14713,14754,14882,14940,14958,15063,15088,15149,15434,15679,15768,15944,15949,15950]","supplier":"Royal Canin","po":{"id":"752","date_created":"2024-11-08 20:46:24","batch_id":"775","po_number":"","supplier":"Royal Canin","cost":null,"regular_price":null,"sale_price":null,"price_margin":null,"price_discount":null}},{"id":"776","date_created":"2024-11-08 20:46:24","date_expiry":"2026-05-24 00:00:00","user_id":"2760","batch_number":"RCPATEPlaisirDinde0526","location":"","quantity":"192.0000","quantity_available":"0.0000","units":"1","status":"archived","order_ids":"[15950,15980,16022,16024,16026,16105,16124,16298,16329,16397,16481,16534,16604,16637,16688,16691,16701,16724,16761,16806,16930,17001,17087,17231,17346,17364,17537,17575]","supplier":"Royal Canin","po":{"id":"753","date_created":"2024-11-08 20:46:25","batch_id":"776","po_number":"","supplier":"Royal Canin","cost":null,"regular_price":null,"sale_price":null,"price_margin":null,"price_discount":null}},{"id":"976","date_created":"2024-11-29 12:53:31","date_expiry":"2026-06-12 00:00:00","user_id":"2760","batch_number":"RCPATEPlaisirDinde0626","location":"","quantity":"96.0000","quantity_available":"0.0000","units":"1","status":"archived","order_ids":"[17575,17580,17661,17800,17820,17859,17914,17956,18010,18098,18158,18345,18466,18532,18754]","supplier":"Royal Canin","po":{"id":"954","date_created":"2024-11-29 12:53:32","batch_id":"976","po_number":"","supplier":"Royal Canin","cost":null,"regular_price":null,"sale_price":null,"price_margin":null,"price_discount":null}},{"id":"1016","date_created":"2024-12-04 21:25:25","date_expiry":"2026-06-13 00:00:00","user_id":"2760","batch_number":"RCPATEPlaisirDinde0626","location":"","quantity":"28.0000","quantity_available":"0.0000","units":"1","status":"archived","order_ids":"[18754]","supplier":"Royal Canin","po":{"id":"994","date_created":"2024-12-04 21:25:25","batch_id":"1016","po_number":"","supplier":"Royal Canin","cost":null,"regular_price":null,"sale_price":null,"price_margin":null,"price_discount":null}},{"id":"1086","date_created":"2024-12-08 11:14:10","date_expiry":"2026-08-03 00:00:00","user_id":"2760","batch_number":"RCPATEPlaisirDinde0826","location":"","quantity":"32.0000","quantity_available":"0.0000","units":"1","status":"archived","order_ids":"[18754,18788,18912,18998]","supplier":"Royal Canin","po":{"id":"1063","date_created":"2024-12-08 11:14:11","batch_id":"1086","po_number":"","supplier":"Royal Canin","cost":null,"regular_price":null,"sale_price":null,"price_margin":null,"price_discount":null}},{"id":"1601","date_created":"2025-01-10 21:26:47","date_expiry":"2026-08-03 00:00:00","user_id":"2760","batch_number":"RCPATEPlaisirDinde0826","location":"","quantity":"0.0000","quantity_available":"0.0000","units":"1","status":"archived","order_ids":null,"supplier":"Royal Canin","po":{"id":"1575","date_created":"2025-01-10 21:26:50","batch_id":"1601","po_number":"","supplier":"Royal Canin","cost":null,"regular_price":null,"sale_price":null,"price_margin":null,"price_discount":null}},{"id":"2336","date_created":"2025-03-10 22:26:00","date_expiry":"2026-11-18 00:00:00","user_id":"2760","batch_number":"RCPATEPlaisirDinde18112026","location":"","quantity":"256.0000","quantity_available":"0.0000","units":"1","status":"archived","order_ids":"[19011,19067,19191,19201,19231,19246,19450,20086,20089,20214,25380,25398,25417,25459,25477,25485,25496,25522,25623,25658,25664,25687,25777,26019,26025,26162,26284,26294,26434,26472,26480,26504,26553,26627]","supplier":"Royal Canin","po":{"id":"2304","date_created":"2025-03-10 22:26:03","batch_id":"2336","po_number":"","supplier":"Royal Canin","cost":null,"regular_price":null,"sale_price":null,"price_margin":null,"price_discount":null}},{"id":"2795","date_created":"2025-04-06 02:10:06","date_expiry":"2026-09-15 00:00:00","user_id":"2760","batch_number":"RCPATEPlaisirDinde150926","location":"","quantity":"320.0000","quantity_available":"0.0000","units":"1","status":"archived","order_ids":"[19731,20539,20642,20727,20732,20777,20778,20821,20834,20911,20944,20974,21029,21204,21210,21401,21457,21459,21476,21482,21628,21980,22011,22059,22098,22165,22578,22961,22963,22989,23045,23146,23190,23278,23280,23336,23453,23470,23493,23516,23551,23553,23593,23603,23626,23745,23759,23797,23838,23845,23945,24067,24203,24297,24319,24413,24775,24792,25271,25276,25316,25371]","supplier":"Royal Canin","po":{"id":"2764","date_created":"2025-04-06 02:10:14","batch_id":"2795","po_number":"","supplier":"Royal Canin","cost":null,"regular_price":null,"sale_price":null,"price_margin":null,"price_discount":null}},{"id":"3785","date_created":"2025-06-04 20:07:33","date_expiry":"2027-02-12 00:00:00","user_id":"2760","batch_number":"RCPATEPlaisirDinde150926","location":"","quantity":"64.0000","quantity_available":"0.0000","units":"1","status":"archived","order_ids":"[26627,26702,26706,26758,26921,26924,32324,32373,32421]","supplier":"Royal Canin","po":{"id":"3750","date_created":"2025-06-04 20:07:34","batch_id":"3785","po_number":"","supplier":"Royal Canin","cost":null,"regular_price":null,"sale_price":null,"price_margin":null,"price_discount":null}},{"id":"4303","date_created":"2025-07-09 15:13:34","date_expiry":"2027-03-05 00:00:00","user_id":"2760","batch_number":"RCPATEPlaisirDinde050327","location":"","quantity":"320.0000","quantity_available":"0.0000","units":"1","status":"archived","order_ids":"[26924,26964,26965,27192,27460,27579,27702,27767,27971,27974,27980,28146,28226,28438,28461,28579,28678,28742,28957,29186,29201,29202,29208,29210,29240,29258,29365,29388,29403,29458,29489,29578,29602,29822,29825,29827,29923,30015,30084,30126,30251,30306,30318,30527,30748,30802,30815,30886,31023,31051,31062,31131,31177,31189,31316,31423,31597,31607,31703,31947,32004,32029,32098,32119,32179,32266,32424,32446,32813,33184,33349,33367,33388,33577,33579,33661,33732,33747,33868,34074,34203,34652,34693,34715,34911,35227,35418,35496,35518,35730,35756,35881,35998,36012,36145,37433]","supplier":"GROWMANIA","po":{"id":"4266","date_created":"2025-07-09 15:13:34","batch_id":"4303","po_number":"","supplier":"GROWMANIA","cost":null,"regular_price":null,"sale_price":null,"price_margin":null,"price_discount":null}},{"id":"5337","date_created":"2025-09-16 10:45:25","date_expiry":"2027-05-19 00:00:00","user_id":"2760","batch_number":"RCPATEPlaisirDinde190527","location":"","quantity":"1277.0000","quantity_available":"1006.0000","units":"1","status":"active","order_ids":"[36145,36156,36194,36233,36454,36455,36550,36836,36901,36956,37072,37157,37171,37173,37433,37601,37728,37746,37973,38162,38331,38343,38362,38450,38553,38594,38953,38987,39123,39198,39233,39464,39649,39679,39755,40051,40090,40128,40334,40550,40783,40792]","supplier":"Royal Canin","po":{"id":"5294","date_created":"2025-09-16 10:45:26","batch_id":"5337","po_number":"","supplier":"Royal Canin","cost":null,"regular_price":null,"sale_price":null,"price_margin":null,"price_discount":null}}],"_links":{"self":[{"href":"https:\/\/petworld.ma\/index.php\/wp-json\/wp\/v2\/product\/2073","targetHints":{"allow":["GET"]}}],"collection":[{"href":"https:\/\/petworld.ma\/index.php\/wp-json\/wp\/v2\/product"}],"about":[{"href":"https:\/\/petworld.ma\/index.php\/wp-json\/wp\/v2\/types\/product"}],"wp:featuredmedia":[{"embeddable":true,"href":"https:\/\/petworld.ma\/index.php\/wp-json\/wp\/v2\/media\/2074"}],"wp:attachment":[{"href":"https:\/\/petworld.ma\/index.php\/wp-json\/wp\/v2\/media?parent=2073"}],"wp:term":[{"taxonomy":"product_brand","embeddable":true,"href":"https:\/\/petworld.ma\/index.php\/wp-json\/wp\/v2\/product_brand?post=2073"},{"taxonomy":"product_cat","embeddable":true,"href":"https:\/\/petworld.ma\/index.php\/wp-json\/wp\/v2\/product_cat?post=2073"},{"taxonomy":"product_tag","embeddable":true,"href":"https:\/\/petworld.ma\/index.php\/wp-json\/wp\/v2\/product_tag?post=2073"}],"curies":[{"name":"wp","href":"https:\/\/api.w.org\/{rel}","templated":true}]}}