{"id":20739,"date":"2025-04-16T09:23:17","date_gmt":"2025-04-16T09:23:17","guid":{"rendered":"https:\/\/petworld.ma\/?post_type=product&#038;p=20739"},"modified":"2026-04-27T02:30:29","modified_gmt":"2026-04-27T02:30:29","slug":"croquettes-kitten-trendline-chaton-15kg","status":"publish","type":"product","link":"https:\/\/petworld.ma\/index.php\/produit\/croquettes-kitten-trendline-chaton-15kg\/","title":{"rendered":"Croquettes Kitten Trendline (Chaton) 15kg"},"content":{"rendered":"<p>&nbsp;<\/p>\n<p><strong><u>OZZY Chaton Poulet <\/u><\/strong><strong><u>(M\u00e8re et B\u00e9b\u00e9)<\/u><\/strong><\/p>\n<p>Pour chatons et juniors de 5 semaines \u00e0 1 an, \u00e9galement mamans<\/p>\n<p>Le 1er ingr\u00e9dient est le poulet<\/p>\n<p>Riche en toutes les vitamines et \u00e9l\u00e9ments essentiels<\/p>\n<p>Ingr\u00e9dients : Viande de poulet s\u00e9ch\u00e9e, riz, ma\u00efs, bl\u00e9, graisse de poulet, huile de poisson,<\/p>\n","protected":false},"excerpt":{"rendered":"<p>Aliment complet pour chatons en croissance de toutes races avec poulet 15 kg<\/p>\n","protected":false},"featured_media":20976,"template":"","meta":{"jetpack_publicize_message":"","jetpack_publicize_feature_enabled":true,"jetpack_social_post_already_shared":true,"jetpack_social_options":{"image_generator_settings":{"template":"highway","default_image_id":0,"font":"","enabled":false},"version":2}},"product_brand":[],"product_cat":[40],"product_tag":[],"class_list":{"0":"post-20739","1":"product","2":"type-product","3":"status-publish","4":"has-post-thumbnail","6":"product_cat-coquettes-pour-chat","8":"first","9":"instock","10":"taxable","11":"shipping-taxable","12":"purchasable","13":"product-type-simple"},"supplier_id":5589,"supplier_sku":"TRE-156","barcode":null,"atum_controlled":true,"out_stock_date":null,"out_stock_threshold":null,"inheritable":false,"inbound_stock":0,"stock_on_hold":0,"sold_today":0,"sales_last_days":0,"reserved_stock":0,"customer_returns":0,"warehouse_damage":0,"lost_in_post":0,"other_logs":0,"out_stock_days":0,"lost_sales":0,"has_location":false,"update_date":"2026-05-12T00:23:21","atum_locations":[],"atum_stock_status":"instock","restock_status":false,"low_stock_amount":2,"sales_update_date":"2026-05-12T00:23:21","calc_backorders":null,"jetpack_publicize_connections":[],"jetpack_sharing_enabled":true,"batches":[{"id":"3065","date_created":"2025-04-16 09:26:02","date_expiry":"2026-05-30 00:00:00","user_id":"2461","batch_number":"TrendlineKitten300526","location":"","quantity":"5.0000","quantity_available":"0.0000","units":"1","status":"archived","order_ids":"[21333,21777,21806,21897,22001]","supplier":"Casablanca","po":{"id":"3032","date_created":"2025-04-16 09:26:02","batch_id":"3065","po_number":"","supplier":"Casablanca","cost":null,"regular_price":null,"sale_price":null,"price_margin":null,"price_discount":null}},{"id":"3994","date_created":"2025-06-16 17:24:10","date_expiry":"2026-05-30 00:00:00","user_id":"2461","batch_number":"TrendlineKitten300526","location":"","quantity":"3.0000","quantity_available":"0.0000","units":"1","status":"archived","order_ids":"[24132,24154,24436]","supplier":"Casablanca","po":{"id":"3957","date_created":"2025-06-16 17:24:11","batch_id":"3994","po_number":"","supplier":"Casablanca","cost":null,"regular_price":null,"sale_price":null,"price_margin":null,"price_discount":null}},{"id":"4974","date_created":"2025-08-22 15:17:52","date_expiry":"2026-11-21 00:00:00","user_id":"2461","batch_number":"TrendlineKitten211126","location":"","quantity":"4.0000","quantity_available":"0.0000","units":"1","status":"archived","order_ids":"[26706,26947,28947,29147,29997,32259]","supplier":"Casablanca","po":{"id":"4938","date_created":"2025-08-22 15:17:52","batch_id":"4974","po_number":"","supplier":"Casablanca","cost":null,"regular_price":null,"sale_price":null,"price_margin":null,"price_discount":null}},{"id":"6253","date_created":"2025-11-19 11:56:47","date_expiry":"2026-11-21 00:00:00","user_id":"2461","batch_number":"TrendlineKitten211126","location":"","quantity":"2.0000","quantity_available":"0.0000","units":"1","status":"archived","order_ids":"[31097,33049]","supplier":"Casablanca","po":{"id":"6199","date_created":"2025-11-19 11:56:48","batch_id":"6253","po_number":"","supplier":"Casablanca","cost":null,"regular_price":null,"sale_price":null,"price_margin":null,"price_discount":null}},{"id":"7520","date_created":"2026-02-05 08:40:57","date_expiry":"2027-01-22 00:00:00","user_id":"2461","batch_number":"TrendlineKitten220127","location":"","quantity":"10.0000","quantity_available":"1.0000","units":"1","status":"active","order_ids":"[35083,35512,36145,37012,37106,37361,38030,38964,40767]","supplier":"Zooluxe","po":{"id":"7455","date_created":"2026-02-05 08:40:58","batch_id":"7520","po_number":"","supplier":"Zooluxe","cost":null,"regular_price":null,"sale_price":null,"price_margin":null,"price_discount":null}}],"_links":{"self":[{"href":"https:\/\/petworld.ma\/index.php\/wp-json\/wp\/v2\/product\/20739","targetHints":{"allow":["GET"]}}],"collection":[{"href":"https:\/\/petworld.ma\/index.php\/wp-json\/wp\/v2\/product"}],"about":[{"href":"https:\/\/petworld.ma\/index.php\/wp-json\/wp\/v2\/types\/product"}],"wp:featuredmedia":[{"embeddable":true,"href":"https:\/\/petworld.ma\/index.php\/wp-json\/wp\/v2\/media\/20976"}],"wp:attachment":[{"href":"https:\/\/petworld.ma\/index.php\/wp-json\/wp\/v2\/media?parent=20739"}],"wp:term":[{"taxonomy":"product_brand","embeddable":true,"href":"https:\/\/petworld.ma\/index.php\/wp-json\/wp\/v2\/product_brand?post=20739"},{"taxonomy":"product_cat","embeddable":true,"href":"https:\/\/petworld.ma\/index.php\/wp-json\/wp\/v2\/product_cat?post=20739"},{"taxonomy":"product_tag","embeddable":true,"href":"https:\/\/petworld.ma\/index.php\/wp-json\/wp\/v2\/product_tag?post=20739"}],"curies":[{"name":"wp","href":"https:\/\/api.w.org\/{rel}","templated":true}]}}