{"id":2075,"date":"2023-04-02T18:01:53","date_gmt":"2023-04-02T18:01:53","guid":{"rendered":"https:\/\/petworld.ma\/?post_type=product&#038;p=2075"},"modified":"2026-04-16T17:57:12","modified_gmt":"2026-04-16T17:57:12","slug":"sachets-fraicheur-pour-chaton-100g-deminces-au-poulet-en-sauce","status":"publish","type":"product","link":"https:\/\/petworld.ma\/index.php\/produit\/sachets-fraicheur-pour-chaton-100g-deminces-au-poulet-en-sauce\/","title":{"rendered":"Plaisir Sachets fra\u00eecheur pour Chaton 100g d&rsquo;\u00e9minc\u00e9s au POULET en sauce"},"content":{"rendered":"<div class=\"product__description js-anim-sov\" data-anchor-name=\"description\">\n<div class=\"product__description-text\">\n<div class=\"product__description js-anim-sov\" data-anchor-name=\"description\">\n<div class=\"product__description-text\">Faites plaisir \u00e0 votre petite boule de poils en lui offrant les \u00e9minc\u00e9s en sauce au Poulet Les Repas Plaisir! Ils sont \u00e9labor\u00e9s \u00e0 base d&rsquo;ingr\u00e9dients frais et cuits \u00e0 la vapeur, c&rsquo;est ce qui leur donne ce go\u00fbt si irr\u00e9sistible. Ile ne contiennent aucun colorants et leur formule est sp\u00e9cialement adapt\u00e9e au chaton pour favoriser une bonne croissance.<\/div>\n<\/div>\n<div class=\"product__characteristics js-anim-sov\">\n<div class=\"product__characteristics-title\"><\/div>\n<div class=\"product__characteristic\">\n<p><img decoding=\"async\" class=\"product__characteristic-image lazyautosizes lazyloaded\" src=\"https:\/\/cdn.shopify.com\/s\/files\/1\/0604\/7547\/4147\/files\/vitamines_2_1x1_crop_center.png?v=10337970778314073779\" alt=\"\" data-widths=\"[80, 160]\" data-ratio=\"container\" data-sizes=\"auto\" data-srcset=\"\/\/cdn.shopify.com\/s\/files\/1\/0604\/7547\/4147\/files\/vitamines_2_80x80_crop_center.png?v=10337970778314073779 80w, \/\/cdn.shopify.com\/s\/files\/1\/0604\/7547\/4147\/files\/vitamines_2_160x160_crop_center.png?v=10337970778314073779 160w\" \/><\/p>\n<div class=\"product__characteristic-content\">\n<div class=\"product__characteristic-title\">Source de vitamines<\/div>\n<aside class=\"product__characteristic-text\">Les \u00e9minc\u00e9s en sauce pour chaton contiennent de la vitamine E, B1 et B6 qui aide chaque jour \u00e0 maintenir votre animal en pleine sant\u00e9.<\/aside>\n<\/div>\n<\/div>\n<div class=\"product__characteristic\">\n<p><img decoding=\"async\" class=\"product__characteristic-image lazyautosizes ls-is-cached lazyloaded\" src=\"https:\/\/cdn.shopify.com\/s\/files\/1\/0604\/7547\/4147\/files\/sans_colorants_3_1x1_crop_center.png?v=5200481212381423402\" alt=\"\" data-widths=\"[80, 160]\" data-ratio=\"container\" data-sizes=\"auto\" data-srcset=\"\/\/cdn.shopify.com\/s\/files\/1\/0604\/7547\/4147\/files\/sans_colorants_3_80x80_crop_center.png?v=5200481212381423402 80w, \/\/cdn.shopify.com\/s\/files\/1\/0604\/7547\/4147\/files\/sans_colorants_3_160x160_crop_center.png?v=5200481212381423402 160w\" \/><\/p>\n<div class=\"product__characteristic-content\">\n<div class=\"product__characteristic-title\">Sans colorants<\/div>\n<aside class=\"product__characteristic-text\">Parce qu&rsquo;ils m\u00e9ritent le meilleur, nos \u00e9minc\u00e9s en sauce pour chaton ne contiennent ni colorants, ni conservateurs.<\/aside>\n<\/div>\n<\/div>\n<div class=\"product__characteristic\">\n<div class=\"product__characteristic-content\">\n<div><\/div>\n<p class=\"product__characteristic-title\"><span style=\"font-size: 100%\"><strong>COMPOSITION<\/strong><\/span><\/p>\n<\/div>\n<\/div>\n<\/div>\n<div class=\"product__tabs js-anim-sov\">\n<div class=\"product__tab\" data-drawer=\"\">\n<div class=\"product__tab-content\" data-drawer-content=\"\">\n<div class=\"product__tab\" data-drawer=\"expanded\">\n<div class=\"product__tab-content\" data-drawer-content=\"\">\n<p>Viandes et sous-produits animaux (dont poulet 4%), Extraits de prot\u00e9ines v\u00e9g\u00e9tales, Sous-produits d&rsquo;origine v\u00e9g\u00e9tale, Substances min\u00e9rales, Sucres.<\/p>\n<\/div>\n<\/div>\n<div class=\"product__tab\" data-drawer=\"\">\n<div class=\"product__tab-content\" data-drawer-content=\"\"><strong>Mode d&#8217;emploi:<\/strong><\/div>\n<div data-drawer-content=\"\"><\/div>\n<div data-drawer-content=\"\">\n<table>\n<tbody>\n<tr>\n<td>\u00e2ge du chaton<\/td>\n<td>4 mois<\/td>\n<td>9 mois<\/td>\n<td>11 mois<\/td>\n<\/tr>\n<tr>\n<td>ration journali\u00e8re<\/td>\n<td>130g<\/td>\n<td>150g<\/td>\n<td>120g<\/td>\n<\/tr>\n<\/tbody>\n<\/table>\n<\/div>\n<\/div>\n<\/div>\n<\/div>\n<\/div>\n<\/div>\n<\/div>\n","protected":false},"excerpt":{"rendered":"<p>Faites plaisir \u00e0 votre petite boule de poils en lui offrant les \u00e9minc\u00e9s en sauce au Poulet Les Repas Plaisir! Ils sont \u00e9labor\u00e9s \u00e0 base d&rsquo;ingr\u00e9dients frais et cuits \u00e0 la vapeur, c&rsquo;est ce qui leur donne ce go\u00fbt si irr\u00e9sistible. Ile ne contiennent aucun colorants et leur formule est sp\u00e9cialement adapt\u00e9e au chaton pour [&#8230;]\n","protected":false},"featured_media":27568,"template":"","meta":{"jetpack_publicize_message":"","jetpack_publicize_feature_enabled":true,"jetpack_social_post_already_shared":false,"jetpack_social_options":{"image_generator_settings":{"template":"highway","default_image_id":0,"font":"","enabled":false},"version":2}},"product_brand":[],"product_cat":[41],"product_tag":[],"class_list":{"0":"post-2075","1":"product","2":"type-product","3":"status-publish","4":"has-post-thumbnail","6":"product_cat-friandises-et-pate-pour-chat","8":"first","9":"instock","10":"sale","11":"taxable","12":"shipping-taxable","13":"purchasable","14":"product-type-simple"},"supplier_id":5587,"supplier_sku":"6764","barcode":null,"atum_controlled":true,"out_stock_date":null,"out_stock_threshold":null,"inheritable":false,"inbound_stock":0,"stock_on_hold":0,"sold_today":0,"sales_last_days":6,"reserved_stock":0,"customer_returns":0,"warehouse_damage":0,"lost_in_post":0,"other_logs":0,"out_stock_days":0,"lost_sales":0,"has_location":false,"update_date":"2026-04-24T13:43:04","atum_locations":[],"atum_stock_status":"instock","restock_status":false,"low_stock_amount":220,"sales_update_date":"2026-04-24T13:43:02","calc_backorders":null,"jetpack_publicize_connections":[],"jetpack_sharing_enabled":true,"batches":[{"id":"1790","date_created":"2025-01-27 22:59:02","date_expiry":"2026-11-01 00:00:00","user_id":"2760","batch_number":"Sachetsfra\u00eecheurpourChaton100g011126","location":"","quantity":"220.0000","quantity_available":"0.0000","units":"1","status":"archived","order_ids":"[17192,17421,17448,17538,17316,17637,18035,18076,18078,18148,18344,18455,18603,18609,18633,18666,19157,19179,19218,19695,20018,20429,20477,20502,20899,21207]","supplier":"Royal Canin","po":{"id":"1764","date_created":"2025-01-27 22:59:05","batch_id":"1790","po_number":"","supplier":"Royal Canin","cost":null,"regular_price":null,"sale_price":null,"price_margin":null,"price_discount":null}},{"id":"2230","date_created":"2025-03-06 01:50:53","date_expiry":"2026-11-01 00:00:00","user_id":"2760","batch_number":"Sachetsfra\u00eecheurpourChaton100g011126","location":"","quantity":"66.0000","quantity_available":"0.0000","units":"1","status":"archived","order_ids":"[18944,19079,19097,19157]","supplier":"Royal Canin","po":{"id":"2199","date_created":"2025-03-06 01:50:56","batch_id":"2230","po_number":"","supplier":"Royal Canin","cost":null,"regular_price":null,"sale_price":null,"price_margin":null,"price_discount":null}},{"id":"2787","date_created":"2025-04-06 01:54:40","date_expiry":"2026-02-25 00:00:00","user_id":"2760","batch_number":"Sachetsfra\u00eecheurpourChaton100g250226","location":"","quantity":"44.0000","quantity_available":"0.0000","units":"1","status":"archived","order_ids":"[20371,20427,20429]","supplier":"Royal Canin","po":{"id":"2756","date_created":"2025-04-06 01:54:47","batch_id":"2787","po_number":"","supplier":"Royal Canin","cost":null,"regular_price":null,"sale_price":null,"price_margin":null,"price_discount":null}},{"id":"3211","date_created":"2025-04-29 09:16:33","date_expiry":"2026-02-25 00:00:00","user_id":"2760","batch_number":"Sachetsfra\u00eecheurpourChaton100g250226","location":"","quantity":"50.0000","quantity_available":"0.0000","units":"1","status":"archived","order_ids":"[21315,21425,21569,21785,21804]","supplier":"Royal Canin","po":{"id":"3179","date_created":"2025-04-29 09:16:34","batch_id":"3211","po_number":"","supplier":"Royal Canin","cost":null,"regular_price":null,"sale_price":null,"price_margin":null,"price_discount":null}},{"id":"3252","date_created":"2025-05-01 09:48:33","date_expiry":"2026-11-01 00:00:00","user_id":"2760","batch_number":"Sachetsfra\u00eecheurpourChaton100g011126","location":"","quantity":"132.0000","quantity_available":"0.0000","units":"1","status":"archived","order_ids":"[21804,21824,22586,22677,22775,22795,22811,22913,22945]","supplier":"Royal Canin","po":{"id":"3219","date_created":"2025-05-01 09:48:33","batch_id":"3252","po_number":"","supplier":"Royal Canin","cost":null,"regular_price":null,"sale_price":null,"price_margin":null,"price_discount":null}},{"id":"3625","date_created":"2025-05-26 12:27:58","date_expiry":"2027-02-01 00:00:00","user_id":"2760","batch_number":"Sachetsfra\u00eecheurpourChaton100g010227","location":"","quantity":"44.0000","quantity_available":"0.0000","units":"1","status":"archived","order_ids":"[24393,24395,24976,25062,25385,25496,25506,25523,25562]","supplier":"Royal Canin","po":{"id":"3592","date_created":"2025-05-26 12:27:59","batch_id":"3625","po_number":"","supplier":"Royal Canin","cost":null,"regular_price":null,"sale_price":null,"price_margin":null,"price_discount":null}},{"id":"3626","date_created":"2025-05-26 12:27:59","date_expiry":"2027-01-01 00:00:00","user_id":"2760","batch_number":"Sachetsfra\u00eecheurpourChaton100g010127","location":"","quantity":"66.0000","quantity_available":"0.0000","units":"1","status":"archived","order_ids":"[22945,23039,23122,23280,23470,23485,23492,23626,23668,23724,24023,24215]","supplier":"Royal Canin","po":{"id":"3593","date_created":"2025-05-26 12:27:59","batch_id":"3626","po_number":"","supplier":"Royal Canin","cost":null,"regular_price":null,"sale_price":null,"price_margin":null,"price_discount":null}},{"id":"4298","date_created":"2025-07-09 11:17:16","date_expiry":"2027-02-01 00:00:00","user_id":"2760","batch_number":"Sachetsfra\u00eecheurpourChaton100g010227","location":"","quantity":"220.0000","quantity_available":"0.0000","units":"1","status":"archived","order_ids":"[25562,25566,25818,25919,26028,26030,26101,26205,26383,26474,26763,26915,26937,27321,27579,28057,28070,28355,28400,28579,28828,28957,28989,29228,29367,29584,29777,29789,30084,30111,30175,30379,30392,30419,30458,30572,30632,30663,30886,31052,31189,31455,31463,31695,31918,32066,32096,32429,32430,32446,32993,33165,33173,33217]","supplier":"Royal Canin","po":{"id":"4261","date_created":"2025-07-09 11:17:16","batch_id":"4298","po_number":"","supplier":"Royal Canin","cost":null,"regular_price":null,"sale_price":null,"price_margin":null,"price_discount":null}},{"id":"5395","date_created":"2025-09-20 12:25:41","date_expiry":"2027-06-01 00:00:00","user_id":"2760","batch_number":"Sachetsfra\u00eecheurpourChaton100g010627","location":"","quantity":"44.0000","quantity_available":"140.0000","units":"1","status":"active","order_ids":"[32257,33217,33450,33627,33664,34059,34464,34792,34911,35227,36347,36670,36674,36730,36770,37403,37824,38199,38483,38942,39139,39677,39923,39993]","supplier":"Royal Canin","po":{"id":"5352","date_created":"2025-09-20 12:25:41","batch_id":"5395","po_number":"","supplier":"Royal Canin","cost":null,"regular_price":null,"sale_price":null,"price_margin":null,"price_discount":null}},{"id":"7812","date_created":"2026-02-19 12:27:07","date_expiry":"2027-08-01 00:00:00","user_id":"2760","batch_number":"Sachetsfra\u00eecheurpourChaton100g010827","location":"","quantity":"110.0000","quantity_available":"110.0000","units":"1","status":"active","order_ids":null,"supplier":"Royal Canin","po":{"id":"7747","date_created":"2026-02-19 12:27:07","batch_id":"7812","po_number":"","supplier":"Royal Canin","cost":null,"regular_price":null,"sale_price":null,"price_margin":null,"price_discount":null}}],"_links":{"self":[{"href":"https:\/\/petworld.ma\/index.php\/wp-json\/wp\/v2\/product\/2075","targetHints":{"allow":["GET"]}}],"collection":[{"href":"https:\/\/petworld.ma\/index.php\/wp-json\/wp\/v2\/product"}],"about":[{"href":"https:\/\/petworld.ma\/index.php\/wp-json\/wp\/v2\/types\/product"}],"wp:featuredmedia":[{"embeddable":true,"href":"https:\/\/petworld.ma\/index.php\/wp-json\/wp\/v2\/media\/27568"}],"wp:attachment":[{"href":"https:\/\/petworld.ma\/index.php\/wp-json\/wp\/v2\/media?parent=2075"}],"wp:term":[{"taxonomy":"product_brand","embeddable":true,"href":"https:\/\/petworld.ma\/index.php\/wp-json\/wp\/v2\/product_brand?post=2075"},{"taxonomy":"product_cat","embeddable":true,"href":"https:\/\/petworld.ma\/index.php\/wp-json\/wp\/v2\/product_cat?post=2075"},{"taxonomy":"product_tag","embeddable":true,"href":"https:\/\/petworld.ma\/index.php\/wp-json\/wp\/v2\/product_tag?post=2075"}],"curies":[{"name":"wp","href":"https:\/\/api.w.org\/{rel}","templated":true}]}}