{"id":20796,"date":"2025-04-17T11:56:20","date_gmt":"2025-04-17T11:56:20","guid":{"rendered":"https:\/\/petworld.ma\/?post_type=product&#038;p=20796"},"modified":"2026-05-06T11:06:06","modified_gmt":"2026-05-06T11:06:06","slug":"repulsif-pour-chat-et-chien-500ml-oropharma-stop-indoor","status":"publish","type":"product","link":"https:\/\/petworld.ma\/index.php\/produit\/repulsif-pour-chat-et-chien-500ml-oropharma-stop-indoor\/","title":{"rendered":"R\u00e9pulsif pour Chat Et Chien 500ml (Oropharma Stop Indoor)"},"content":{"rendered":"<p><b>Le spray \u00e9loigne les chiens et les chats &#8211; utilisation en int\u00e9rieur<\/b><\/p>\n<p>Oropharma Stop Spray Indoor \u00e9loigne les chiens et les chats des endroits que vous souhaitez prot\u00e9ger (plantes, canap\u00e9s, etc.).<\/p>\n<ul>\n<li>Spray id\u00e9al pour le dressage des chiens\/chats &#8211; int\u00e9rieur<\/li>\n<li>Spray tr\u00e8s efficace et pratique<\/li>\n<\/ul>\n<h2 class=\"default\">Description du produit<\/h2>\n<div id=\"productDescription\" class=\"a-section a-spacing-small\">\n<p>Vl Ororpharma Stop Int\u00e9rieur 500 ml<\/p>\n<h3>Composition<\/h3>\n<p>substance active : acide ac\u00e9tique (n\u00b0 CAS 64-19-7) 8,5 g\/L (0,832 % p\/p), huile essentielle de menthe poivr\u00e9e (n\u00b0 CAS 8006-90-4) 8,5 g\/L (0,832 % p\/p), huile essentielle de lavande (n\u00b0 CAS 8000-28-0) 8,5 g\/L (0,832 % p\/p)<\/p>\n<h3>Mode d&#8217;emploi<\/h3>\n<p>Vaporisez le liquide dans les pi\u00e8ces \u00e0 prot\u00e9ger (toits, greniers) ou sur les meubles \u00e0 pr\u00e9server (canap\u00e9s et tapis).<br \/>\nAvant toute application sur une surface fragile ou des textiles, effectuez un essai sur une partie cach\u00e9e quelques heures avant l&rsquo;application.<br \/>\nLe produit peut \u00eatre appliqu\u00e9 sur tous types de surfaces.<br \/>\nUtilisez 3 ml de liquide pour 1 m\u00b2. Appliquez le r\u00e9pulsif chaque semaine pour un effet durable.<br \/>\nNe pas utiliser en pr\u00e9sence de chiots et de chatons de moins de 3 mois.<\/p>\n<\/div>\n","protected":false},"excerpt":{"rendered":"<p>Le spray \u00e9loigne les chiens et les chats &#8211; utilisation en int\u00e9rieur Oropharma Stop Spray Indoor \u00e9loigne les chiens et les chats des endroits que vous souhaitez prot\u00e9ger (plantes, canap\u00e9s, etc.). Spray id\u00e9al pour le dressage des chiens\/chats &#8211; int\u00e9rieur Spray tr\u00e8s efficace et pratique Description du produit Vl Ororpharma Stop Int\u00e9rieur 500 ml Composition [&#8230;]\n","protected":false},"featured_media":20801,"template":"","meta":{"jetpack_publicize_message":"","jetpack_publicize_feature_enabled":true,"jetpack_social_post_already_shared":true,"jetpack_social_options":{"image_generator_settings":{"template":"highway","default_image_id":0,"font":"","enabled":false},"version":2}},"product_brand":[],"product_cat":[187,106,94],"product_tag":[],"class_list":{"0":"post-20796","1":"product","2":"type-product","3":"status-publish","4":"has-post-thumbnail","6":"product_cat-destockage","7":"product_cat-jouet-et-dressage","8":"product_cat-litieres-et-bacs","10":"first","11":"instock","12":"sale","13":"taxable","14":"shipping-taxable","15":"purchasable","16":"product-type-simple"},"supplier_id":5593,"supplier_sku":"","barcode":null,"atum_controlled":true,"out_stock_date":null,"out_stock_threshold":null,"inheritable":false,"inbound_stock":0,"stock_on_hold":1,"sold_today":1,"sales_last_days":1,"reserved_stock":0,"customer_returns":0,"warehouse_damage":0,"lost_in_post":0,"other_logs":0,"out_stock_days":0,"lost_sales":0,"has_location":false,"update_date":"2026-05-06T13:20:55","atum_locations":[],"atum_stock_status":"instock","restock_status":false,"low_stock_amount":10,"sales_update_date":"2026-05-06T13:20:55","calc_backorders":null,"jetpack_publicize_connections":[],"jetpack_sharing_enabled":true,"batches":[{"id":"3074","date_created":"2025-04-17 09:34:22","date_expiry":"2026-03-31 00:00:00","user_id":"2461","batch_number":"OropharmaStopIndoor0326","location":"","quantity":"6.0000","quantity_available":"0.0000","units":"1","status":"archived","order_ids":"[20815,21342,21754,24921,24959,25097]","supplier":"Rabat","po":{"id":"3041","date_created":"2025-04-17 09:34:22","batch_id":"3074","po_number":"","supplier":"Rabat","cost":null,"regular_price":null,"sale_price":null,"price_margin":null,"price_discount":null}},{"id":"3787","date_created":"2025-06-04 20:09:49","date_expiry":"2026-03-31 00:00:00","user_id":"2461","batch_number":"OropharmaStopIndoor0326","location":"","quantity":"6.0000","quantity_available":"0.0000","units":"1","status":"archived","order_ids":"[26395,28037,28184,28581,30793,31315]","supplier":"Rabat","po":{"id":"3752","date_created":"2025-06-04 20:09:50","batch_id":"3787","po_number":"","supplier":"Rabat","cost":null,"regular_price":null,"sale_price":null,"price_margin":null,"price_discount":null}},{"id":"6713","date_created":"2025-12-16 11:13:59","date_expiry":"2027-04-30 00:00:00","user_id":"2461","batch_number":"OropharmaStopIndoor300427","location":"","quantity":"24.0000","quantity_available":"2.0000","units":"1","status":"active","order_ids":"[32199,32235,32850,32990,33303,33435,33441,34841,35397,35506,35790,36216,36424,36977,37275,37276,37441,37715,37766,39167,39460,41471]","supplier":"Rabat","po":{"id":"6659","date_created":"2025-12-16 11:14:00","batch_id":"6713","po_number":"","supplier":"Rabat","cost":null,"regular_price":null,"sale_price":null,"price_margin":null,"price_discount":null}}],"_links":{"self":[{"href":"https:\/\/petworld.ma\/index.php\/wp-json\/wp\/v2\/product\/20796","targetHints":{"allow":["GET"]}}],"collection":[{"href":"https:\/\/petworld.ma\/index.php\/wp-json\/wp\/v2\/product"}],"about":[{"href":"https:\/\/petworld.ma\/index.php\/wp-json\/wp\/v2\/types\/product"}],"wp:featuredmedia":[{"embeddable":true,"href":"https:\/\/petworld.ma\/index.php\/wp-json\/wp\/v2\/media\/20801"}],"wp:attachment":[{"href":"https:\/\/petworld.ma\/index.php\/wp-json\/wp\/v2\/media?parent=20796"}],"wp:term":[{"taxonomy":"product_brand","embeddable":true,"href":"https:\/\/petworld.ma\/index.php\/wp-json\/wp\/v2\/product_brand?post=20796"},{"taxonomy":"product_cat","embeddable":true,"href":"https:\/\/petworld.ma\/index.php\/wp-json\/wp\/v2\/product_cat?post=20796"},{"taxonomy":"product_tag","embeddable":true,"href":"https:\/\/petworld.ma\/index.php\/wp-json\/wp\/v2\/product_tag?post=20796"}],"curies":[{"name":"wp","href":"https:\/\/api.w.org\/{rel}","templated":true}]}}