{"id":20878,"date":"2025-04-22T09:49:23","date_gmt":"2025-04-22T09:49:23","guid":{"rendered":"https:\/\/petworld.ma\/?post_type=product&#038;p=20878"},"modified":"2026-03-30T18:06:00","modified_gmt":"2026-03-30T18:06:00","slug":"colorant-rouge-a-base-de-canthaxantine-can-tax-20g","status":"publish","type":"product","link":"https:\/\/petworld.ma\/index.php\/produit\/colorant-rouge-a-base-de-canthaxantine-can-tax-20g\/","title":{"rendered":"Colorant Rouge \u00e0 Base de Canthaxantine CAN TAX 20g"},"content":{"rendered":"<p><b>Colorant rouge \u00e0 base de canthaxantine<\/b><\/p>\n<p>Oropharma Can-Tax est un colorant rouge \u00e0 base de canthaxantine. Ce compl\u00e9ment alimentaire donne de la couleur \u00e0 vos canaris rouges, intensifie la couleur rouge chez les autres oiseaux et assure une couleur rouge bien \u00e9gale. Lorsque Can-Tax est ajout\u00e9 \u00e0 la nourriture, la canthaxantine est achemin\u00e9e \u00e0 l&rsquo;endroit o\u00f9 la plume se d\u00e9veloppe et lui garantit une couleur rouge intense. La plume form\u00e9e garde sa couleur jusqu&rsquo;\u00e0 la formation d&rsquo;une nouvelle plume.<\/p>\n<p>&nbsp;<\/p>\n<ul>\n<li>Assure une belle couleur rouge bien intense et \u00e9gale \u00e0 vos canaris rouges<\/li>\n<li>Intensifie aussi la couleur rouge chez les autres oiseaux<\/li>\n<li>En combinaison avec Oropharma Avi-Chol, pour soutenir le foie<\/li>\n<\/ul>\n<div class=\"row\">\n<div class=\"col-12\">\n<div class=\"rich-text\">\n<h3>Composition<\/h3>\n<p>glucose, amidon de ma\u00efs<\/p>\n<\/div>\n<\/div>\n<\/div>\n<h3>Additifs\/kg<\/h3>\n<div class=\"row\">\n<div class=\"col-12\">\n<div class=\"rich-text\">\n<h4>Additifs nutritionnels<\/h4>\n<p>3a700 vitamine E 2000 mg<\/p>\n<\/div>\n<\/div>\n<\/div>\n<div class=\"row\">\n<div class=\"col-12\">\n<div class=\"rich-text\">\n<h4>Additifs techniques<\/h4>\n<p>antioxyg\u00e8nes<\/p>\n<\/div>\n<\/div>\n<\/div>\n<div class=\"row\">\n<div class=\"col-12\">\n<div class=\"rich-text\">\n<h4>Additifs sensoriels<\/h4>\n<p>2a161g canthaxantine 10000 mg<\/p>\n<h3>Mode d&#8217;emploi<\/h3>\n<p>1,5 \u00e0 3 g CAN-TAX par 100 g de p\u00e2t\u00e9e.<br \/>\nCe compl\u00e9ment alimentaire peut repr\u00e9senter au maximum 1 % de la ration quotidienne.<\/p>\n<p>Emballage 20 g &amp; 150 g:<br \/>\n3 \u00e0 5 mesures \u00e0 ras bord (petit format) par 100 g de p\u00e2t\u00e9e Orlux ou par 200 ml d&rsquo;eau de boisson.<\/p>\n<p>Emballage 500 g:<br \/>\n3 \u00e0 5 mesures \u00e0 ras bord (grand format) par 500 g de p\u00e2t\u00e9e Orlux ou par litre d&rsquo;eau de boisson<\/p>\n<p>\u00c0 conserver dans un endroit frais (5-20 \u00b0C), \u00e0 l&rsquo;abri de la lumi\u00e8re et dans l&#8217;emballage d&rsquo;origine bien ferm\u00e9.<\/p>\n<\/div>\n<\/div>\n<\/div>\n","protected":false},"excerpt":{"rendered":"<p>Colorant rouge \u00e0 base de canthaxantine Oropharma Can-Tax est un colorant rouge \u00e0 base de canthaxantine. Ce compl\u00e9ment alimentaire donne de la couleur \u00e0 vos canaris rouges, intensifie la couleur rouge chez les autres oiseaux et assure une couleur rouge bien \u00e9gale. Lorsque Can-Tax est ajout\u00e9 \u00e0 la nourriture, la canthaxantine est achemin\u00e9e \u00e0 l&rsquo;endroit [&#8230;]\n","protected":false},"featured_media":20969,"template":"","meta":{"jetpack_publicize_message":"","jetpack_publicize_feature_enabled":true,"jetpack_social_post_already_shared":true,"jetpack_social_options":{"image_generator_settings":{"template":"highway","default_image_id":0,"font":"","enabled":false},"version":2}},"product_brand":[],"product_cat":[187,141],"product_tag":[],"class_list":{"0":"post-20878","1":"product","2":"type-product","3":"status-publish","4":"has-post-thumbnail","6":"product_cat-destockage","7":"product_cat-oiseaux","9":"first","10":"instock","11":"sale","12":"taxable","13":"shipping-taxable","14":"purchasable","15":"product-type-simple"},"supplier_id":5589,"supplier_sku":"","barcode":null,"atum_controlled":true,"out_stock_date":null,"out_stock_threshold":null,"inheritable":false,"inbound_stock":0,"stock_on_hold":0,"sold_today":0,"sales_last_days":0,"reserved_stock":0,"customer_returns":0,"warehouse_damage":0,"lost_in_post":0,"other_logs":0,"out_stock_days":0,"lost_sales":0,"has_location":false,"update_date":"2026-04-28T00:15:48","atum_locations":[],"atum_stock_status":"instock","restock_status":false,"low_stock_amount":2,"sales_update_date":"2026-04-28T00:15:48","calc_backorders":null,"jetpack_publicize_connections":[],"jetpack_sharing_enabled":true,"batches":[{"id":"3088","date_created":"2025-04-19 10:03:57","date_expiry":"2026-06-10 00:00:00","user_id":"9","batch_number":"CAN-TAX 20g100626","location":"","quantity":"12.0000","quantity_available":"8.0000","units":"1","status":"active","order_ids":"[23862,24699,37656,38555]","supplier":"Zooluxe","po":{"id":"3056","date_created":"2025-04-19 10:03:59","batch_id":"3088","po_number":"","supplier":"Zooluxe","cost":null,"regular_price":null,"sale_price":null,"price_margin":null,"price_discount":null}}],"_links":{"self":[{"href":"https:\/\/petworld.ma\/index.php\/wp-json\/wp\/v2\/product\/20878","targetHints":{"allow":["GET"]}}],"collection":[{"href":"https:\/\/petworld.ma\/index.php\/wp-json\/wp\/v2\/product"}],"about":[{"href":"https:\/\/petworld.ma\/index.php\/wp-json\/wp\/v2\/types\/product"}],"wp:featuredmedia":[{"embeddable":true,"href":"https:\/\/petworld.ma\/index.php\/wp-json\/wp\/v2\/media\/20969"}],"wp:attachment":[{"href":"https:\/\/petworld.ma\/index.php\/wp-json\/wp\/v2\/media?parent=20878"}],"wp:term":[{"taxonomy":"product_brand","embeddable":true,"href":"https:\/\/petworld.ma\/index.php\/wp-json\/wp\/v2\/product_brand?post=20878"},{"taxonomy":"product_cat","embeddable":true,"href":"https:\/\/petworld.ma\/index.php\/wp-json\/wp\/v2\/product_cat?post=20878"},{"taxonomy":"product_tag","embeddable":true,"href":"https:\/\/petworld.ma\/index.php\/wp-json\/wp\/v2\/product_tag?post=20878"}],"curies":[{"name":"wp","href":"https:\/\/api.w.org\/{rel}","templated":true}]}}