{"id":20882,"date":"2025-04-22T09:44:23","date_gmt":"2025-04-22T09:44:23","guid":{"rendered":"https:\/\/petworld.ma\/?post_type=product&#038;p=20882"},"modified":"2026-03-12T16:55:40","modified_gmt":"2026-03-12T16:55:40","slug":"bloc-dargile-pour-petits-oiseaux-clay-bloc-mini-3x180g","status":"publish","type":"product","link":"https:\/\/petworld.ma\/index.php\/produit\/bloc-dargile-pour-petits-oiseaux-clay-bloc-mini-3x180g\/","title":{"rendered":"Bloc d&rsquo;argile Pour Petits Oiseaux Clay Bloc Mini 3\u00d7180g"},"content":{"rendered":"<p><b>Bloc d&rsquo;argile pour petits oiseaux<\/b><\/p>\n<p>Compos\u00e9 \u00e0 base d&rsquo;argile fra\u00eeche, de grit et de gravier pour g\u00e9sier.<\/p>\n<p>&nbsp;<\/p>\n<ul>\n<li>Source de min\u00e9raux et d&rsquo;oligo\u00e9l\u00e9ments.<\/li>\n<li>Pour un squelette robuste.<\/li>\n<li>Favorise l&rsquo;\u00e9tat de sant\u00e9 g\u00e9n\u00e9ral et la digestion.<\/li>\n<\/ul>\n<div class=\"row\">\n<div class=\"col-12\">\n<div class=\"rich-text\">\n<h3>Composition<\/h3>\n<p>substances min\u00e9rales, graines<\/p>\n<\/div>\n<\/div>\n<\/div>\n<div class=\"row\">\n<div class=\"col-12\">\n<div class=\"rich-text\">\n<h3>Constituants analytiques<\/h3>\n<p>cendres brutes 91,00% (37,00% cendres insolubles dans HCl), calcium 15,00%, phosphore 0,012%, sodium 0,65%<\/p>\n<\/div>\n<h3>Mode d&#8217;emploi<\/h3>\n<p>Administrer \u00e0 volont\u00e9 et renouveler r\u00e9guli\u00e8rement.<\/p>\n<\/div>\n<\/div>\n","protected":false},"excerpt":{"rendered":"<p>Bloc d&rsquo;argile pour petits oiseaux Compos\u00e9 \u00e0 base d&rsquo;argile fra\u00eeche, de grit et de gravier pour g\u00e9sier. &nbsp; Source de min\u00e9raux et d&rsquo;oligo\u00e9l\u00e9ments. Pour un squelette robuste. Favorise l&rsquo;\u00e9tat de sant\u00e9 g\u00e9n\u00e9ral et la digestion. Composition substances min\u00e9rales, graines Constituants analytiques cendres brutes 91,00% (37,00% cendres insolubles dans HCl), calcium 15,00%, phosphore 0,012%, sodium 0,65% [&#8230;]\n","protected":false},"featured_media":20888,"template":"","meta":{"jetpack_publicize_message":"","jetpack_publicize_feature_enabled":true,"jetpack_social_post_already_shared":true,"jetpack_social_options":{"image_generator_settings":{"template":"highway","default_image_id":0,"font":"","enabled":false},"version":2}},"product_brand":[],"product_cat":[141],"product_tag":[],"class_list":{"0":"post-20882","1":"product","2":"type-product","3":"status-publish","4":"has-post-thumbnail","6":"product_cat-oiseaux","8":"first","9":"outofstock","10":"taxable","11":"shipping-taxable","12":"purchasable","13":"product-type-simple"},"supplier_id":5589,"supplier_sku":"","barcode":null,"atum_controlled":true,"out_stock_date":"2026-03-12 16:55:39","out_stock_threshold":null,"inheritable":false,"inbound_stock":0,"stock_on_hold":0,"sold_today":0,"sales_last_days":0,"reserved_stock":0,"customer_returns":0,"warehouse_damage":0,"lost_in_post":0,"other_logs":0,"out_stock_days":46,"lost_sales":0,"has_location":false,"update_date":"2026-04-27T17:43:47","atum_locations":[],"atum_stock_status":"outofstock","restock_status":false,"low_stock_amount":2,"sales_update_date":"2026-04-27T17:43:47","calc_backorders":null,"jetpack_publicize_connections":[],"jetpack_sharing_enabled":true,"batches":[{"id":"3090","date_created":"2025-04-19 10:31:17","date_expiry":"2029-01-04 00:00:00","user_id":"1","batch_number":"ClayBlocMini3\u00d7180g040129","location":"","quantity":"12.0000","quantity_available":"0.0000","units":"1","status":"archived","order_ids":"[23466,23821,25781,26860,30937,31151,32646,36738,36775]","supplier":"Zooluxe","po":{"id":"3057","date_created":"2025-04-19 10:31:17","batch_id":"3090","po_number":"","supplier":"Zooluxe","cost":null,"regular_price":null,"sale_price":null,"price_margin":null,"price_discount":null}}],"_links":{"self":[{"href":"https:\/\/petworld.ma\/index.php\/wp-json\/wp\/v2\/product\/20882","targetHints":{"allow":["GET"]}}],"collection":[{"href":"https:\/\/petworld.ma\/index.php\/wp-json\/wp\/v2\/product"}],"about":[{"href":"https:\/\/petworld.ma\/index.php\/wp-json\/wp\/v2\/types\/product"}],"wp:featuredmedia":[{"embeddable":true,"href":"https:\/\/petworld.ma\/index.php\/wp-json\/wp\/v2\/media\/20888"}],"wp:attachment":[{"href":"https:\/\/petworld.ma\/index.php\/wp-json\/wp\/v2\/media?parent=20882"}],"wp:term":[{"taxonomy":"product_brand","embeddable":true,"href":"https:\/\/petworld.ma\/index.php\/wp-json\/wp\/v2\/product_brand?post=20882"},{"taxonomy":"product_cat","embeddable":true,"href":"https:\/\/petworld.ma\/index.php\/wp-json\/wp\/v2\/product_cat?post=20882"},{"taxonomy":"product_tag","embeddable":true,"href":"https:\/\/petworld.ma\/index.php\/wp-json\/wp\/v2\/product_tag?post=20882"}],"curies":[{"name":"wp","href":"https:\/\/api.w.org\/{rel}","templated":true}]}}