{"id":20955,"date":"2025-04-21T20:42:54","date_gmt":"2025-04-21T20:42:54","guid":{"rendered":"https:\/\/petworld.ma\/?post_type=product&#038;p=20955"},"modified":"2026-04-30T14:54:04","modified_gmt":"2026-04-30T14:54:04","slug":"gifyy-plus-nourriture-pour-chaton-au-poulet-15-kg","status":"publish","type":"product","link":"https:\/\/petworld.ma\/index.php\/produit\/gifyy-plus-nourriture-pour-chaton-au-poulet-15-kg\/","title":{"rendered":"Gifyy Plus Nourriture pour Chaton Au Poulet 15 kg"},"content":{"rendered":"<div>Offrez \u00e0 votre chaton une nutrition compl\u00e8te et \u00e9quilibr\u00e9e gr\u00e2ce aux croquettes Gifyy Plus+ Kitten \u2013 Chicken Formula.<\/div>\n<div>Sp\u00e9cialement formul\u00e9es pour r\u00e9pondre aux besoins nutritionnels des chatons en pleine croissance, ces croquettes au poulet fournissent les prot\u00e9ines essentielles pour un d\u00e9veloppement sain et une \u00e9nergie optimale.<\/div>\n<div><\/div>\n<h3><strong>Points forts du produit\u00a0<\/strong><\/h3>\n<div>\u2022Formule au poulet riche en prot\u00e9ines animales de qualit\u00e9<\/div>\n<div>\u2022Enrichie en Omega 3 &amp; 6 pour un pelage brillant et une peau saine<\/div>\n<div>\u2022Convient \u00e0 toutes les races de chatons<\/div>\n<div>\u2022Contient des pr\u00e9biotiques et des oligosaccharides favorisant une bonne digestion<\/div>\n<div>\u2022\u00c9labor\u00e9e avec des vitamines et min\u00e9raux essentiels pour renforcer le syst\u00e8me immunitaire<\/div>\n<div>Format \u00e9conomique de 15 kg, id\u00e9al pour une utilisation sur le long terme.<\/div>\n<div>Une formule professionnelle pour accompagner votre chaton dans ses premiers mois avec tout ce dont il a besoin pour bien grandir.<\/div>\n<div><\/div>\n<h3><strong>Contenu<\/strong><\/h3>\n<div>\n<div class=\"bg-primary bg-opacity-10 overflow-hidden p-2\">\n<div class=\"row g-4 text-center\">\n<div class=\"col-6 text-nowrap\">Prot\u00e9ines brutes (%)<\/div>\n<div class=\"col-6 fw-600 text-nowrap\">32<\/div>\n<\/div>\n<\/div>\n<div class=\"overflow-hidden p-2\">\n<div class=\"row g-4 text-center\">\n<div class=\"col-6 text-nowrap\">Huile brute (%)<\/div>\n<div class=\"col-6 fw-600 text-nowrap\">16<\/div>\n<\/div>\n<\/div>\n<div class=\"bg-primary bg-opacity-10 overflow-hidden p-2\">\n<div class=\"row g-4 text-center\">\n<div class=\"col-6 text-nowrap\">Cendre (%)<\/div>\n<div class=\"col-6 fw-600 text-nowrap\">4<\/div>\n<\/div>\n<\/div>\n<div class=\"overflow-hidden p-2\">\n<div class=\"row g-4 text-center\">\n<div class=\"col-6 text-nowrap\">Cellulose brute (%)<\/div>\n<div class=\"col-6 fw-600 text-nowrap\">2<\/div>\n<\/div>\n<\/div>\n<div class=\"bg-primary bg-opacity-10 overflow-hidden p-2\">\n<div class=\"row g-4 text-center\">\n<div class=\"col-6 text-nowrap\">Humidit\u00e9 (%)<\/div>\n<div class=\"col-6 fw-600 text-nowrap\">8<\/div>\n<\/div>\n<\/div>\n<div class=\"overflow-hidden p-2\">\n<div class=\"row g-4 text-center\">\n<div class=\"col-6 text-nowrap\">Phosphore (%)<\/div>\n<div class=\"col-6 fw-600 text-nowrap\">1<\/div>\n<\/div>\n<\/div>\n<div class=\"bg-primary bg-opacity-10 overflow-hidden p-2\">\n<div class=\"row g-4 text-center\">\n<div class=\"col-6 text-nowrap\">Sodium (%)<\/div>\n<div class=\"col-6 fw-600 text-nowrap\">0,5<\/div>\n<\/div>\n<\/div>\n<div class=\"overflow-hidden p-2\">\n<div class=\"row g-4 text-center\">\n<div class=\"col-6 text-nowrap\">Calcium (%)<\/div>\n<div class=\"col-6 fw-600 text-nowrap\">2<\/div>\n<\/div>\n<\/div>\n<\/div>\n<h3><strong>Vitamines<\/strong><\/h3>\n<div>\n<div>\n<div class=\"bg-primary bg-opacity-10 overflow-hidden p-2\">\n<div class=\"row g-4 text-center\">\n<div class=\"col-6 text-nowrap\">Vitamine A<\/div>\n<div class=\"col-6 fw-600 text-nowrap\">15 000 UI\/kg<\/div>\n<\/div>\n<\/div>\n<div class=\"overflow-hidden p-2\">\n<div class=\"row g-4 text-center\">\n<div class=\"col-6 text-nowrap\">Vitamine D<\/div>\n<div class=\"col-6 fw-600 text-nowrap\">1250 UI\/kg<\/div>\n<\/div>\n<\/div>\n<div class=\"bg-primary bg-opacity-10 overflow-hidden p-2\">\n<div class=\"row g-4 text-center\">\n<div class=\"col-6 text-nowrap\">Vitamine E<\/div>\n<div class=\"col-6 fw-600 text-nowrap\">100 mg\/kg<\/div>\n<\/div>\n<\/div>\n<div class=\"overflow-hidden p-2\">\n<div class=\"row g-4 text-center\">\n<div class=\"col-6 text-nowrap\">Vitamine C<\/div>\n<div class=\"col-6 fw-600 text-nowrap\">150 mg\/kg<\/div>\n<\/div>\n<\/div>\n<div class=\"bg-primary bg-opacity-10 overflow-hidden p-2\">\n<div class=\"row g-4 text-center\">\n<div class=\"col-6 text-nowrap\">Taurine<\/div>\n<div class=\"col-6 fw-600 text-nowrap\">1 200 mg\/kg<\/div>\n<\/div>\n<\/div>\n<\/div>\n<\/div>\n","protected":false},"excerpt":{"rendered":"<p>Offrez \u00e0 votre chaton une nutrition compl\u00e8te et \u00e9quilibr\u00e9e gr\u00e2ce aux croquettes Gifyy Plus+ Kitten \u2013 Chicken Formula. Sp\u00e9cialement formul\u00e9es pour r\u00e9pondre aux besoins nutritionnels des chatons en pleine croissance, ces croquettes au poulet fournissent les prot\u00e9ines essentielles pour un d\u00e9veloppement sain et une \u00e9nergie optimale. Points forts du produit\u00a0 \u2022Formule au poulet riche en [&#8230;]\n","protected":false},"featured_media":20956,"template":"","meta":{"jetpack_publicize_message":"","jetpack_publicize_feature_enabled":true,"jetpack_social_post_already_shared":true,"jetpack_social_options":{"image_generator_settings":{"template":"highway","default_image_id":0,"font":"","enabled":false},"version":2}},"product_brand":[],"product_cat":[37,36,40],"product_tag":[],"class_list":{"0":"post-20955","1":"product","2":"type-product","3":"status-publish","4":"has-post-thumbnail","6":"product_cat-aliments-pour-chat","7":"product_cat-chat","8":"product_cat-coquettes-pour-chat","10":"first","11":"instock","12":"taxable","13":"shipping-taxable","14":"purchasable","15":"product-type-simple"},"supplier_id":5595,"supplier_sku":"182","barcode":null,"atum_controlled":true,"out_stock_date":null,"out_stock_threshold":null,"inheritable":false,"inbound_stock":0,"stock_on_hold":1,"sold_today":0,"sales_last_days":0,"reserved_stock":0,"customer_returns":0,"warehouse_damage":0,"lost_in_post":0,"other_logs":0,"out_stock_days":0,"lost_sales":0,"has_location":false,"update_date":"2026-05-12T00:23:47","atum_locations":[],"atum_stock_status":"instock","restock_status":false,"low_stock_amount":10,"sales_update_date":"2026-05-12T00:23:47","calc_backorders":null,"jetpack_publicize_connections":[],"jetpack_sharing_enabled":true,"batches":[{"id":"3091","date_created":"2025-04-21 20:35:51","date_expiry":"2026-06-25 00:00:00","user_id":"2760","batch_number":"GifyyPlusNourriturepourChatonAuPoulet15kg250626","location":"","quantity":"4.0000","quantity_available":"0.0000","units":"1","status":"archived","order_ids":"[21046,21305,21327,21462]","supplier":"Ownat","po":{"id":"3058","date_created":"2025-04-21 20:35:51","batch_id":"3091","po_number":"","supplier":"Ownat","cost":null,"regular_price":null,"sale_price":null,"price_margin":null,"price_discount":null}},{"id":"3913","date_created":"2025-06-05 20:40:07","date_expiry":"2026-10-21 00:00:00","user_id":"2760","batch_number":"GifyyPlusNourriturepourChatonAuPoulet15kg211026","location":"","quantity":"10.0000","quantity_available":"0.0000","units":"1","status":"archived","order_ids":"[23352,23669,26082,26097,29622,29996,30111]","supplier":"Ownat","po":{"id":"3877","date_created":"2025-06-05 20:40:07","batch_id":"3913","po_number":"","supplier":"Ownat","cost":null,"regular_price":null,"sale_price":null,"price_margin":null,"price_discount":null}},{"id":"4194","date_created":"2025-06-30 21:37:01","date_expiry":"2026-10-21 00:00:00","user_id":"2760","batch_number":"GifyyPlusNourriturepourChatonAuPoulet15kg211026","location":"","quantity":"2.0000","quantity_available":"0.0000","units":"1","status":"archived","order_ids":"[24436,24955]","supplier":"Ownat","po":{"id":"4157","date_created":"2025-06-30 21:37:01","batch_id":"4194","po_number":"","supplier":"Ownat","cost":null,"regular_price":null,"sale_price":null,"price_margin":null,"price_discount":null}},{"id":"4383","date_created":"2025-07-14 20:55:43","date_expiry":"2026-10-21 00:00:00","user_id":"2760","batch_number":"GifyyPlusNourriturepourChatonAuPoulet15kg211026","location":"","quantity":"1.0000","quantity_available":"0.0000","units":"1","status":"archived","order_ids":"[25670]","supplier":"Ownat","po":{"id":"4347","date_created":"2025-07-14 20:55:44","batch_id":"4383","po_number":"","supplier":"Ownat","cost":null,"regular_price":null,"sale_price":null,"price_margin":null,"price_discount":null}},{"id":"4641","date_created":"2025-08-01 08:42:03","date_expiry":"2026-10-21 00:00:00","user_id":"2760","batch_number":"GifyyPlusNourriturepourChatonAuPoulet15kg211026","location":"","quantity":"1.0000","quantity_available":"0.0000","units":"1","status":"archived","order_ids":"[26229]","supplier":"Ownat","po":{"id":"4605","date_created":"2025-08-01 08:42:04","batch_id":"4641","po_number":"","supplier":"Ownat","cost":null,"regular_price":null,"sale_price":null,"price_margin":null,"price_discount":null}},{"id":"4924","date_created":"2025-08-16 09:05:30","date_expiry":"2026-10-21 00:00:00","user_id":"2760","batch_number":"GifyyPlusNourriturepourChatonAuPoulet15kg211026","location":"","quantity":"1.0000","quantity_available":"0.0000","units":"1","status":"archived","order_ids":"[26022]","supplier":"Ownat","po":{"id":"4888","date_created":"2025-08-16 09:05:30","batch_id":"4924","po_number":"","supplier":"Ownat","cost":null,"regular_price":null,"sale_price":null,"price_margin":null,"price_discount":null}},{"id":"4989","date_created":"2025-08-22 17:38:48","date_expiry":"2026-10-21 00:00:00","user_id":"2760","batch_number":"GifyyPlusNourriturepourChatonAuPoulet15kg211026","location":"","quantity":"2.0000","quantity_available":"0.0000","units":"1","status":"archived","order_ids":"[26205,27130]","supplier":"Ownat","po":{"id":"4953","date_created":"2025-08-22 17:38:49","batch_id":"4989","po_number":"","supplier":"Ownat","cost":null,"regular_price":null,"sale_price":null,"price_margin":null,"price_discount":null}},{"id":"5030","date_created":"2025-08-29 12:01:25","date_expiry":"2026-10-21 00:00:00","user_id":"2760","batch_number":"GifyyPlusNourriturepourChatonAuPoulet15kg211026","location":"","quantity":"3.0000","quantity_available":"0.0000","units":"1","status":"archived","order_ids":"[28057,28266,28845]","supplier":"Ownat","po":{"id":"4994","date_created":"2025-08-29 12:01:26","batch_id":"5030","po_number":"","supplier":"Ownat","cost":null,"regular_price":null,"sale_price":null,"price_margin":null,"price_discount":null}},{"id":"5475","date_created":"2025-09-23 10:42:24","date_expiry":"2026-10-21 00:00:00","user_id":"2760","batch_number":"GifyyPlusNourriturepourChatonAuPoulet15kg211026","location":"","quantity":"1.0000","quantity_available":"0.0000","units":"1","status":"archived","order_ids":"[28057]","supplier":"Ownat","po":{"id":"5431","date_created":"2025-09-23 10:42:33","batch_id":"5475","po_number":"","supplier":"Ownat","cost":null,"regular_price":null,"sale_price":null,"price_margin":null,"price_discount":null}},{"id":"5633","date_created":"2025-10-03 14:35:44","date_expiry":"2026-10-21 00:00:00","user_id":"2760","batch_number":"GifyyPlusNourriturepourChatonAuPoulet15kg211026","location":"","quantity":"2.0000","quantity_available":"0.0000","units":"1","status":"archived","order_ids":"[29367,29622]","supplier":"Ownat","po":{"id":"5587","date_created":"2025-10-03 14:35:48","batch_id":"5633","po_number":"","supplier":"Ownat","cost":null,"regular_price":null,"sale_price":null,"price_margin":null,"price_discount":null}},{"id":"5723","date_created":"2025-10-13 20:46:42","date_expiry":"2026-10-21 00:00:00","user_id":"2760","batch_number":"GifyyPlusNourriturepourChatonAuPoulet15kg211026","location":"","quantity":"1.0000","quantity_available":"0.0000","units":"1","status":"archived","order_ids":"[29317]","supplier":"Ownat","po":{"id":"5677","date_created":"2025-10-13 20:46:43","batch_id":"5723","po_number":"","supplier":"Ownat","cost":null,"regular_price":null,"sale_price":null,"price_margin":null,"price_discount":null}},{"id":"6658","date_created":"2025-12-13 10:48:17","date_expiry":"2027-04-15 00:00:00","user_id":"2760","batch_number":"GifyyPlusNourriturepourChatonAuPoulet15kg150427","location":"","quantity":"10.0000","quantity_available":"4.0000","units":"1","status":"active","order_ids":"[35118,35302,35340,40550,40628,40691]","supplier":"Ownat","po":{"id":"6604","date_created":"2025-12-13 10:48:17","batch_id":"6658","po_number":"","supplier":"Ownat","cost":null,"regular_price":null,"sale_price":null,"price_margin":null,"price_discount":null}},{"id":"7650","date_created":"2026-02-12 11:15:14","date_expiry":"2027-04-15 00:00:00","user_id":"2760","batch_number":"GifyyPlusNourriturepourChatonAuPoulet15kg150427","location":"","quantity":"3.0000","quantity_available":"0.0000","units":"1","status":"archived","order_ids":"[37960,40006]","supplier":"Ownat","po":{"id":"7585","date_created":"2026-02-12 11:15:14","batch_id":"7650","po_number":"","supplier":"Ownat","cost":null,"regular_price":null,"sale_price":null,"price_margin":null,"price_discount":null}},{"id":"8534","date_created":"2026-03-26 14:22:47","date_expiry":"2027-04-15 00:00:00","user_id":"2760","batch_number":"GifyyPlusNourriturepourChatonAuPoulet15kg150427","location":"","quantity":"1.0000","quantity_available":"0.0000","units":"1","status":"archived","order_ids":"[40006]","supplier":"Ownat","po":{"id":"8462","date_created":"2026-03-26 14:22:47","batch_id":"8534","po_number":"","supplier":"Ownat","cost":null,"regular_price":null,"sale_price":null,"price_margin":null,"price_discount":null}},{"id":"9254","date_created":"2026-04-30 14:54:02","date_expiry":"2027-05-28 00:00:00","user_id":"2760","batch_number":"GifyyPlusNourriturepourChatonAuPoulet15kg280527","location":"","quantity":"6.0000","quantity_available":"6.0000","units":"1","status":"active","order_ids":null,"supplier":"Ownat","po":{"id":"9177","date_created":"2026-04-30 14:54:03","batch_id":"9254","po_number":"","supplier":"Ownat","cost":null,"regular_price":null,"sale_price":null,"price_margin":null,"price_discount":null}}],"_links":{"self":[{"href":"https:\/\/petworld.ma\/index.php\/wp-json\/wp\/v2\/product\/20955","targetHints":{"allow":["GET"]}}],"collection":[{"href":"https:\/\/petworld.ma\/index.php\/wp-json\/wp\/v2\/product"}],"about":[{"href":"https:\/\/petworld.ma\/index.php\/wp-json\/wp\/v2\/types\/product"}],"wp:featuredmedia":[{"embeddable":true,"href":"https:\/\/petworld.ma\/index.php\/wp-json\/wp\/v2\/media\/20956"}],"wp:attachment":[{"href":"https:\/\/petworld.ma\/index.php\/wp-json\/wp\/v2\/media?parent=20955"}],"wp:term":[{"taxonomy":"product_brand","embeddable":true,"href":"https:\/\/petworld.ma\/index.php\/wp-json\/wp\/v2\/product_brand?post=20955"},{"taxonomy":"product_cat","embeddable":true,"href":"https:\/\/petworld.ma\/index.php\/wp-json\/wp\/v2\/product_cat?post=20955"},{"taxonomy":"product_tag","embeddable":true,"href":"https:\/\/petworld.ma\/index.php\/wp-json\/wp\/v2\/product_tag?post=20955"}],"curies":[{"name":"wp","href":"https:\/\/api.w.org\/{rel}","templated":true}]}}