{"id":21661,"date":"2025-05-11T13:01:11","date_gmt":"2025-05-11T13:01:11","guid":{"rendered":"https:\/\/petworld.ma\/?post_type=product&#038;p=21661"},"modified":"2026-03-16T18:56:29","modified_gmt":"2026-03-16T18:56:29","slug":"pate-complement-articulations-pour-chien-beaphar-100g","status":"publish","type":"product","link":"https:\/\/petworld.ma\/index.php\/produit\/pate-complement-articulations-pour-chien-beaphar-100g\/","title":{"rendered":"P\u00e2te Multivitamin\u00e9e Pour Chien Beaphar 100g"},"content":{"rendered":"<div class=\"product-bottom__paragraph\" data-v-24efc48f=\"\">\n<h3 class=\"product-bottom__paragraph-title\" data-v-24efc48f=\"\"><strong>Description:<\/strong><\/h3>\n<p>La p\u00e2te multivitamin\u00e9e Beaphar est une d\u00e9licieuse p\u00e2te pour chiens qui contribue \u00e0 leur sant\u00e9 et \u00e0 leur vitalit\u00e9. Elle contient de la L-carnitine pour soutenir le m\u00e9tabolisme \u00e9nerg\u00e9tique et du MOS pr\u00e9biotique pour favoriser une flore intestinale saine et faciliter la digestion.<\/p>\n<ul class=\"product-info__usps list-reset\" data-v-d0db36ea=\"\">\n<li data-v-d0db36ea=\"\"><span class=\"product-info__usps-span\" data-v-d0db36ea=\"\">P\u00c2TE SAVOUREUSE POUR SOUTENIR LA SANT\u00c9 CANINE : Contient de la L-carnitine pour soutenir la sant\u00e9 et la vitalit\u00e9 globales<\/span><\/li>\n<li data-v-d0db36ea=\"\"><span class=\"product-info__usps-span\" data-v-d0db36ea=\"\">FAVORISE UN PELAGE BRILLANT : Les om\u00e9ga 3 et 6 aident \u00e0 maintenir un pelage brillant<\/span><\/li>\n<li data-v-d0db36ea=\"\"><span class=\"product-info__usps-span\" data-v-d0db36ea=\"\">PR\u00c9BIOTIQUE AIDE \u00c0 LA DIGESTION : Le mannane-oligosaccharide (MOS) favorise une flore intestinale saine et facilite la digestion.<\/span><\/li>\n<li data-v-d0db36ea=\"\"><span class=\"product-info__usps-span\" data-v-d0db36ea=\"\">AJOUTER \u00c0 LA NOURRITURE OU DIRECTEMENT DANS LA BOUCHE DE VOTRE CHIEN : Donnez \u00e0 votre chien 3 cm de p\u00e2te par jour pour 5 kg de poids corporel.<\/span><\/li>\n<li data-v-d0db36ea=\"\"><span class=\"product-info__usps-span\" data-v-d0db36ea=\"\">ID\u00c9AL POUR L&rsquo;ENTRA\u00ceNEMENT : \u00c0 utiliser avec des tapis \u00e0 l\u00e9cher ou des jouets d&rsquo;enrichissement ou pour dissimuler des m\u00e9dicaments.<\/span><\/li>\n<\/ul>\n<\/div>\n<h3 class=\"product-bottom__paragraph\"><strong>Instructions:<\/strong><\/h3>\n<p>LISEZ TOUJOURS L&rsquo;\u00c9TIQUETTE DU PRODUIT AVANT UTILISATION. Donnez 3 cm de p\u00e2te multivitamin\u00e9e Beaphar pour 5 kg de poids corporel. La p\u00e2te multivitamin\u00e9e Beaphar peut \u00eatre administr\u00e9e directement dans la bouche ou en compl\u00e9ment de la nourriture. Si votre chien est difficile, essayez de placer la p\u00e2te sur sa patte et laissez-le la l\u00e9cher. Gardez toujours de l&rsquo;eau fra\u00eeche \u00e0 disposition.<\/p>\n<h3 class=\"product-bottom__paragraph\"><strong>Composition:<\/strong><\/h3>\n<ul class=\"mb-6 list-reset\" data-v-24efc48f=\"\">\n<li data-v-24efc48f=\"\"><strong data-v-24efc48f=\"\">Ingr\u00e9dients<\/strong>\u00a0:\u00a0<span data-v-24efc48f=\"\">Vitamine B, L-carnitine, Mannan-oligosaccharide (MOS), Om\u00e9ga 3 et 6<\/span><\/li>\n<\/ul>\n<h3 class=\"product-bottom__paragraph\"><strong>Caract\u00e9ristiques:<\/strong><\/h3>\n<table class=\"mt-2 mb-6 w-full product-bottom__specifications overflow-auto\" data-v-24efc48f=\"\">\n<tbody data-v-24efc48f=\"\">\n<tr data-v-24efc48f=\"\">\n<th class=\"text-left py-3 px-5 w-1\/4 align-top\" data-v-24efc48f=\"\">Contenu<\/th>\n<td class=\"w-3\/4 py-3 pr-4\" data-v-24efc48f=\"\"><span class=\"product-bottom__spec\" data-id=\"contents\" data-v-24efc48f=\"\">100g<\/span><\/td>\n<\/tr>\n<tr data-v-24efc48f=\"\">\n<th class=\"text-left py-3 px-5 w-1\/4 align-top\" data-v-24efc48f=\"\">UGS<\/th>\n<td class=\"w-3\/4 py-3 pr-4\" data-v-24efc48f=\"\"><span class=\"product-bottom__spec\" data-id=\"sku\" data-v-24efc48f=\"\">10797<\/span><\/td>\n<\/tr>\n<tr data-v-24efc48f=\"\">\n<th class=\"text-left py-3 px-5 w-1\/4 align-top\" data-v-24efc48f=\"\">Code-barres<\/th>\n<td class=\"w-3\/4 py-3 pr-4\" data-v-24efc48f=\"\"><span class=\"product-bottom__spec\" data-id=\"barcode\" data-v-24efc48f=\"\">8711231107971<\/span><\/td>\n<\/tr>\n<tr data-v-24efc48f=\"\">\n<th class=\"text-left py-3 px-5 w-1\/4 align-top\" data-v-24efc48f=\"\">Formulaire<\/th>\n<td class=\"w-3\/4 py-3 pr-4\" data-v-24efc48f=\"\"><span class=\"product-bottom__spec\" data-id=\"form\" data-v-24efc48f=\"\">Coller<\/span><\/td>\n<\/tr>\n<tr data-v-24efc48f=\"\">\n<th class=\"text-left py-3 px-5 w-1\/4 align-top\" data-v-24efc48f=\"\">Type d&rsquo;animal<\/th>\n<td class=\"w-3\/4 py-3 pr-4\" data-v-24efc48f=\"\"><span class=\"product-bottom__spec\" data-id=\"animal_type\" data-v-24efc48f=\"\">Chien<\/span><\/td>\n<\/tr>\n<tr data-v-24efc48f=\"\">\n<th class=\"text-left py-3 px-5 w-1\/4 align-top\" data-v-24efc48f=\"\">Ne pas appliquer lorsque<\/th>\n<td class=\"w-3\/4 py-3 pr-4\" data-v-24efc48f=\"\"><span class=\"product-bottom__spec\" data-id=\"do_not_apply_when\" data-v-24efc48f=\"\">LIRE ATTENTIVEMENT L&rsquo;\u00c9TIQUETTE DU PRODUIT AVANT UTILISATION. R\u00e9serv\u00e9 \u00e0 l&rsquo;usage des animaux.<\/span><\/td>\n<\/tr>\n<tr data-v-24efc48f=\"\">\n<th class=\"text-left py-3 px-5 w-1\/4 align-top\" data-v-24efc48f=\"\">Stockage et s\u00e9curit\u00e9<\/th>\n<td class=\"w-3\/4 py-3 pr-4\" data-v-24efc48f=\"\"><span class=\"product-bottom__spec\" data-id=\"storage_and_safety\" data-v-24efc48f=\"\">LISEZ TOUJOURS L&rsquo;\u00c9TIQUETTE DU PRODUIT AVANT UTILISATION. Jetez tout aliment non consomm\u00e9 contenant la p\u00e2te avec les ordures m\u00e9nag\u00e8res. Une fois vide, jetez le tube avec les ordures m\u00e9nag\u00e8res.<\/span><\/td>\n<\/tr>\n<tr data-v-24efc48f=\"\">\n<th class=\"text-left py-3 px-5 w-1\/4 align-top\" data-v-24efc48f=\"\">Pr\u00e9cautions d&#8217;emploi du produit<\/th>\n<td class=\"w-3\/4 py-3 pr-4\" data-v-24efc48f=\"\"><span class=\"product-bottom__spec\" data-id=\"product_precautions\" data-v-24efc48f=\"\">Lire attentivement l&#8217;emballage avant utilisation. Tenir hors de port\u00e9e des enfants. R\u00e9serv\u00e9 aux animaux.<\/span><\/td>\n<\/tr>\n<\/tbody>\n<\/table>\n","protected":false},"excerpt":{"rendered":"<p>La p\u00e2te multivitamin\u00e9e Beaphar est une d\u00e9licieuse p\u00e2te pour chiens qui aide \u00e0 soutenir leur sant\u00e9 et leur vitalit\u00e9.<\/p>\n","protected":false},"featured_media":21668,"template":"","meta":{"jetpack_publicize_message":"","jetpack_publicize_feature_enabled":true,"jetpack_social_post_already_shared":true,"jetpack_social_options":{"image_generator_settings":{"template":"highway","default_image_id":0,"font":"","enabled":false},"version":2}},"product_brand":[],"product_cat":[218,187],"product_tag":[],"class_list":{"0":"post-21661","1":"product","2":"type-product","3":"status-publish","4":"has-post-thumbnail","6":"product_cat-complement-alimentaire","7":"product_cat-destockage","9":"first","10":"instock","11":"sale","12":"taxable","13":"shipping-taxable","14":"purchasable","15":"product-type-simple"},"supplier_id":5603,"supplier_sku":"17034","barcode":null,"atum_controlled":true,"out_stock_date":null,"out_stock_threshold":null,"inheritable":false,"inbound_stock":0,"stock_on_hold":0,"sold_today":0,"sales_last_days":0,"reserved_stock":0,"customer_returns":0,"warehouse_damage":0,"lost_in_post":0,"other_logs":0,"out_stock_days":0,"lost_sales":0,"has_location":false,"update_date":"2026-05-06T00:19:17","atum_locations":[],"atum_stock_status":"instock","restock_status":false,"low_stock_amount":6,"sales_update_date":"2026-05-06T00:19:17","calc_backorders":null,"jetpack_publicize_connections":[],"jetpack_sharing_enabled":true,"batches":[{"id":"3377","date_created":"2025-05-11 10:14:32","date_expiry":"2026-04-16 00:00:00","user_id":"1","batch_number":"P\u00e2temultivitamin\u00e9eBeapharpourchiens160426","location":"","quantity":"30.0000","quantity_available":"24.0000","units":"1","status":"active","order_ids":"[25432,27895,30711,31623,33872,37826]","supplier":"HILLS","po":{"id":"3344","date_created":"2025-05-11 10:14:32","batch_id":"3377","po_number":"","supplier":"HILLS","cost":null,"regular_price":null,"sale_price":null,"price_margin":null,"price_discount":null}}],"_links":{"self":[{"href":"https:\/\/petworld.ma\/index.php\/wp-json\/wp\/v2\/product\/21661","targetHints":{"allow":["GET"]}}],"collection":[{"href":"https:\/\/petworld.ma\/index.php\/wp-json\/wp\/v2\/product"}],"about":[{"href":"https:\/\/petworld.ma\/index.php\/wp-json\/wp\/v2\/types\/product"}],"wp:featuredmedia":[{"embeddable":true,"href":"https:\/\/petworld.ma\/index.php\/wp-json\/wp\/v2\/media\/21668"}],"wp:attachment":[{"href":"https:\/\/petworld.ma\/index.php\/wp-json\/wp\/v2\/media?parent=21661"}],"wp:term":[{"taxonomy":"product_brand","embeddable":true,"href":"https:\/\/petworld.ma\/index.php\/wp-json\/wp\/v2\/product_brand?post=21661"},{"taxonomy":"product_cat","embeddable":true,"href":"https:\/\/petworld.ma\/index.php\/wp-json\/wp\/v2\/product_cat?post=21661"},{"taxonomy":"product_tag","embeddable":true,"href":"https:\/\/petworld.ma\/index.php\/wp-json\/wp\/v2\/product_tag?post=21661"}],"curies":[{"name":"wp","href":"https:\/\/api.w.org\/{rel}","templated":true}]}}