{"id":21684,"date":"2025-05-11T11:14:21","date_gmt":"2025-05-11T11:14:21","guid":{"rendered":"https:\/\/petworld.ma\/?post_type=product&#038;p=21684"},"modified":"2026-05-12T15:10:27","modified_gmt":"2026-05-12T15:10:27","slug":"pate-prebiotique-contre-les-boules-de-poils-pour-chats-beaphar-100g","status":"publish","type":"product","link":"https:\/\/petworld.ma\/index.php\/produit\/pate-prebiotique-contre-les-boules-de-poils-pour-chats-beaphar-100g\/","title":{"rendered":"P\u00e2te anti-boules de poils au malt Beaphar 100g"},"content":{"rendered":"<div class=\"product-bottom__paragraph\" data-v-24efc48f=\"\">\n<h3 class=\"product-bottom__paragraph-title\" data-v-24efc48f=\"\"><strong>Description:<\/strong><\/h3>\n<p class=\"product-bottom__paragraph-title\">Pour tous les chats, la p\u00e2te anti-boules de poils Beaphar est une d\u00e9licieuse friandise quotidienne 2 en 1 \u00e0 base de malt et de MOS. La p\u00e2te brun fonc\u00e9 contient du malt pour encapsuler les poils ing\u00e9r\u00e9s et favoriser le transit intestinal naturel et fluide des boules de poils. La p\u00e2te brun clair contient du MOS pr\u00e9biotique pour favoriser une flore intestinale saine et faciliter la digestion.<\/p>\n<ul class=\"product-info__usps list-reset\" data-v-d0db36ea=\"\">\n<li data-v-d0db36ea=\"\"><span class=\"product-info__usps-span\" data-v-d0db36ea=\"\">\u00c9LIMINATION DOUCEUR ET EFFICACE DES BOULES DE POILS\u00a0: Les chats se toilettent r\u00e9guli\u00e8rement, ce qui peut entra\u00eener l&rsquo;accumulation de boules de poils dans leur corps et leur passage dans les intestins. La p\u00e2te anti-boules de poils Beaphar pour chats contient du malt qui encapsule les poils ing\u00e9r\u00e9s et assure un passage fluide et naturel dans les intestins de votre chat.<\/span><\/li>\n<li data-v-d0db36ea=\"\"><span class=\"product-info__usps-span\" data-v-d0db36ea=\"\">MOS PR\u00c9BIOTIQUE AJOUT\u00c9 POUR UNE FLORE INTESTINALE SAINE : Le MOS aide \u00e0 favoriser une flore intestinale saine et \u00e0 faciliter la digestion.<\/span><\/li>\n<li data-v-d0db36ea=\"\"><span class=\"product-info__usps-span\" data-v-d0db36ea=\"\">ID\u00c9AL POUR L&rsquo;ENTRA\u00ceNEMENT : \u00c0 utiliser avec des tapis \u00e0 l\u00e9cher ou des jouets d&rsquo;enrichissement ou pour dissimuler des m\u00e9dicaments.<\/span><\/li>\n<li data-v-d0db36ea=\"\"><span class=\"product-info__usps-span\" data-v-d0db36ea=\"\">POUR TOUS LES CHATS : La p\u00e2te anti-boules de poils Beaphar pour chats convient aux chats et chatons \u00e0 partir de 6 semaines.<\/span><\/li>\n<\/ul>\n<\/div>\n<div class=\"product-bottom__paragraph\" data-v-24efc48f=\"\">\n<h3 class=\"product-bottom__paragraph-title\" data-v-24efc48f=\"\"><strong>Instructions:<\/strong><\/h3>\n<p>LISEZ TOUJOURS L&rsquo;\u00c9TIQUETTE DU PRODUIT AVANT UTILISATION. Chats \u00e0 poils courts\u00a0: 4\u00a0cm de p\u00e2te par jour. Chats \u00e0 poils longs\u00a0: 6\u00a0cm de p\u00e2te par jour. La p\u00e2te anti-boules de poils Beaphar peut \u00eatre administr\u00e9e directement dans la gueule ou en compl\u00e9ment de la nourriture. Si votre chat est difficile, essayez de placer la p\u00e2te sur sa patte et laissez-le la l\u00e9cher. Gardez toujours de l&rsquo;eau fra\u00eeche \u00e0 disposition.<\/p>\n<\/div>\n<div class=\"product-bottom__paragraph\" data-v-24efc48f=\"\">\n<h3 class=\"product-bottom__paragraph-title\" data-v-24efc48f=\"\"><strong>Composition<\/strong><\/h3>\n<ul class=\"mb-6 list-reset\" data-v-24efc48f=\"\">\n<li data-v-24efc48f=\"\"><strong data-v-24efc48f=\"\">Ingr\u00e9dients<\/strong>\u00a0:\u00a0<span data-v-24efc48f=\"\">Malt, Mannan-oligsaccharide (MOS)<\/span><\/li>\n<\/ul>\n<\/div>\n<div class=\"product-bottom__paragraph\" data-v-24efc48f=\"\">\n<h3 class=\"product-bottom__paragraph-title\" data-v-24efc48f=\"\"><strong>Caract\u00e9ristiques<\/strong><\/h3>\n<table class=\"mt-2 mb-6 w-full product-bottom__specifications overflow-auto\" data-v-24efc48f=\"\">\n<tbody data-v-24efc48f=\"\">\n<tr data-v-24efc48f=\"\">\n<th class=\"text-left py-3 px-5 w-1\/4 align-top\" data-v-24efc48f=\"\">Contenu<\/th>\n<td class=\"w-3\/4 py-3 pr-4\" data-v-24efc48f=\"\"><span class=\"product-bottom__spec\" data-v-24efc48f=\"\" data-id=\"contents\">100g<\/span><\/td>\n<\/tr>\n<tr data-v-24efc48f=\"\">\n<th class=\"text-left py-3 px-5 w-1\/4 align-top\" data-v-24efc48f=\"\">UGS<\/th>\n<td class=\"w-3\/4 py-3 pr-4\" data-v-24efc48f=\"\"><span class=\"product-bottom__spec\" data-v-24efc48f=\"\" data-id=\"sku\">17325<\/span><\/td>\n<\/tr>\n<tr data-v-24efc48f=\"\">\n<th class=\"text-left py-3 px-5 w-1\/4 align-top\" data-v-24efc48f=\"\">Code-barres<\/th>\n<td class=\"w-3\/4 py-3 pr-4\" data-v-24efc48f=\"\"><span class=\"product-bottom__spec\" data-v-24efc48f=\"\" data-id=\"barcode\">5021284193252<\/span><\/td>\n<\/tr>\n<tr data-v-24efc48f=\"\">\n<th class=\"text-left py-3 px-5 w-1\/4 align-top\" data-v-24efc48f=\"\">Formulaire<\/th>\n<td class=\"w-3\/4 py-3 pr-4\" data-v-24efc48f=\"\"><span class=\"product-bottom__spec\" data-v-24efc48f=\"\" data-id=\"form\">Coller<\/span><\/td>\n<\/tr>\n<tr data-v-24efc48f=\"\">\n<th class=\"text-left py-3 px-5 w-1\/4 align-top\" data-v-24efc48f=\"\">\u00c2ge des animaux<\/th>\n<td class=\"w-3\/4 py-3 pr-4\" data-v-24efc48f=\"\"><span class=\"product-bottom__spec\" data-v-24efc48f=\"\" data-id=\"animal_age\">\u00c0 partir de 7 semaines<\/span><\/td>\n<\/tr>\n<tr data-v-24efc48f=\"\">\n<th class=\"text-left py-3 px-5 w-1\/4 align-top\" data-v-24efc48f=\"\">Type d&rsquo;animal<\/th>\n<td class=\"w-3\/4 py-3 pr-4\" data-v-24efc48f=\"\"><span class=\"product-bottom__spec\" data-v-24efc48f=\"\" data-id=\"animal_type\">Chat<\/span><\/td>\n<\/tr>\n<tr data-v-24efc48f=\"\">\n<th class=\"text-left py-3 px-5 w-1\/4 align-top\" data-v-24efc48f=\"\">Ne pas appliquer lorsque<\/th>\n<td class=\"w-3\/4 py-3 pr-4\" data-v-24efc48f=\"\"><span class=\"product-bottom__spec\" data-v-24efc48f=\"\" data-id=\"do_not_apply_when\">LIRE ATTENTIVEMENT L&rsquo;\u00c9TIQUETTE DU PRODUIT AVANT UTILISATION. R\u00e9serv\u00e9 \u00e0 l&rsquo;usage des animaux.<\/span><\/td>\n<\/tr>\n<tr data-v-24efc48f=\"\">\n<th class=\"text-left py-3 px-5 w-1\/4 align-top\" data-v-24efc48f=\"\">Stockage et s\u00e9curit\u00e9<\/th>\n<td class=\"w-3\/4 py-3 pr-4\" data-v-24efc48f=\"\"><span class=\"product-bottom__spec\" data-v-24efc48f=\"\" data-id=\"storage_and_safety\">Conservation\u00a0: Jetez tout aliment non consomm\u00e9 contenant la p\u00e2te avec les ordures m\u00e9nag\u00e8res. Une fois vide, jetez le tube avec les ordures m\u00e9nag\u00e8res. Consignes de s\u00e9curit\u00e9\u00a0: Ne pas administrer aux chats de moins de 6\u00a0semaines. R\u00e9serv\u00e9 \u00e0 l\u2019usage des animaux.<\/span><\/td>\n<\/tr>\n<tr data-v-24efc48f=\"\">\n<th class=\"text-left py-3 px-5 w-1\/4 align-top\" data-v-24efc48f=\"\">Pr\u00e9cautions d&#8217;emploi du produit<\/th>\n<td class=\"w-3\/4 py-3 pr-4\" data-v-24efc48f=\"\"><span class=\"product-bottom__spec\" data-v-24efc48f=\"\" data-id=\"product_precautions\">Lire attentivement l&#8217;emballage avant utilisation. Tenir hors de port\u00e9e des enfants. R\u00e9serv\u00e9 aux animaux.<\/span><\/td>\n<\/tr>\n<tr data-v-24efc48f=\"\">\n<th class=\"text-left py-3 px-5 w-1\/4 align-top\" data-v-24efc48f=\"\">Ingr\u00e9dient(s) actif(s)<\/th>\n<td class=\"w-3\/4 py-3 pr-4\" data-v-24efc48f=\"\"><span class=\"product-bottom__spec\" data-v-24efc48f=\"\" data-id=\"item_active_ingredients\">Malt, Mannane-oligosaccharide (MOS)<\/span><\/td>\n<\/tr>\n<\/tbody>\n<\/table>\n<\/div>\n","protected":false},"excerpt":{"rendered":"<ul class=\"product-info__usps list-reset\" data-v-d0db36ea=\"\">\n<li data-v-d0db36ea=\"\"><span class=\"product-info__usps-span\" data-v-d0db36ea=\"\">Favorise l\u2019\u00e9vacuation des boules de poils<\/span><\/li>\n<li data-v-d0db36ea=\"\"><span class=\"product-info__usps-span\" data-v-d0db36ea=\"\">Contribue \u00e0 une meilleure sant\u00e9 intestinale<\/span><\/li>\n<li><span class=\"product-info__usps-span\" data-v-d0db36ea=\"\">\u00c0 base de malt et de Bio-MOS<\/span><\/li>\n<\/ul>\n<div class=\"sale-point-wrapper\" data-v-a1c0e6c0=\"\" data-v-d0db36ea=\"\">\n<div id=\"vendie-btn-wrapper\" data-v-560a8364=\"\" data-v-a1c0e6c0=\"\">\n<div><\/div>\n<\/div>\n<\/div>\n","protected":false},"featured_media":21690,"template":"","meta":{"jetpack_publicize_message":"","jetpack_publicize_feature_enabled":true,"jetpack_social_post_already_shared":true,"jetpack_social_options":{"image_generator_settings":{"template":"highway","default_image_id":0,"font":"","enabled":false},"version":2}},"product_brand":[],"product_cat":[219,187],"product_tag":[],"class_list":{"0":"post-21684","1":"product","2":"type-product","3":"status-publish","4":"has-post-thumbnail","6":"product_cat-complement-alimentaire-hygiene-et-soins-pour-chat","7":"product_cat-destockage","9":"first","10":"instock","11":"sale","12":"taxable","13":"shipping-taxable","14":"purchasable","15":"product-type-simple"},"supplier_id":5603,"supplier_sku":"12950","barcode":null,"atum_controlled":true,"out_stock_date":null,"out_stock_threshold":null,"inheritable":false,"inbound_stock":0,"stock_on_hold":1,"sold_today":0,"sales_last_days":3,"reserved_stock":0,"customer_returns":0,"warehouse_damage":0,"lost_in_post":0,"other_logs":0,"out_stock_days":0,"lost_sales":0,"has_location":false,"update_date":"2026-05-12T15:10:27","atum_locations":[],"atum_stock_status":"instock","restock_status":false,"low_stock_amount":5,"sales_update_date":"2026-05-12T11:13:08","calc_backorders":null,"jetpack_publicize_connections":[],"jetpack_sharing_enabled":true,"batches":[{"id":"3380","date_created":"2025-05-11 11:26:36","date_expiry":"2026-06-24 00:00:00","user_id":"2461","batch_number":"P\u00e2tePr\u00e9biotiqueContreLesBoulesdePoilsPourChatsBeaphar100g 240626","location":"","quantity":"30.0000","quantity_available":"8.0000","units":"1","status":"active","order_ids":"[23129,24037,24058,24898,24973,25074,25148,26554,31019,31291,36054,36076,37250,38203,39715,40030,40541,40941,40983,41147,41621]","supplier":"HILLS","po":{"id":"3347","date_created":"2025-05-11 11:26:36","batch_id":"3380","po_number":"","supplier":"HILLS","cost":null,"regular_price":null,"sale_price":null,"price_margin":null,"price_discount":null}},{"id":"5386","date_created":"2025-09-19 14:47:19","date_expiry":"2026-06-24 00:00:00","user_id":"2461","batch_number":"P\u00e2tePr\u00e9biotiqueContreLesBoulesdePoilsPourChatsBeaphar100g 240626","location":"","quantity":"10.0000","quantity_available":"0.0000","units":"1","status":"archived","order_ids":"[28318,28773,29175,29478,29709,29741,30028,30167,30736]","supplier":"Hill&#039;s","po":{"id":"5342","date_created":"2025-09-19 14:47:19","batch_id":"5386","po_number":"","supplier":"Hill&#039;s","cost":null,"regular_price":null,"sale_price":null,"price_margin":null,"price_discount":null}},{"id":"9359","date_created":"2026-05-07 11:48:09","date_expiry":"2027-07-24 00:00:00","user_id":"2461","batch_number":"P\u00e2tePr\u00e9biotiqueContreLesBoulesdePoilsPourChatsBeaphar100g 0727","location":"","quantity":"2.0000","quantity_available":"2.0000","units":"1","status":"active","order_ids":null,"supplier":"HILLS","po":{"id":"9281","date_created":"2026-05-07 11:48:10","batch_id":"9359","po_number":"","supplier":"HILLS","cost":null,"regular_price":null,"sale_price":null,"price_margin":null,"price_discount":null}}],"_links":{"self":[{"href":"https:\/\/petworld.ma\/index.php\/wp-json\/wp\/v2\/product\/21684","targetHints":{"allow":["GET"]}}],"collection":[{"href":"https:\/\/petworld.ma\/index.php\/wp-json\/wp\/v2\/product"}],"about":[{"href":"https:\/\/petworld.ma\/index.php\/wp-json\/wp\/v2\/types\/product"}],"wp:featuredmedia":[{"embeddable":true,"href":"https:\/\/petworld.ma\/index.php\/wp-json\/wp\/v2\/media\/21690"}],"wp:attachment":[{"href":"https:\/\/petworld.ma\/index.php\/wp-json\/wp\/v2\/media?parent=21684"}],"wp:term":[{"taxonomy":"product_brand","embeddable":true,"href":"https:\/\/petworld.ma\/index.php\/wp-json\/wp\/v2\/product_brand?post=21684"},{"taxonomy":"product_cat","embeddable":true,"href":"https:\/\/petworld.ma\/index.php\/wp-json\/wp\/v2\/product_cat?post=21684"},{"taxonomy":"product_tag","embeddable":true,"href":"https:\/\/petworld.ma\/index.php\/wp-json\/wp\/v2\/product_tag?post=21684"}],"curies":[{"name":"wp","href":"https:\/\/api.w.org\/{rel}","templated":true}]}}